{"id":12416,"date":"2019-12-24T15:10:18","date_gmt":"2019-12-24T15:10:18","guid":{"rendered":"http:\/\/grandslacs-voiemaritime.com\/?page_id=12416"},"modified":"2020-01-22T21:37:11","modified_gmt":"2020-01-22T21:37:11","slug":"avis-et-messages-radio-de-la-voie-maritime-intro-paragraph-only","status":"publish","type":"page","link":"https:\/\/grandslacs-voiemaritime.com\/fr\/nouvelles-information\/avis-et-messages-radio-de-la-voie-maritime-intro-paragraph-only\/","title":{"rendered":"Avis et messages radio de la Voie maritime (intro paragraph only)"},"content":{"rendered":"<p>Les avis de la Voie maritime portent sur des questions propres \u00e0 une saison de navigation donn\u00e9e. Ils compl\u00e8tent les r\u00e8glements qui se trouvent dans le\u00a0<em>Manuel de la Voie maritime<\/em>. Les avis (avis g\u00e9n\u00e9raux de la Voie maritime visant l\u2019ensemble de la Voie maritime du Saint-Laurent ou avis r\u00e9gionaux visant soit la section Montr\u00e9al-lac Ontario, soit le canal Welland) sont diffus\u00e9s par courriel aux abonn\u00e9s.<\/p>\n<p>Pour s\u2019abonner gratuitement aux avis ou aux messages radio de la Voie maritime, <u><a href=\"https:\/\/grandslacs-voiemaritime.com\/fr\/nouvelles-information\/sabonner-aux-nouvelles-diffusees\/\">cliquez ici<\/a><\/u>.<\/p>\n","protected":false},"excerpt":{"rendered":"<p>Les avis de la Voie maritime portent sur des questions propres \u00e0 une saison de navigation donn\u00e9e. Ils compl\u00e8tent les r\u00e8glements qui se trouvent dans le\u00a0Manuel de la Voie maritime. Les avis (avis g\u00e9n\u00e9raux de la Voie maritime visant l\u2019ensemble de la Voie maritime du Saint-Laurent ou avis r\u00e9gionaux visant soit la section Montr\u00e9al-lac Ontario,<\/p>\n","protected":false},"author":5,"featured_media":0,"parent":5334,"menu_order":0,"comment_status":"closed","ping_status":"closed","template":"","meta":{"_acf_changed":false,"_lmt_disableupdate":"","_lmt_disable":"","footnotes":""},"class_list":["post-12416","page","type-page","status-publish","hentry"],"acf":[],"yoast_head":"<!-- This site is optimized with the Yoast SEO plugin v27.3 - https:\/\/yoast.com\/product\/yoast-seo-wordpress\/ -->\n<title>Avis et messages radio de la Voie maritime (intro paragraph only) - La Corporation de Gestion de la Voie Maritime du Saint-Laurent<\/title>\n<meta name=\"description\" content=\"Les avis de la Voie maritime portent sur des questions propres \u00e0 une saison de navigation donn\u00e9e. Ils compl\u00e8tent les r\u00e8glements qui se trouvent dans\" \/>\n<meta name=\"robots\" content=\"index, follow, max-snippet:-1, max-image-preview:large, max-video-preview:-1\" \/>\n<link rel=\"canonical\" href=\"https:\/\/grandslacs-voiemaritime.com\/fr\/nouvelles-information\/avis-et-messages-radio-de-la-voie-maritime-intro-paragraph-only\/\" \/>\n<meta property=\"og:locale\" content=\"fr_FR\" \/>\n<meta property=\"og:type\" content=\"article\" \/>\n<meta property=\"og:title\" content=\"Avis et messages radio de la Voie maritime (intro paragraph only) - La Corporation de Gestion de la Voie Maritime du Saint-Laurent\" \/>\n<meta property=\"og:description\" content=\"Les avis de la Voie maritime portent sur des questions propres \u00e0 une saison de navigation donn\u00e9e. Ils compl\u00e8tent les r\u00e8glements qui se trouvent dans\" \/>\n<meta property=\"og:url\" content=\"https:\/\/grandslacs-voiemaritime.com\/fr\/nouvelles-information\/avis-et-messages-radio-de-la-voie-maritime-intro-paragraph-only\/\" \/>\n<meta property=\"og:site_name\" content=\"La Corporation de Gestion de la Voie Maritime du Saint-Laurent\" \/>\n<meta property=\"article:modified_time\" content=\"2020-01-22T21:37:11+00:00\" \/>\n<meta property=\"og:image\" content=\"https:\/\/grandslacs-voiemaritime.com\/wp-content\/uploads\/2022\/01\/300x300-logo-en.png\" \/>\n\t<meta property=\"og:image:width\" content=\"334\" \/>\n\t<meta property=\"og:image:height\" content=\"330\" \/>\n\t<meta property=\"og:image:type\" content=\"image\/png\" \/>\n<meta name=\"twitter:card\" content=\"summary_large_image\" \/>\n<script type=\"application\/ld+json\" class=\"yoast-schema-graph\">{\"@context\":\"https:\\\/\\\/schema.org\",\"@graph\":[{\"@type\":\"WebPage\",\"@id\":\"https:\\\/\\\/grandslacs-voiemaritime.com\\\/fr\\\/nouvelles-information\\\/avis-et-messages-radio-de-la-voie-maritime-intro-paragraph-only\\\/\",\"url\":\"https:\\\/\\\/grandslacs-voiemaritime.com\\\/fr\\\/nouvelles-information\\\/avis-et-messages-radio-de-la-voie-maritime-intro-paragraph-only\\\/\",\"name\":\"Avis et messages radio de la Voie maritime (intro paragraph only) - La Corporation de Gestion de la Voie Maritime du Saint-Laurent\",\"isPartOf\":{\"@id\":\"https:\\\/\\\/greatlakes-seaway.com\\\/fr\\\/#website\"},\"datePublished\":\"2019-12-24T15:10:18+00:00\",\"dateModified\":\"2020-01-22T21:37:11+00:00\",\"description\":\"Les avis de la Voie maritime portent sur des questions propres \u00e0 une saison de navigation donn\u00e9e. Ils compl\u00e8tent les r\u00e8glements qui se trouvent dans\",\"breadcrumb\":{\"@id\":\"https:\\\/\\\/grandslacs-voiemaritime.com\\\/fr\\\/nouvelles-information\\\/avis-et-messages-radio-de-la-voie-maritime-intro-paragraph-only\\\/#breadcrumb\"},\"inLanguage\":\"fr-FR\",\"potentialAction\":[{\"@type\":\"ReadAction\",\"target\":[\"https:\\\/\\\/grandslacs-voiemaritime.com\\\/fr\\\/nouvelles-information\\\/avis-et-messages-radio-de-la-voie-maritime-intro-paragraph-only\\\/\"]}]},{\"@type\":\"BreadcrumbList\",\"@id\":\"https:\\\/\\\/grandslacs-voiemaritime.com\\\/fr\\\/nouvelles-information\\\/avis-et-messages-radio-de-la-voie-maritime-intro-paragraph-only\\\/#breadcrumb\",\"itemListElement\":[{\"@type\":\"ListItem\",\"position\":1,\"name\":\"Home\",\"item\":\"https:\\\/\\\/grandslacs-voiemaritime.com\\\/fr\\\/\"},{\"@type\":\"ListItem\",\"position\":2,\"name\":\"Nouvelles et information\",\"item\":\"https:\\\/\\\/grandslacs-voiemaritime.com\\\/fr\\\/nouvelles-information\\\/\"},{\"@type\":\"ListItem\",\"position\":3,\"name\":\"Avis et messages radio de la Voie maritime (intro paragraph only)\"}]},{\"@type\":\"WebSite\",\"@id\":\"https:\\\/\\\/greatlakes-seaway.com\\\/fr\\\/#website\",\"url\":\"https:\\\/\\\/greatlakes-seaway.com\\\/fr\\\/\",\"name\":\"Great Lakes St. Lawrence Seaway System\",\"description\":\"\",\"publisher\":{\"@id\":\"https:\\\/\\\/greatlakes-seaway.com\\\/fr\\\/#organization\"},\"potentialAction\":[{\"@type\":\"SearchAction\",\"target\":{\"@type\":\"EntryPoint\",\"urlTemplate\":\"https:\\\/\\\/greatlakes-seaway.com\\\/fr\\\/?s={search_term_string}\"},\"query-input\":{\"@type\":\"PropertyValueSpecification\",\"valueRequired\":true,\"valueName\":\"search_term_string\"}}],\"inLanguage\":\"fr-FR\"},{\"@type\":\"Organization\",\"@id\":\"https:\\\/\\\/greatlakes-seaway.com\\\/fr\\\/#organization\",\"name\":\"Great Lakes St. Lawrence Seaway System\",\"url\":\"https:\\\/\\\/greatlakes-seaway.com\\\/fr\\\/\",\"logo\":{\"@type\":\"ImageObject\",\"inLanguage\":\"fr-FR\",\"@id\":\"https:\\\/\\\/greatlakes-seaway.com\\\/fr\\\/#\\\/schema\\\/logo\\\/image\\\/\",\"url\":\"https:\\\/\\\/grandslacs-voiemaritime.com\\\/wp-content\\\/uploads\\\/2020\\\/06\\\/800x230-logo-en.png\",\"contentUrl\":\"https:\\\/\\\/grandslacs-voiemaritime.com\\\/wp-content\\\/uploads\\\/2020\\\/06\\\/800x230-logo-en.png\",\"width\":800,\"height\":230,\"caption\":\"Great Lakes St. Lawrence Seaway System\"},\"image\":{\"@id\":\"https:\\\/\\\/greatlakes-seaway.com\\\/fr\\\/#\\\/schema\\\/logo\\\/image\\\/\"}}]}<\/script>\n<!-- \/ Yoast SEO plugin. -->","yoast_head_json":{"title":"Avis et messages radio de la Voie maritime (intro paragraph only) - La Corporation de Gestion de la Voie Maritime du Saint-Laurent","description":"Les avis de la Voie maritime portent sur des questions propres \u00e0 une saison de navigation donn\u00e9e. Ils compl\u00e8tent les r\u00e8glements qui se trouvent dans","robots":{"index":"index","follow":"follow","max-snippet":"max-snippet:-1","max-image-preview":"max-image-preview:large","max-video-preview":"max-video-preview:-1"},"canonical":"https:\/\/grandslacs-voiemaritime.com\/fr\/nouvelles-information\/avis-et-messages-radio-de-la-voie-maritime-intro-paragraph-only\/","og_locale":"fr_FR","og_type":"article","og_title":"Avis et messages radio de la Voie maritime (intro paragraph only) - La Corporation de Gestion de la Voie Maritime du Saint-Laurent","og_description":"Les avis de la Voie maritime portent sur des questions propres \u00e0 une saison de navigation donn\u00e9e. Ils compl\u00e8tent les r\u00e8glements qui se trouvent dans","og_url":"https:\/\/grandslacs-voiemaritime.com\/fr\/nouvelles-information\/avis-et-messages-radio-de-la-voie-maritime-intro-paragraph-only\/","og_site_name":"La Corporation de Gestion de la Voie Maritime du Saint-Laurent","article_modified_time":"2020-01-22T21:37:11+00:00","og_image":[{"width":334,"height":330,"url":"https:\/\/grandslacs-voiemaritime.com\/wp-content\/uploads\/2022\/01\/300x300-logo-en.png","type":"image\/png"}],"twitter_card":"summary_large_image","schema":{"@context":"https:\/\/schema.org","@graph":[{"@type":"WebPage","@id":"https:\/\/grandslacs-voiemaritime.com\/fr\/nouvelles-information\/avis-et-messages-radio-de-la-voie-maritime-intro-paragraph-only\/","url":"https:\/\/grandslacs-voiemaritime.com\/fr\/nouvelles-information\/avis-et-messages-radio-de-la-voie-maritime-intro-paragraph-only\/","name":"Avis et messages radio de la Voie maritime (intro paragraph only) - La Corporation de Gestion de la Voie Maritime du Saint-Laurent","isPartOf":{"@id":"https:\/\/greatlakes-seaway.com\/fr\/#website"},"datePublished":"2019-12-24T15:10:18+00:00","dateModified":"2020-01-22T21:37:11+00:00","description":"Les avis de la Voie maritime portent sur des questions propres \u00e0 une saison de navigation donn\u00e9e. Ils compl\u00e8tent les r\u00e8glements qui se trouvent dans","breadcrumb":{"@id":"https:\/\/grandslacs-voiemaritime.com\/fr\/nouvelles-information\/avis-et-messages-radio-de-la-voie-maritime-intro-paragraph-only\/#breadcrumb"},"inLanguage":"fr-FR","potentialAction":[{"@type":"ReadAction","target":["https:\/\/grandslacs-voiemaritime.com\/fr\/nouvelles-information\/avis-et-messages-radio-de-la-voie-maritime-intro-paragraph-only\/"]}]},{"@type":"BreadcrumbList","@id":"https:\/\/grandslacs-voiemaritime.com\/fr\/nouvelles-information\/avis-et-messages-radio-de-la-voie-maritime-intro-paragraph-only\/#breadcrumb","itemListElement":[{"@type":"ListItem","position":1,"name":"Home","item":"https:\/\/grandslacs-voiemaritime.com\/fr\/"},{"@type":"ListItem","position":2,"name":"Nouvelles et information","item":"https:\/\/grandslacs-voiemaritime.com\/fr\/nouvelles-information\/"},{"@type":"ListItem","position":3,"name":"Avis et messages radio de la Voie maritime (intro paragraph only)"}]},{"@type":"WebSite","@id":"https:\/\/greatlakes-seaway.com\/fr\/#website","url":"https:\/\/greatlakes-seaway.com\/fr\/","name":"Great Lakes St. Lawrence Seaway System","description":"","publisher":{"@id":"https:\/\/greatlakes-seaway.com\/fr\/#organization"},"potentialAction":[{"@type":"SearchAction","target":{"@type":"EntryPoint","urlTemplate":"https:\/\/greatlakes-seaway.com\/fr\/?s={search_term_string}"},"query-input":{"@type":"PropertyValueSpecification","valueRequired":true,"valueName":"search_term_string"}}],"inLanguage":"fr-FR"},{"@type":"Organization","@id":"https:\/\/greatlakes-seaway.com\/fr\/#organization","name":"Great Lakes St. Lawrence Seaway System","url":"https:\/\/greatlakes-seaway.com\/fr\/","logo":{"@type":"ImageObject","inLanguage":"fr-FR","@id":"https:\/\/greatlakes-seaway.com\/fr\/#\/schema\/logo\/image\/","url":"https:\/\/grandslacs-voiemaritime.com\/wp-content\/uploads\/2020\/06\/800x230-logo-en.png","contentUrl":"https:\/\/grandslacs-voiemaritime.com\/wp-content\/uploads\/2020\/06\/800x230-logo-en.png","width":800,"height":230,"caption":"Great Lakes St. Lawrence Seaway System"},"image":{"@id":"https:\/\/greatlakes-seaway.com\/fr\/#\/schema\/logo\/image\/"}}]}},"_links":{"self":[{"href":"https:\/\/grandslacs-voiemaritime.com\/fr\/wp-json\/wp\/v2\/pages\/12416","targetHints":{"allow":["GET"]}}],"collection":[{"href":"https:\/\/grandslacs-voiemaritime.com\/fr\/wp-json\/wp\/v2\/pages"}],"about":[{"href":"https:\/\/grandslacs-voiemaritime.com\/fr\/wp-json\/wp\/v2\/types\/page"}],"author":[{"embeddable":true,"href":"https:\/\/grandslacs-voiemaritime.com\/fr\/wp-json\/wp\/v2\/users\/5"}],"replies":[{"embeddable":true,"href":"https:\/\/grandslacs-voiemaritime.com\/fr\/wp-json\/wp\/v2\/comments?post=12416"}],"version-history":[{"count":0,"href":"https:\/\/grandslacs-voiemaritime.com\/fr\/wp-json\/wp\/v2\/pages\/12416\/revisions"}],"up":[{"embeddable":true,"href":"https:\/\/grandslacs-voiemaritime.com\/fr\/wp-json\/wp\/v2\/pages\/5334"}],"wp:attachment":[{"href":"https:\/\/grandslacs-voiemaritime.com\/fr\/wp-json\/wp\/v2\/media?parent=12416"}],"curies":[{"name":"wp","href":"https:\/\/api.w.org\/{rel}","templated":true}]}}