{"id":12481,"date":"2020-01-03T18:33:35","date_gmt":"2020-01-03T18:33:35","guid":{"rendered":"http:\/\/grandslacs-voiemaritime.com\/?page_id=12481"},"modified":"2020-09-30T14:58:04","modified_gmt":"2020-09-30T19:58:04","slug":"associations","status":"publish","type":"page","link":"https:\/\/grandslacs-voiemaritime.com\/fr\/ressources\/pour-les-entreprises-et-lindustrie\/associations\/","title":{"rendered":"Associations"},"content":{"rendered":"<p>[ <a href=\"#ac\">A &#8211; C<\/a> | D &#8211; F | <a href=\"#gi\">G &#8211; I<\/a> | <a href=\"#jl\">J &#8211; L<\/a> | <a href=\"#mo\">M &#8211; O<\/a> | P &#8211; R | <a href=\"#su\">S &#8211; U<\/a> | V &#8211; X | Y &#8211; Z ]<\/p>\n<p>&nbsp; <a id=\"top\" name=\"top\"><\/a><\/p>\n<p><a id=\"ac\" name=\"ac\"><\/a>A &#8211; C<\/p>\n<p><strong>American Association of Port Authorities<\/strong><br \/>\n1010 Duke Street<br \/>\nAlexandria,Virginia<br \/>\nU.S.A. 22314<br \/>\nT\u00e9l : 703-684-5700<br \/>\nT\u00e9l\u00e9copieur : 703-684-6321<br \/>\nCourriel :\u00a0<a href=\"mailto:knagle@aapa-ports.org\">knagle@aapa-ports.org<\/a><br \/>\nSite Web :\u00a0<a href=\"http:\/\/www.aapa-ports.org\/\">www.aapa-ports.org<\/a><\/p>\n<p><strong>American Great Lakes Ports Association<\/strong><br \/>\nP.O. Box 76228<br \/>\nWashington, D.C.<br \/>\nU.S.A. 20013<br \/>\nT\u00e9l : 202-625-2102<br \/>\nT\u00e9l\u00e9copieur : 202-625-2104<br \/>\nCourriel :\u00a0<a href=\"mailto:safsaf@aol.com\">safsaf@aol.com<\/a><\/p>\n<p><strong>Armateurs du Saint-Laurent<\/strong><br \/>\n271, de l\u2019Estuaire<br \/>\nC.P. 2268<br \/>\nQu\u00e9bec (Qu\u00e9bec)<br \/>\nCanada G1K 7P7<br \/>\nT\u00e9l : 418-648-4378<br \/>\nT\u00e9l\u00e9copieur : 418-649-6495<br \/>\nCourriel :\u00a0<a href=\"mailto:asl@portquebec.ca\">asl@portquebec.ca<\/a><br \/>\nSite Web :\u00a0<a href=\"http:\/\/www.armateurs-du-st-laurent.org\/\">www.armateurs-du-st-laurent.org<\/a><\/p>\n<p><strong>Association des ports et des havres du Canada<\/strong><br \/>\n350 Sparks Street, Suite 1110<br \/>\nOttawa (Ontario)<br \/>\nCanada K1R 7S8<br \/>\nT\u00e9l : 613-232-2036<br \/>\nT\u00e9l\u00e9copieur : 613-232-9554<br \/>\nCourriel :\u00a0<a href=\"mailto:leroux@acpa-ports.net\">leroux@acpa-ports.net<\/a><br \/>\nSite Web :\u00a0<a href=\"http:\/\/www.acpa-ports.net\/\">www.acpa-ports.net<\/a><\/p>\n<p><strong>Baltic Exchange<\/strong><br \/>\nSt Mary Axe<br \/>\nLondon, England<br \/>\nEC3A 8BH<br \/>\nT\u00e9l : +44 (0)20 7623 5501<br \/>\nT\u00e9l\u00e9copieur : +44 (0)20 7369 1622\/1623<br \/>\nSite Web :\u00a0<a href=\"http:\/\/www.balticexchange.com\/\">www.balticexchange.com<\/a><\/p>\n<p><strong>Chambre de commerce maritime Canada<\/strong><br \/>\n350 Sparks Street, Suite 700<br \/>\nOttawa (Ontario)<br \/>\nCanada KlR 7S8<br \/>\nT\u00e9l : 613-233-8779<br \/>\nT\u00e9l\u00e9copieur : 613-233-3743<br \/>\nCourriel :\u00a0<a href=\"mailto:ljeannotte@cmc-ccm.com\">ljeannotte@cmc-ccm.com<\/a><br \/>\nSite Web :\u00a0<a href=\"http:\/\/www.marinedelivers.com\/\">www.marinedelivers.com<\/a><\/p>\n<p>[\u00a0<a href=\"https:\/\/grandslacs-voiemaritime.com\/fr\/ressources\/pour-les-entreprises-et-lindustrie\/associations\/#top\">EN HAUT DE LA PAGE<\/a>\u00a0]<\/p>\n<p><a id=\"gi\" name=\"gi\"><\/a>G &#8211; I<\/p>\n<p><strong>Great Lakes Information Network<\/strong><br \/>\nSite Web :\u00a0<a href=\"https:\/\/www.glc.org\/glin\">www.glc.org\/glin<\/a><\/p>\n<p><strong>International Maritime Organization<\/strong><br \/>\n4 Albert Embankment<br \/>\nLondon, England<br \/>\nUK SE1 7SR<br \/>\nT\u00e9l : +44 (0)20 7735 7611<br \/>\nT\u00e9l\u00e9copieur : +44 (0)20 7587 3210<br \/>\nCourriel :\u00a0<a href=\"mailto:info@imo.org\">info@imo.org<\/a><br \/>\nSite Web :\u00a0<a href=\"http:\/\/www.imo.org\/\">www.imo.org<\/a><\/p>\n<p>[\u00a0<a href=\"https:\/\/grandslacs-voiemaritime.com\/fr\/ressources\/pour-les-entreprises-et-lindustrie\/associations\/#top\">EN HAUT DE LA PAGE<\/a>\u00a0]<\/p>\n<p><a id=\"jl\" name=\"jl\"><\/a>J &#8211; L<\/p>\n<p><strong>Lake Carriers&#8217; Association<\/strong><br \/>\n614 W. Superior Avenue, Suite 915<br \/>\nCleveland, Ohio<br \/>\nU.S.A. 44113-1383<br \/>\nT\u00e9l : (216) 621-1107<br \/>\nT\u00e9l\u00e9copieur : (216) 241-8262<br \/>\nCourriel :\u00a0<a href=\"mailto:ggn@lcaships.com\">ggn@lcaships.com<\/a><br \/>\nSite Web :\u00a0<a href=\"http:\/\/www.lcaships.com\/\">www.lcaships.com<\/a><\/p>\n<p>[\u00a0<a href=\"https:\/\/grandslacs-voiemaritime.com\/fr\/ressources\/pour-les-entreprises-et-lindustrie\/associations\/#top\">EN HAUT DE LA PAGE<\/a>\u00a0]<\/p>\n<p><a id=\"mo\" name=\"mo\"><\/a>M &#8211; O<\/p>\n<p><strong>National Association of Maritime Organizations<\/strong><br \/>\nP.O. Box 3487<br \/>\nNorfolk Virginia<br \/>\nUSA 23514<br \/>\nT\u00e9l : 757-622-2639<br \/>\nT\u00e9l\u00e9copieur : 757-804-6302<br \/>\nSite Web :\u00a0<a href=\"http:\/\/www.namo.org\/\">www.namo.org<\/a><\/p>\n<p>[\u00a0<a href=\"https:\/\/grandslacs-voiemaritime.com\/fr\/ressources\/pour-les-entreprises-et-lindustrie\/associations\/#top\">EN HAUT DE LA PAGE<\/a>\u00a0]<\/p>\n<p><a id=\"su\" name=\"su\"><\/a>S &#8211; U<\/p>\n<p><strong>SODES (Soci\u00e9t\u00e9 de d\u00e9veloppement \u00e9conomique du Saint-Laurent)<\/strong><br \/>\n150, rue Dalhousie<br \/>\nP.O. Box 2268<br \/>\nQu\u00e9bec, Qu\u00e9bec<br \/>\nCanada G1K 7P7<br \/>\nT\u00e9l : 418-648-4572<br \/>\nT\u00e9l\u00e9copieur : 418-648-4627<br \/>\nCourriel :\u00a0<a href=\"mailto:sodes@st-laurent.org\">sodes@st-laurent.org<\/a><br \/>\nSite Web :\u00a0<a href=\"http:\/\/www.st-laurent.org\/\">www.st-laurent.org<\/a><\/p>\n<p><strong>La f\u00e9d\u00e9ration maritime du Canada<\/strong><br \/>\n300 St. Sacrement Street, Suite 326<br \/>\nMontr\u00e9al, Qu\u00e9bec<br \/>\nCanada H2Y 1X4<br \/>\nT\u00e9l : (514) 849-2325<br \/>\nT\u00e9l\u00e9copieur : (514) 849-6992<br \/>\nCourriel :\u00a0<a href=\"mailto:info@shipfed.ca\">info@shipfed.ca<\/a><br \/>\nSite Web :\u00a0<a href=\"http:\/\/www.shipfed.ca\/\">www.shipfed.ca<\/a><\/p>\n<p><strong>U.S. Great Lakes Shipping Association<\/strong><br \/>\n6609 S. Boundary Road<br \/>\nPortage, Indiana<br \/>\nU.S.A. 46368<br \/>\nT\u00e9l : 973-345-2534<br \/>\nT\u00e9l\u00e9copieur : 973-345-5207<br \/>\nCourriel :\u00a0<a href=\"mailto:execdirector@usglsa.org\">execdirector@usglsa.org<\/a><br \/>\nSite Web :\u00a0<a href=\"http:\/\/www.usglsa.org\/\">www.usglsa.org<\/a><\/p>\n","protected":false},"excerpt":{"rendered":"<p>[ A &#8211; C | D &#8211; F | G &#8211; I | J &#8211; L | M &#8211; O | P &#8211; R | S &#8211; U | V &#8211; X | Y &#8211; Z ] &nbsp; A &#8211; C American Association of Port Authorities 1010 Duke Street Alexandria,Virginia U.S.A. 22314 T\u00e9l : 703-684-5700<\/p>\n","protected":false},"author":5,"featured_media":0,"parent":5475,"menu_order":0,"comment_status":"closed","ping_status":"closed","template":"","meta":{"_acf_changed":false,"_lmt_disableupdate":"","_lmt_disable":"","footnotes":""},"class_list":["post-12481","page","type-page","status-publish","hentry"],"acf":[],"yoast_head":"<!-- This site is optimized with the Yoast SEO plugin v27.4 - https:\/\/yoast.com\/product\/yoast-seo-wordpress\/ -->\n<title>Associations - La Corporation de Gestion de la Voie Maritime du Saint-Laurent<\/title>\n<meta name=\"description\" content=\"&nbsp; A - C American Association of Port Authorities 1010 Duke Street Alexandria,Virginia U.S.A. 22314 T\u00e9l : 703-684-5700 T\u00e9l\u00e9copieur : 703-684-6321\" \/>\n<meta name=\"robots\" content=\"index, follow, max-snippet:-1, max-image-preview:large, max-video-preview:-1\" \/>\n<link rel=\"canonical\" href=\"https:\/\/grandslacs-voiemaritime.com\/fr\/ressources\/pour-les-entreprises-et-lindustrie\/associations\/\" \/>\n<meta property=\"og:locale\" content=\"fr_FR\" \/>\n<meta property=\"og:type\" content=\"article\" \/>\n<meta property=\"og:title\" content=\"Associations - La Corporation de Gestion de la Voie Maritime du Saint-Laurent\" \/>\n<meta property=\"og:description\" content=\"&nbsp; A - C American Association of Port Authorities 1010 Duke Street Alexandria,Virginia U.S.A. 22314 T\u00e9l : 703-684-5700 T\u00e9l\u00e9copieur : 703-684-6321\" \/>\n<meta property=\"og:url\" content=\"https:\/\/grandslacs-voiemaritime.com\/fr\/ressources\/pour-les-entreprises-et-lindustrie\/associations\/\" \/>\n<meta property=\"og:site_name\" content=\"La Corporation de Gestion de la Voie Maritime du Saint-Laurent\" \/>\n<meta property=\"article:modified_time\" content=\"2020-09-30T19:58:04+00:00\" \/>\n<meta property=\"og:image\" content=\"https:\/\/grandslacs-voiemaritime.com\/wp-content\/uploads\/2022\/01\/300x300-logo-en.png\" \/>\n\t<meta property=\"og:image:width\" content=\"334\" \/>\n\t<meta property=\"og:image:height\" content=\"330\" \/>\n\t<meta property=\"og:image:type\" content=\"image\/png\" \/>\n<meta name=\"twitter:card\" content=\"summary_large_image\" \/>\n<meta name=\"twitter:label1\" content=\"Dur\u00e9e de lecture estim\u00e9e\" \/>\n\t<meta name=\"twitter:data1\" content=\"2 minutes\" \/>\n<script type=\"application\/ld+json\" class=\"yoast-schema-graph\">{\"@context\":\"https:\\\/\\\/schema.org\",\"@graph\":[{\"@type\":\"WebPage\",\"@id\":\"https:\\\/\\\/grandslacs-voiemaritime.com\\\/fr\\\/ressources\\\/pour-les-entreprises-et-lindustrie\\\/associations\\\/\",\"url\":\"https:\\\/\\\/grandslacs-voiemaritime.com\\\/fr\\\/ressources\\\/pour-les-entreprises-et-lindustrie\\\/associations\\\/\",\"name\":\"Associations - La Corporation de Gestion de la Voie Maritime du Saint-Laurent\",\"isPartOf\":{\"@id\":\"https:\\\/\\\/grandslacs-voiemaritime.com\\\/fr\\\/#website\"},\"datePublished\":\"2020-01-03T18:33:35+00:00\",\"dateModified\":\"2020-09-30T19:58:04+00:00\",\"description\":\"&nbsp; A - C American Association of Port Authorities 1010 Duke Street Alexandria,Virginia U.S.A. 22314 T\u00e9l : 703-684-5700 T\u00e9l\u00e9copieur : 703-684-6321\",\"breadcrumb\":{\"@id\":\"https:\\\/\\\/grandslacs-voiemaritime.com\\\/fr\\\/ressources\\\/pour-les-entreprises-et-lindustrie\\\/associations\\\/#breadcrumb\"},\"inLanguage\":\"fr-FR\",\"potentialAction\":[{\"@type\":\"ReadAction\",\"target\":[\"https:\\\/\\\/grandslacs-voiemaritime.com\\\/fr\\\/ressources\\\/pour-les-entreprises-et-lindustrie\\\/associations\\\/\"]}]},{\"@type\":\"BreadcrumbList\",\"@id\":\"https:\\\/\\\/grandslacs-voiemaritime.com\\\/fr\\\/ressources\\\/pour-les-entreprises-et-lindustrie\\\/associations\\\/#breadcrumb\",\"itemListElement\":[{\"@type\":\"ListItem\",\"position\":1,\"name\":\"Home\",\"item\":\"https:\\\/\\\/grandslacs-voiemaritime.com\\\/fr\\\/\"},{\"@type\":\"ListItem\",\"position\":2,\"name\":\"Ressources\",\"item\":\"https:\\\/\\\/greatlakes-seaway.com\\\/fr\\\/?page_id=5465\"},{\"@type\":\"ListItem\",\"position\":3,\"name\":\"Pour les entreprises et l&#8217;industrie\",\"item\":\"https:\\\/\\\/greatlakes-seaway.com\\\/fr\\\/ressources\\\/pour-les-entreprises-et-lindustrie\\\/\"},{\"@type\":\"ListItem\",\"position\":4,\"name\":\"Associations\"}]},{\"@type\":\"WebSite\",\"@id\":\"https:\\\/\\\/grandslacs-voiemaritime.com\\\/fr\\\/#website\",\"url\":\"https:\\\/\\\/grandslacs-voiemaritime.com\\\/fr\\\/\",\"name\":\"Great Lakes St. Lawrence Seaway System\",\"description\":\"\",\"publisher\":{\"@id\":\"https:\\\/\\\/grandslacs-voiemaritime.com\\\/fr\\\/#organization\"},\"potentialAction\":[{\"@type\":\"SearchAction\",\"target\":{\"@type\":\"EntryPoint\",\"urlTemplate\":\"https:\\\/\\\/grandslacs-voiemaritime.com\\\/fr\\\/?s={search_term_string}\"},\"query-input\":{\"@type\":\"PropertyValueSpecification\",\"valueRequired\":true,\"valueName\":\"search_term_string\"}}],\"inLanguage\":\"fr-FR\"},{\"@type\":\"Organization\",\"@id\":\"https:\\\/\\\/grandslacs-voiemaritime.com\\\/fr\\\/#organization\",\"name\":\"Great Lakes St. Lawrence Seaway System\",\"url\":\"https:\\\/\\\/grandslacs-voiemaritime.com\\\/fr\\\/\",\"logo\":{\"@type\":\"ImageObject\",\"inLanguage\":\"fr-FR\",\"@id\":\"https:\\\/\\\/grandslacs-voiemaritime.com\\\/fr\\\/#\\\/schema\\\/logo\\\/image\\\/\",\"url\":\"https:\\\/\\\/grandslacs-voiemaritime.com\\\/wp-content\\\/uploads\\\/2020\\\/06\\\/800x230-logo-en.png\",\"contentUrl\":\"https:\\\/\\\/grandslacs-voiemaritime.com\\\/wp-content\\\/uploads\\\/2020\\\/06\\\/800x230-logo-en.png\",\"width\":800,\"height\":230,\"caption\":\"Great Lakes St. Lawrence Seaway System\"},\"image\":{\"@id\":\"https:\\\/\\\/grandslacs-voiemaritime.com\\\/fr\\\/#\\\/schema\\\/logo\\\/image\\\/\"}}]}<\/script>\n<!-- \/ Yoast SEO plugin. -->","yoast_head_json":{"title":"Associations - La Corporation de Gestion de la Voie Maritime du Saint-Laurent","description":"&nbsp; A - C American Association of Port Authorities 1010 Duke Street Alexandria,Virginia U.S.A. 22314 T\u00e9l : 703-684-5700 T\u00e9l\u00e9copieur : 703-684-6321","robots":{"index":"index","follow":"follow","max-snippet":"max-snippet:-1","max-image-preview":"max-image-preview:large","max-video-preview":"max-video-preview:-1"},"canonical":"https:\/\/grandslacs-voiemaritime.com\/fr\/ressources\/pour-les-entreprises-et-lindustrie\/associations\/","og_locale":"fr_FR","og_type":"article","og_title":"Associations - La Corporation de Gestion de la Voie Maritime du Saint-Laurent","og_description":"&nbsp; A - C American Association of Port Authorities 1010 Duke Street Alexandria,Virginia U.S.A. 22314 T\u00e9l : 703-684-5700 T\u00e9l\u00e9copieur : 703-684-6321","og_url":"https:\/\/grandslacs-voiemaritime.com\/fr\/ressources\/pour-les-entreprises-et-lindustrie\/associations\/","og_site_name":"La Corporation de Gestion de la Voie Maritime du Saint-Laurent","article_modified_time":"2020-09-30T19:58:04+00:00","og_image":[{"width":334,"height":330,"url":"https:\/\/grandslacs-voiemaritime.com\/wp-content\/uploads\/2022\/01\/300x300-logo-en.png","type":"image\/png"}],"twitter_card":"summary_large_image","twitter_misc":{"Dur\u00e9e de lecture estim\u00e9e":"2 minutes"},"schema":{"@context":"https:\/\/schema.org","@graph":[{"@type":"WebPage","@id":"https:\/\/grandslacs-voiemaritime.com\/fr\/ressources\/pour-les-entreprises-et-lindustrie\/associations\/","url":"https:\/\/grandslacs-voiemaritime.com\/fr\/ressources\/pour-les-entreprises-et-lindustrie\/associations\/","name":"Associations - La Corporation de Gestion de la Voie Maritime du Saint-Laurent","isPartOf":{"@id":"https:\/\/grandslacs-voiemaritime.com\/fr\/#website"},"datePublished":"2020-01-03T18:33:35+00:00","dateModified":"2020-09-30T19:58:04+00:00","description":"&nbsp; A - C American Association of Port Authorities 1010 Duke Street Alexandria,Virginia U.S.A. 22314 T\u00e9l : 703-684-5700 T\u00e9l\u00e9copieur : 703-684-6321","breadcrumb":{"@id":"https:\/\/grandslacs-voiemaritime.com\/fr\/ressources\/pour-les-entreprises-et-lindustrie\/associations\/#breadcrumb"},"inLanguage":"fr-FR","potentialAction":[{"@type":"ReadAction","target":["https:\/\/grandslacs-voiemaritime.com\/fr\/ressources\/pour-les-entreprises-et-lindustrie\/associations\/"]}]},{"@type":"BreadcrumbList","@id":"https:\/\/grandslacs-voiemaritime.com\/fr\/ressources\/pour-les-entreprises-et-lindustrie\/associations\/#breadcrumb","itemListElement":[{"@type":"ListItem","position":1,"name":"Home","item":"https:\/\/grandslacs-voiemaritime.com\/fr\/"},{"@type":"ListItem","position":2,"name":"Ressources","item":"https:\/\/greatlakes-seaway.com\/fr\/?page_id=5465"},{"@type":"ListItem","position":3,"name":"Pour les entreprises et l&#8217;industrie","item":"https:\/\/greatlakes-seaway.com\/fr\/ressources\/pour-les-entreprises-et-lindustrie\/"},{"@type":"ListItem","position":4,"name":"Associations"}]},{"@type":"WebSite","@id":"https:\/\/grandslacs-voiemaritime.com\/fr\/#website","url":"https:\/\/grandslacs-voiemaritime.com\/fr\/","name":"Great Lakes St. Lawrence Seaway System","description":"","publisher":{"@id":"https:\/\/grandslacs-voiemaritime.com\/fr\/#organization"},"potentialAction":[{"@type":"SearchAction","target":{"@type":"EntryPoint","urlTemplate":"https:\/\/grandslacs-voiemaritime.com\/fr\/?s={search_term_string}"},"query-input":{"@type":"PropertyValueSpecification","valueRequired":true,"valueName":"search_term_string"}}],"inLanguage":"fr-FR"},{"@type":"Organization","@id":"https:\/\/grandslacs-voiemaritime.com\/fr\/#organization","name":"Great Lakes St. Lawrence Seaway System","url":"https:\/\/grandslacs-voiemaritime.com\/fr\/","logo":{"@type":"ImageObject","inLanguage":"fr-FR","@id":"https:\/\/grandslacs-voiemaritime.com\/fr\/#\/schema\/logo\/image\/","url":"https:\/\/grandslacs-voiemaritime.com\/wp-content\/uploads\/2020\/06\/800x230-logo-en.png","contentUrl":"https:\/\/grandslacs-voiemaritime.com\/wp-content\/uploads\/2020\/06\/800x230-logo-en.png","width":800,"height":230,"caption":"Great Lakes St. Lawrence Seaway System"},"image":{"@id":"https:\/\/grandslacs-voiemaritime.com\/fr\/#\/schema\/logo\/image\/"}}]}},"_links":{"self":[{"href":"https:\/\/grandslacs-voiemaritime.com\/fr\/wp-json\/wp\/v2\/pages\/12481","targetHints":{"allow":["GET"]}}],"collection":[{"href":"https:\/\/grandslacs-voiemaritime.com\/fr\/wp-json\/wp\/v2\/pages"}],"about":[{"href":"https:\/\/grandslacs-voiemaritime.com\/fr\/wp-json\/wp\/v2\/types\/page"}],"author":[{"embeddable":true,"href":"https:\/\/grandslacs-voiemaritime.com\/fr\/wp-json\/wp\/v2\/users\/5"}],"replies":[{"embeddable":true,"href":"https:\/\/grandslacs-voiemaritime.com\/fr\/wp-json\/wp\/v2\/comments?post=12481"}],"version-history":[{"count":0,"href":"https:\/\/grandslacs-voiemaritime.com\/fr\/wp-json\/wp\/v2\/pages\/12481\/revisions"}],"up":[{"embeddable":true,"href":"https:\/\/grandslacs-voiemaritime.com\/fr\/wp-json\/wp\/v2\/pages\/5475"}],"wp:attachment":[{"href":"https:\/\/grandslacs-voiemaritime.com\/fr\/wp-json\/wp\/v2\/media?parent=12481"}],"curies":[{"name":"wp","href":"https:\/\/api.w.org\/{rel}","templated":true}]}}