{"id":12490,"date":"2020-01-03T18:38:11","date_gmt":"2020-01-03T18:38:11","guid":{"rendered":"http:\/\/grandslacs-voiemaritime.com\/?page_id=12490"},"modified":"2020-01-03T18:38:11","modified_gmt":"2020-01-03T18:38:11","slug":"gouvernement","status":"publish","type":"page","link":"https:\/\/grandslacs-voiemaritime.com\/fr\/ressources\/pour-les-entreprises-et-lindustrie\/gouvernement\/","title":{"rendered":"Gouvernement"},"content":{"rendered":"<p><strong>Environnement Canada<\/strong><br \/>\nWeb:\u00a0<a href=\"http:\/\/www.ec.gc.ca\/default.asp?lang=Fr&amp;n=FD9B0E51-1\" target=\"_blank\" rel=\"noopener noreferrer\">www.ec.gc.ca<\/a><\/p>\n<p><strong>Garde c\u00f4ti\u00e8re canadienne<\/strong><br \/>\nWeb:\u00a0<a href=\"http:\/\/www.ccg-gcc.gc.ca\/\" target=\"_blank\" rel=\"noopener noreferrer\">www.ccg-gcc.gc.ca<\/a><\/p>\n<p><strong>Gouvernement du Canada<\/strong><br \/>\n<a href=\"https:\/\/www.tc.gc.ca\/fra\/maritime-menu.htm\" target=\"_blank\" rel=\"noopener noreferrer\">Transport maritime<\/a><\/p>\n<p><strong>Great Lakes Commission<\/strong><br \/>\nEisenhower Corporate Park<br \/>\n2805 South Industrial Hwy, Suite #100<br \/>\nAnn Arbor, Michigan<br \/>\nUSA 48104-6791<br \/>\nT\u00e9l : 734-971-9135<br \/>\nT\u00e9l\u00e9copieur : 734-971-9150<br \/>\nCourriel :\u00a0<a href=\"mailto:tcrane@glc.org\">tcrane@glc.org<\/a><br \/>\nSite Web :\u00a0<a href=\"http:\/\/www.glc.org\/\" target=\"_blank\" rel=\"noopener noreferrer\">www.glc.org<\/a><\/p>\n<p><strong>Minist\u00e8re des Transports de l&#8217;Ontario<\/strong><br \/>\nSite Web :\u00a0<a href=\"http:\/\/www.mto.gov.on.ca\/\" target=\"_blank\" rel=\"noopener noreferrer\">www.mto.gov.on.ca<\/a><\/p>\n<p><strong>Office des transports du Canada<\/strong><br \/>\nOttawa (Ontario)<br \/>\nCanada K1A 0N9<br \/>\nT\u00e9l : 1-888-222-2592<br \/>\nATS: 1-800-669-5575<br \/>\nT\u00e9l\u00e9copieur : (819) 997-6727<br \/>\nCourriel :\u00a0<a href=\"mailto:cta.comment@cta-otc.gc.ca\">cta.comment@cta-otc.gc.ca<br \/>\n<\/a>Web:\u00a0<a href=\"http:\/\/www.cta-otc.gc.ca\/\" target=\"_blank\" rel=\"noopener noreferrer\">www.cta-otc.gc.ca<\/a><\/p>\n<p><strong>Service hydrographique du Canada<\/strong><br \/>\n615, rue Booth<br \/>\nOttawa (Ontario)<br \/>\nCanada K1A 0E6<br \/>\nT\u00e9l : 1-(613)-995-5249<br \/>\nT\u00e9l\u00e9copieur : 1-(613)-996-9053<br \/>\nWeb:\u00a0<a href=\"http:\/\/www.charts.gc.ca\/\" target=\"_blank\" rel=\"noopener noreferrer\">www.charts.gc.ca\/<\/a><\/p>\n<p><strong>Transports Canada<\/strong><br \/>\nSite Web :\u00a0<a href=\"http:\/\/www.tc.gc.ca\/\" target=\"_blank\" rel=\"noopener noreferrer\">www.tc.gc.ca<\/a><\/p>\n<p><strong>Transports Qu\u00e9bec<\/strong><br \/>\nSite Web :\u00a0<a href=\"https:\/\/www.transports.gouv.qc.ca\/\" target=\"_blank\" rel=\"noopener noreferrer\">Transports Qu\u00e9bec<\/a><\/p>\n<p><strong>U.S. Army Corps of Engineers<\/strong><br \/>\nDetroit District<br \/>\n477 Michigan Ave.<br \/>\nDetroit, Michigan<br \/>\nU.S.A. 48226<br \/>\nToll Free: 1-888-694-8313 or (313) 226-6413<br \/>\nSite Web :\u00a0<a href=\"http:\/\/www.lre.usace.army.mil\/\" target=\"_blank\" rel=\"noopener noreferrer\">www.lre.usace.army.mil<\/a><\/p>\n<p><strong>U.S. Coast Guard<\/strong><br \/>\nMarine Safety Office<br \/>\n1055 East 9th Street<br \/>\nCleveland, Ohio<br \/>\nU.S.A. 44114<br \/>\nT\u00e9l : (216) 937-0111<br \/>\nT\u00e9l\u00e9copieur : (216) 522-3290<br \/>\nSite Web :\u00a0<a href=\"http:\/\/www.uscg.mil\/d9\/\" target=\"_blank\" rel=\"noopener noreferrer\">www.uscg.mil\/d9\/<\/a><\/p>\n<p><strong>U.S. Committee on the Marine Transportation System<\/strong><br \/>\nU.S. Department of Transportation<br \/>\n1200 New Jersey Avenue, SE W28 340<br \/>\nWashington, DC 20590<br \/>\nT\u00e9l : 202-366-3612<br \/>\nHelen A. Brohl, directeur g\u00e9n\u00e9ral<br \/>\nSite Web :\u00a0<a href=\"http:\/\/www.cmts.gov\/\" target=\"_blank\" rel=\"noopener noreferrer\">www.cmts.gov<\/a><\/p>\n<p><strong>U.S. Maritime Administration<\/strong><br \/>\nGreat Lakes Gateway<br \/>\n1701 E. Woodfield Rd., Suite 203<br \/>\nSchaumburg, Illinois<br \/>\nUSA \u00a060173-5127<br \/>\nT\u00e9l : 847-995-0122<br \/>\nT\u00e9l\u00e9copieur : 847-995-0133<br \/>\nSite Web :\u00a0<a href=\"http:\/\/www.marad.dot.gov\/\" target=\"_blank\" rel=\"noopener noreferrer\">www.marad.dot.gov<\/a><\/p>\n","protected":false},"excerpt":{"rendered":"<p>Environnement Canada Web:\u00a0www.ec.gc.ca Garde c\u00f4ti\u00e8re canadienne Web:\u00a0www.ccg-gcc.gc.ca Gouvernement du Canada Transport maritime Great Lakes Commission Eisenhower Corporate Park 2805 South Industrial Hwy, Suite #100 Ann Arbor, Michigan USA 48104-6791 T\u00e9l : 734-971-9135 T\u00e9l\u00e9copieur : 734-971-9150 Courriel :\u00a0tcrane@glc.org Site Web :\u00a0www.glc.org Minist\u00e8re des Transports de l&#8217;Ontario Site Web :\u00a0www.mto.gov.on.ca Office des transports du Canada Ottawa (Ontario)<\/p>\n","protected":false},"author":5,"featured_media":0,"parent":5475,"menu_order":0,"comment_status":"closed","ping_status":"closed","template":"","meta":{"_acf_changed":false,"_lmt_disableupdate":"","_lmt_disable":"","footnotes":""},"class_list":["post-12490","page","type-page","status-publish","hentry"],"acf":[],"yoast_head":"<!-- This site is optimized with the Yoast SEO plugin v27.3 - https:\/\/yoast.com\/product\/yoast-seo-wordpress\/ -->\n<title>Gouvernement - La Corporation de Gestion de la Voie Maritime du Saint-Laurent<\/title>\n<meta name=\"description\" content=\"Environnement Canada Web:\u00a0www.ec.gc.ca Garde c\u00f4ti\u00e8re canadienne Web:\u00a0www.ccg-gcc.gc.ca Gouvernement du Canada Transport maritime Great Lakes Commission\" \/>\n<meta name=\"robots\" content=\"index, follow, max-snippet:-1, max-image-preview:large, max-video-preview:-1\" \/>\n<link rel=\"canonical\" href=\"https:\/\/grandslacs-voiemaritime.com\/fr\/ressources\/pour-les-entreprises-et-lindustrie\/gouvernement\/\" \/>\n<meta property=\"og:locale\" content=\"fr_FR\" \/>\n<meta property=\"og:type\" content=\"article\" \/>\n<meta property=\"og:title\" content=\"Gouvernement - La Corporation de Gestion de la Voie Maritime du Saint-Laurent\" \/>\n<meta property=\"og:description\" content=\"Environnement Canada Web:\u00a0www.ec.gc.ca Garde c\u00f4ti\u00e8re canadienne Web:\u00a0www.ccg-gcc.gc.ca Gouvernement du Canada Transport maritime Great Lakes Commission\" \/>\n<meta property=\"og:url\" content=\"https:\/\/grandslacs-voiemaritime.com\/fr\/ressources\/pour-les-entreprises-et-lindustrie\/gouvernement\/\" \/>\n<meta property=\"og:site_name\" content=\"La Corporation de Gestion de la Voie Maritime du Saint-Laurent\" \/>\n<meta property=\"og:image\" content=\"https:\/\/grandslacs-voiemaritime.com\/wp-content\/uploads\/2022\/01\/300x300-logo-en.png\" \/>\n\t<meta property=\"og:image:width\" content=\"334\" \/>\n\t<meta property=\"og:image:height\" content=\"330\" \/>\n\t<meta property=\"og:image:type\" content=\"image\/png\" \/>\n<meta name=\"twitter:card\" content=\"summary_large_image\" \/>\n<meta name=\"twitter:label1\" content=\"Dur\u00e9e de lecture estim\u00e9e\" \/>\n\t<meta name=\"twitter:data1\" content=\"1 minute\" \/>\n<script type=\"application\/ld+json\" class=\"yoast-schema-graph\">{\"@context\":\"https:\\\/\\\/schema.org\",\"@graph\":[{\"@type\":\"WebPage\",\"@id\":\"https:\\\/\\\/grandslacs-voiemaritime.com\\\/fr\\\/ressources\\\/pour-les-entreprises-et-lindustrie\\\/gouvernement\\\/\",\"url\":\"https:\\\/\\\/grandslacs-voiemaritime.com\\\/fr\\\/ressources\\\/pour-les-entreprises-et-lindustrie\\\/gouvernement\\\/\",\"name\":\"Gouvernement - La Corporation de Gestion de la Voie Maritime du Saint-Laurent\",\"isPartOf\":{\"@id\":\"https:\\\/\\\/greatlakes-seaway.com\\\/fr\\\/#website\"},\"datePublished\":\"2020-01-03T18:38:11+00:00\",\"description\":\"Environnement Canada Web:\u00a0www.ec.gc.ca Garde c\u00f4ti\u00e8re canadienne Web:\u00a0www.ccg-gcc.gc.ca Gouvernement du Canada Transport maritime Great Lakes Commission\",\"breadcrumb\":{\"@id\":\"https:\\\/\\\/grandslacs-voiemaritime.com\\\/fr\\\/ressources\\\/pour-les-entreprises-et-lindustrie\\\/gouvernement\\\/#breadcrumb\"},\"inLanguage\":\"fr-FR\",\"potentialAction\":[{\"@type\":\"ReadAction\",\"target\":[\"https:\\\/\\\/grandslacs-voiemaritime.com\\\/fr\\\/ressources\\\/pour-les-entreprises-et-lindustrie\\\/gouvernement\\\/\"]}]},{\"@type\":\"BreadcrumbList\",\"@id\":\"https:\\\/\\\/grandslacs-voiemaritime.com\\\/fr\\\/ressources\\\/pour-les-entreprises-et-lindustrie\\\/gouvernement\\\/#breadcrumb\",\"itemListElement\":[{\"@type\":\"ListItem\",\"position\":1,\"name\":\"Home\",\"item\":\"https:\\\/\\\/grandslacs-voiemaritime.com\\\/fr\\\/\"},{\"@type\":\"ListItem\",\"position\":2,\"name\":\"Ressources\",\"item\":\"https:\\\/\\\/grandslacs-voiemaritime.com\\\/fr\\\/?page_id=5465\"},{\"@type\":\"ListItem\",\"position\":3,\"name\":\"Pour les entreprises et l&#8217;industrie\",\"item\":\"https:\\\/\\\/grandslacs-voiemaritime.com\\\/fr\\\/ressources\\\/pour-les-entreprises-et-lindustrie\\\/\"},{\"@type\":\"ListItem\",\"position\":4,\"name\":\"Gouvernement\"}]},{\"@type\":\"WebSite\",\"@id\":\"https:\\\/\\\/greatlakes-seaway.com\\\/fr\\\/#website\",\"url\":\"https:\\\/\\\/greatlakes-seaway.com\\\/fr\\\/\",\"name\":\"Great Lakes St. Lawrence Seaway System\",\"description\":\"\",\"publisher\":{\"@id\":\"https:\\\/\\\/greatlakes-seaway.com\\\/fr\\\/#organization\"},\"potentialAction\":[{\"@type\":\"SearchAction\",\"target\":{\"@type\":\"EntryPoint\",\"urlTemplate\":\"https:\\\/\\\/greatlakes-seaway.com\\\/fr\\\/?s={search_term_string}\"},\"query-input\":{\"@type\":\"PropertyValueSpecification\",\"valueRequired\":true,\"valueName\":\"search_term_string\"}}],\"inLanguage\":\"fr-FR\"},{\"@type\":\"Organization\",\"@id\":\"https:\\\/\\\/greatlakes-seaway.com\\\/fr\\\/#organization\",\"name\":\"Great Lakes St. Lawrence Seaway System\",\"url\":\"https:\\\/\\\/greatlakes-seaway.com\\\/fr\\\/\",\"logo\":{\"@type\":\"ImageObject\",\"inLanguage\":\"fr-FR\",\"@id\":\"https:\\\/\\\/greatlakes-seaway.com\\\/fr\\\/#\\\/schema\\\/logo\\\/image\\\/\",\"url\":\"https:\\\/\\\/grandslacs-voiemaritime.com\\\/wp-content\\\/uploads\\\/2020\\\/06\\\/800x230-logo-en.png\",\"contentUrl\":\"https:\\\/\\\/grandslacs-voiemaritime.com\\\/wp-content\\\/uploads\\\/2020\\\/06\\\/800x230-logo-en.png\",\"width\":800,\"height\":230,\"caption\":\"Great Lakes St. Lawrence Seaway System\"},\"image\":{\"@id\":\"https:\\\/\\\/greatlakes-seaway.com\\\/fr\\\/#\\\/schema\\\/logo\\\/image\\\/\"}}]}<\/script>\n<!-- \/ Yoast SEO plugin. -->","yoast_head_json":{"title":"Gouvernement - La Corporation de Gestion de la Voie Maritime du Saint-Laurent","description":"Environnement Canada Web:\u00a0www.ec.gc.ca Garde c\u00f4ti\u00e8re canadienne Web:\u00a0www.ccg-gcc.gc.ca Gouvernement du Canada Transport maritime Great Lakes Commission","robots":{"index":"index","follow":"follow","max-snippet":"max-snippet:-1","max-image-preview":"max-image-preview:large","max-video-preview":"max-video-preview:-1"},"canonical":"https:\/\/grandslacs-voiemaritime.com\/fr\/ressources\/pour-les-entreprises-et-lindustrie\/gouvernement\/","og_locale":"fr_FR","og_type":"article","og_title":"Gouvernement - La Corporation de Gestion de la Voie Maritime du Saint-Laurent","og_description":"Environnement Canada Web:\u00a0www.ec.gc.ca Garde c\u00f4ti\u00e8re canadienne Web:\u00a0www.ccg-gcc.gc.ca Gouvernement du Canada Transport maritime Great Lakes Commission","og_url":"https:\/\/grandslacs-voiemaritime.com\/fr\/ressources\/pour-les-entreprises-et-lindustrie\/gouvernement\/","og_site_name":"La Corporation de Gestion de la Voie Maritime du Saint-Laurent","og_image":[{"width":334,"height":330,"url":"https:\/\/grandslacs-voiemaritime.com\/wp-content\/uploads\/2022\/01\/300x300-logo-en.png","type":"image\/png"}],"twitter_card":"summary_large_image","twitter_misc":{"Dur\u00e9e de lecture estim\u00e9e":"1 minute"},"schema":{"@context":"https:\/\/schema.org","@graph":[{"@type":"WebPage","@id":"https:\/\/grandslacs-voiemaritime.com\/fr\/ressources\/pour-les-entreprises-et-lindustrie\/gouvernement\/","url":"https:\/\/grandslacs-voiemaritime.com\/fr\/ressources\/pour-les-entreprises-et-lindustrie\/gouvernement\/","name":"Gouvernement - La Corporation de Gestion de la Voie Maritime du Saint-Laurent","isPartOf":{"@id":"https:\/\/greatlakes-seaway.com\/fr\/#website"},"datePublished":"2020-01-03T18:38:11+00:00","description":"Environnement Canada Web:\u00a0www.ec.gc.ca Garde c\u00f4ti\u00e8re canadienne Web:\u00a0www.ccg-gcc.gc.ca Gouvernement du Canada Transport maritime Great Lakes Commission","breadcrumb":{"@id":"https:\/\/grandslacs-voiemaritime.com\/fr\/ressources\/pour-les-entreprises-et-lindustrie\/gouvernement\/#breadcrumb"},"inLanguage":"fr-FR","potentialAction":[{"@type":"ReadAction","target":["https:\/\/grandslacs-voiemaritime.com\/fr\/ressources\/pour-les-entreprises-et-lindustrie\/gouvernement\/"]}]},{"@type":"BreadcrumbList","@id":"https:\/\/grandslacs-voiemaritime.com\/fr\/ressources\/pour-les-entreprises-et-lindustrie\/gouvernement\/#breadcrumb","itemListElement":[{"@type":"ListItem","position":1,"name":"Home","item":"https:\/\/grandslacs-voiemaritime.com\/fr\/"},{"@type":"ListItem","position":2,"name":"Ressources","item":"https:\/\/grandslacs-voiemaritime.com\/fr\/?page_id=5465"},{"@type":"ListItem","position":3,"name":"Pour les entreprises et l&#8217;industrie","item":"https:\/\/grandslacs-voiemaritime.com\/fr\/ressources\/pour-les-entreprises-et-lindustrie\/"},{"@type":"ListItem","position":4,"name":"Gouvernement"}]},{"@type":"WebSite","@id":"https:\/\/greatlakes-seaway.com\/fr\/#website","url":"https:\/\/greatlakes-seaway.com\/fr\/","name":"Great Lakes St. Lawrence Seaway System","description":"","publisher":{"@id":"https:\/\/greatlakes-seaway.com\/fr\/#organization"},"potentialAction":[{"@type":"SearchAction","target":{"@type":"EntryPoint","urlTemplate":"https:\/\/greatlakes-seaway.com\/fr\/?s={search_term_string}"},"query-input":{"@type":"PropertyValueSpecification","valueRequired":true,"valueName":"search_term_string"}}],"inLanguage":"fr-FR"},{"@type":"Organization","@id":"https:\/\/greatlakes-seaway.com\/fr\/#organization","name":"Great Lakes St. Lawrence Seaway System","url":"https:\/\/greatlakes-seaway.com\/fr\/","logo":{"@type":"ImageObject","inLanguage":"fr-FR","@id":"https:\/\/greatlakes-seaway.com\/fr\/#\/schema\/logo\/image\/","url":"https:\/\/grandslacs-voiemaritime.com\/wp-content\/uploads\/2020\/06\/800x230-logo-en.png","contentUrl":"https:\/\/grandslacs-voiemaritime.com\/wp-content\/uploads\/2020\/06\/800x230-logo-en.png","width":800,"height":230,"caption":"Great Lakes St. Lawrence Seaway System"},"image":{"@id":"https:\/\/greatlakes-seaway.com\/fr\/#\/schema\/logo\/image\/"}}]}},"_links":{"self":[{"href":"https:\/\/grandslacs-voiemaritime.com\/fr\/wp-json\/wp\/v2\/pages\/12490","targetHints":{"allow":["GET"]}}],"collection":[{"href":"https:\/\/grandslacs-voiemaritime.com\/fr\/wp-json\/wp\/v2\/pages"}],"about":[{"href":"https:\/\/grandslacs-voiemaritime.com\/fr\/wp-json\/wp\/v2\/types\/page"}],"author":[{"embeddable":true,"href":"https:\/\/grandslacs-voiemaritime.com\/fr\/wp-json\/wp\/v2\/users\/5"}],"replies":[{"embeddable":true,"href":"https:\/\/grandslacs-voiemaritime.com\/fr\/wp-json\/wp\/v2\/comments?post=12490"}],"version-history":[{"count":0,"href":"https:\/\/grandslacs-voiemaritime.com\/fr\/wp-json\/wp\/v2\/pages\/12490\/revisions"}],"up":[{"embeddable":true,"href":"https:\/\/grandslacs-voiemaritime.com\/fr\/wp-json\/wp\/v2\/pages\/5475"}],"wp:attachment":[{"href":"https:\/\/grandslacs-voiemaritime.com\/fr\/wp-json\/wp\/v2\/media?parent=12490"}],"curies":[{"name":"wp","href":"https:\/\/api.w.org\/{rel}","templated":true}]}}