{"id":17494,"date":"2021-01-12T13:23:03","date_gmt":"2021-01-12T18:23:03","guid":{"rendered":"https:\/\/grandslacs-voiemaritime.com\/?page_id=17494"},"modified":"2025-06-17T13:19:29","modified_gmt":"2025-06-17T18:19:29","slug":"alliance-verte-resultat","status":"publish","type":"page","link":"https:\/\/grandslacs-voiemaritime.com\/fr\/lenvironnement\/alliance-verte-resultat\/","title":{"rendered":"CGVMSL Alliance Verte &#8211; R\u00e9sultats"},"content":{"rendered":"<p><img loading=\"lazy\" decoding=\"async\" class=\"wp-image-47933 size-medium alignleft\" src=\"https:\/\/grandslacs-voiemaritime.com\/wp-content\/uploads\/2025\/06\/green_marine_cert_slsmc2024_fr-180x300.jpg\" alt=\"Green marine certiticate 2024\" width=\"180\" height=\"300\" srcset=\"https:\/\/grandslacs-voiemaritime.com\/wp-content\/uploads\/2025\/06\/green_marine_cert_slsmc2024_fr-180x300.jpg 180w, https:\/\/grandslacs-voiemaritime.com\/wp-content\/uploads\/2025\/06\/green_marine_cert_slsmc2024_fr-615x1024.jpg 615w, https:\/\/grandslacs-voiemaritime.com\/wp-content\/uploads\/2025\/06\/green_marine_cert_slsmc2024_fr-90x150.jpg 90w, https:\/\/grandslacs-voiemaritime.com\/wp-content\/uploads\/2025\/06\/green_marine_cert_slsmc2024_fr-768x1280.jpg 768w, https:\/\/grandslacs-voiemaritime.com\/wp-content\/uploads\/2025\/06\/green_marine_cert_slsmc2024_fr-922x1536.jpg 922w, https:\/\/grandslacs-voiemaritime.com\/wp-content\/uploads\/2025\/06\/green_marine_cert_slsmc2024_fr.jpg 1201w\" sizes=\"auto, (max-width: 180px) 100vw, 180px\" \/><\/p>\n<p>La Corporation de Gestion de la Voie Maritime du St-Laurent (CGVMSL) est un membre fondateur de l\u2019Alliance verte, qui est un programme environnemental volontaire mis sur pied par l\u2019industrie maritime du Saint-Laurent et des Grands Lacs.<\/p>\n<p>L\u2019Alliance verte vise \u00e0 renforcer la performance environnementale de l\u2019industrie maritime gr\u00e2ce \u00e0 ses 13 <a href=\"https:\/\/allianceverte.org\/certification\/enjeux-et-criteres\/\">indicateurs de rendement<\/a> distincts, qui sont \u00e9valu\u00e9s sur une \u00e9chelle de 1 \u00e0 5.\u00a0 Les r\u00e9sultats des membres sont rapport\u00e9s sur une base annuelle, et font l\u2019objet d\u2019une v\u00e9rification externe rigoureuse.<\/p>\n<p>La revue p\u00e9riodique des indicateurs de rendement par des comit\u00e9s internes de l\u2019Alliance verte et des experts du domaine maritime assure le respect des pratiques environnementales exemplaires, par un processus d\u2019am\u00e9lioration continue.<\/p>\n<p>&nbsp;<\/p>\n<p>&nbsp;<\/p>\n<p style=\"text-align: center;\"><a href=\"https:\/\/grandslacs-voiemaritime.com\/wp-content\/uploads\/2025\/06\/alliance_verte_resultats_2024.pdf\">Alliance Verte &#8211; R\u00e9sultat 2024<\/a><\/p>\n<p style=\"text-align: center;\"><a href=\"https:\/\/grandslacs-voiemaritime.com\/wp-content\/uploads\/2024\/07\/alliance_verte_resultats_2023.pdf\">Alliance Verte &#8211; R\u00e9sultat 2023<\/a><\/p>\n<p style=\"text-align: center;\"><a href=\"https:\/\/grandslacs-voiemaritime.com\/wp-content\/uploads\/2023\/07\/alliance_verte_resultats_2022.pdf\">Alliance Verte &#8211; R\u00e9sultat 2022<\/a><\/p>\n<p>&nbsp;<\/p>\n","protected":false},"excerpt":{"rendered":"<p>La Corporation de Gestion de la Voie Maritime du St-Laurent (CGVMSL) est un membre fondateur de l\u2019Alliance verte, qui est un programme environnemental volontaire mis sur pied par l\u2019industrie maritime du Saint-Laurent et des Grands Lacs. L\u2019Alliance verte vise \u00e0 renforcer la performance environnementale de l\u2019industrie maritime gr\u00e2ce \u00e0 ses 13 indicateurs de rendement distincts,<\/p>\n","protected":false},"author":2,"featured_media":0,"parent":5467,"menu_order":0,"comment_status":"closed","ping_status":"closed","template":"","meta":{"_acf_changed":false,"_lmt_disableupdate":"no","_lmt_disable":"","footnotes":""},"class_list":["post-17494","page","type-page","status-publish","hentry"],"acf":[],"yoast_head":"<!-- This site is optimized with the Yoast SEO plugin v27.3 - https:\/\/yoast.com\/product\/yoast-seo-wordpress\/ -->\n<title>CGVMSL Alliance Verte - R\u00e9sultats - La Corporation de Gestion de la Voie Maritime du Saint-Laurent<\/title>\n<meta name=\"description\" content=\"La Corporation de Gestion de la Voie Maritime du St-Laurent (CGVMSL) est un membre fondateur de l\u2019Alliance verte, qui est un programme environnemental\" \/>\n<meta name=\"robots\" content=\"index, follow, max-snippet:-1, max-image-preview:large, max-video-preview:-1\" \/>\n<link rel=\"canonical\" href=\"https:\/\/grandslacs-voiemaritime.com\/fr\/lenvironnement\/alliance-verte-resultat\/\" \/>\n<meta property=\"og:locale\" content=\"fr_FR\" \/>\n<meta property=\"og:type\" content=\"article\" \/>\n<meta property=\"og:title\" content=\"CGVMSL Alliance Verte - R\u00e9sultats - La Corporation de Gestion de la Voie Maritime du Saint-Laurent\" \/>\n<meta property=\"og:description\" content=\"La Corporation de Gestion de la Voie Maritime du St-Laurent (CGVMSL) est un membre fondateur de l\u2019Alliance verte, qui est un programme environnemental\" \/>\n<meta property=\"og:url\" content=\"https:\/\/grandslacs-voiemaritime.com\/fr\/lenvironnement\/alliance-verte-resultat\/\" \/>\n<meta property=\"og:site_name\" content=\"La Corporation de Gestion de la Voie Maritime du Saint-Laurent\" \/>\n<meta property=\"article:modified_time\" content=\"2025-06-17T18:19:29+00:00\" \/>\n<meta property=\"og:image\" content=\"https:\/\/greatlakes-seaway.com\/wp-content\/uploads\/2025\/06\/green_marine_cert_slsmc2024_fr-180x300.jpg\" \/>\n<meta name=\"twitter:card\" content=\"summary_large_image\" \/>\n<meta name=\"twitter:label1\" content=\"Dur\u00e9e de lecture estim\u00e9e\" \/>\n\t<meta name=\"twitter:data1\" content=\"1 minute\" \/>\n<script type=\"application\/ld+json\" class=\"yoast-schema-graph\">{\"@context\":\"https:\\\/\\\/schema.org\",\"@graph\":[{\"@type\":\"WebPage\",\"@id\":\"https:\\\/\\\/grandslacs-voiemaritime.com\\\/fr\\\/lenvironnement\\\/alliance-verte-resultat\\\/\",\"url\":\"https:\\\/\\\/grandslacs-voiemaritime.com\\\/fr\\\/lenvironnement\\\/alliance-verte-resultat\\\/\",\"name\":\"CGVMSL Alliance Verte - R\u00e9sultats - La Corporation de Gestion de la Voie Maritime du Saint-Laurent\",\"isPartOf\":{\"@id\":\"https:\\\/\\\/greatlakes-seaway.com\\\/fr\\\/#website\"},\"primaryImageOfPage\":{\"@id\":\"https:\\\/\\\/grandslacs-voiemaritime.com\\\/fr\\\/lenvironnement\\\/alliance-verte-resultat\\\/#primaryimage\"},\"image\":{\"@id\":\"https:\\\/\\\/grandslacs-voiemaritime.com\\\/fr\\\/lenvironnement\\\/alliance-verte-resultat\\\/#primaryimage\"},\"thumbnailUrl\":\"https:\\\/\\\/greatlakes-seaway.com\\\/wp-content\\\/uploads\\\/2025\\\/06\\\/green_marine_cert_slsmc2024_fr-180x300.jpg\",\"datePublished\":\"2021-01-12T18:23:03+00:00\",\"dateModified\":\"2025-06-17T18:19:29+00:00\",\"description\":\"La Corporation de Gestion de la Voie Maritime du St-Laurent (CGVMSL) est un membre fondateur de l\u2019Alliance verte, qui est un programme environnemental\",\"breadcrumb\":{\"@id\":\"https:\\\/\\\/grandslacs-voiemaritime.com\\\/fr\\\/lenvironnement\\\/alliance-verte-resultat\\\/#breadcrumb\"},\"inLanguage\":\"fr-FR\",\"potentialAction\":[{\"@type\":\"ReadAction\",\"target\":[\"https:\\\/\\\/grandslacs-voiemaritime.com\\\/fr\\\/lenvironnement\\\/alliance-verte-resultat\\\/\"]}]},{\"@type\":\"ImageObject\",\"inLanguage\":\"fr-FR\",\"@id\":\"https:\\\/\\\/grandslacs-voiemaritime.com\\\/fr\\\/lenvironnement\\\/alliance-verte-resultat\\\/#primaryimage\",\"url\":\"https:\\\/\\\/greatlakes-seaway.com\\\/wp-content\\\/uploads\\\/2025\\\/06\\\/green_marine_cert_slsmc2024_fr-180x300.jpg\",\"contentUrl\":\"https:\\\/\\\/greatlakes-seaway.com\\\/wp-content\\\/uploads\\\/2025\\\/06\\\/green_marine_cert_slsmc2024_fr-180x300.jpg\"},{\"@type\":\"BreadcrumbList\",\"@id\":\"https:\\\/\\\/grandslacs-voiemaritime.com\\\/fr\\\/lenvironnement\\\/alliance-verte-resultat\\\/#breadcrumb\",\"itemListElement\":[{\"@type\":\"ListItem\",\"position\":1,\"name\":\"Home\",\"item\":\"https:\\\/\\\/greatlakes-seaway.com\\\/fr\\\/\"},{\"@type\":\"ListItem\",\"position\":2,\"name\":\"L&#8217;environnement\",\"item\":\"https:\\\/\\\/grandslacs-voiemaritime.com\\\/fr\\\/lenvironnement\\\/\"},{\"@type\":\"ListItem\",\"position\":3,\"name\":\"CGVMSL Alliance Verte &#8211; R\u00e9sultats\"}]},{\"@type\":\"WebSite\",\"@id\":\"https:\\\/\\\/greatlakes-seaway.com\\\/fr\\\/#website\",\"url\":\"https:\\\/\\\/greatlakes-seaway.com\\\/fr\\\/\",\"name\":\"Great Lakes St. Lawrence Seaway System\",\"description\":\"\",\"publisher\":{\"@id\":\"https:\\\/\\\/greatlakes-seaway.com\\\/fr\\\/#organization\"},\"potentialAction\":[{\"@type\":\"SearchAction\",\"target\":{\"@type\":\"EntryPoint\",\"urlTemplate\":\"https:\\\/\\\/greatlakes-seaway.com\\\/fr\\\/?s={search_term_string}\"},\"query-input\":{\"@type\":\"PropertyValueSpecification\",\"valueRequired\":true,\"valueName\":\"search_term_string\"}}],\"inLanguage\":\"fr-FR\"},{\"@type\":\"Organization\",\"@id\":\"https:\\\/\\\/greatlakes-seaway.com\\\/fr\\\/#organization\",\"name\":\"Great Lakes St. Lawrence Seaway System\",\"url\":\"https:\\\/\\\/greatlakes-seaway.com\\\/fr\\\/\",\"logo\":{\"@type\":\"ImageObject\",\"inLanguage\":\"fr-FR\",\"@id\":\"https:\\\/\\\/greatlakes-seaway.com\\\/fr\\\/#\\\/schema\\\/logo\\\/image\\\/\",\"url\":\"https:\\\/\\\/grandslacs-voiemaritime.com\\\/wp-content\\\/uploads\\\/2020\\\/06\\\/800x230-logo-en.png\",\"contentUrl\":\"https:\\\/\\\/grandslacs-voiemaritime.com\\\/wp-content\\\/uploads\\\/2020\\\/06\\\/800x230-logo-en.png\",\"width\":800,\"height\":230,\"caption\":\"Great Lakes St. Lawrence Seaway System\"},\"image\":{\"@id\":\"https:\\\/\\\/greatlakes-seaway.com\\\/fr\\\/#\\\/schema\\\/logo\\\/image\\\/\"}}]}<\/script>\n<!-- \/ Yoast SEO plugin. -->","yoast_head_json":{"title":"CGVMSL Alliance Verte - R\u00e9sultats - La Corporation de Gestion de la Voie Maritime du Saint-Laurent","description":"La Corporation de Gestion de la Voie Maritime du St-Laurent (CGVMSL) est un membre fondateur de l\u2019Alliance verte, qui est un programme environnemental","robots":{"index":"index","follow":"follow","max-snippet":"max-snippet:-1","max-image-preview":"max-image-preview:large","max-video-preview":"max-video-preview:-1"},"canonical":"https:\/\/grandslacs-voiemaritime.com\/fr\/lenvironnement\/alliance-verte-resultat\/","og_locale":"fr_FR","og_type":"article","og_title":"CGVMSL Alliance Verte - R\u00e9sultats - La Corporation de Gestion de la Voie Maritime du Saint-Laurent","og_description":"La Corporation de Gestion de la Voie Maritime du St-Laurent (CGVMSL) est un membre fondateur de l\u2019Alliance verte, qui est un programme environnemental","og_url":"https:\/\/grandslacs-voiemaritime.com\/fr\/lenvironnement\/alliance-verte-resultat\/","og_site_name":"La Corporation de Gestion de la Voie Maritime du Saint-Laurent","article_modified_time":"2025-06-17T18:19:29+00:00","og_image":[{"url":"https:\/\/greatlakes-seaway.com\/wp-content\/uploads\/2025\/06\/green_marine_cert_slsmc2024_fr-180x300.jpg","type":"","width":"","height":""}],"twitter_card":"summary_large_image","twitter_misc":{"Dur\u00e9e de lecture estim\u00e9e":"1 minute"},"schema":{"@context":"https:\/\/schema.org","@graph":[{"@type":"WebPage","@id":"https:\/\/grandslacs-voiemaritime.com\/fr\/lenvironnement\/alliance-verte-resultat\/","url":"https:\/\/grandslacs-voiemaritime.com\/fr\/lenvironnement\/alliance-verte-resultat\/","name":"CGVMSL Alliance Verte - R\u00e9sultats - La Corporation de Gestion de la Voie Maritime du Saint-Laurent","isPartOf":{"@id":"https:\/\/greatlakes-seaway.com\/fr\/#website"},"primaryImageOfPage":{"@id":"https:\/\/grandslacs-voiemaritime.com\/fr\/lenvironnement\/alliance-verte-resultat\/#primaryimage"},"image":{"@id":"https:\/\/grandslacs-voiemaritime.com\/fr\/lenvironnement\/alliance-verte-resultat\/#primaryimage"},"thumbnailUrl":"https:\/\/greatlakes-seaway.com\/wp-content\/uploads\/2025\/06\/green_marine_cert_slsmc2024_fr-180x300.jpg","datePublished":"2021-01-12T18:23:03+00:00","dateModified":"2025-06-17T18:19:29+00:00","description":"La Corporation de Gestion de la Voie Maritime du St-Laurent (CGVMSL) est un membre fondateur de l\u2019Alliance verte, qui est un programme environnemental","breadcrumb":{"@id":"https:\/\/grandslacs-voiemaritime.com\/fr\/lenvironnement\/alliance-verte-resultat\/#breadcrumb"},"inLanguage":"fr-FR","potentialAction":[{"@type":"ReadAction","target":["https:\/\/grandslacs-voiemaritime.com\/fr\/lenvironnement\/alliance-verte-resultat\/"]}]},{"@type":"ImageObject","inLanguage":"fr-FR","@id":"https:\/\/grandslacs-voiemaritime.com\/fr\/lenvironnement\/alliance-verte-resultat\/#primaryimage","url":"https:\/\/greatlakes-seaway.com\/wp-content\/uploads\/2025\/06\/green_marine_cert_slsmc2024_fr-180x300.jpg","contentUrl":"https:\/\/greatlakes-seaway.com\/wp-content\/uploads\/2025\/06\/green_marine_cert_slsmc2024_fr-180x300.jpg"},{"@type":"BreadcrumbList","@id":"https:\/\/grandslacs-voiemaritime.com\/fr\/lenvironnement\/alliance-verte-resultat\/#breadcrumb","itemListElement":[{"@type":"ListItem","position":1,"name":"Home","item":"https:\/\/greatlakes-seaway.com\/fr\/"},{"@type":"ListItem","position":2,"name":"L&#8217;environnement","item":"https:\/\/grandslacs-voiemaritime.com\/fr\/lenvironnement\/"},{"@type":"ListItem","position":3,"name":"CGVMSL Alliance Verte &#8211; R\u00e9sultats"}]},{"@type":"WebSite","@id":"https:\/\/greatlakes-seaway.com\/fr\/#website","url":"https:\/\/greatlakes-seaway.com\/fr\/","name":"Great Lakes St. Lawrence Seaway System","description":"","publisher":{"@id":"https:\/\/greatlakes-seaway.com\/fr\/#organization"},"potentialAction":[{"@type":"SearchAction","target":{"@type":"EntryPoint","urlTemplate":"https:\/\/greatlakes-seaway.com\/fr\/?s={search_term_string}"},"query-input":{"@type":"PropertyValueSpecification","valueRequired":true,"valueName":"search_term_string"}}],"inLanguage":"fr-FR"},{"@type":"Organization","@id":"https:\/\/greatlakes-seaway.com\/fr\/#organization","name":"Great Lakes St. Lawrence Seaway System","url":"https:\/\/greatlakes-seaway.com\/fr\/","logo":{"@type":"ImageObject","inLanguage":"fr-FR","@id":"https:\/\/greatlakes-seaway.com\/fr\/#\/schema\/logo\/image\/","url":"https:\/\/grandslacs-voiemaritime.com\/wp-content\/uploads\/2020\/06\/800x230-logo-en.png","contentUrl":"https:\/\/grandslacs-voiemaritime.com\/wp-content\/uploads\/2020\/06\/800x230-logo-en.png","width":800,"height":230,"caption":"Great Lakes St. Lawrence Seaway System"},"image":{"@id":"https:\/\/greatlakes-seaway.com\/fr\/#\/schema\/logo\/image\/"}}]}},"_links":{"self":[{"href":"https:\/\/grandslacs-voiemaritime.com\/fr\/wp-json\/wp\/v2\/pages\/17494","targetHints":{"allow":["GET"]}}],"collection":[{"href":"https:\/\/grandslacs-voiemaritime.com\/fr\/wp-json\/wp\/v2\/pages"}],"about":[{"href":"https:\/\/grandslacs-voiemaritime.com\/fr\/wp-json\/wp\/v2\/types\/page"}],"author":[{"embeddable":true,"href":"https:\/\/grandslacs-voiemaritime.com\/fr\/wp-json\/wp\/v2\/users\/2"}],"replies":[{"embeddable":true,"href":"https:\/\/grandslacs-voiemaritime.com\/fr\/wp-json\/wp\/v2\/comments?post=17494"}],"version-history":[{"count":0,"href":"https:\/\/grandslacs-voiemaritime.com\/fr\/wp-json\/wp\/v2\/pages\/17494\/revisions"}],"up":[{"embeddable":true,"href":"https:\/\/grandslacs-voiemaritime.com\/fr\/wp-json\/wp\/v2\/pages\/5467"}],"wp:attachment":[{"href":"https:\/\/grandslacs-voiemaritime.com\/fr\/wp-json\/wp\/v2\/media?parent=17494"}],"curies":[{"name":"wp","href":"https:\/\/api.w.org\/{rel}","templated":true}]}}