{"id":48043,"date":"2025-06-27T14:58:05","date_gmt":"2025-06-27T19:58:05","guid":{"rendered":"https:\/\/grandslacs-voiemaritime.com\/?page_id=48043"},"modified":"2025-06-30T09:29:40","modified_gmt":"2025-06-30T14:29:40","slug":"gls-administrateur","status":"publish","type":"page","link":"https:\/\/grandslacs-voiemaritime.com\/fr\/a-propos\/regie-de-la-voie-maritime\/gls-administrateur\/","title":{"rendered":"GLS Administrateur"},"content":{"rendered":"<h3><img loading=\"lazy\" decoding=\"async\" class=\" wp-image-48045 alignleft\" src=\"https:\/\/grandslacs-voiemaritime.com\/wp-content\/uploads\/2025\/06\/GLS-Administrator-Mike-McCoshen-240x300.jpg\" alt=\"J. M. (Mike) cCoshen Administrator\" width=\"218\" height=\"273\" srcset=\"https:\/\/grandslacs-voiemaritime.com\/wp-content\/uploads\/2025\/06\/GLS-Administrator-Mike-McCoshen-240x300.jpg 240w, https:\/\/grandslacs-voiemaritime.com\/wp-content\/uploads\/2025\/06\/GLS-Administrator-Mike-McCoshen-819x1024.jpg 819w, https:\/\/grandslacs-voiemaritime.com\/wp-content\/uploads\/2025\/06\/GLS-Administrator-Mike-McCoshen-120x150.jpg 120w, https:\/\/grandslacs-voiemaritime.com\/wp-content\/uploads\/2025\/06\/GLS-Administrator-Mike-McCoshen-768x960.jpg 768w, https:\/\/grandslacs-voiemaritime.com\/wp-content\/uploads\/2025\/06\/GLS-Administrator-Mike-McCoshen-1229x1536.jpg 1229w, https:\/\/grandslacs-voiemaritime.com\/wp-content\/uploads\/2025\/06\/GLS-Administrator-Mike-McCoshen-1639x2048.jpg 1639w, https:\/\/grandslacs-voiemaritime.com\/wp-content\/uploads\/2025\/06\/GLS-Administrator-Mike-McCoshen-scaled.jpg 2048w\" sizes=\"auto, (max-width: 218px) 100vw, 218px\" \/><strong>M. (Mike) McCoshen<\/strong><\/h3>\n<p>Monsieur <strong>J. M. (Mike) McCoshen<\/strong> est le douzi\u00e8me administrateur de la Great Lakes St. Lawrence Seaway Development Corporation (GLS), un organisme d\u2019exploitation du minist\u00e8re des Transports am\u00e9ricain. Nomm\u00e9 par le pr\u00e9sident Donald J. Trump le 16\u00a0juin\u00a02025, monsieur l\u2019administrateur J.\u00a0M.\u00a0(Mike) McCoshen supervise la soci\u00e9t\u00e9 f\u00e9d\u00e9rale responsable de l\u2019exploitation et de l\u2019entretien de la partie am\u00e9ricaine de la Voie maritime du Saint-Laurent entre Montr\u00e9al et le lac \u00c9ri\u00e9, qui contribue \u00e0 accro\u00eetre le commerce maritime et le d\u00e9veloppement \u00e9conomique dans toute la r\u00e9gion des Grands Lacs.<\/p>\n<p>Avant sa nomination au poste d\u2019administrateur, il \u00e9tait pr\u00e9sident de McCoshen Logistics Solutions LLC, une soci\u00e9t\u00e9 d\u2019experts-conseils sp\u00e9cialis\u00e9e dans les terminaux de vrac et dans la logistique du transport des marchandises pour la r\u00e9gion des Grands Lacs. Auparavant, M. McCoshen a occup\u00e9 pendant vingt ans le poste de pr\u00e9sident et chef de l\u2019exploitation de Hallett Dock Company \u00e0 Duluth, dans le Minnesota, o\u00f9 il dirigeait les activit\u00e9s du terminal le plus \u00e0 l\u2019ouest des Grands Lacs. Il a commenc\u00e9 sa carri\u00e8re en 1976 comme op\u00e9rateur de machinerie lourde et chargeur de navires \u00e0 l\u2019installation de transbordement de taconite de la soci\u00e9t\u00e9 Burlington Northern (aujourd\u2019hui BNSF Railway), \u00e0 Superior, dans le Wisconsin, o\u00f9 il a gravi les \u00e9chelons pour finalement diriger les activit\u00e9s de ce terminal.<\/p>\n<p>Originaire de Superior, au Wisconsin, M.\u00a0McCoshen poss\u00e8de plus de 45\u00a0ans d\u2019exp\u00e9rience du transport maritime et des op\u00e9rations portuaires. Au cours de sa carri\u00e8re, il a contribu\u00e9 au transport de plus de 200\u00a0millions de tonnes de marchandises dans le r\u00e9seau de la Voie maritime.<\/p>\n","protected":false},"excerpt":{"rendered":"<p>M. (Mike) McCoshen Monsieur J. M. (Mike) McCoshen est le douzi\u00e8me administrateur de la Great Lakes St. Lawrence Seaway Development Corporation (GLS), un organisme d\u2019exploitation du minist\u00e8re des Transports am\u00e9ricain. Nomm\u00e9 par le pr\u00e9sident Donald J. Trump le 16\u00a0juin\u00a02025, monsieur l\u2019administrateur J.\u00a0M.\u00a0(Mike) McCoshen supervise la soci\u00e9t\u00e9 f\u00e9d\u00e9rale responsable de l\u2019exploitation et de l\u2019entretien de la<\/p>\n","protected":false},"author":2,"featured_media":0,"parent":5240,"menu_order":0,"comment_status":"closed","ping_status":"closed","template":"","meta":{"_acf_changed":false,"_lmt_disableupdate":"no","_lmt_disable":"","footnotes":""},"class_list":["post-48043","page","type-page","status-publish","hentry"],"acf":[],"yoast_head":"<!-- This site is optimized with the Yoast SEO plugin v27.4 - https:\/\/yoast.com\/product\/yoast-seo-wordpress\/ -->\n<title>GLS Administrateur - La Corporation de Gestion de la Voie Maritime du Saint-Laurent<\/title>\n<meta name=\"description\" content=\"M. (Mike) McCoshen Monsieur J. M. (Mike) McCoshen est le douzi\u00e8me administrateur de la Great Lakes St. Lawrence Seaway Development Corporation (GLS), un\" \/>\n<meta name=\"robots\" content=\"index, follow, max-snippet:-1, max-image-preview:large, max-video-preview:-1\" \/>\n<link rel=\"canonical\" href=\"https:\/\/grandslacs-voiemaritime.com\/fr\/a-propos\/regie-de-la-voie-maritime\/gls-administrateur\/\" \/>\n<meta property=\"og:locale\" content=\"fr_FR\" \/>\n<meta property=\"og:type\" content=\"article\" \/>\n<meta property=\"og:title\" content=\"GLS Administrateur - La Corporation de Gestion de la Voie Maritime du Saint-Laurent\" \/>\n<meta property=\"og:description\" content=\"M. (Mike) McCoshen Monsieur J. M. (Mike) McCoshen est le douzi\u00e8me administrateur de la Great Lakes St. Lawrence Seaway Development Corporation (GLS), un\" \/>\n<meta property=\"og:url\" content=\"https:\/\/grandslacs-voiemaritime.com\/fr\/a-propos\/regie-de-la-voie-maritime\/gls-administrateur\/\" \/>\n<meta property=\"og:site_name\" content=\"La Corporation de Gestion de la Voie Maritime du Saint-Laurent\" \/>\n<meta property=\"article:modified_time\" content=\"2025-06-30T14:29:40+00:00\" \/>\n<meta property=\"og:image\" content=\"https:\/\/greatlakes-seaway.com\/wp-content\/uploads\/2025\/06\/GLS-Administrator-Mike-McCoshen-240x300.jpg\" \/>\n<meta name=\"twitter:card\" content=\"summary_large_image\" \/>\n<meta name=\"twitter:label1\" content=\"Dur\u00e9e de lecture estim\u00e9e\" \/>\n\t<meta name=\"twitter:data1\" content=\"2 minutes\" \/>\n<script type=\"application\/ld+json\" class=\"yoast-schema-graph\">{\"@context\":\"https:\\\/\\\/schema.org\",\"@graph\":[{\"@type\":\"WebPage\",\"@id\":\"https:\\\/\\\/grandslacs-voiemaritime.com\\\/fr\\\/a-propos\\\/regie-de-la-voie-maritime\\\/gls-administrateur\\\/\",\"url\":\"https:\\\/\\\/grandslacs-voiemaritime.com\\\/fr\\\/a-propos\\\/regie-de-la-voie-maritime\\\/gls-administrateur\\\/\",\"name\":\"GLS Administrateur - La Corporation de Gestion de la Voie Maritime du Saint-Laurent\",\"isPartOf\":{\"@id\":\"https:\\\/\\\/greatlakes-seaway.com\\\/fr\\\/#website\"},\"primaryImageOfPage\":{\"@id\":\"https:\\\/\\\/grandslacs-voiemaritime.com\\\/fr\\\/a-propos\\\/regie-de-la-voie-maritime\\\/gls-administrateur\\\/#primaryimage\"},\"image\":{\"@id\":\"https:\\\/\\\/grandslacs-voiemaritime.com\\\/fr\\\/a-propos\\\/regie-de-la-voie-maritime\\\/gls-administrateur\\\/#primaryimage\"},\"thumbnailUrl\":\"https:\\\/\\\/greatlakes-seaway.com\\\/wp-content\\\/uploads\\\/2025\\\/06\\\/GLS-Administrator-Mike-McCoshen-240x300.jpg\",\"datePublished\":\"2025-06-27T19:58:05+00:00\",\"dateModified\":\"2025-06-30T14:29:40+00:00\",\"description\":\"M. (Mike) McCoshen Monsieur J. M. (Mike) McCoshen est le douzi\u00e8me administrateur de la Great Lakes St. Lawrence Seaway Development Corporation (GLS), un\",\"breadcrumb\":{\"@id\":\"https:\\\/\\\/grandslacs-voiemaritime.com\\\/fr\\\/a-propos\\\/regie-de-la-voie-maritime\\\/gls-administrateur\\\/#breadcrumb\"},\"inLanguage\":\"fr-FR\",\"potentialAction\":[{\"@type\":\"ReadAction\",\"target\":[\"https:\\\/\\\/grandslacs-voiemaritime.com\\\/fr\\\/a-propos\\\/regie-de-la-voie-maritime\\\/gls-administrateur\\\/\"]}]},{\"@type\":\"ImageObject\",\"inLanguage\":\"fr-FR\",\"@id\":\"https:\\\/\\\/grandslacs-voiemaritime.com\\\/fr\\\/a-propos\\\/regie-de-la-voie-maritime\\\/gls-administrateur\\\/#primaryimage\",\"url\":\"https:\\\/\\\/greatlakes-seaway.com\\\/wp-content\\\/uploads\\\/2025\\\/06\\\/GLS-Administrator-Mike-McCoshen-240x300.jpg\",\"contentUrl\":\"https:\\\/\\\/greatlakes-seaway.com\\\/wp-content\\\/uploads\\\/2025\\\/06\\\/GLS-Administrator-Mike-McCoshen-240x300.jpg\"},{\"@type\":\"BreadcrumbList\",\"@id\":\"https:\\\/\\\/grandslacs-voiemaritime.com\\\/fr\\\/a-propos\\\/regie-de-la-voie-maritime\\\/gls-administrateur\\\/#breadcrumb\",\"itemListElement\":[{\"@type\":\"ListItem\",\"position\":1,\"name\":\"Home\",\"item\":\"https:\\\/\\\/greatlakes-seaway.com\\\/fr\\\/\"},{\"@type\":\"ListItem\",\"position\":2,\"name\":\"\u00c0 propos\",\"item\":\"https:\\\/\\\/grandslacs-voiemaritime.com\\\/fr\\\/a-propos\\\/\"},{\"@type\":\"ListItem\",\"position\":3,\"name\":\"GLS Management\",\"item\":\"https:\\\/\\\/greatlakes-seaway.com\\\/fr\\\/a-propos\\\/regie-de-la-voie-maritime\\\/\"},{\"@type\":\"ListItem\",\"position\":4,\"name\":\"GLS Administrateur\"}]},{\"@type\":\"WebSite\",\"@id\":\"https:\\\/\\\/greatlakes-seaway.com\\\/fr\\\/#website\",\"url\":\"https:\\\/\\\/greatlakes-seaway.com\\\/fr\\\/\",\"name\":\"Great Lakes St. Lawrence Seaway System\",\"description\":\"\",\"publisher\":{\"@id\":\"https:\\\/\\\/greatlakes-seaway.com\\\/fr\\\/#organization\"},\"potentialAction\":[{\"@type\":\"SearchAction\",\"target\":{\"@type\":\"EntryPoint\",\"urlTemplate\":\"https:\\\/\\\/greatlakes-seaway.com\\\/fr\\\/?s={search_term_string}\"},\"query-input\":{\"@type\":\"PropertyValueSpecification\",\"valueRequired\":true,\"valueName\":\"search_term_string\"}}],\"inLanguage\":\"fr-FR\"},{\"@type\":\"Organization\",\"@id\":\"https:\\\/\\\/greatlakes-seaway.com\\\/fr\\\/#organization\",\"name\":\"Great Lakes St. Lawrence Seaway System\",\"url\":\"https:\\\/\\\/greatlakes-seaway.com\\\/fr\\\/\",\"logo\":{\"@type\":\"ImageObject\",\"inLanguage\":\"fr-FR\",\"@id\":\"https:\\\/\\\/greatlakes-seaway.com\\\/fr\\\/#\\\/schema\\\/logo\\\/image\\\/\",\"url\":\"https:\\\/\\\/grandslacs-voiemaritime.com\\\/wp-content\\\/uploads\\\/2020\\\/06\\\/800x230-logo-en.png\",\"contentUrl\":\"https:\\\/\\\/grandslacs-voiemaritime.com\\\/wp-content\\\/uploads\\\/2020\\\/06\\\/800x230-logo-en.png\",\"width\":800,\"height\":230,\"caption\":\"Great Lakes St. Lawrence Seaway System\"},\"image\":{\"@id\":\"https:\\\/\\\/greatlakes-seaway.com\\\/fr\\\/#\\\/schema\\\/logo\\\/image\\\/\"}}]}<\/script>\n<!-- \/ Yoast SEO plugin. -->","yoast_head_json":{"title":"GLS Administrateur - La Corporation de Gestion de la Voie Maritime du Saint-Laurent","description":"M. (Mike) McCoshen Monsieur J. M. (Mike) McCoshen est le douzi\u00e8me administrateur de la Great Lakes St. Lawrence Seaway Development Corporation (GLS), un","robots":{"index":"index","follow":"follow","max-snippet":"max-snippet:-1","max-image-preview":"max-image-preview:large","max-video-preview":"max-video-preview:-1"},"canonical":"https:\/\/grandslacs-voiemaritime.com\/fr\/a-propos\/regie-de-la-voie-maritime\/gls-administrateur\/","og_locale":"fr_FR","og_type":"article","og_title":"GLS Administrateur - La Corporation de Gestion de la Voie Maritime du Saint-Laurent","og_description":"M. (Mike) McCoshen Monsieur J. M. (Mike) McCoshen est le douzi\u00e8me administrateur de la Great Lakes St. Lawrence Seaway Development Corporation (GLS), un","og_url":"https:\/\/grandslacs-voiemaritime.com\/fr\/a-propos\/regie-de-la-voie-maritime\/gls-administrateur\/","og_site_name":"La Corporation de Gestion de la Voie Maritime du Saint-Laurent","article_modified_time":"2025-06-30T14:29:40+00:00","og_image":[{"url":"https:\/\/greatlakes-seaway.com\/wp-content\/uploads\/2025\/06\/GLS-Administrator-Mike-McCoshen-240x300.jpg","type":"","width":"","height":""}],"twitter_card":"summary_large_image","twitter_misc":{"Dur\u00e9e de lecture estim\u00e9e":"2 minutes"},"schema":{"@context":"https:\/\/schema.org","@graph":[{"@type":"WebPage","@id":"https:\/\/grandslacs-voiemaritime.com\/fr\/a-propos\/regie-de-la-voie-maritime\/gls-administrateur\/","url":"https:\/\/grandslacs-voiemaritime.com\/fr\/a-propos\/regie-de-la-voie-maritime\/gls-administrateur\/","name":"GLS Administrateur - La Corporation de Gestion de la Voie Maritime du Saint-Laurent","isPartOf":{"@id":"https:\/\/greatlakes-seaway.com\/fr\/#website"},"primaryImageOfPage":{"@id":"https:\/\/grandslacs-voiemaritime.com\/fr\/a-propos\/regie-de-la-voie-maritime\/gls-administrateur\/#primaryimage"},"image":{"@id":"https:\/\/grandslacs-voiemaritime.com\/fr\/a-propos\/regie-de-la-voie-maritime\/gls-administrateur\/#primaryimage"},"thumbnailUrl":"https:\/\/greatlakes-seaway.com\/wp-content\/uploads\/2025\/06\/GLS-Administrator-Mike-McCoshen-240x300.jpg","datePublished":"2025-06-27T19:58:05+00:00","dateModified":"2025-06-30T14:29:40+00:00","description":"M. (Mike) McCoshen Monsieur J. M. (Mike) McCoshen est le douzi\u00e8me administrateur de la Great Lakes St. Lawrence Seaway Development Corporation (GLS), un","breadcrumb":{"@id":"https:\/\/grandslacs-voiemaritime.com\/fr\/a-propos\/regie-de-la-voie-maritime\/gls-administrateur\/#breadcrumb"},"inLanguage":"fr-FR","potentialAction":[{"@type":"ReadAction","target":["https:\/\/grandslacs-voiemaritime.com\/fr\/a-propos\/regie-de-la-voie-maritime\/gls-administrateur\/"]}]},{"@type":"ImageObject","inLanguage":"fr-FR","@id":"https:\/\/grandslacs-voiemaritime.com\/fr\/a-propos\/regie-de-la-voie-maritime\/gls-administrateur\/#primaryimage","url":"https:\/\/greatlakes-seaway.com\/wp-content\/uploads\/2025\/06\/GLS-Administrator-Mike-McCoshen-240x300.jpg","contentUrl":"https:\/\/greatlakes-seaway.com\/wp-content\/uploads\/2025\/06\/GLS-Administrator-Mike-McCoshen-240x300.jpg"},{"@type":"BreadcrumbList","@id":"https:\/\/grandslacs-voiemaritime.com\/fr\/a-propos\/regie-de-la-voie-maritime\/gls-administrateur\/#breadcrumb","itemListElement":[{"@type":"ListItem","position":1,"name":"Home","item":"https:\/\/greatlakes-seaway.com\/fr\/"},{"@type":"ListItem","position":2,"name":"\u00c0 propos","item":"https:\/\/grandslacs-voiemaritime.com\/fr\/a-propos\/"},{"@type":"ListItem","position":3,"name":"GLS Management","item":"https:\/\/greatlakes-seaway.com\/fr\/a-propos\/regie-de-la-voie-maritime\/"},{"@type":"ListItem","position":4,"name":"GLS Administrateur"}]},{"@type":"WebSite","@id":"https:\/\/greatlakes-seaway.com\/fr\/#website","url":"https:\/\/greatlakes-seaway.com\/fr\/","name":"Great Lakes St. Lawrence Seaway System","description":"","publisher":{"@id":"https:\/\/greatlakes-seaway.com\/fr\/#organization"},"potentialAction":[{"@type":"SearchAction","target":{"@type":"EntryPoint","urlTemplate":"https:\/\/greatlakes-seaway.com\/fr\/?s={search_term_string}"},"query-input":{"@type":"PropertyValueSpecification","valueRequired":true,"valueName":"search_term_string"}}],"inLanguage":"fr-FR"},{"@type":"Organization","@id":"https:\/\/greatlakes-seaway.com\/fr\/#organization","name":"Great Lakes St. Lawrence Seaway System","url":"https:\/\/greatlakes-seaway.com\/fr\/","logo":{"@type":"ImageObject","inLanguage":"fr-FR","@id":"https:\/\/greatlakes-seaway.com\/fr\/#\/schema\/logo\/image\/","url":"https:\/\/grandslacs-voiemaritime.com\/wp-content\/uploads\/2020\/06\/800x230-logo-en.png","contentUrl":"https:\/\/grandslacs-voiemaritime.com\/wp-content\/uploads\/2020\/06\/800x230-logo-en.png","width":800,"height":230,"caption":"Great Lakes St. Lawrence Seaway System"},"image":{"@id":"https:\/\/greatlakes-seaway.com\/fr\/#\/schema\/logo\/image\/"}}]}},"_links":{"self":[{"href":"https:\/\/grandslacs-voiemaritime.com\/fr\/wp-json\/wp\/v2\/pages\/48043","targetHints":{"allow":["GET"]}}],"collection":[{"href":"https:\/\/grandslacs-voiemaritime.com\/fr\/wp-json\/wp\/v2\/pages"}],"about":[{"href":"https:\/\/grandslacs-voiemaritime.com\/fr\/wp-json\/wp\/v2\/types\/page"}],"author":[{"embeddable":true,"href":"https:\/\/grandslacs-voiemaritime.com\/fr\/wp-json\/wp\/v2\/users\/2"}],"replies":[{"embeddable":true,"href":"https:\/\/grandslacs-voiemaritime.com\/fr\/wp-json\/wp\/v2\/comments?post=48043"}],"version-history":[{"count":0,"href":"https:\/\/grandslacs-voiemaritime.com\/fr\/wp-json\/wp\/v2\/pages\/48043\/revisions"}],"up":[{"embeddable":true,"href":"https:\/\/grandslacs-voiemaritime.com\/fr\/wp-json\/wp\/v2\/pages\/5240"}],"wp:attachment":[{"href":"https:\/\/grandslacs-voiemaritime.com\/fr\/wp-json\/wp\/v2\/media?parent=48043"}],"curies":[{"name":"wp","href":"https:\/\/api.w.org\/{rel}","templated":true}]}}