{"id":5234,"date":"2019-09-16T20:28:31","date_gmt":"2019-09-16T20:28:31","guid":{"rendered":"http:\/\/grandslacs-voiemaritime.com\/a-propos\/careers\/slsdc-us-careers\/"},"modified":"2021-02-04T16:26:56","modified_gmt":"2021-02-04T21:26:56","slug":"carrieres-a-la-gls","status":"publish","type":"page","link":"https:\/\/grandslacs-voiemaritime.com\/fr\/a-propos\/carrieres\/carrieres-a-la-gls\/","title":{"rendered":"Carri\u00e8res \u00e0 la GLS (\u00c9.-U.)"},"content":{"rendered":"<p>La Great Lakes St. Lawrence Seaway Development Corporation (GLS) est une soci\u00e9t\u00e9 appartenant enti\u00e8rement au d\u00e9partement des Transports (DOT) des \u00c9tats-Unis. Elle a \u00e9t\u00e9 constitu\u00e9e par voie l\u00e9gislative le 13 mai 1954 et charg\u00e9e de construire, exploiter et entretenir la partie de la Voie maritime du Saint-Laurent entre Montr\u00e9al et le lac \u00c9ri\u00e9 qui se trouve dans les limites territoriales des \u00c9tats-Unis. Le si\u00e8ge administratif de la GLS est situ\u00e9 \u00e0 Washington, D.C. Le si\u00e8ge op\u00e9rationnel est situ\u00e9 \u00e0 Massena (New York). Des bureaux suppl\u00e9mentaires se trouvent aux deux \u00e9cluses am\u00e9ricaines (Eisenhower et Snell), pr\u00e8s de Massena.<\/p>\n<p>Notre qualit\u00e9 de vie, l\u2019\u00e9volution de nos collectivit\u00e9s et la productivit\u00e9 de notre \u00e9conomie nationale d\u00e9pendent de nos r\u00e9seaux de transport. Nous reconnaissons et appr\u00e9cions l\u2019importance de nos ressources humaines et la diversit\u00e9 des ant\u00e9c\u00e9dents et des id\u00e9es qu\u2019apporte chaque employ\u00e9. Nous vous invitons donc \u00e0 vous joindre \u00e0 nous pour fa\u00e7onner l\u2019avenir de notre organisation et relever les d\u00e9fis du 21<sup>e<\/sup>\u00a0si\u00e8cle, en participant au progr\u00e8s du meilleur r\u00e9seau de transport au monde.<\/p>\n<p>La GLS publie ses offres d\u2019emploi dans le site Web <a href=\"https:\/\/www.usajobs.gov\/\" target=\"_blank\" rel=\"noopener noreferrer\">USA Jobs<\/a>\u00a0du gouvernement f\u00e9d\u00e9ral des \u00c9tats-Unis. Pour voir les offres d\u2019emploi actuelles,\u00a0<a href=\"https:\/\/www.usajobs.gov\/\" target=\"_blank\" rel=\"noopener noreferrer\">cliquez ici\u00a0<\/a>et inscrivez le mot cl\u00e9 \u00ab Seaway \u00bb.<\/p>\n","protected":false},"excerpt":{"rendered":"<p>La Great Lakes St. Lawrence Seaway Development Corporation (GLS) est une soci\u00e9t\u00e9 appartenant enti\u00e8rement au d\u00e9partement des Transports (DOT) des \u00c9tats-Unis. Elle a \u00e9t\u00e9 constitu\u00e9e par voie l\u00e9gislative le 13 mai 1954 et charg\u00e9e de construire, exploiter et entretenir la partie de la Voie maritime du Saint-Laurent entre Montr\u00e9al et le lac \u00c9ri\u00e9 qui se<\/p>\n","protected":false},"author":5,"featured_media":0,"parent":5232,"menu_order":0,"comment_status":"closed","ping_status":"closed","template":"","meta":{"_acf_changed":false,"_lmt_disableupdate":"","_lmt_disable":"","footnotes":""},"class_list":["post-5234","page","type-page","status-publish","hentry"],"acf":[],"yoast_head":"<!-- This site is optimized with the Yoast SEO plugin v27.3 - https:\/\/yoast.com\/product\/yoast-seo-wordpress\/ -->\n<title>Carri\u00e8res \u00e0 la GLS (\u00c9.-U.) - La Corporation de Gestion de la Voie Maritime du Saint-Laurent<\/title>\n<meta name=\"description\" content=\"La Great Lakes St. Lawrence Seaway Development Corporation (GLS) est une soci\u00e9t\u00e9 appartenant enti\u00e8rement au d\u00e9partement des Transports (DOT) des\" \/>\n<meta name=\"robots\" content=\"index, follow, max-snippet:-1, max-image-preview:large, max-video-preview:-1\" \/>\n<link rel=\"canonical\" href=\"https:\/\/grandslacs-voiemaritime.com\/fr\/a-propos\/carrieres\/carrieres-a-la-gls\/\" \/>\n<meta property=\"og:locale\" content=\"fr_FR\" \/>\n<meta property=\"og:type\" content=\"article\" \/>\n<meta property=\"og:title\" content=\"Carri\u00e8res \u00e0 la GLS (\u00c9.-U.) - La Corporation de Gestion de la Voie Maritime du Saint-Laurent\" \/>\n<meta property=\"og:description\" content=\"La Great Lakes St. Lawrence Seaway Development Corporation (GLS) est une soci\u00e9t\u00e9 appartenant enti\u00e8rement au d\u00e9partement des Transports (DOT) des\" \/>\n<meta property=\"og:url\" content=\"https:\/\/grandslacs-voiemaritime.com\/fr\/a-propos\/carrieres\/carrieres-a-la-gls\/\" \/>\n<meta property=\"og:site_name\" content=\"La Corporation de Gestion de la Voie Maritime du Saint-Laurent\" \/>\n<meta property=\"article:modified_time\" content=\"2021-02-04T21:26:56+00:00\" \/>\n<meta property=\"og:image\" content=\"https:\/\/grandslacs-voiemaritime.com\/wp-content\/uploads\/2022\/01\/300x300-logo-en.png\" \/>\n\t<meta property=\"og:image:width\" content=\"334\" \/>\n\t<meta property=\"og:image:height\" content=\"330\" \/>\n\t<meta property=\"og:image:type\" content=\"image\/png\" \/>\n<meta name=\"twitter:card\" content=\"summary_large_image\" \/>\n<meta name=\"twitter:label1\" content=\"Dur\u00e9e de lecture estim\u00e9e\" \/>\n\t<meta name=\"twitter:data1\" content=\"1 minute\" \/>\n<script type=\"application\/ld+json\" class=\"yoast-schema-graph\">{\"@context\":\"https:\\\/\\\/schema.org\",\"@graph\":[{\"@type\":\"WebPage\",\"@id\":\"https:\\\/\\\/grandslacs-voiemaritime.com\\\/fr\\\/a-propos\\\/carrieres\\\/carrieres-a-la-gls\\\/\",\"url\":\"https:\\\/\\\/grandslacs-voiemaritime.com\\\/fr\\\/a-propos\\\/carrieres\\\/carrieres-a-la-gls\\\/\",\"name\":\"Carri\u00e8res \u00e0 la GLS (\u00c9.-U.) - La Corporation de Gestion de la Voie Maritime du Saint-Laurent\",\"isPartOf\":{\"@id\":\"https:\\\/\\\/greatlakes-seaway.com\\\/fr\\\/#website\"},\"datePublished\":\"2019-09-16T20:28:31+00:00\",\"dateModified\":\"2021-02-04T21:26:56+00:00\",\"description\":\"La Great Lakes St. Lawrence Seaway Development Corporation (GLS) est une soci\u00e9t\u00e9 appartenant enti\u00e8rement au d\u00e9partement des Transports (DOT) des\",\"breadcrumb\":{\"@id\":\"https:\\\/\\\/grandslacs-voiemaritime.com\\\/fr\\\/a-propos\\\/carrieres\\\/carrieres-a-la-gls\\\/#breadcrumb\"},\"inLanguage\":\"fr-FR\",\"potentialAction\":[{\"@type\":\"ReadAction\",\"target\":[\"https:\\\/\\\/grandslacs-voiemaritime.com\\\/fr\\\/a-propos\\\/carrieres\\\/carrieres-a-la-gls\\\/\"]}]},{\"@type\":\"BreadcrumbList\",\"@id\":\"https:\\\/\\\/grandslacs-voiemaritime.com\\\/fr\\\/a-propos\\\/carrieres\\\/carrieres-a-la-gls\\\/#breadcrumb\",\"itemListElement\":[{\"@type\":\"ListItem\",\"position\":1,\"name\":\"Home\",\"item\":\"https:\\\/\\\/grandslacs-voiemaritime.com\\\/fr\\\/\"},{\"@type\":\"ListItem\",\"position\":2,\"name\":\"\u00c0 propos\",\"item\":\"https:\\\/\\\/grandslacs-voiemaritime.com\\\/fr\\\/a-propos\\\/\"},{\"@type\":\"ListItem\",\"position\":3,\"name\":\"Carri\u00e8res\",\"item\":\"https:\\\/\\\/grandslacs-voiemaritime.com\\\/fr\\\/a-propos\\\/carrieres\\\/\"},{\"@type\":\"ListItem\",\"position\":4,\"name\":\"Carri\u00e8res \u00e0 la GLS (\u00c9.-U.)\"}]},{\"@type\":\"WebSite\",\"@id\":\"https:\\\/\\\/greatlakes-seaway.com\\\/fr\\\/#website\",\"url\":\"https:\\\/\\\/greatlakes-seaway.com\\\/fr\\\/\",\"name\":\"Great Lakes St. Lawrence Seaway System\",\"description\":\"\",\"publisher\":{\"@id\":\"https:\\\/\\\/greatlakes-seaway.com\\\/fr\\\/#organization\"},\"potentialAction\":[{\"@type\":\"SearchAction\",\"target\":{\"@type\":\"EntryPoint\",\"urlTemplate\":\"https:\\\/\\\/greatlakes-seaway.com\\\/fr\\\/?s={search_term_string}\"},\"query-input\":{\"@type\":\"PropertyValueSpecification\",\"valueRequired\":true,\"valueName\":\"search_term_string\"}}],\"inLanguage\":\"fr-FR\"},{\"@type\":\"Organization\",\"@id\":\"https:\\\/\\\/greatlakes-seaway.com\\\/fr\\\/#organization\",\"name\":\"Great Lakes St. Lawrence Seaway System\",\"url\":\"https:\\\/\\\/greatlakes-seaway.com\\\/fr\\\/\",\"logo\":{\"@type\":\"ImageObject\",\"inLanguage\":\"fr-FR\",\"@id\":\"https:\\\/\\\/greatlakes-seaway.com\\\/fr\\\/#\\\/schema\\\/logo\\\/image\\\/\",\"url\":\"https:\\\/\\\/grandslacs-voiemaritime.com\\\/wp-content\\\/uploads\\\/2020\\\/06\\\/800x230-logo-en.png\",\"contentUrl\":\"https:\\\/\\\/grandslacs-voiemaritime.com\\\/wp-content\\\/uploads\\\/2020\\\/06\\\/800x230-logo-en.png\",\"width\":800,\"height\":230,\"caption\":\"Great Lakes St. Lawrence Seaway System\"},\"image\":{\"@id\":\"https:\\\/\\\/greatlakes-seaway.com\\\/fr\\\/#\\\/schema\\\/logo\\\/image\\\/\"}}]}<\/script>\n<!-- \/ Yoast SEO plugin. -->","yoast_head_json":{"title":"Carri\u00e8res \u00e0 la GLS (\u00c9.-U.) - La Corporation de Gestion de la Voie Maritime du Saint-Laurent","description":"La Great Lakes St. Lawrence Seaway Development Corporation (GLS) est une soci\u00e9t\u00e9 appartenant enti\u00e8rement au d\u00e9partement des Transports (DOT) des","robots":{"index":"index","follow":"follow","max-snippet":"max-snippet:-1","max-image-preview":"max-image-preview:large","max-video-preview":"max-video-preview:-1"},"canonical":"https:\/\/grandslacs-voiemaritime.com\/fr\/a-propos\/carrieres\/carrieres-a-la-gls\/","og_locale":"fr_FR","og_type":"article","og_title":"Carri\u00e8res \u00e0 la GLS (\u00c9.-U.) - La Corporation de Gestion de la Voie Maritime du Saint-Laurent","og_description":"La Great Lakes St. Lawrence Seaway Development Corporation (GLS) est une soci\u00e9t\u00e9 appartenant enti\u00e8rement au d\u00e9partement des Transports (DOT) des","og_url":"https:\/\/grandslacs-voiemaritime.com\/fr\/a-propos\/carrieres\/carrieres-a-la-gls\/","og_site_name":"La Corporation de Gestion de la Voie Maritime du Saint-Laurent","article_modified_time":"2021-02-04T21:26:56+00:00","og_image":[{"width":334,"height":330,"url":"https:\/\/grandslacs-voiemaritime.com\/wp-content\/uploads\/2022\/01\/300x300-logo-en.png","type":"image\/png"}],"twitter_card":"summary_large_image","twitter_misc":{"Dur\u00e9e de lecture estim\u00e9e":"1 minute"},"schema":{"@context":"https:\/\/schema.org","@graph":[{"@type":"WebPage","@id":"https:\/\/grandslacs-voiemaritime.com\/fr\/a-propos\/carrieres\/carrieres-a-la-gls\/","url":"https:\/\/grandslacs-voiemaritime.com\/fr\/a-propos\/carrieres\/carrieres-a-la-gls\/","name":"Carri\u00e8res \u00e0 la GLS (\u00c9.-U.) - La Corporation de Gestion de la Voie Maritime du Saint-Laurent","isPartOf":{"@id":"https:\/\/greatlakes-seaway.com\/fr\/#website"},"datePublished":"2019-09-16T20:28:31+00:00","dateModified":"2021-02-04T21:26:56+00:00","description":"La Great Lakes St. Lawrence Seaway Development Corporation (GLS) est une soci\u00e9t\u00e9 appartenant enti\u00e8rement au d\u00e9partement des Transports (DOT) des","breadcrumb":{"@id":"https:\/\/grandslacs-voiemaritime.com\/fr\/a-propos\/carrieres\/carrieres-a-la-gls\/#breadcrumb"},"inLanguage":"fr-FR","potentialAction":[{"@type":"ReadAction","target":["https:\/\/grandslacs-voiemaritime.com\/fr\/a-propos\/carrieres\/carrieres-a-la-gls\/"]}]},{"@type":"BreadcrumbList","@id":"https:\/\/grandslacs-voiemaritime.com\/fr\/a-propos\/carrieres\/carrieres-a-la-gls\/#breadcrumb","itemListElement":[{"@type":"ListItem","position":1,"name":"Home","item":"https:\/\/grandslacs-voiemaritime.com\/fr\/"},{"@type":"ListItem","position":2,"name":"\u00c0 propos","item":"https:\/\/grandslacs-voiemaritime.com\/fr\/a-propos\/"},{"@type":"ListItem","position":3,"name":"Carri\u00e8res","item":"https:\/\/grandslacs-voiemaritime.com\/fr\/a-propos\/carrieres\/"},{"@type":"ListItem","position":4,"name":"Carri\u00e8res \u00e0 la GLS (\u00c9.-U.)"}]},{"@type":"WebSite","@id":"https:\/\/greatlakes-seaway.com\/fr\/#website","url":"https:\/\/greatlakes-seaway.com\/fr\/","name":"Great Lakes St. Lawrence Seaway System","description":"","publisher":{"@id":"https:\/\/greatlakes-seaway.com\/fr\/#organization"},"potentialAction":[{"@type":"SearchAction","target":{"@type":"EntryPoint","urlTemplate":"https:\/\/greatlakes-seaway.com\/fr\/?s={search_term_string}"},"query-input":{"@type":"PropertyValueSpecification","valueRequired":true,"valueName":"search_term_string"}}],"inLanguage":"fr-FR"},{"@type":"Organization","@id":"https:\/\/greatlakes-seaway.com\/fr\/#organization","name":"Great Lakes St. Lawrence Seaway System","url":"https:\/\/greatlakes-seaway.com\/fr\/","logo":{"@type":"ImageObject","inLanguage":"fr-FR","@id":"https:\/\/greatlakes-seaway.com\/fr\/#\/schema\/logo\/image\/","url":"https:\/\/grandslacs-voiemaritime.com\/wp-content\/uploads\/2020\/06\/800x230-logo-en.png","contentUrl":"https:\/\/grandslacs-voiemaritime.com\/wp-content\/uploads\/2020\/06\/800x230-logo-en.png","width":800,"height":230,"caption":"Great Lakes St. Lawrence Seaway System"},"image":{"@id":"https:\/\/greatlakes-seaway.com\/fr\/#\/schema\/logo\/image\/"}}]}},"_links":{"self":[{"href":"https:\/\/grandslacs-voiemaritime.com\/fr\/wp-json\/wp\/v2\/pages\/5234","targetHints":{"allow":["GET"]}}],"collection":[{"href":"https:\/\/grandslacs-voiemaritime.com\/fr\/wp-json\/wp\/v2\/pages"}],"about":[{"href":"https:\/\/grandslacs-voiemaritime.com\/fr\/wp-json\/wp\/v2\/types\/page"}],"author":[{"embeddable":true,"href":"https:\/\/grandslacs-voiemaritime.com\/fr\/wp-json\/wp\/v2\/users\/5"}],"replies":[{"embeddable":true,"href":"https:\/\/grandslacs-voiemaritime.com\/fr\/wp-json\/wp\/v2\/comments?post=5234"}],"version-history":[{"count":0,"href":"https:\/\/grandslacs-voiemaritime.com\/fr\/wp-json\/wp\/v2\/pages\/5234\/revisions"}],"up":[{"embeddable":true,"href":"https:\/\/grandslacs-voiemaritime.com\/fr\/wp-json\/wp\/v2\/pages\/5232"}],"wp:attachment":[{"href":"https:\/\/grandslacs-voiemaritime.com\/fr\/wp-json\/wp\/v2\/media?parent=5234"}],"curies":[{"name":"wp","href":"https:\/\/api.w.org\/{rel}","templated":true}]}}