{"id":5240,"date":"2019-10-25T17:58:35","date_gmt":"2019-10-25T17:58:35","guid":{"rendered":"http:\/\/grandslacs-voiemaritime.com\/?page_id=5240"},"modified":"2025-02-03T15:28:04","modified_gmt":"2025-02-03T20:28:04","slug":"regie-de-la-voie-maritime","status":"publish","type":"page","link":"https:\/\/grandslacs-voiemaritime.com\/fr\/a-propos\/regie-de-la-voie-maritime\/","title":{"rendered":"GLS Management"},"content":{"rendered":"<p>Les textes provenant d\u2019organismes qui ne sont pas assujettis \u00e0 la Loi sur les langues officielles sont mis \u00e0 la disposition du public dans la langue d\u2019origine.<\/p>\n<p>La Great Lakes St. Lawrence Seaway Development Corporation est une soci\u00e9t\u00e9 d&#8217;\u00c9tat \u00e0 part enti\u00e8re cr\u00e9\u00e9e par la loi le 13 mai 1954 afin d&#8217;assurer la construction, l&#8217;exploitation et l&#8217;entretien de la partie de la Voie maritime du Saint-Laurent qui se trouve entre le port de Montr\u00e9al et le lac \u00c9ri\u00e9, \u00e0 l&#8217;int\u00e9rieur des limites territoriales des \u00c9tats-Unis. La Corporation est \u00e9galement charg\u00e9e de stimuler l&#8217;utilisation du r\u00e9seau Grands Lacs Voie maritime du Saint-Laurent sans \u00e9gard aux limites territoriales ou g\u00e9ographiques.<\/p>\n<p>La mission de la Corporation est de desservir le syst\u00e8me am\u00e9ricain de transport intermodal et international en am\u00e9liorant l&#8217;exploitation et l&#8217;entretien d&#8217;une voie navigable profonde, en collaboration avec son homologue canadienne. La GLS encourage le d\u00e9veloppement du commerce transitant par la Voie maritime, ce qui contribue au d\u00e9veloppement \u00e9conomique de l&#8217;ensemble de la r\u00e9gion des Grands Lacs.<\/p>\n<p>Le si\u00e8ge social de la GLS est situ\u00e9 \u00e0 Washington, D.C. La direction des op\u00e9rations est situ\u00e9e aux deux \u00e9cluses de la section am\u00e9ricaine de la Voie maritime (Eisenhower et Snell) \u00e0 Massena, dans l&#8217;\u00c9tat de New York.<\/p>\n<p>Anciennement, Saint Lawrence Seaway Development Corporation (SLSDC), la GLS a \u00e9t\u00e9 l\u00e9galement renomm\u00e9e dans le cadre de la Loi de cr\u00e9dits consolid\u00e9e 2021 (article 512 de la division AA du P.L.116-260), entr\u00e9e en vigueur le 27 d\u00e9cembre 2020.<\/p>\n<p>Pour de plus amples renseignements, visitez le site Web de la GLS \u00e0 <a href=\"http:\/\/www.seaway.dot.gov\/\" target=\"_blank\" rel=\"noopener noreferrer\">www.seaway.dot.gov<\/a> ou la page Facebook de la GLS \u00e0 <a href=\"https:\/\/www.facebook.com\/SeawayUSDOT\" target=\"_blank\" rel=\"noopener noreferrer\">www.facebook.com\/SeawayUSDOT<\/a>. <a href=\"http:\/\/www.facebook.com\/usdotslsdc\" target=\"_blank\" rel=\"noopener noreferrer\"><img loading=\"lazy\" decoding=\"async\" src=\"https:\/\/grandslacs-voiemaritime.com\/wp-content\/uploads\/2019\/09\/f_logo_slsdc.gif\" alt=\"SLSDC Facebook\" width=\"16\" height=\"16\" align=\"top\" border=\"0\" \/><\/a><\/p>\n<h3>\u00c9nonc\u00e9 de mission<\/h3>\n<p>Notre mission consiste \u00e0 desservir les industries du transport maritime en fournissant une voie navigable internationale \u00e0 fort tirant d\u2019eau, en coop\u00e9ration avec la Corporation de Gestion de la Voie Maritime du Saint-Laurent (Canada).<\/p>\n<h4>\u00c9nonc\u00e9 de vision<\/h4>\n<p>La Great Lakes St. Lawrence Seaway Development Corporation sera un organisme f\u00e9d\u00e9ral exemplaire prenant l\u2019initiative pour faire du r\u00e9seau Grands Lacs-Voie maritime le r\u00e9seau de transports maritimes le plus s\u00fbr, efficace, concurrentiel et moderne au monde.<\/p>\n<h4>Valeurs fondamentales de l\u2019organisation :<\/h4>\n<ul>\n<li>Service<\/li>\n<li>Leadership<\/li>\n<li>Bonne intendance<\/li>\n<li>Fiabilit\u00e9<\/li>\n<li>D\u00e9termination<\/li>\n<\/ul>\n<p><a href=\"https:\/\/grandslacs-voiemaritime.com\/fr\/a-propos\/regie-de-la-voie-maritime\/rapports-annuels\/\">Rapports annuels<\/a><\/p>\n","protected":false},"excerpt":{"rendered":"<p>Les textes provenant d\u2019organismes qui ne sont pas assujettis \u00e0 la Loi sur les langues officielles sont mis \u00e0 la disposition du public dans la langue d\u2019origine. La Great Lakes St. Lawrence Seaway Development Corporation est une soci\u00e9t\u00e9 d&#8217;\u00c9tat \u00e0 part enti\u00e8re cr\u00e9\u00e9e par la loi le 13 mai 1954 afin d&#8217;assurer la construction, l&#8217;exploitation<\/p>\n","protected":false},"author":5,"featured_media":0,"parent":45,"menu_order":0,"comment_status":"closed","ping_status":"closed","template":"","meta":{"_acf_changed":false,"_lmt_disableupdate":"no","_lmt_disable":"","footnotes":""},"class_list":["post-5240","page","type-page","status-publish","hentry"],"acf":[],"yoast_head":"<!-- This site is optimized with the Yoast SEO plugin v27.3 - https:\/\/yoast.com\/product\/yoast-seo-wordpress\/ -->\n<title>GLS Management - La Corporation de Gestion de la Voie Maritime du Saint-Laurent<\/title>\n<meta name=\"description\" content=\"Les textes provenant d\u2019organismes qui ne sont pas assujettis \u00e0 la Loi sur les langues officielles sont mis \u00e0 la disposition du public dans la langue\" \/>\n<meta name=\"robots\" content=\"index, follow, max-snippet:-1, max-image-preview:large, max-video-preview:-1\" \/>\n<link rel=\"canonical\" href=\"https:\/\/grandslacs-voiemaritime.com\/fr\/a-propos\/regie-de-la-voie-maritime\/\" \/>\n<meta property=\"og:locale\" content=\"fr_FR\" \/>\n<meta property=\"og:type\" content=\"article\" \/>\n<meta property=\"og:title\" content=\"GLS Management - La Corporation de Gestion de la Voie Maritime du Saint-Laurent\" \/>\n<meta property=\"og:description\" content=\"Les textes provenant d\u2019organismes qui ne sont pas assujettis \u00e0 la Loi sur les langues officielles sont mis \u00e0 la disposition du public dans la langue\" \/>\n<meta property=\"og:url\" content=\"https:\/\/grandslacs-voiemaritime.com\/fr\/a-propos\/regie-de-la-voie-maritime\/\" \/>\n<meta property=\"og:site_name\" content=\"La Corporation de Gestion de la Voie Maritime du Saint-Laurent\" \/>\n<meta property=\"article:modified_time\" content=\"2025-02-03T20:28:04+00:00\" \/>\n<meta property=\"og:image\" content=\"https:\/\/greatlakes-seaway.com\/wp-content\/uploads\/2019\/09\/f_logo_slsdc.gif\" \/>\n<meta name=\"twitter:card\" content=\"summary_large_image\" \/>\n<meta name=\"twitter:label1\" content=\"Dur\u00e9e de lecture estim\u00e9e\" \/>\n\t<meta name=\"twitter:data1\" content=\"2 minutes\" \/>\n<script type=\"application\/ld+json\" class=\"yoast-schema-graph\">{\"@context\":\"https:\\\/\\\/schema.org\",\"@graph\":[{\"@type\":\"WebPage\",\"@id\":\"https:\\\/\\\/grandslacs-voiemaritime.com\\\/fr\\\/a-propos\\\/regie-de-la-voie-maritime\\\/\",\"url\":\"https:\\\/\\\/grandslacs-voiemaritime.com\\\/fr\\\/a-propos\\\/regie-de-la-voie-maritime\\\/\",\"name\":\"GLS Management - La Corporation de Gestion de la Voie Maritime du Saint-Laurent\",\"isPartOf\":{\"@id\":\"https:\\\/\\\/greatlakes-seaway.com\\\/fr\\\/#website\"},\"primaryImageOfPage\":{\"@id\":\"https:\\\/\\\/grandslacs-voiemaritime.com\\\/fr\\\/a-propos\\\/regie-de-la-voie-maritime\\\/#primaryimage\"},\"image\":{\"@id\":\"https:\\\/\\\/grandslacs-voiemaritime.com\\\/fr\\\/a-propos\\\/regie-de-la-voie-maritime\\\/#primaryimage\"},\"thumbnailUrl\":\"https:\\\/\\\/greatlakes-seaway.com\\\/wp-content\\\/uploads\\\/2019\\\/09\\\/f_logo_slsdc.gif\",\"datePublished\":\"2019-10-25T17:58:35+00:00\",\"dateModified\":\"2025-02-03T20:28:04+00:00\",\"description\":\"Les textes provenant d\u2019organismes qui ne sont pas assujettis \u00e0 la Loi sur les langues officielles sont mis \u00e0 la disposition du public dans la langue\",\"breadcrumb\":{\"@id\":\"https:\\\/\\\/grandslacs-voiemaritime.com\\\/fr\\\/a-propos\\\/regie-de-la-voie-maritime\\\/#breadcrumb\"},\"inLanguage\":\"fr-FR\",\"potentialAction\":[{\"@type\":\"ReadAction\",\"target\":[\"https:\\\/\\\/grandslacs-voiemaritime.com\\\/fr\\\/a-propos\\\/regie-de-la-voie-maritime\\\/\"]}]},{\"@type\":\"ImageObject\",\"inLanguage\":\"fr-FR\",\"@id\":\"https:\\\/\\\/grandslacs-voiemaritime.com\\\/fr\\\/a-propos\\\/regie-de-la-voie-maritime\\\/#primaryimage\",\"url\":\"https:\\\/\\\/greatlakes-seaway.com\\\/wp-content\\\/uploads\\\/2019\\\/09\\\/f_logo_slsdc.gif\",\"contentUrl\":\"https:\\\/\\\/greatlakes-seaway.com\\\/wp-content\\\/uploads\\\/2019\\\/09\\\/f_logo_slsdc.gif\"},{\"@type\":\"BreadcrumbList\",\"@id\":\"https:\\\/\\\/grandslacs-voiemaritime.com\\\/fr\\\/a-propos\\\/regie-de-la-voie-maritime\\\/#breadcrumb\",\"itemListElement\":[{\"@type\":\"ListItem\",\"position\":1,\"name\":\"Home\",\"item\":\"https:\\\/\\\/greatlakes-seaway.com\\\/fr\\\/\"},{\"@type\":\"ListItem\",\"position\":2,\"name\":\"\u00c0 propos\",\"item\":\"https:\\\/\\\/grandslacs-voiemaritime.com\\\/fr\\\/a-propos\\\/\"},{\"@type\":\"ListItem\",\"position\":3,\"name\":\"GLS Management\"}]},{\"@type\":\"WebSite\",\"@id\":\"https:\\\/\\\/greatlakes-seaway.com\\\/fr\\\/#website\",\"url\":\"https:\\\/\\\/greatlakes-seaway.com\\\/fr\\\/\",\"name\":\"Great Lakes St. Lawrence Seaway System\",\"description\":\"\",\"publisher\":{\"@id\":\"https:\\\/\\\/greatlakes-seaway.com\\\/fr\\\/#organization\"},\"potentialAction\":[{\"@type\":\"SearchAction\",\"target\":{\"@type\":\"EntryPoint\",\"urlTemplate\":\"https:\\\/\\\/greatlakes-seaway.com\\\/fr\\\/?s={search_term_string}\"},\"query-input\":{\"@type\":\"PropertyValueSpecification\",\"valueRequired\":true,\"valueName\":\"search_term_string\"}}],\"inLanguage\":\"fr-FR\"},{\"@type\":\"Organization\",\"@id\":\"https:\\\/\\\/greatlakes-seaway.com\\\/fr\\\/#organization\",\"name\":\"Great Lakes St. Lawrence Seaway System\",\"url\":\"https:\\\/\\\/greatlakes-seaway.com\\\/fr\\\/\",\"logo\":{\"@type\":\"ImageObject\",\"inLanguage\":\"fr-FR\",\"@id\":\"https:\\\/\\\/greatlakes-seaway.com\\\/fr\\\/#\\\/schema\\\/logo\\\/image\\\/\",\"url\":\"https:\\\/\\\/grandslacs-voiemaritime.com\\\/wp-content\\\/uploads\\\/2020\\\/06\\\/800x230-logo-en.png\",\"contentUrl\":\"https:\\\/\\\/grandslacs-voiemaritime.com\\\/wp-content\\\/uploads\\\/2020\\\/06\\\/800x230-logo-en.png\",\"width\":800,\"height\":230,\"caption\":\"Great Lakes St. Lawrence Seaway System\"},\"image\":{\"@id\":\"https:\\\/\\\/greatlakes-seaway.com\\\/fr\\\/#\\\/schema\\\/logo\\\/image\\\/\"}}]}<\/script>\n<!-- \/ Yoast SEO plugin. -->","yoast_head_json":{"title":"GLS Management - La Corporation de Gestion de la Voie Maritime du Saint-Laurent","description":"Les textes provenant d\u2019organismes qui ne sont pas assujettis \u00e0 la Loi sur les langues officielles sont mis \u00e0 la disposition du public dans la langue","robots":{"index":"index","follow":"follow","max-snippet":"max-snippet:-1","max-image-preview":"max-image-preview:large","max-video-preview":"max-video-preview:-1"},"canonical":"https:\/\/grandslacs-voiemaritime.com\/fr\/a-propos\/regie-de-la-voie-maritime\/","og_locale":"fr_FR","og_type":"article","og_title":"GLS Management - La Corporation de Gestion de la Voie Maritime du Saint-Laurent","og_description":"Les textes provenant d\u2019organismes qui ne sont pas assujettis \u00e0 la Loi sur les langues officielles sont mis \u00e0 la disposition du public dans la langue","og_url":"https:\/\/grandslacs-voiemaritime.com\/fr\/a-propos\/regie-de-la-voie-maritime\/","og_site_name":"La Corporation de Gestion de la Voie Maritime du Saint-Laurent","article_modified_time":"2025-02-03T20:28:04+00:00","og_image":[{"url":"https:\/\/greatlakes-seaway.com\/wp-content\/uploads\/2019\/09\/f_logo_slsdc.gif","type":"","width":"","height":""}],"twitter_card":"summary_large_image","twitter_misc":{"Dur\u00e9e de lecture estim\u00e9e":"2 minutes"},"schema":{"@context":"https:\/\/schema.org","@graph":[{"@type":"WebPage","@id":"https:\/\/grandslacs-voiemaritime.com\/fr\/a-propos\/regie-de-la-voie-maritime\/","url":"https:\/\/grandslacs-voiemaritime.com\/fr\/a-propos\/regie-de-la-voie-maritime\/","name":"GLS Management - La Corporation de Gestion de la Voie Maritime du Saint-Laurent","isPartOf":{"@id":"https:\/\/greatlakes-seaway.com\/fr\/#website"},"primaryImageOfPage":{"@id":"https:\/\/grandslacs-voiemaritime.com\/fr\/a-propos\/regie-de-la-voie-maritime\/#primaryimage"},"image":{"@id":"https:\/\/grandslacs-voiemaritime.com\/fr\/a-propos\/regie-de-la-voie-maritime\/#primaryimage"},"thumbnailUrl":"https:\/\/greatlakes-seaway.com\/wp-content\/uploads\/2019\/09\/f_logo_slsdc.gif","datePublished":"2019-10-25T17:58:35+00:00","dateModified":"2025-02-03T20:28:04+00:00","description":"Les textes provenant d\u2019organismes qui ne sont pas assujettis \u00e0 la Loi sur les langues officielles sont mis \u00e0 la disposition du public dans la langue","breadcrumb":{"@id":"https:\/\/grandslacs-voiemaritime.com\/fr\/a-propos\/regie-de-la-voie-maritime\/#breadcrumb"},"inLanguage":"fr-FR","potentialAction":[{"@type":"ReadAction","target":["https:\/\/grandslacs-voiemaritime.com\/fr\/a-propos\/regie-de-la-voie-maritime\/"]}]},{"@type":"ImageObject","inLanguage":"fr-FR","@id":"https:\/\/grandslacs-voiemaritime.com\/fr\/a-propos\/regie-de-la-voie-maritime\/#primaryimage","url":"https:\/\/greatlakes-seaway.com\/wp-content\/uploads\/2019\/09\/f_logo_slsdc.gif","contentUrl":"https:\/\/greatlakes-seaway.com\/wp-content\/uploads\/2019\/09\/f_logo_slsdc.gif"},{"@type":"BreadcrumbList","@id":"https:\/\/grandslacs-voiemaritime.com\/fr\/a-propos\/regie-de-la-voie-maritime\/#breadcrumb","itemListElement":[{"@type":"ListItem","position":1,"name":"Home","item":"https:\/\/greatlakes-seaway.com\/fr\/"},{"@type":"ListItem","position":2,"name":"\u00c0 propos","item":"https:\/\/grandslacs-voiemaritime.com\/fr\/a-propos\/"},{"@type":"ListItem","position":3,"name":"GLS Management"}]},{"@type":"WebSite","@id":"https:\/\/greatlakes-seaway.com\/fr\/#website","url":"https:\/\/greatlakes-seaway.com\/fr\/","name":"Great Lakes St. Lawrence Seaway System","description":"","publisher":{"@id":"https:\/\/greatlakes-seaway.com\/fr\/#organization"},"potentialAction":[{"@type":"SearchAction","target":{"@type":"EntryPoint","urlTemplate":"https:\/\/greatlakes-seaway.com\/fr\/?s={search_term_string}"},"query-input":{"@type":"PropertyValueSpecification","valueRequired":true,"valueName":"search_term_string"}}],"inLanguage":"fr-FR"},{"@type":"Organization","@id":"https:\/\/greatlakes-seaway.com\/fr\/#organization","name":"Great Lakes St. Lawrence Seaway System","url":"https:\/\/greatlakes-seaway.com\/fr\/","logo":{"@type":"ImageObject","inLanguage":"fr-FR","@id":"https:\/\/greatlakes-seaway.com\/fr\/#\/schema\/logo\/image\/","url":"https:\/\/grandslacs-voiemaritime.com\/wp-content\/uploads\/2020\/06\/800x230-logo-en.png","contentUrl":"https:\/\/grandslacs-voiemaritime.com\/wp-content\/uploads\/2020\/06\/800x230-logo-en.png","width":800,"height":230,"caption":"Great Lakes St. Lawrence Seaway System"},"image":{"@id":"https:\/\/greatlakes-seaway.com\/fr\/#\/schema\/logo\/image\/"}}]}},"_links":{"self":[{"href":"https:\/\/grandslacs-voiemaritime.com\/fr\/wp-json\/wp\/v2\/pages\/5240","targetHints":{"allow":["GET"]}}],"collection":[{"href":"https:\/\/grandslacs-voiemaritime.com\/fr\/wp-json\/wp\/v2\/pages"}],"about":[{"href":"https:\/\/grandslacs-voiemaritime.com\/fr\/wp-json\/wp\/v2\/types\/page"}],"author":[{"embeddable":true,"href":"https:\/\/grandslacs-voiemaritime.com\/fr\/wp-json\/wp\/v2\/users\/5"}],"replies":[{"embeddable":true,"href":"https:\/\/grandslacs-voiemaritime.com\/fr\/wp-json\/wp\/v2\/comments?post=5240"}],"version-history":[{"count":0,"href":"https:\/\/grandslacs-voiemaritime.com\/fr\/wp-json\/wp\/v2\/pages\/5240\/revisions"}],"up":[{"embeddable":true,"href":"https:\/\/grandslacs-voiemaritime.com\/fr\/wp-json\/wp\/v2\/pages\/45"}],"wp:attachment":[{"href":"https:\/\/grandslacs-voiemaritime.com\/fr\/wp-json\/wp\/v2\/media?parent=5240"}],"curies":[{"name":"wp","href":"https:\/\/api.w.org\/{rel}","templated":true}]}}