{"id":5250,"date":"2019-09-16T20:27:44","date_gmt":"2019-09-16T20:27:44","guid":{"rendered":"http:\/\/grandslacs-voiemaritime.com\/a-propos\/slsdc-management-fr\/newsletters\/"},"modified":"2024-12-30T13:51:52","modified_gmt":"2024-12-30T18:51:52","slug":"bulletins","status":"publish","type":"page","link":"https:\/\/grandslacs-voiemaritime.com\/fr\/a-propos\/regie-de-la-voie-maritime\/bulletins\/","title":{"rendered":"Bulletins"},"content":{"rendered":"<h3>2024<\/h3>\n<ul>\n<li><a href=\"https:\/\/grandslacs-voiemaritime.com\/wp-content\/uploads\/2024\/12\/gls_newsletter_fall_2024.pdf\" target=\"_blank\" rel=\"noopener noreferrer\">Bulletin Seaway Compass, automne 2024<\/a><\/li>\n<li><a href=\"https:\/\/grandslacs-voiemaritime.com\/wp-content\/uploads\/2024\/09\/gls_newsletter_spring_2024.pdf\">Bulletin Seaway Compass, printemps \/ \u00e9t\u00e9 2024<\/a><\/li>\n<li><a href=\"https:\/\/grandslacs-voiemaritime.com\/wp-content\/uploads\/2024\/04\/gls_newsletter_winter_2024.pdf\" target=\"_blank\" rel=\"noopener\">Bulletin Seaway Compass, hiver 2024<\/a><\/li>\n<\/ul>\n<h3>2023<\/h3>\n<ul>\n<li><a href=\"https:\/\/grandslacs-voiemaritime.com\/wp-content\/uploads\/2024\/01\/gls_newsletter_fall_2023.pdf\" target=\"_blank\" rel=\"noopener noreferrer\">Bulletin Seaway Compass, automne 2023<\/a><\/li>\n<li><a href=\"https:\/\/grandslacs-voiemaritime.com\/wp-content\/uploads\/2023\/10\/gls_newsletter_summer_2023.pdf\" target=\"_blank\" rel=\"noopener noreferrer\">Bulletin Seaway Compass, \u00e9t\u00e9 2023<\/a><\/li>\n<li><a href=\"https:\/\/grandslacs-voiemaritime.com\/wp-content\/uploads\/2023\/07\/gls_newsletter_spring_2023.pdf\" target=\"_blank\" rel=\"noopener\">Bulletin Seaway Compass, printemps 2023<\/a><\/li>\n<li><a href=\"https:\/\/grandslacs-voiemaritime.com\/wp-content\/uploads\/2023\/03\/gls_newsletter_winter_2023.pdf\" target=\"_blank\" rel=\"noopener\">Bulletin Seaway Compass, hiver 2023<\/a><\/li>\n<\/ul>\n<h3>2022<\/h3>\n<ul>\n<li><a href=\"https:\/\/grandslacs-voiemaritime.com\/wp-content\/uploads\/2022\/12\/gls_newsletter_fall_2022.pdf\" target=\"_blank\" rel=\"noopener noreferrer\">Bulletin Seaway Compass, automne 2022<\/a><\/li>\n<li><a href=\"https:\/\/grandslacs-voiemaritime.com\/wp-content\/uploads\/2022\/10\/gls_newsletter_summer_2022.pdf\" target=\"_blank\" rel=\"noopener noreferrer\">Bulletin Seaway Compass, \u00e9t\u00e9 2022<\/a><\/li>\n<li><a href=\"https:\/\/grandslacs-voiemaritime.com\/wp-content\/uploads\/2022\/06\/gls_newsletter_spring_2022.pdf\" target=\"_blank\" rel=\"noopener\">Bulletin Seaway Compass, printemps 2022<\/a><\/li>\n<li><a href=\"https:\/\/grandslacs-voiemaritime.com\/wp-content\/uploads\/2022\/03\/gls_newsletter_winter_2022.pdf\" target=\"_blank\" rel=\"noopener\">Bulletin Seaway Compass, hiver 2022<\/a><\/li>\n<\/ul>\n<h3>2021<\/h3>\n<ul>\n<li><a href=\"https:\/\/grandslacs-voiemaritime.com\/wp-content\/uploads\/2021\/12\/gls_newsletter_fall_2021.pdf\" target=\"_blank\" rel=\"noopener noreferrer\">Bulletin Seaway Compass, automne 2021<\/a><\/li>\n<li><a href=\"https:\/\/grandslacs-voiemaritime.com\/wp-content\/uploads\/2021\/09\/gls_newsletter_summer_2021.pdf\" target=\"_blank\" rel=\"noopener noreferrer\">Bulletin Seaway Compass, \u00e9t\u00e9 2021<\/a><\/li>\n<li><a href=\"https:\/\/grandslacs-voiemaritime.com\/wp-content\/uploads\/2021\/06\/gls_newsletter_spring_2021.pdf\" target=\"_blank\" rel=\"noopener noreferrer\">Bulletin Seaway Compass, printemps 2021<\/a><\/li>\n<li><a href=\"https:\/\/grandslacs-voiemaritime.com\/wp-content\/uploads\/2021\/03\/gls_newsletter_winter_2021.pdf\" target=\"_blank\" rel=\"noopener noreferrer\">Bulletin Seaway Compass, hiver 2021<\/a><\/li>\n<\/ul>\n<h3>2020<\/h3>\n<ul>\n<li><a href=\"https:\/\/grandslacs-voiemaritime.com\/wp-content\/uploads\/2020\/12\/slsdc_newsletter_fall_2020.pdf\" target=\"_blank\" rel=\"noopener noreferrer\">Bulletin Seaway Compass, automne 2020<\/a><\/li>\n<li><a href=\"https:\/\/grandslacs-voiemaritime.com\/wp-content\/uploads\/2020\/09\/slsdc_newsletter_summer_2020.pdf\" target=\"_blank\" rel=\"noopener noreferrer\">Bulletin Seaway Compass, \u00e9t\u00e9 2020<\/a><\/li>\n<li><a href=\"https:\/\/grandslacs-voiemaritime.com\/wp-content\/uploads\/2020\/06\/slsdc_newsletter_spring_2020.pdf\" target=\"_blank\" rel=\"noopener noreferrer\">Bulletin Seaway Compass, printemps 2020<\/a><\/li>\n<li><a href=\"https:\/\/grandslacs-voiemaritime.com\/wp-content\/uploads\/2020\/04\/slsdc_newsletter_winter_2020.pdf\" target=\"_blank\" rel=\"noopener noreferrer\">Bulletin Seaway Compass, hiver 2020<\/a><\/li>\n<\/ul>\n<h3>2019<\/h3>\n<ul>\n<li><a href=\"https:\/\/grandslacs-voiemaritime.com\/wp-content\/uploads\/2020\/01\/slsdc_newsletter_fall_2019.pdf\" target=\"_blank\" rel=\"noopener noreferrer\">Bulletin Seaway Compass, automne 2019<\/a><\/li>\n<li><a href=\"https:\/\/grandslacs-voiemaritime.com\/wp-content\/uploads\/2019\/10\/slsdc_newsletter_summer_2019.pdf\" target=\"_blank\" rel=\"noopener noreferrer\">Bulletin Seaway Compass, \u00e9t\u00e9 2019<\/a><\/li>\n<li><a href=\"https:\/\/grandslacs-voiemaritime.com\/wp-content\/uploads\/2019\/10\/slsdc_newsletter_spring_2019.pdf\" target=\"_blank\" rel=\"noopener noreferrer\">Bulletin Seaway Compass, printemps 2019<\/a><\/li>\n<li><a href=\"https:\/\/grandslacs-voiemaritime.com\/wp-content\/uploads\/2019\/10\/slsdc_newsletter_winter_2019.pdf\" target=\"_blank\" rel=\"noopener noreferrer\">Bulletin Seaway Compass, hiver 2019<\/a><\/li>\n<\/ul>\n<h3>2018<\/h3>\n<ul>\n<li><a href=\"https:\/\/grandslacs-voiemaritime.com\/wp-content\/uploads\/2019\/10\/slsdc_newsletter_fall_2018.pdf\" target=\"_blank\" rel=\"noopener noreferrer\">Bulletin Seaway Compass, automne 2018<\/a><\/li>\n<li><a href=\"https:\/\/grandslacs-voiemaritime.com\/wp-content\/uploads\/2019\/10\/slsdc_newsletter_summer_2018.pdf\" target=\"_blank\" rel=\"noopener noreferrer\">Bulletin Seaway Compass, \u00e9t\u00e9 2018<\/a><\/li>\n<li><a href=\"https:\/\/grandslacs-voiemaritime.com\/wp-content\/uploads\/2019\/10\/slsdc_newsletter_spring_2018.pdf\" target=\"_blank\" rel=\"noopener noreferrer\">Bulletin Seaway Compass, printemps 2018<\/a><\/li>\n<li><a href=\"https:\/\/grandslacs-voiemaritime.com\/wp-content\/uploads\/2019\/10\/slsdc_newsletter_winter_2018.pdf\" target=\"_blank\" rel=\"noopener noreferrer\">Bulletin Seaway Compass, hiver 2018<\/a><\/li>\n<\/ul>\n<h3>2017<\/h3>\n<ul>\n<li><a href=\"https:\/\/grandslacs-voiemaritime.com\/wp-content\/uploads\/2019\/10\/slsdc_newsletter_fall-2017.pdf\" target=\"_blank\" rel=\"noopener noreferrer\">Bulletin Seaway Compass, automne 2017<\/a><\/li>\n<li><a href=\"https:\/\/grandslacs-voiemaritime.com\/wp-content\/uploads\/2019\/10\/slsdc_newsletter_summer-2017.pdf\" target=\"_blank\" rel=\"noopener noreferrer\">Bulletin Seaway Compass, \u00e9t\u00e9 2017<\/a><\/li>\n<li><a href=\"https:\/\/grandslacs-voiemaritime.com\/wp-content\/uploads\/2019\/10\/slsdc_newsletter_spring-2017.pdf\" target=\"_blank\" rel=\"noopener noreferrer\">Bulletin Seaway Compass, printemps 2017<\/a><\/li>\n<li><a href=\"https:\/\/grandslacs-voiemaritime.com\/wp-content\/uploads\/2019\/10\/slsdc_newsletter_winter-2017.pdf\" target=\"_blank\" rel=\"noopener noreferrer\">Bulletin Seaway Compass, hiver 2017<\/a><\/li>\n<\/ul>\n<h3>2016<\/h3>\n<ul>\n<li><a href=\"https:\/\/grandslacs-voiemaritime.com\/wp-content\/uploads\/2019\/10\/slsdc_newsletter_fall-2016.pdf\" target=\"_blank\" rel=\"noopener noreferrer\">Bulletin Seaway Compass, automne 2016<\/a><\/li>\n<li><a href=\"https:\/\/grandslacs-voiemaritime.com\/wp-content\/uploads\/2019\/10\/slsdc_newsletter_summer-2016.pdf\" target=\"_blank\" rel=\"noopener noreferrer\">Bulletin Seaway Compass, \u00e9t\u00e9 2016<\/a><\/li>\n<li><a href=\"https:\/\/grandslacs-voiemaritime.com\/wp-content\/uploads\/2019\/10\/slsdc_newsletter_spring-2016.pdf\" target=\"_blank\" rel=\"noopener noreferrer\">Bulletin Seaway Compass, printemps 2016<\/a><\/li>\n<li><a href=\"https:\/\/grandslacs-voiemaritime.com\/wp-content\/uploads\/2019\/10\/slsdc_newsletter_winter-2016.pdf\" target=\"_blank\" rel=\"noopener noreferrer\">Bulletin Seaway Compass, hiver 2016<\/a><\/li>\n<\/ul>\n<h3>2015<\/h3>\n<ul>\n<li><a href=\"https:\/\/grandslacs-voiemaritime.com\/wp-content\/uploads\/2019\/10\/slsdc_newsletter_fall-2015.pdf\" target=\"_blank\" rel=\"noopener noreferrer\">Bulletin Seaway Compass, automne 2015<\/a><\/li>\n<li><a href=\"https:\/\/grandslacs-voiemaritime.com\/wp-content\/uploads\/2019\/10\/slsdc_newsletter_summer-2015.pdf\" target=\"_blank\" rel=\"noopener noreferrer\">Bulletin Seaway Compass, \u00e9t\u00e9 2015<\/a><\/li>\n<li><a href=\"https:\/\/grandslacs-voiemaritime.com\/wp-content\/uploads\/2019\/10\/slsdc_newsletter_spring-2015.pdf\" target=\"_blank\" rel=\"noopener noreferrer\">Bulletin Seaway Compass, printemps 2015<\/a><\/li>\n<li><a href=\"https:\/\/grandslacs-voiemaritime.com\/wp-content\/uploads\/2019\/10\/slsdc_newsletter_winter-2015.pdf\" target=\"_blank\" rel=\"noopener noreferrer\">Bulletin Seaway Compass, hiver 2015<\/a><\/li>\n<\/ul>\n<h3>2014<\/h3>\n<ul>\n<li><a href=\"https:\/\/grandslacs-voiemaritime.com\/wp-content\/uploads\/2019\/10\/slsdc_newsletter_fall-2014.pdf\" target=\"_blank\" rel=\"noopener noreferrer\">Bulletin Seaway Compass, automne 2014<\/a><\/li>\n<li><a href=\"https:\/\/grandslacs-voiemaritime.com\/wp-content\/uploads\/2019\/10\/slsdc_newsletter_summer-2014.pdf\" target=\"_blank\" rel=\"noopener noreferrer\">Bulletin Seaway Compass, \u00e9t\u00e9 2014<\/a><\/li>\n<li><a href=\"https:\/\/grandslacs-voiemaritime.com\/wp-content\/uploads\/2019\/10\/slsdc_newsletter_spring-2014.pdf\" target=\"_blank\" rel=\"noopener noreferrer\">Bulletin Seaway Compass, printemps 2014<\/a><\/li>\n<li><a href=\"https:\/\/grandslacs-voiemaritime.com\/wp-content\/uploads\/2019\/10\/slsdc_newsletter_winter-2014.pdf\" target=\"_blank\" rel=\"noopener noreferrer\">Bulletin Seaway Compass, hiver 2014<\/a><\/li>\n<\/ul>\n<h3>2013<\/h3>\n<ul>\n<li><a href=\"https:\/\/grandslacs-voiemaritime.com\/wp-content\/uploads\/2019\/10\/slsdc_newsletter_fall-2013.pdf\" target=\"_blank\" rel=\"noopener noreferrer\">Bulletin Seaway Compass, automne 2013<\/a><\/li>\n<li><a href=\"https:\/\/grandslacs-voiemaritime.com\/wp-content\/uploads\/2019\/10\/slsdc_newsletter_summer-2013.pdf\" target=\"_blank\" rel=\"noopener noreferrer\">Bulletin Seaway Compass, \u00e9t\u00e9 2013<\/a><\/li>\n<li><a href=\"https:\/\/grandslacs-voiemaritime.com\/wp-content\/uploads\/2019\/10\/slsdc_newsletter_spring-2013.pdf\" target=\"_blank\" rel=\"noopener noreferrer\">Bulletin Seaway Compass, printemps 2013<\/a><\/li>\n<li><a href=\"https:\/\/grandslacs-voiemaritime.com\/wp-content\/uploads\/2019\/10\/slsdc_newsletter_winter-2013.pdf\" target=\"_blank\" rel=\"noopener noreferrer\">Bulletin Seaway Compass, hiver 2013<\/a><\/li>\n<\/ul>\n<h3>2012<\/h3>\n<ul>\n<li><a href=\"https:\/\/grandslacs-voiemaritime.com\/wp-content\/uploads\/2019\/10\/slsdc_newsletter_fall-2012.pdf\">Bulletin Seaway Compass, automne 2012<\/a><\/li>\n<li><a href=\"https:\/\/grandslacs-voiemaritime.com\/wp-content\/uploads\/2019\/10\/slsdc_newsletter_summer-2012.pdf\">Bulletin Seaway Compass, \u00e9t\u00e9 2012<\/a><\/li>\n<li><a href=\"https:\/\/grandslacs-voiemaritime.com\/wp-content\/uploads\/2019\/10\/slsdc_newsletter_spring-2012.pdf\">Bulletin Seaway Compass, printemps 2012<\/a><\/li>\n<li><a href=\"https:\/\/grandslacs-voiemaritime.com\/wp-content\/uploads\/2019\/10\/slsdc_newsletter_winter-2012.pdf\">Bulletin Seaway Compass, hiver 2012<\/a><\/li>\n<\/ul>\n<h3>2011<\/h3>\n<ul>\n<li><a href=\"https:\/\/grandslacs-voiemaritime.com\/wp-content\/uploads\/2019\/10\/slsdc_newsletter_fall-2011.pdf\">Bulletin Seaway Compass, automne 2011<\/a><\/li>\n<li><a href=\"https:\/\/grandslacs-voiemaritime.com\/wp-content\/uploads\/2019\/10\/slsdc_newsletter_summer-2011.pdf\">Bulletin Seaway Compass, \u00e9t\u00e9 2011<\/a><\/li>\n<li><a href=\"https:\/\/grandslacs-voiemaritime.com\/wp-content\/uploads\/2019\/10\/slsdc_newsletter_spring_2011.pdf\">Bulletin Seaway Compass,\u00a0<\/a><a href=\"https:\/\/grandslacs-voiemaritime.com\/wp-content\/uploads\/2019\/10\/slsdc_newsletter_spring-2011.pdf\">printemps 2011<\/a><\/li>\n<li><a href=\"https:\/\/grandslacs-voiemaritime.com\/wp-content\/uploads\/2019\/10\/slsdc_newsletter_winter-2011.pdf\">Bulletin Seaway Compass, hiver 2011<\/a><\/li>\n<\/ul>\n<h3>2010<\/h3>\n<ul>\n<li><a href=\"https:\/\/grandslacs-voiemaritime.com\/wp-content\/uploads\/2019\/10\/slsdc_newsletter_fall-2010.pdf\">Bulletin Seaway Compass, automne 2010<\/a><\/li>\n<li><a href=\"https:\/\/grandslacs-voiemaritime.com\/wp-content\/uploads\/2019\/10\/slsdc_newsletter_summer-2010.pdf\">Bulletin Seaway Compass, \u00e9t\u00e9 2010<\/a><\/li>\n<li><a href=\"https:\/\/grandslacs-voiemaritime.com\/wp-content\/uploads\/2019\/10\/slsdc_newsletter_spring_2010.pdf\">Bulletin Seaway Compass,\u00a0<\/a><a href=\"https:\/\/grandslacs-voiemaritime.com\/wp-content\/uploads\/2019\/10\/slsdc_newsletter_spring-2010.pdf\">printemps 2010<\/a><\/li>\n<li><a href=\"https:\/\/grandslacs-voiemaritime.com\/wp-content\/uploads\/2019\/10\/slsdc_newsletter_winter-2010.pdf\">Bulletin Seaway Compass, hiver 2010<\/a><\/li>\n<\/ul>\n<h3>2009<\/h3>\n<ul>\n<li><a href=\"https:\/\/grandslacs-voiemaritime.com\/wp-content\/uploads\/2019\/10\/slsdc_newsletter_fall-2009.pdf\">Bulletin Seaway Compass, automne 2009<\/a><\/li>\n<li><a href=\"https:\/\/grandslacs-voiemaritime.com\/wp-content\/uploads\/2019\/10\/slsdc_newsletter_summer-2009.pdf\">Bulletin Seaway Compass, \u00e9t\u00e9 2009<\/a><\/li>\n<li><a href=\"https:\/\/grandslacs-voiemaritime.com\/wp-content\/uploads\/2019\/10\/slsdc_newsletter_spring-2009.pdf\">Bulletin Seaway Compass, printemps 2009<\/a><\/li>\n<li><a href=\"https:\/\/grandslacs-voiemaritime.com\/wp-content\/uploads\/2019\/10\/slsdc_newsletter_winter-2009.pdf\">Bulletin Seaway Compass, hiver 2009<\/a><\/li>\n<\/ul>\n<h3>2008<\/h3>\n<ul>\n<li><a href=\"https:\/\/grandslacs-voiemaritime.com\/wp-content\/uploads\/2019\/10\/slsdc_newsletter_fall-2008.pdf\">Bulletin Seaway Compass, automne 2008<\/a><\/li>\n<li><a href=\"https:\/\/grandslacs-voiemaritime.com\/wp-content\/uploads\/2019\/10\/slsdc_newsletter_summer-2008.pdf\">Bulletin Seaway Compass, \u00e9t\u00e9 2008<\/a><\/li>\n<li><a href=\"https:\/\/grandslacs-voiemaritime.com\/wp-content\/uploads\/2019\/10\/slsdc_newsletter_spring-2008.pdf\">Bulletin Seaway Compass, printemps 2008<\/a><\/li>\n<li><a href=\"https:\/\/grandslacs-voiemaritime.com\/wp-content\/uploads\/2019\/10\/slsdc_newsletter_winter-2008.pdf\">Bulletin Seaway Compass, hiver 2008<\/a><\/li>\n<\/ul>\n<h3>2007<\/h3>\n<ul>\n<li><a href=\"https:\/\/grandslacs-voiemaritime.com\/wp-content\/uploads\/2019\/10\/slsdc_newsletter_fall-2007.pdf\">Bulletin Seaway Compass, automne 2007<\/a><\/li>\n<li><a href=\"https:\/\/grandslacs-voiemaritime.com\/wp-content\/uploads\/2019\/10\/slsdc_newsletter_summer-2007.pdf\">Bulletin Seaway Compass, \u00e9t\u00e9 2007<\/a><\/li>\n<li><a href=\"https:\/\/grandslacs-voiemaritime.com\/wp-content\/uploads\/2019\/10\/slsdc_newsletter_spring_2007.pdf\">Bulletin Seaway Compass, printemps 2007<\/a><\/li>\n<li><a href=\"https:\/\/grandslacs-voiemaritime.com\/wp-content\/uploads\/2019\/10\/slsdc_newsletter_winter-2007.pdf\">Bulletin Seaway Compass, hiver 2007<\/a><\/li>\n<\/ul>\n<h3>2006<\/h3>\n<ul>\n<li><a href=\"https:\/\/grandslacs-voiemaritime.com\/wp-content\/uploads\/2019\/10\/slsdc_newsletter_fall-2006.pdf\">Bulletin Seaway Compass, automne 2006<\/a><\/li>\n<\/ul>\n","protected":false},"excerpt":{"rendered":"<p>2024 Bulletin Seaway Compass, automne 2024 Bulletin Seaway Compass, printemps \/ \u00e9t\u00e9 2024 Bulletin Seaway Compass, hiver 2024 2023 Bulletin Seaway Compass, automne 2023 Bulletin Seaway Compass, \u00e9t\u00e9 2023 Bulletin Seaway Compass, printemps 2023 Bulletin Seaway Compass, hiver 2023 2022 Bulletin Seaway Compass, automne 2022 Bulletin Seaway Compass, \u00e9t\u00e9 2022 Bulletin Seaway Compass, printemps 2022<\/p>\n","protected":false},"author":5,"featured_media":0,"parent":5240,"menu_order":0,"comment_status":"closed","ping_status":"closed","template":"","meta":{"_acf_changed":false,"_lmt_disableupdate":"no","_lmt_disable":"","footnotes":""},"class_list":["post-5250","page","type-page","status-publish","hentry"],"acf":[],"yoast_head":"<!-- This site is optimized with the Yoast SEO plugin v27.4 - https:\/\/yoast.com\/product\/yoast-seo-wordpress\/ -->\n<title>Bulletins - La Corporation de Gestion de la Voie Maritime du Saint-Laurent<\/title>\n<meta name=\"description\" content=\"2024 Bulletin Seaway Compass, automne 2024 Bulletin Seaway Compass, printemps \/ \u00e9t\u00e9 2024 Bulletin Seaway Compass, hiver 2024 2023 Bulletin Seaway Compass,\" \/>\n<meta name=\"robots\" content=\"index, follow, max-snippet:-1, max-image-preview:large, max-video-preview:-1\" \/>\n<link rel=\"canonical\" href=\"https:\/\/grandslacs-voiemaritime.com\/fr\/a-propos\/regie-de-la-voie-maritime\/bulletins\/\" \/>\n<meta property=\"og:locale\" content=\"fr_FR\" \/>\n<meta property=\"og:type\" content=\"article\" \/>\n<meta property=\"og:title\" content=\"Bulletins - La Corporation de Gestion de la Voie Maritime du Saint-Laurent\" \/>\n<meta property=\"og:description\" content=\"2024 Bulletin Seaway Compass, automne 2024 Bulletin Seaway Compass, printemps \/ \u00e9t\u00e9 2024 Bulletin Seaway Compass, hiver 2024 2023 Bulletin Seaway Compass,\" \/>\n<meta property=\"og:url\" content=\"https:\/\/grandslacs-voiemaritime.com\/fr\/a-propos\/regie-de-la-voie-maritime\/bulletins\/\" \/>\n<meta property=\"og:site_name\" content=\"La Corporation de Gestion de la Voie Maritime du Saint-Laurent\" \/>\n<meta property=\"article:modified_time\" content=\"2024-12-30T18:51:52+00:00\" \/>\n<meta property=\"og:image\" content=\"https:\/\/grandslacs-voiemaritime.com\/wp-content\/uploads\/2022\/01\/300x300-logo-en.png\" \/>\n\t<meta property=\"og:image:width\" content=\"334\" \/>\n\t<meta property=\"og:image:height\" content=\"330\" \/>\n\t<meta property=\"og:image:type\" content=\"image\/png\" \/>\n<meta name=\"twitter:card\" content=\"summary_large_image\" \/>\n<meta name=\"twitter:label1\" content=\"Dur\u00e9e de lecture estim\u00e9e\" \/>\n\t<meta name=\"twitter:data1\" content=\"2 minutes\" \/>\n<script type=\"application\/ld+json\" class=\"yoast-schema-graph\">{\"@context\":\"https:\\\/\\\/schema.org\",\"@graph\":[{\"@type\":\"WebPage\",\"@id\":\"https:\\\/\\\/grandslacs-voiemaritime.com\\\/fr\\\/a-propos\\\/regie-de-la-voie-maritime\\\/bulletins\\\/\",\"url\":\"https:\\\/\\\/grandslacs-voiemaritime.com\\\/fr\\\/a-propos\\\/regie-de-la-voie-maritime\\\/bulletins\\\/\",\"name\":\"Bulletins - La Corporation de Gestion de la Voie Maritime du Saint-Laurent\",\"isPartOf\":{\"@id\":\"https:\\\/\\\/greatlakes-seaway.com\\\/fr\\\/#website\"},\"datePublished\":\"2019-09-16T20:27:44+00:00\",\"dateModified\":\"2024-12-30T18:51:52+00:00\",\"description\":\"2024 Bulletin Seaway Compass, automne 2024 Bulletin Seaway Compass, printemps \\\/ \u00e9t\u00e9 2024 Bulletin Seaway Compass, hiver 2024 2023 Bulletin Seaway Compass,\",\"breadcrumb\":{\"@id\":\"https:\\\/\\\/grandslacs-voiemaritime.com\\\/fr\\\/a-propos\\\/regie-de-la-voie-maritime\\\/bulletins\\\/#breadcrumb\"},\"inLanguage\":\"fr-FR\",\"potentialAction\":[{\"@type\":\"ReadAction\",\"target\":[\"https:\\\/\\\/grandslacs-voiemaritime.com\\\/fr\\\/a-propos\\\/regie-de-la-voie-maritime\\\/bulletins\\\/\"]}]},{\"@type\":\"BreadcrumbList\",\"@id\":\"https:\\\/\\\/grandslacs-voiemaritime.com\\\/fr\\\/a-propos\\\/regie-de-la-voie-maritime\\\/bulletins\\\/#breadcrumb\",\"itemListElement\":[{\"@type\":\"ListItem\",\"position\":1,\"name\":\"Home\",\"item\":\"https:\\\/\\\/greatlakes-seaway.com\\\/fr\\\/\"},{\"@type\":\"ListItem\",\"position\":2,\"name\":\"\u00c0 propos\",\"item\":\"https:\\\/\\\/greatlakes-seaway.com\\\/fr\\\/a-propos\\\/\"},{\"@type\":\"ListItem\",\"position\":3,\"name\":\"GLS Management\",\"item\":\"https:\\\/\\\/greatlakes-seaway.com\\\/fr\\\/a-propos\\\/regie-de-la-voie-maritime\\\/\"},{\"@type\":\"ListItem\",\"position\":4,\"name\":\"Bulletins\"}]},{\"@type\":\"WebSite\",\"@id\":\"https:\\\/\\\/greatlakes-seaway.com\\\/fr\\\/#website\",\"url\":\"https:\\\/\\\/greatlakes-seaway.com\\\/fr\\\/\",\"name\":\"Great Lakes St. Lawrence Seaway System\",\"description\":\"\",\"publisher\":{\"@id\":\"https:\\\/\\\/greatlakes-seaway.com\\\/fr\\\/#organization\"},\"potentialAction\":[{\"@type\":\"SearchAction\",\"target\":{\"@type\":\"EntryPoint\",\"urlTemplate\":\"https:\\\/\\\/greatlakes-seaway.com\\\/fr\\\/?s={search_term_string}\"},\"query-input\":{\"@type\":\"PropertyValueSpecification\",\"valueRequired\":true,\"valueName\":\"search_term_string\"}}],\"inLanguage\":\"fr-FR\"},{\"@type\":\"Organization\",\"@id\":\"https:\\\/\\\/greatlakes-seaway.com\\\/fr\\\/#organization\",\"name\":\"Great Lakes St. Lawrence Seaway System\",\"url\":\"https:\\\/\\\/greatlakes-seaway.com\\\/fr\\\/\",\"logo\":{\"@type\":\"ImageObject\",\"inLanguage\":\"fr-FR\",\"@id\":\"https:\\\/\\\/greatlakes-seaway.com\\\/fr\\\/#\\\/schema\\\/logo\\\/image\\\/\",\"url\":\"https:\\\/\\\/grandslacs-voiemaritime.com\\\/wp-content\\\/uploads\\\/2020\\\/06\\\/800x230-logo-en.png\",\"contentUrl\":\"https:\\\/\\\/grandslacs-voiemaritime.com\\\/wp-content\\\/uploads\\\/2020\\\/06\\\/800x230-logo-en.png\",\"width\":800,\"height\":230,\"caption\":\"Great Lakes St. Lawrence Seaway System\"},\"image\":{\"@id\":\"https:\\\/\\\/greatlakes-seaway.com\\\/fr\\\/#\\\/schema\\\/logo\\\/image\\\/\"}}]}<\/script>\n<!-- \/ Yoast SEO plugin. -->","yoast_head_json":{"title":"Bulletins - La Corporation de Gestion de la Voie Maritime du Saint-Laurent","description":"2024 Bulletin Seaway Compass, automne 2024 Bulletin Seaway Compass, printemps \/ \u00e9t\u00e9 2024 Bulletin Seaway Compass, hiver 2024 2023 Bulletin Seaway Compass,","robots":{"index":"index","follow":"follow","max-snippet":"max-snippet:-1","max-image-preview":"max-image-preview:large","max-video-preview":"max-video-preview:-1"},"canonical":"https:\/\/grandslacs-voiemaritime.com\/fr\/a-propos\/regie-de-la-voie-maritime\/bulletins\/","og_locale":"fr_FR","og_type":"article","og_title":"Bulletins - La Corporation de Gestion de la Voie Maritime du Saint-Laurent","og_description":"2024 Bulletin Seaway Compass, automne 2024 Bulletin Seaway Compass, printemps \/ \u00e9t\u00e9 2024 Bulletin Seaway Compass, hiver 2024 2023 Bulletin Seaway Compass,","og_url":"https:\/\/grandslacs-voiemaritime.com\/fr\/a-propos\/regie-de-la-voie-maritime\/bulletins\/","og_site_name":"La Corporation de Gestion de la Voie Maritime du Saint-Laurent","article_modified_time":"2024-12-30T18:51:52+00:00","og_image":[{"width":334,"height":330,"url":"https:\/\/grandslacs-voiemaritime.com\/wp-content\/uploads\/2022\/01\/300x300-logo-en.png","type":"image\/png"}],"twitter_card":"summary_large_image","twitter_misc":{"Dur\u00e9e de lecture estim\u00e9e":"2 minutes"},"schema":{"@context":"https:\/\/schema.org","@graph":[{"@type":"WebPage","@id":"https:\/\/grandslacs-voiemaritime.com\/fr\/a-propos\/regie-de-la-voie-maritime\/bulletins\/","url":"https:\/\/grandslacs-voiemaritime.com\/fr\/a-propos\/regie-de-la-voie-maritime\/bulletins\/","name":"Bulletins - La Corporation de Gestion de la Voie Maritime du Saint-Laurent","isPartOf":{"@id":"https:\/\/greatlakes-seaway.com\/fr\/#website"},"datePublished":"2019-09-16T20:27:44+00:00","dateModified":"2024-12-30T18:51:52+00:00","description":"2024 Bulletin Seaway Compass, automne 2024 Bulletin Seaway Compass, printemps \/ \u00e9t\u00e9 2024 Bulletin Seaway Compass, hiver 2024 2023 Bulletin Seaway Compass,","breadcrumb":{"@id":"https:\/\/grandslacs-voiemaritime.com\/fr\/a-propos\/regie-de-la-voie-maritime\/bulletins\/#breadcrumb"},"inLanguage":"fr-FR","potentialAction":[{"@type":"ReadAction","target":["https:\/\/grandslacs-voiemaritime.com\/fr\/a-propos\/regie-de-la-voie-maritime\/bulletins\/"]}]},{"@type":"BreadcrumbList","@id":"https:\/\/grandslacs-voiemaritime.com\/fr\/a-propos\/regie-de-la-voie-maritime\/bulletins\/#breadcrumb","itemListElement":[{"@type":"ListItem","position":1,"name":"Home","item":"https:\/\/greatlakes-seaway.com\/fr\/"},{"@type":"ListItem","position":2,"name":"\u00c0 propos","item":"https:\/\/greatlakes-seaway.com\/fr\/a-propos\/"},{"@type":"ListItem","position":3,"name":"GLS Management","item":"https:\/\/greatlakes-seaway.com\/fr\/a-propos\/regie-de-la-voie-maritime\/"},{"@type":"ListItem","position":4,"name":"Bulletins"}]},{"@type":"WebSite","@id":"https:\/\/greatlakes-seaway.com\/fr\/#website","url":"https:\/\/greatlakes-seaway.com\/fr\/","name":"Great Lakes St. Lawrence Seaway System","description":"","publisher":{"@id":"https:\/\/greatlakes-seaway.com\/fr\/#organization"},"potentialAction":[{"@type":"SearchAction","target":{"@type":"EntryPoint","urlTemplate":"https:\/\/greatlakes-seaway.com\/fr\/?s={search_term_string}"},"query-input":{"@type":"PropertyValueSpecification","valueRequired":true,"valueName":"search_term_string"}}],"inLanguage":"fr-FR"},{"@type":"Organization","@id":"https:\/\/greatlakes-seaway.com\/fr\/#organization","name":"Great Lakes St. Lawrence Seaway System","url":"https:\/\/greatlakes-seaway.com\/fr\/","logo":{"@type":"ImageObject","inLanguage":"fr-FR","@id":"https:\/\/greatlakes-seaway.com\/fr\/#\/schema\/logo\/image\/","url":"https:\/\/grandslacs-voiemaritime.com\/wp-content\/uploads\/2020\/06\/800x230-logo-en.png","contentUrl":"https:\/\/grandslacs-voiemaritime.com\/wp-content\/uploads\/2020\/06\/800x230-logo-en.png","width":800,"height":230,"caption":"Great Lakes St. Lawrence Seaway System"},"image":{"@id":"https:\/\/greatlakes-seaway.com\/fr\/#\/schema\/logo\/image\/"}}]}},"_links":{"self":[{"href":"https:\/\/grandslacs-voiemaritime.com\/fr\/wp-json\/wp\/v2\/pages\/5250","targetHints":{"allow":["GET"]}}],"collection":[{"href":"https:\/\/grandslacs-voiemaritime.com\/fr\/wp-json\/wp\/v2\/pages"}],"about":[{"href":"https:\/\/grandslacs-voiemaritime.com\/fr\/wp-json\/wp\/v2\/types\/page"}],"author":[{"embeddable":true,"href":"https:\/\/grandslacs-voiemaritime.com\/fr\/wp-json\/wp\/v2\/users\/5"}],"replies":[{"embeddable":true,"href":"https:\/\/grandslacs-voiemaritime.com\/fr\/wp-json\/wp\/v2\/comments?post=5250"}],"version-history":[{"count":0,"href":"https:\/\/grandslacs-voiemaritime.com\/fr\/wp-json\/wp\/v2\/pages\/5250\/revisions"}],"up":[{"embeddable":true,"href":"https:\/\/grandslacs-voiemaritime.com\/fr\/wp-json\/wp\/v2\/pages\/5240"}],"wp:attachment":[{"href":"https:\/\/grandslacs-voiemaritime.com\/fr\/wp-json\/wp\/v2\/media?parent=5250"}],"curies":[{"name":"wp","href":"https:\/\/api.w.org\/{rel}","templated":true}]}}