{"id":5256,"date":"2019-09-16T20:22:54","date_gmt":"2019-09-16T20:22:54","guid":{"rendered":"http:\/\/grandslacs-voiemaritime.com\/a-propos\/slsmc-management\/"},"modified":"2022-03-25T11:11:23","modified_gmt":"2022-03-25T16:11:23","slug":"corporation-de-gestion-de-la-voie-maritime-du-saint-laurent","status":"publish","type":"page","link":"https:\/\/grandslacs-voiemaritime.com\/fr\/a-propos\/corporation-de-gestion-de-la-voie-maritime-du-saint-laurent\/","title":{"rendered":"Corporation de Gestion de la Voie Maritime du Saint-Laurent"},"content":{"rendered":"<p>La Corporation de Gestion de la Voie Maritime du Saint-Laurent, soci\u00e9t\u00e9 sans but lucratif, est responsable du passage s\u00e9curitaire et efficace du fret maritime dans les installations de la Voie maritime canadienne, qui comporte 13 \u00e9cluses sur les 15 situ\u00e9es entre Montr\u00e9al et le lac \u00c9ri\u00e9. Elle s&#8217;assure que la Voie maritime demeure un r\u00e9seau s\u00e9curitaire et bien g\u00e9r\u00e9, qu&#8217;elle partage avec son homologue am\u00e9ricaine, la Great Lakes St. Lawrence Seaway Development Corporation.<\/p>\n<p>La Corporation a le mandat d&#8217;\u00eatre efficace et sensible aux besoins des armateurs, des administrations portuaires, des agences maritimes et des administrations des provinces et des \u00c9tats.<\/p>\n<h3>\u00c9nonc\u00e9 de mission<\/h3>\n<p>Nous sommes au service de nos clients en faisant transiter les navires de fa\u00e7on \u00e9conomique, efficace, \u00e9cologique et socialement responsable dans un r\u00e9seau de voies navigables s\u00fbres, s\u00e9curitaires et fiables afin d\u2019apporter une valeur \u00e0 l\u2019\u00e9conomie nord-am\u00e9ricaine.<\/p>\n<h4>\u00c9nonc\u00e9 de vision<\/h4>\n<p>La Corporation de Gestion de la Voie Maritime du Saint-Laurent et ses\u00a0partenaires \u2013 un\u00a0r\u00e9seau de transport essentiel et flexible, reliant le c\u0153ur de l&#8217;Am\u00e9rique du Nord au reste du monde.<\/p>\n<p><a href=\"https:\/\/cwlid.seaway.ca\/\" target=\"_blank\" rel=\"noopener noreferrer\">Ouverture de session &#8211; CGVMSL sur le pouce<\/a><\/p>\n","protected":false},"excerpt":{"rendered":"<p>La Corporation de Gestion de la Voie Maritime du Saint-Laurent, soci\u00e9t\u00e9 sans but lucratif, est responsable du passage s\u00e9curitaire et efficace du fret maritime dans les installations de la Voie maritime canadienne, qui comporte 13 \u00e9cluses sur les 15 situ\u00e9es entre Montr\u00e9al et le lac \u00c9ri\u00e9. Elle s&#8217;assure que la Voie maritime demeure un r\u00e9seau<\/p>\n","protected":false},"author":5,"featured_media":0,"parent":45,"menu_order":0,"comment_status":"closed","ping_status":"closed","template":"","meta":{"_acf_changed":false,"_lmt_disableupdate":"","_lmt_disable":"","footnotes":""},"class_list":["post-5256","page","type-page","status-publish","hentry"],"acf":[],"yoast_head":"<!-- This site is optimized with the Yoast SEO plugin v27.4 - https:\/\/yoast.com\/product\/yoast-seo-wordpress\/ -->\n<title>Corporation de Gestion de la Voie Maritime du Saint-Laurent - La Corporation de Gestion de la Voie Maritime du Saint-Laurent<\/title>\n<meta name=\"description\" content=\"La Corporation de Gestion de la Voie Maritime du Saint-Laurent, soci\u00e9t\u00e9 sans but lucratif, est responsable du passage s\u00e9curitaire et efficace du fret\" \/>\n<meta name=\"robots\" content=\"index, follow, max-snippet:-1, max-image-preview:large, max-video-preview:-1\" \/>\n<link rel=\"canonical\" href=\"https:\/\/grandslacs-voiemaritime.com\/fr\/a-propos\/corporation-de-gestion-de-la-voie-maritime-du-saint-laurent\/\" \/>\n<meta property=\"og:locale\" content=\"fr_FR\" \/>\n<meta property=\"og:type\" content=\"article\" \/>\n<meta property=\"og:title\" content=\"Corporation de Gestion de la Voie Maritime du Saint-Laurent - La Corporation de Gestion de la Voie Maritime du Saint-Laurent\" \/>\n<meta property=\"og:description\" content=\"La Corporation de Gestion de la Voie Maritime du Saint-Laurent, soci\u00e9t\u00e9 sans but lucratif, est responsable du passage s\u00e9curitaire et efficace du fret\" \/>\n<meta property=\"og:url\" content=\"https:\/\/grandslacs-voiemaritime.com\/fr\/a-propos\/corporation-de-gestion-de-la-voie-maritime-du-saint-laurent\/\" \/>\n<meta property=\"og:site_name\" content=\"La Corporation de Gestion de la Voie Maritime du Saint-Laurent\" \/>\n<meta property=\"article:modified_time\" content=\"2022-03-25T16:11:23+00:00\" \/>\n<meta property=\"og:image\" content=\"https:\/\/grandslacs-voiemaritime.com\/wp-content\/uploads\/2022\/01\/slsmc_log200.jpg\" \/>\n\t<meta property=\"og:image:width\" content=\"240\" \/>\n\t<meta property=\"og:image:height\" content=\"242\" \/>\n\t<meta property=\"og:image:type\" content=\"image\/jpeg\" \/>\n<meta name=\"twitter:card\" content=\"summary_large_image\" \/>\n<meta name=\"twitter:image\" content=\"https:\/\/grandslacs-voiemaritime.com\/wp-content\/uploads\/2022\/01\/slsmc_log200.jpg\" \/>\n<meta name=\"twitter:label1\" content=\"Dur\u00e9e de lecture estim\u00e9e\" \/>\n\t<meta name=\"twitter:data1\" content=\"1 minute\" \/>\n<script type=\"application\/ld+json\" class=\"yoast-schema-graph\">{\"@context\":\"https:\\\/\\\/schema.org\",\"@graph\":[{\"@type\":\"WebPage\",\"@id\":\"https:\\\/\\\/grandslacs-voiemaritime.com\\\/fr\\\/a-propos\\\/corporation-de-gestion-de-la-voie-maritime-du-saint-laurent\\\/\",\"url\":\"https:\\\/\\\/grandslacs-voiemaritime.com\\\/fr\\\/a-propos\\\/corporation-de-gestion-de-la-voie-maritime-du-saint-laurent\\\/\",\"name\":\"Corporation de Gestion de la Voie Maritime du Saint-Laurent - La Corporation de Gestion de la Voie Maritime du Saint-Laurent\",\"isPartOf\":{\"@id\":\"https:\\\/\\\/greatlakes-seaway.com\\\/fr\\\/#website\"},\"datePublished\":\"2019-09-16T20:22:54+00:00\",\"dateModified\":\"2022-03-25T16:11:23+00:00\",\"description\":\"La Corporation de Gestion de la Voie Maritime du Saint-Laurent, soci\u00e9t\u00e9 sans but lucratif, est responsable du passage s\u00e9curitaire et efficace du fret\",\"breadcrumb\":{\"@id\":\"https:\\\/\\\/grandslacs-voiemaritime.com\\\/fr\\\/a-propos\\\/corporation-de-gestion-de-la-voie-maritime-du-saint-laurent\\\/#breadcrumb\"},\"inLanguage\":\"fr-FR\",\"potentialAction\":[{\"@type\":\"ReadAction\",\"target\":[\"https:\\\/\\\/grandslacs-voiemaritime.com\\\/fr\\\/a-propos\\\/corporation-de-gestion-de-la-voie-maritime-du-saint-laurent\\\/\"]}]},{\"@type\":\"BreadcrumbList\",\"@id\":\"https:\\\/\\\/grandslacs-voiemaritime.com\\\/fr\\\/a-propos\\\/corporation-de-gestion-de-la-voie-maritime-du-saint-laurent\\\/#breadcrumb\",\"itemListElement\":[{\"@type\":\"ListItem\",\"position\":1,\"name\":\"Home\",\"item\":\"https:\\\/\\\/greatlakes-seaway.com\\\/fr\\\/\"},{\"@type\":\"ListItem\",\"position\":2,\"name\":\"\u00c0 propos\",\"item\":\"https:\\\/\\\/greatlakes-seaway.com\\\/fr\\\/a-propos\\\/\"},{\"@type\":\"ListItem\",\"position\":3,\"name\":\"Corporation de Gestion de la Voie Maritime du Saint-Laurent\"}]},{\"@type\":\"WebSite\",\"@id\":\"https:\\\/\\\/greatlakes-seaway.com\\\/fr\\\/#website\",\"url\":\"https:\\\/\\\/greatlakes-seaway.com\\\/fr\\\/\",\"name\":\"Great Lakes St. Lawrence Seaway System\",\"description\":\"\",\"publisher\":{\"@id\":\"https:\\\/\\\/greatlakes-seaway.com\\\/fr\\\/#organization\"},\"potentialAction\":[{\"@type\":\"SearchAction\",\"target\":{\"@type\":\"EntryPoint\",\"urlTemplate\":\"https:\\\/\\\/greatlakes-seaway.com\\\/fr\\\/?s={search_term_string}\"},\"query-input\":{\"@type\":\"PropertyValueSpecification\",\"valueRequired\":true,\"valueName\":\"search_term_string\"}}],\"inLanguage\":\"fr-FR\"},{\"@type\":\"Organization\",\"@id\":\"https:\\\/\\\/greatlakes-seaway.com\\\/fr\\\/#organization\",\"name\":\"Great Lakes St. Lawrence Seaway System\",\"url\":\"https:\\\/\\\/greatlakes-seaway.com\\\/fr\\\/\",\"logo\":{\"@type\":\"ImageObject\",\"inLanguage\":\"fr-FR\",\"@id\":\"https:\\\/\\\/greatlakes-seaway.com\\\/fr\\\/#\\\/schema\\\/logo\\\/image\\\/\",\"url\":\"https:\\\/\\\/grandslacs-voiemaritime.com\\\/wp-content\\\/uploads\\\/2020\\\/06\\\/800x230-logo-en.png\",\"contentUrl\":\"https:\\\/\\\/grandslacs-voiemaritime.com\\\/wp-content\\\/uploads\\\/2020\\\/06\\\/800x230-logo-en.png\",\"width\":800,\"height\":230,\"caption\":\"Great Lakes St. Lawrence Seaway System\"},\"image\":{\"@id\":\"https:\\\/\\\/greatlakes-seaway.com\\\/fr\\\/#\\\/schema\\\/logo\\\/image\\\/\"}}]}<\/script>\n<!-- \/ Yoast SEO plugin. -->","yoast_head_json":{"title":"Corporation de Gestion de la Voie Maritime du Saint-Laurent - La Corporation de Gestion de la Voie Maritime du Saint-Laurent","description":"La Corporation de Gestion de la Voie Maritime du Saint-Laurent, soci\u00e9t\u00e9 sans but lucratif, est responsable du passage s\u00e9curitaire et efficace du fret","robots":{"index":"index","follow":"follow","max-snippet":"max-snippet:-1","max-image-preview":"max-image-preview:large","max-video-preview":"max-video-preview:-1"},"canonical":"https:\/\/grandslacs-voiemaritime.com\/fr\/a-propos\/corporation-de-gestion-de-la-voie-maritime-du-saint-laurent\/","og_locale":"fr_FR","og_type":"article","og_title":"Corporation de Gestion de la Voie Maritime du Saint-Laurent - La Corporation de Gestion de la Voie Maritime du Saint-Laurent","og_description":"La Corporation de Gestion de la Voie Maritime du Saint-Laurent, soci\u00e9t\u00e9 sans but lucratif, est responsable du passage s\u00e9curitaire et efficace du fret","og_url":"https:\/\/grandslacs-voiemaritime.com\/fr\/a-propos\/corporation-de-gestion-de-la-voie-maritime-du-saint-laurent\/","og_site_name":"La Corporation de Gestion de la Voie Maritime du Saint-Laurent","article_modified_time":"2022-03-25T16:11:23+00:00","og_image":[{"width":240,"height":242,"url":"https:\/\/grandslacs-voiemaritime.com\/wp-content\/uploads\/2022\/01\/slsmc_log200.jpg","type":"image\/jpeg"}],"twitter_card":"summary_large_image","twitter_image":"https:\/\/grandslacs-voiemaritime.com\/wp-content\/uploads\/2022\/01\/slsmc_log200.jpg","twitter_misc":{"Dur\u00e9e de lecture estim\u00e9e":"1 minute"},"schema":{"@context":"https:\/\/schema.org","@graph":[{"@type":"WebPage","@id":"https:\/\/grandslacs-voiemaritime.com\/fr\/a-propos\/corporation-de-gestion-de-la-voie-maritime-du-saint-laurent\/","url":"https:\/\/grandslacs-voiemaritime.com\/fr\/a-propos\/corporation-de-gestion-de-la-voie-maritime-du-saint-laurent\/","name":"Corporation de Gestion de la Voie Maritime du Saint-Laurent - La Corporation de Gestion de la Voie Maritime du Saint-Laurent","isPartOf":{"@id":"https:\/\/greatlakes-seaway.com\/fr\/#website"},"datePublished":"2019-09-16T20:22:54+00:00","dateModified":"2022-03-25T16:11:23+00:00","description":"La Corporation de Gestion de la Voie Maritime du Saint-Laurent, soci\u00e9t\u00e9 sans but lucratif, est responsable du passage s\u00e9curitaire et efficace du fret","breadcrumb":{"@id":"https:\/\/grandslacs-voiemaritime.com\/fr\/a-propos\/corporation-de-gestion-de-la-voie-maritime-du-saint-laurent\/#breadcrumb"},"inLanguage":"fr-FR","potentialAction":[{"@type":"ReadAction","target":["https:\/\/grandslacs-voiemaritime.com\/fr\/a-propos\/corporation-de-gestion-de-la-voie-maritime-du-saint-laurent\/"]}]},{"@type":"BreadcrumbList","@id":"https:\/\/grandslacs-voiemaritime.com\/fr\/a-propos\/corporation-de-gestion-de-la-voie-maritime-du-saint-laurent\/#breadcrumb","itemListElement":[{"@type":"ListItem","position":1,"name":"Home","item":"https:\/\/greatlakes-seaway.com\/fr\/"},{"@type":"ListItem","position":2,"name":"\u00c0 propos","item":"https:\/\/greatlakes-seaway.com\/fr\/a-propos\/"},{"@type":"ListItem","position":3,"name":"Corporation de Gestion de la Voie Maritime du Saint-Laurent"}]},{"@type":"WebSite","@id":"https:\/\/greatlakes-seaway.com\/fr\/#website","url":"https:\/\/greatlakes-seaway.com\/fr\/","name":"Great Lakes St. Lawrence Seaway System","description":"","publisher":{"@id":"https:\/\/greatlakes-seaway.com\/fr\/#organization"},"potentialAction":[{"@type":"SearchAction","target":{"@type":"EntryPoint","urlTemplate":"https:\/\/greatlakes-seaway.com\/fr\/?s={search_term_string}"},"query-input":{"@type":"PropertyValueSpecification","valueRequired":true,"valueName":"search_term_string"}}],"inLanguage":"fr-FR"},{"@type":"Organization","@id":"https:\/\/greatlakes-seaway.com\/fr\/#organization","name":"Great Lakes St. Lawrence Seaway System","url":"https:\/\/greatlakes-seaway.com\/fr\/","logo":{"@type":"ImageObject","inLanguage":"fr-FR","@id":"https:\/\/greatlakes-seaway.com\/fr\/#\/schema\/logo\/image\/","url":"https:\/\/grandslacs-voiemaritime.com\/wp-content\/uploads\/2020\/06\/800x230-logo-en.png","contentUrl":"https:\/\/grandslacs-voiemaritime.com\/wp-content\/uploads\/2020\/06\/800x230-logo-en.png","width":800,"height":230,"caption":"Great Lakes St. Lawrence Seaway System"},"image":{"@id":"https:\/\/greatlakes-seaway.com\/fr\/#\/schema\/logo\/image\/"}}]}},"_links":{"self":[{"href":"https:\/\/grandslacs-voiemaritime.com\/fr\/wp-json\/wp\/v2\/pages\/5256","targetHints":{"allow":["GET"]}}],"collection":[{"href":"https:\/\/grandslacs-voiemaritime.com\/fr\/wp-json\/wp\/v2\/pages"}],"about":[{"href":"https:\/\/grandslacs-voiemaritime.com\/fr\/wp-json\/wp\/v2\/types\/page"}],"author":[{"embeddable":true,"href":"https:\/\/grandslacs-voiemaritime.com\/fr\/wp-json\/wp\/v2\/users\/5"}],"replies":[{"embeddable":true,"href":"https:\/\/grandslacs-voiemaritime.com\/fr\/wp-json\/wp\/v2\/comments?post=5256"}],"version-history":[{"count":0,"href":"https:\/\/grandslacs-voiemaritime.com\/fr\/wp-json\/wp\/v2\/pages\/5256\/revisions"}],"up":[{"embeddable":true,"href":"https:\/\/grandslacs-voiemaritime.com\/fr\/wp-json\/wp\/v2\/pages\/45"}],"wp:attachment":[{"href":"https:\/\/grandslacs-voiemaritime.com\/fr\/wp-json\/wp\/v2\/media?parent=5256"}],"curies":[{"name":"wp","href":"https:\/\/api.w.org\/{rel}","templated":true}]}}