{"id":5260,"date":"2019-09-16T20:25:12","date_gmt":"2019-09-16T20:25:12","guid":{"rendered":"http:\/\/grandslacs-voiemaritime.com\/a-propos\/slsmc-management-fr\/asset-renewal\/"},"modified":"2022-02-10T13:16:07","modified_gmt":"2022-02-10T18:16:07","slug":"renouvellement-des-actifs","status":"publish","type":"page","link":"https:\/\/grandslacs-voiemaritime.com\/fr\/a-propos\/corporation-de-gestion-de-la-voie-maritime-du-saint-laurent\/renouvellement-des-actifs\/","title":{"rendered":"Renouvellement des actifs"},"content":{"rendered":"<h3>Fiabilit\u00e9 et disponibilit\u00e9 du r\u00e9seau<\/h3>\n<p>Le fait de disposer d\u2019un r\u00e9seau fiable est la cl\u00e9 d\u2019un avenir durable. Ce r\u00e9sultat est possible uniquement si nous maintenons des programmes d\u2019entretien rigoureux et faisons minutieusement enqu\u00eate sur toute d\u00e9faillance. Nous sommes fiers de l\u2019excellence de notre personnel. Les normes \u00e9lev\u00e9es qu\u2019il applique \u00e0 l\u2019entretien de nos structures font en sorte qu\u2019il soit possible d\u2019assurer r\u00e9guli\u00e8rement un transit s\u00fbr des navires avec un minimum de retards.<\/p>\n<p>Pour de plus amples renseignements sur nos projets de renouvellement des actiffs, veuillez consulter nos\u00a0<a href=\"https:\/\/grandslacs-voiemaritime.com\/fr\/a-propos\/corporation-de-gestion-de-la-voie-maritime-du-saint-laurent\/cgvmsl-sommaires-annuels\/\">rapports annuels<\/a>.<\/p>\n","protected":false},"excerpt":{"rendered":"<p>Fiabilit\u00e9 et disponibilit\u00e9 du r\u00e9seau Le fait de disposer d\u2019un r\u00e9seau fiable est la cl\u00e9 d\u2019un avenir durable. Ce r\u00e9sultat est possible uniquement si nous maintenons des programmes d\u2019entretien rigoureux et faisons minutieusement enqu\u00eate sur toute d\u00e9faillance. Nous sommes fiers de l\u2019excellence de notre personnel. Les normes \u00e9lev\u00e9es qu\u2019il applique \u00e0 l\u2019entretien de nos structures<\/p>\n","protected":false},"author":5,"featured_media":0,"parent":5256,"menu_order":0,"comment_status":"closed","ping_status":"closed","template":"","meta":{"_acf_changed":false,"_lmt_disableupdate":"","_lmt_disable":"","footnotes":""},"class_list":["post-5260","page","type-page","status-publish","hentry"],"acf":[],"yoast_head":"<!-- This site is optimized with the Yoast SEO plugin v27.4 - https:\/\/yoast.com\/product\/yoast-seo-wordpress\/ -->\n<title>Renouvellement des actifs - La Corporation de Gestion de la Voie Maritime du Saint-Laurent<\/title>\n<meta name=\"description\" content=\"Fiabilit\u00e9 et disponibilit\u00e9 du r\u00e9seau Le fait de disposer d\u2019un r\u00e9seau fiable est la cl\u00e9 d\u2019un avenir durable. Ce r\u00e9sultat est possible uniquement si nous\" \/>\n<meta name=\"robots\" content=\"index, follow, max-snippet:-1, max-image-preview:large, max-video-preview:-1\" \/>\n<link rel=\"canonical\" href=\"https:\/\/grandslacs-voiemaritime.com\/fr\/a-propos\/corporation-de-gestion-de-la-voie-maritime-du-saint-laurent\/renouvellement-des-actifs\/\" \/>\n<meta property=\"og:locale\" content=\"fr_FR\" \/>\n<meta property=\"og:type\" content=\"article\" \/>\n<meta property=\"og:title\" content=\"Renouvellement des actifs - La Corporation de Gestion de la Voie Maritime du Saint-Laurent\" \/>\n<meta property=\"og:description\" content=\"Fiabilit\u00e9 et disponibilit\u00e9 du r\u00e9seau Le fait de disposer d\u2019un r\u00e9seau fiable est la cl\u00e9 d\u2019un avenir durable. Ce r\u00e9sultat est possible uniquement si nous\" \/>\n<meta property=\"og:url\" content=\"https:\/\/grandslacs-voiemaritime.com\/fr\/a-propos\/corporation-de-gestion-de-la-voie-maritime-du-saint-laurent\/renouvellement-des-actifs\/\" \/>\n<meta property=\"og:site_name\" content=\"La Corporation de Gestion de la Voie Maritime du Saint-Laurent\" \/>\n<meta property=\"article:modified_time\" content=\"2022-02-10T18:16:07+00:00\" \/>\n<meta property=\"og:image\" content=\"https:\/\/greatlakes-seaway.com\/wp-content\/uploads\/2022\/01\/slsmc_log200.jpg\" \/>\n\t<meta property=\"og:image:width\" content=\"240\" \/>\n\t<meta property=\"og:image:height\" content=\"242\" \/>\n\t<meta property=\"og:image:type\" content=\"image\/jpeg\" \/>\n<meta name=\"twitter:card\" content=\"summary_large_image\" \/>\n<meta name=\"twitter:image\" content=\"https:\/\/grandslacs-voiemaritime.com\/wp-content\/uploads\/2022\/01\/slsmc_log200.jpg\" \/>\n<meta name=\"twitter:label1\" content=\"Dur\u00e9e de lecture estim\u00e9e\" \/>\n\t<meta name=\"twitter:data1\" content=\"1 minute\" \/>\n<script type=\"application\/ld+json\" class=\"yoast-schema-graph\">{\"@context\":\"https:\\\/\\\/schema.org\",\"@graph\":[{\"@type\":\"WebPage\",\"@id\":\"https:\\\/\\\/grandslacs-voiemaritime.com\\\/fr\\\/a-propos\\\/corporation-de-gestion-de-la-voie-maritime-du-saint-laurent\\\/renouvellement-des-actifs\\\/\",\"url\":\"https:\\\/\\\/grandslacs-voiemaritime.com\\\/fr\\\/a-propos\\\/corporation-de-gestion-de-la-voie-maritime-du-saint-laurent\\\/renouvellement-des-actifs\\\/\",\"name\":\"Renouvellement des actifs - La Corporation de Gestion de la Voie Maritime du Saint-Laurent\",\"isPartOf\":{\"@id\":\"https:\\\/\\\/greatlakes-seaway.com\\\/fr\\\/#website\"},\"datePublished\":\"2019-09-16T20:25:12+00:00\",\"dateModified\":\"2022-02-10T18:16:07+00:00\",\"description\":\"Fiabilit\u00e9 et disponibilit\u00e9 du r\u00e9seau Le fait de disposer d\u2019un r\u00e9seau fiable est la cl\u00e9 d\u2019un avenir durable. Ce r\u00e9sultat est possible uniquement si nous\",\"breadcrumb\":{\"@id\":\"https:\\\/\\\/grandslacs-voiemaritime.com\\\/fr\\\/a-propos\\\/corporation-de-gestion-de-la-voie-maritime-du-saint-laurent\\\/renouvellement-des-actifs\\\/#breadcrumb\"},\"inLanguage\":\"fr-FR\",\"potentialAction\":[{\"@type\":\"ReadAction\",\"target\":[\"https:\\\/\\\/grandslacs-voiemaritime.com\\\/fr\\\/a-propos\\\/corporation-de-gestion-de-la-voie-maritime-du-saint-laurent\\\/renouvellement-des-actifs\\\/\"]}]},{\"@type\":\"BreadcrumbList\",\"@id\":\"https:\\\/\\\/grandslacs-voiemaritime.com\\\/fr\\\/a-propos\\\/corporation-de-gestion-de-la-voie-maritime-du-saint-laurent\\\/renouvellement-des-actifs\\\/#breadcrumb\",\"itemListElement\":[{\"@type\":\"ListItem\",\"position\":1,\"name\":\"Home\",\"item\":\"https:\\\/\\\/greatlakes-seaway.com\\\/fr\\\/\"},{\"@type\":\"ListItem\",\"position\":2,\"name\":\"\u00c0 propos\",\"item\":\"https:\\\/\\\/grandslacs-voiemaritime.com\\\/fr\\\/a-propos\\\/\"},{\"@type\":\"ListItem\",\"position\":3,\"name\":\"Corporation de Gestion de la Voie Maritime du Saint-Laurent\",\"item\":\"https:\\\/\\\/grandslacs-voiemaritime.com\\\/fr\\\/a-propos\\\/corporation-de-gestion-de-la-voie-maritime-du-saint-laurent\\\/\"},{\"@type\":\"ListItem\",\"position\":4,\"name\":\"Renouvellement des actifs\"}]},{\"@type\":\"WebSite\",\"@id\":\"https:\\\/\\\/greatlakes-seaway.com\\\/fr\\\/#website\",\"url\":\"https:\\\/\\\/greatlakes-seaway.com\\\/fr\\\/\",\"name\":\"Great Lakes St. Lawrence Seaway System\",\"description\":\"\",\"publisher\":{\"@id\":\"https:\\\/\\\/greatlakes-seaway.com\\\/fr\\\/#organization\"},\"potentialAction\":[{\"@type\":\"SearchAction\",\"target\":{\"@type\":\"EntryPoint\",\"urlTemplate\":\"https:\\\/\\\/greatlakes-seaway.com\\\/fr\\\/?s={search_term_string}\"},\"query-input\":{\"@type\":\"PropertyValueSpecification\",\"valueRequired\":true,\"valueName\":\"search_term_string\"}}],\"inLanguage\":\"fr-FR\"},{\"@type\":\"Organization\",\"@id\":\"https:\\\/\\\/greatlakes-seaway.com\\\/fr\\\/#organization\",\"name\":\"Great Lakes St. Lawrence Seaway System\",\"url\":\"https:\\\/\\\/greatlakes-seaway.com\\\/fr\\\/\",\"logo\":{\"@type\":\"ImageObject\",\"inLanguage\":\"fr-FR\",\"@id\":\"https:\\\/\\\/greatlakes-seaway.com\\\/fr\\\/#\\\/schema\\\/logo\\\/image\\\/\",\"url\":\"https:\\\/\\\/grandslacs-voiemaritime.com\\\/wp-content\\\/uploads\\\/2020\\\/06\\\/800x230-logo-en.png\",\"contentUrl\":\"https:\\\/\\\/grandslacs-voiemaritime.com\\\/wp-content\\\/uploads\\\/2020\\\/06\\\/800x230-logo-en.png\",\"width\":800,\"height\":230,\"caption\":\"Great Lakes St. Lawrence Seaway System\"},\"image\":{\"@id\":\"https:\\\/\\\/greatlakes-seaway.com\\\/fr\\\/#\\\/schema\\\/logo\\\/image\\\/\"}}]}<\/script>\n<!-- \/ Yoast SEO plugin. -->","yoast_head_json":{"title":"Renouvellement des actifs - La Corporation de Gestion de la Voie Maritime du Saint-Laurent","description":"Fiabilit\u00e9 et disponibilit\u00e9 du r\u00e9seau Le fait de disposer d\u2019un r\u00e9seau fiable est la cl\u00e9 d\u2019un avenir durable. Ce r\u00e9sultat est possible uniquement si nous","robots":{"index":"index","follow":"follow","max-snippet":"max-snippet:-1","max-image-preview":"max-image-preview:large","max-video-preview":"max-video-preview:-1"},"canonical":"https:\/\/grandslacs-voiemaritime.com\/fr\/a-propos\/corporation-de-gestion-de-la-voie-maritime-du-saint-laurent\/renouvellement-des-actifs\/","og_locale":"fr_FR","og_type":"article","og_title":"Renouvellement des actifs - La Corporation de Gestion de la Voie Maritime du Saint-Laurent","og_description":"Fiabilit\u00e9 et disponibilit\u00e9 du r\u00e9seau Le fait de disposer d\u2019un r\u00e9seau fiable est la cl\u00e9 d\u2019un avenir durable. Ce r\u00e9sultat est possible uniquement si nous","og_url":"https:\/\/grandslacs-voiemaritime.com\/fr\/a-propos\/corporation-de-gestion-de-la-voie-maritime-du-saint-laurent\/renouvellement-des-actifs\/","og_site_name":"La Corporation de Gestion de la Voie Maritime du Saint-Laurent","article_modified_time":"2022-02-10T18:16:07+00:00","og_image":[{"width":240,"height":242,"url":"https:\/\/greatlakes-seaway.com\/wp-content\/uploads\/2022\/01\/slsmc_log200.jpg","type":"image\/jpeg"}],"twitter_card":"summary_large_image","twitter_image":"https:\/\/grandslacs-voiemaritime.com\/wp-content\/uploads\/2022\/01\/slsmc_log200.jpg","twitter_misc":{"Dur\u00e9e de lecture estim\u00e9e":"1 minute"},"schema":{"@context":"https:\/\/schema.org","@graph":[{"@type":"WebPage","@id":"https:\/\/grandslacs-voiemaritime.com\/fr\/a-propos\/corporation-de-gestion-de-la-voie-maritime-du-saint-laurent\/renouvellement-des-actifs\/","url":"https:\/\/grandslacs-voiemaritime.com\/fr\/a-propos\/corporation-de-gestion-de-la-voie-maritime-du-saint-laurent\/renouvellement-des-actifs\/","name":"Renouvellement des actifs - La Corporation de Gestion de la Voie Maritime du Saint-Laurent","isPartOf":{"@id":"https:\/\/greatlakes-seaway.com\/fr\/#website"},"datePublished":"2019-09-16T20:25:12+00:00","dateModified":"2022-02-10T18:16:07+00:00","description":"Fiabilit\u00e9 et disponibilit\u00e9 du r\u00e9seau Le fait de disposer d\u2019un r\u00e9seau fiable est la cl\u00e9 d\u2019un avenir durable. Ce r\u00e9sultat est possible uniquement si nous","breadcrumb":{"@id":"https:\/\/grandslacs-voiemaritime.com\/fr\/a-propos\/corporation-de-gestion-de-la-voie-maritime-du-saint-laurent\/renouvellement-des-actifs\/#breadcrumb"},"inLanguage":"fr-FR","potentialAction":[{"@type":"ReadAction","target":["https:\/\/grandslacs-voiemaritime.com\/fr\/a-propos\/corporation-de-gestion-de-la-voie-maritime-du-saint-laurent\/renouvellement-des-actifs\/"]}]},{"@type":"BreadcrumbList","@id":"https:\/\/grandslacs-voiemaritime.com\/fr\/a-propos\/corporation-de-gestion-de-la-voie-maritime-du-saint-laurent\/renouvellement-des-actifs\/#breadcrumb","itemListElement":[{"@type":"ListItem","position":1,"name":"Home","item":"https:\/\/greatlakes-seaway.com\/fr\/"},{"@type":"ListItem","position":2,"name":"\u00c0 propos","item":"https:\/\/grandslacs-voiemaritime.com\/fr\/a-propos\/"},{"@type":"ListItem","position":3,"name":"Corporation de Gestion de la Voie Maritime du Saint-Laurent","item":"https:\/\/grandslacs-voiemaritime.com\/fr\/a-propos\/corporation-de-gestion-de-la-voie-maritime-du-saint-laurent\/"},{"@type":"ListItem","position":4,"name":"Renouvellement des actifs"}]},{"@type":"WebSite","@id":"https:\/\/greatlakes-seaway.com\/fr\/#website","url":"https:\/\/greatlakes-seaway.com\/fr\/","name":"Great Lakes St. Lawrence Seaway System","description":"","publisher":{"@id":"https:\/\/greatlakes-seaway.com\/fr\/#organization"},"potentialAction":[{"@type":"SearchAction","target":{"@type":"EntryPoint","urlTemplate":"https:\/\/greatlakes-seaway.com\/fr\/?s={search_term_string}"},"query-input":{"@type":"PropertyValueSpecification","valueRequired":true,"valueName":"search_term_string"}}],"inLanguage":"fr-FR"},{"@type":"Organization","@id":"https:\/\/greatlakes-seaway.com\/fr\/#organization","name":"Great Lakes St. Lawrence Seaway System","url":"https:\/\/greatlakes-seaway.com\/fr\/","logo":{"@type":"ImageObject","inLanguage":"fr-FR","@id":"https:\/\/greatlakes-seaway.com\/fr\/#\/schema\/logo\/image\/","url":"https:\/\/grandslacs-voiemaritime.com\/wp-content\/uploads\/2020\/06\/800x230-logo-en.png","contentUrl":"https:\/\/grandslacs-voiemaritime.com\/wp-content\/uploads\/2020\/06\/800x230-logo-en.png","width":800,"height":230,"caption":"Great Lakes St. Lawrence Seaway System"},"image":{"@id":"https:\/\/greatlakes-seaway.com\/fr\/#\/schema\/logo\/image\/"}}]}},"_links":{"self":[{"href":"https:\/\/grandslacs-voiemaritime.com\/fr\/wp-json\/wp\/v2\/pages\/5260","targetHints":{"allow":["GET"]}}],"collection":[{"href":"https:\/\/grandslacs-voiemaritime.com\/fr\/wp-json\/wp\/v2\/pages"}],"about":[{"href":"https:\/\/grandslacs-voiemaritime.com\/fr\/wp-json\/wp\/v2\/types\/page"}],"author":[{"embeddable":true,"href":"https:\/\/grandslacs-voiemaritime.com\/fr\/wp-json\/wp\/v2\/users\/5"}],"replies":[{"embeddable":true,"href":"https:\/\/grandslacs-voiemaritime.com\/fr\/wp-json\/wp\/v2\/comments?post=5260"}],"version-history":[{"count":0,"href":"https:\/\/grandslacs-voiemaritime.com\/fr\/wp-json\/wp\/v2\/pages\/5260\/revisions"}],"up":[{"embeddable":true,"href":"https:\/\/grandslacs-voiemaritime.com\/fr\/wp-json\/wp\/v2\/pages\/5256"}],"wp:attachment":[{"href":"https:\/\/grandslacs-voiemaritime.com\/fr\/wp-json\/wp\/v2\/media?parent=5260"}],"curies":[{"name":"wp","href":"https:\/\/api.w.org\/{rel}","templated":true}]}}