{"id":5264,"date":"2019-09-16T20:25:26","date_gmt":"2019-09-16T20:25:26","guid":{"rendered":"http:\/\/grandslacs-voiemaritime.com\/a-propos\/slsmc-management-fr\/film-requests\/"},"modified":"2026-04-20T10:32:11","modified_gmt":"2026-04-20T15:32:11","slug":"film-requests-fr","status":"publish","type":"page","link":"https:\/\/grandslacs-voiemaritime.com\/fr\/a-propos\/corporation-de-gestion-de-la-voie-maritime-du-saint-laurent\/film-requests-fr\/","title":{"rendered":"Demandes de tournage"},"content":{"rendered":"<p>La Corporation de Gestion de la Voie Maritime du Saint-Laurent n&#8217;autorise habituellement pas de tournage (notamment avec l&#8217;utilisation de drone) sur les propri\u00e9t\u00e9s qu&#8217;elle administre.<\/p>\n<p>Des exceptions peuvent \u00eatre accord\u00e9es pour des documentaires (ou projets semblables) t\u00e9moignant soit du r\u00f4le que joue la Voie maritime du Saint-Laurent dans le secteur des transports, soit de l&#8217;importance du commerce maritime pour l&#8217;\u00e9conomie nord-am\u00e9ricaine. Nous nous effor\u00e7ons de r\u00e9pondre favorablement aux demandes de ce genre \u00e0 condition que le tournage ne nuise pas aux activit\u00e9s ou \u00e0 d&#8217;autres int\u00e9r\u00eats de la Voie maritime.<\/p>\n<p>Les formulaires ci-dessous ont \u00e9t\u00e9 mis au point pour faciliter la pr\u00e9sentation de telles demandes.<\/p>\n<p>Veuillez remplir le formulaire de demande et le formulaire de description et nous les envoyer (les indications voulues se trouvent dans chaque formulaire).<\/p>\n<ul>\n<li>Formulaire de demande <a href=\"https:\/\/grandslacs-voiemaritime.com\/wp-content\/uploads\/2024\/09\/film_application_fr.pdf\" target=\"_blank\" rel=\"noopener noreferrer\">(PDF)<\/a><\/li>\n<li>Formulaire de description d\u2019une production vid\u00e9o ou d\u2019un film <a href=\"https:\/\/grandslacs-voiemaritime.com\/wp-content\/uploads\/2024\/09\/film_desc_production_fr.pdf\" target=\"_blank\" rel=\"noopener noreferrer\">(PDF)<\/a><\/li>\n<li>PowerPoint : Sant\u00e9 et s\u00e9curit\u00e9 <a href=\"https:\/\/grandslacs-voiemaritime.com\/wp-content\/uploads\/2019\/10\/film_pp_health_fr.pdf\" target=\"_blank\" rel=\"noopener noreferrer\">(PDF)<\/a><\/li>\n<\/ul>\n<p>Le formulaire de demande rempli doit parvenir \u00e0 la Corporation de Gestion de la Voie Maritime du Saint-Laurent\u00a0<strong>au moins 20\u00a0jours ouvrables avant les dates demand\u00e9es<\/strong>. Un formulaire incomplet peut retarder le traitement de la demande.<\/p>\n","protected":false},"excerpt":{"rendered":"<p>La Corporation de Gestion de la Voie Maritime du Saint-Laurent n&#8217;autorise habituellement pas de tournage (notamment avec l&#8217;utilisation de drone) sur les propri\u00e9t\u00e9s qu&#8217;elle administre. Des exceptions peuvent \u00eatre accord\u00e9es pour des documentaires (ou projets semblables) t\u00e9moignant soit du r\u00f4le que joue la Voie maritime du Saint-Laurent dans le secteur des transports, soit de l&#8217;importance<\/p>\n","protected":false},"author":5,"featured_media":0,"parent":5256,"menu_order":0,"comment_status":"closed","ping_status":"closed","template":"","meta":{"_acf_changed":false,"_lmt_disableupdate":"no","_lmt_disable":"","footnotes":""},"class_list":["post-5264","page","type-page","status-publish","hentry"],"acf":[],"yoast_head":"<!-- This site is optimized with the Yoast SEO plugin v27.5 - https:\/\/yoast.com\/product\/yoast-seo-wordpress\/ -->\n<title>Demandes de tournage - La Corporation de Gestion de la Voie Maritime du Saint-Laurent<\/title>\n<meta name=\"description\" content=\"La Corporation de Gestion de la Voie Maritime du Saint-Laurent n&#039;autorise habituellement pas de tournage (notamment avec l&#039;utilisation de drone) sur les\" \/>\n<meta name=\"robots\" content=\"index, follow, max-snippet:-1, max-image-preview:large, max-video-preview:-1\" \/>\n<link rel=\"canonical\" href=\"https:\/\/grandslacs-voiemaritime.com\/fr\/a-propos\/corporation-de-gestion-de-la-voie-maritime-du-saint-laurent\/film-requests-fr\/\" \/>\n<meta property=\"og:locale\" content=\"fr_FR\" \/>\n<meta property=\"og:type\" content=\"article\" \/>\n<meta property=\"og:title\" content=\"Demandes de tournage - La Corporation de Gestion de la Voie Maritime du Saint-Laurent\" \/>\n<meta property=\"og:description\" content=\"La Corporation de Gestion de la Voie Maritime du Saint-Laurent n&#039;autorise habituellement pas de tournage (notamment avec l&#039;utilisation de drone) sur les\" \/>\n<meta property=\"og:url\" content=\"https:\/\/grandslacs-voiemaritime.com\/fr\/a-propos\/corporation-de-gestion-de-la-voie-maritime-du-saint-laurent\/film-requests-fr\/\" \/>\n<meta property=\"og:site_name\" content=\"La Corporation de Gestion de la Voie Maritime du Saint-Laurent\" \/>\n<meta property=\"article:modified_time\" content=\"2026-04-20T15:32:11+00:00\" \/>\n<meta property=\"og:image\" content=\"https:\/\/grandslacs-voiemaritime.com\/wp-content\/uploads\/2022\/01\/slsmc_log200.jpg\" \/>\n\t<meta property=\"og:image:width\" content=\"240\" \/>\n\t<meta property=\"og:image:height\" content=\"242\" \/>\n\t<meta property=\"og:image:type\" content=\"image\/jpeg\" \/>\n<meta name=\"twitter:card\" content=\"summary_large_image\" \/>\n<meta name=\"twitter:image\" content=\"https:\/\/grandslacs-voiemaritime.com\/wp-content\/uploads\/2022\/01\/slsmc_log200.jpg\" \/>\n<meta name=\"twitter:label1\" content=\"Dur\u00e9e de lecture estim\u00e9e\" \/>\n\t<meta name=\"twitter:data1\" content=\"1 minute\" \/>\n<script type=\"application\/ld+json\" class=\"yoast-schema-graph\">{\"@context\":\"https:\\\/\\\/schema.org\",\"@graph\":[{\"@type\":\"WebPage\",\"@id\":\"https:\\\/\\\/grandslacs-voiemaritime.com\\\/fr\\\/a-propos\\\/corporation-de-gestion-de-la-voie-maritime-du-saint-laurent\\\/film-requests-fr\\\/\",\"url\":\"https:\\\/\\\/grandslacs-voiemaritime.com\\\/fr\\\/a-propos\\\/corporation-de-gestion-de-la-voie-maritime-du-saint-laurent\\\/film-requests-fr\\\/\",\"name\":\"Demandes de tournage - La Corporation de Gestion de la Voie Maritime du Saint-Laurent\",\"isPartOf\":{\"@id\":\"https:\\\/\\\/greatlakes-seaway.com\\\/fr\\\/#website\"},\"datePublished\":\"2019-09-16T20:25:26+00:00\",\"dateModified\":\"2026-04-20T15:32:11+00:00\",\"description\":\"La Corporation de Gestion de la Voie Maritime du Saint-Laurent n'autorise habituellement pas de tournage (notamment avec l'utilisation de drone) sur les\",\"breadcrumb\":{\"@id\":\"https:\\\/\\\/grandslacs-voiemaritime.com\\\/fr\\\/a-propos\\\/corporation-de-gestion-de-la-voie-maritime-du-saint-laurent\\\/film-requests-fr\\\/#breadcrumb\"},\"inLanguage\":\"fr-FR\",\"potentialAction\":[{\"@type\":\"ReadAction\",\"target\":[\"https:\\\/\\\/grandslacs-voiemaritime.com\\\/fr\\\/a-propos\\\/corporation-de-gestion-de-la-voie-maritime-du-saint-laurent\\\/film-requests-fr\\\/\"]}]},{\"@type\":\"BreadcrumbList\",\"@id\":\"https:\\\/\\\/grandslacs-voiemaritime.com\\\/fr\\\/a-propos\\\/corporation-de-gestion-de-la-voie-maritime-du-saint-laurent\\\/film-requests-fr\\\/#breadcrumb\",\"itemListElement\":[{\"@type\":\"ListItem\",\"position\":1,\"name\":\"Home\",\"item\":\"https:\\\/\\\/grandslacs-voiemaritime.com\\\/fr\\\/\"},{\"@type\":\"ListItem\",\"position\":2,\"name\":\"\u00c0 propos\",\"item\":\"https:\\\/\\\/grandslacs-voiemaritime.com\\\/fr\\\/a-propos\\\/\"},{\"@type\":\"ListItem\",\"position\":3,\"name\":\"Corporation de Gestion de la Voie Maritime du Saint-Laurent\",\"item\":\"https:\\\/\\\/grandslacs-voiemaritime.com\\\/fr\\\/a-propos\\\/corporation-de-gestion-de-la-voie-maritime-du-saint-laurent\\\/\"},{\"@type\":\"ListItem\",\"position\":4,\"name\":\"Demandes de tournage\"}]},{\"@type\":\"WebSite\",\"@id\":\"https:\\\/\\\/greatlakes-seaway.com\\\/fr\\\/#website\",\"url\":\"https:\\\/\\\/greatlakes-seaway.com\\\/fr\\\/\",\"name\":\"Great Lakes St. Lawrence Seaway System\",\"description\":\"\",\"publisher\":{\"@id\":\"https:\\\/\\\/greatlakes-seaway.com\\\/fr\\\/#organization\"},\"potentialAction\":[{\"@type\":\"SearchAction\",\"target\":{\"@type\":\"EntryPoint\",\"urlTemplate\":\"https:\\\/\\\/greatlakes-seaway.com\\\/fr\\\/?s={search_term_string}\"},\"query-input\":{\"@type\":\"PropertyValueSpecification\",\"valueRequired\":true,\"valueName\":\"search_term_string\"}}],\"inLanguage\":\"fr-FR\"},{\"@type\":\"Organization\",\"@id\":\"https:\\\/\\\/greatlakes-seaway.com\\\/fr\\\/#organization\",\"name\":\"Great Lakes St. Lawrence Seaway System\",\"url\":\"https:\\\/\\\/greatlakes-seaway.com\\\/fr\\\/\",\"logo\":{\"@type\":\"ImageObject\",\"inLanguage\":\"fr-FR\",\"@id\":\"https:\\\/\\\/greatlakes-seaway.com\\\/fr\\\/#\\\/schema\\\/logo\\\/image\\\/\",\"url\":\"https:\\\/\\\/grandslacs-voiemaritime.com\\\/wp-content\\\/uploads\\\/2020\\\/06\\\/800x230-logo-en.png\",\"contentUrl\":\"https:\\\/\\\/grandslacs-voiemaritime.com\\\/wp-content\\\/uploads\\\/2020\\\/06\\\/800x230-logo-en.png\",\"width\":800,\"height\":230,\"caption\":\"Great Lakes St. Lawrence Seaway System\"},\"image\":{\"@id\":\"https:\\\/\\\/greatlakes-seaway.com\\\/fr\\\/#\\\/schema\\\/logo\\\/image\\\/\"}}]}<\/script>\n<!-- \/ Yoast SEO plugin. -->","yoast_head_json":{"title":"Demandes de tournage - La Corporation de Gestion de la Voie Maritime du Saint-Laurent","description":"La Corporation de Gestion de la Voie Maritime du Saint-Laurent n'autorise habituellement pas de tournage (notamment avec l'utilisation de drone) sur les","robots":{"index":"index","follow":"follow","max-snippet":"max-snippet:-1","max-image-preview":"max-image-preview:large","max-video-preview":"max-video-preview:-1"},"canonical":"https:\/\/grandslacs-voiemaritime.com\/fr\/a-propos\/corporation-de-gestion-de-la-voie-maritime-du-saint-laurent\/film-requests-fr\/","og_locale":"fr_FR","og_type":"article","og_title":"Demandes de tournage - La Corporation de Gestion de la Voie Maritime du Saint-Laurent","og_description":"La Corporation de Gestion de la Voie Maritime du Saint-Laurent n'autorise habituellement pas de tournage (notamment avec l'utilisation de drone) sur les","og_url":"https:\/\/grandslacs-voiemaritime.com\/fr\/a-propos\/corporation-de-gestion-de-la-voie-maritime-du-saint-laurent\/film-requests-fr\/","og_site_name":"La Corporation de Gestion de la Voie Maritime du Saint-Laurent","article_modified_time":"2026-04-20T15:32:11+00:00","og_image":[{"width":240,"height":242,"url":"https:\/\/grandslacs-voiemaritime.com\/wp-content\/uploads\/2022\/01\/slsmc_log200.jpg","type":"image\/jpeg"}],"twitter_card":"summary_large_image","twitter_image":"https:\/\/grandslacs-voiemaritime.com\/wp-content\/uploads\/2022\/01\/slsmc_log200.jpg","twitter_misc":{"Dur\u00e9e de lecture estim\u00e9e":"1 minute"},"schema":{"@context":"https:\/\/schema.org","@graph":[{"@type":"WebPage","@id":"https:\/\/grandslacs-voiemaritime.com\/fr\/a-propos\/corporation-de-gestion-de-la-voie-maritime-du-saint-laurent\/film-requests-fr\/","url":"https:\/\/grandslacs-voiemaritime.com\/fr\/a-propos\/corporation-de-gestion-de-la-voie-maritime-du-saint-laurent\/film-requests-fr\/","name":"Demandes de tournage - La Corporation de Gestion de la Voie Maritime du Saint-Laurent","isPartOf":{"@id":"https:\/\/greatlakes-seaway.com\/fr\/#website"},"datePublished":"2019-09-16T20:25:26+00:00","dateModified":"2026-04-20T15:32:11+00:00","description":"La Corporation de Gestion de la Voie Maritime du Saint-Laurent n'autorise habituellement pas de tournage (notamment avec l'utilisation de drone) sur les","breadcrumb":{"@id":"https:\/\/grandslacs-voiemaritime.com\/fr\/a-propos\/corporation-de-gestion-de-la-voie-maritime-du-saint-laurent\/film-requests-fr\/#breadcrumb"},"inLanguage":"fr-FR","potentialAction":[{"@type":"ReadAction","target":["https:\/\/grandslacs-voiemaritime.com\/fr\/a-propos\/corporation-de-gestion-de-la-voie-maritime-du-saint-laurent\/film-requests-fr\/"]}]},{"@type":"BreadcrumbList","@id":"https:\/\/grandslacs-voiemaritime.com\/fr\/a-propos\/corporation-de-gestion-de-la-voie-maritime-du-saint-laurent\/film-requests-fr\/#breadcrumb","itemListElement":[{"@type":"ListItem","position":1,"name":"Home","item":"https:\/\/grandslacs-voiemaritime.com\/fr\/"},{"@type":"ListItem","position":2,"name":"\u00c0 propos","item":"https:\/\/grandslacs-voiemaritime.com\/fr\/a-propos\/"},{"@type":"ListItem","position":3,"name":"Corporation de Gestion de la Voie Maritime du Saint-Laurent","item":"https:\/\/grandslacs-voiemaritime.com\/fr\/a-propos\/corporation-de-gestion-de-la-voie-maritime-du-saint-laurent\/"},{"@type":"ListItem","position":4,"name":"Demandes de tournage"}]},{"@type":"WebSite","@id":"https:\/\/greatlakes-seaway.com\/fr\/#website","url":"https:\/\/greatlakes-seaway.com\/fr\/","name":"Great Lakes St. Lawrence Seaway System","description":"","publisher":{"@id":"https:\/\/greatlakes-seaway.com\/fr\/#organization"},"potentialAction":[{"@type":"SearchAction","target":{"@type":"EntryPoint","urlTemplate":"https:\/\/greatlakes-seaway.com\/fr\/?s={search_term_string}"},"query-input":{"@type":"PropertyValueSpecification","valueRequired":true,"valueName":"search_term_string"}}],"inLanguage":"fr-FR"},{"@type":"Organization","@id":"https:\/\/greatlakes-seaway.com\/fr\/#organization","name":"Great Lakes St. Lawrence Seaway System","url":"https:\/\/greatlakes-seaway.com\/fr\/","logo":{"@type":"ImageObject","inLanguage":"fr-FR","@id":"https:\/\/greatlakes-seaway.com\/fr\/#\/schema\/logo\/image\/","url":"https:\/\/grandslacs-voiemaritime.com\/wp-content\/uploads\/2020\/06\/800x230-logo-en.png","contentUrl":"https:\/\/grandslacs-voiemaritime.com\/wp-content\/uploads\/2020\/06\/800x230-logo-en.png","width":800,"height":230,"caption":"Great Lakes St. Lawrence Seaway System"},"image":{"@id":"https:\/\/greatlakes-seaway.com\/fr\/#\/schema\/logo\/image\/"}}]}},"_links":{"self":[{"href":"https:\/\/grandslacs-voiemaritime.com\/fr\/wp-json\/wp\/v2\/pages\/5264","targetHints":{"allow":["GET"]}}],"collection":[{"href":"https:\/\/grandslacs-voiemaritime.com\/fr\/wp-json\/wp\/v2\/pages"}],"about":[{"href":"https:\/\/grandslacs-voiemaritime.com\/fr\/wp-json\/wp\/v2\/types\/page"}],"author":[{"embeddable":true,"href":"https:\/\/grandslacs-voiemaritime.com\/fr\/wp-json\/wp\/v2\/users\/5"}],"replies":[{"embeddable":true,"href":"https:\/\/grandslacs-voiemaritime.com\/fr\/wp-json\/wp\/v2\/comments?post=5264"}],"version-history":[{"count":1,"href":"https:\/\/grandslacs-voiemaritime.com\/fr\/wp-json\/wp\/v2\/pages\/5264\/revisions"}],"predecessor-version":[{"id":50899,"href":"https:\/\/grandslacs-voiemaritime.com\/fr\/wp-json\/wp\/v2\/pages\/5264\/revisions\/50899"}],"up":[{"embeddable":true,"href":"https:\/\/grandslacs-voiemaritime.com\/fr\/wp-json\/wp\/v2\/pages\/5256"}],"wp:attachment":[{"href":"https:\/\/grandslacs-voiemaritime.com\/fr\/wp-json\/wp\/v2\/media?parent=5264"}],"curies":[{"name":"wp","href":"https:\/\/api.w.org\/{rel}","templated":true}]}}