{"id":5268,"date":"2019-09-16T20:24:45","date_gmt":"2019-09-16T20:24:45","guid":{"rendered":"http:\/\/grandslacs-voiemaritime.com\/a-propos\/slsmc-management-fr\/procurement\/"},"modified":"2025-11-18T15:05:51","modified_gmt":"2025-11-18T20:05:51","slug":"procurement-fr","status":"publish","type":"page","link":"https:\/\/grandslacs-voiemaritime.com\/fr\/a-propos\/corporation-de-gestion-de-la-voie-maritime-du-saint-laurent\/procurement-fr\/","title":{"rendered":"CGVMSL Approvisionnement"},"content":{"rendered":"<h3>Qualification<\/h3>\n<ul>\n<li><a href=\"https:\/\/grandslacs-voiemaritime.com\/wp-content\/uploads\/2024\/07\/Model-Supplier_Code_fr.pdf\">Code de conduite des fournisseurs<\/a><\/li>\n<li><a href=\"https:\/\/grandslacs-voiemaritime.com\/wp-content\/uploads\/2025\/03\/Qualifications_fr.pdf\">Demande de qualification d&#8217;un contractant<\/a><\/li>\n<li><a href=\"https:\/\/grandslacs-voiemaritime.com\/wp-content\/uploads\/2025\/08\/Qualification_IT_IS_fr.pdf\">Demande de qualification d&#8217;un contractant en TI\/SI<\/a><\/li>\n<li><a href=\"https:\/\/grandslacs-voiemaritime.com\/wp-content\/uploads\/2025\/03\/fund_transfer.pdf\">Formulaire d\u2019adh\u00e9sion pour transfert de fonds \u00e9lectronique<\/a><\/li>\n<\/ul>\n<h3>Contrat de construction<\/h3>\n<ul>\n<li><a href=\"https:\/\/grandslacs-voiemaritime.com\/wp-content\/uploads\/2023\/06\/c_gen_conditions_fr.pdf\">Conditions g\u00e9n\u00e9rales &#8211; Contrat de construction<\/a><\/li>\n<li><a href=\"https:\/\/grandslacs-voiemaritime.com\/wp-content\/uploads\/2023\/04\/gen_specifications_fr.pdf\">Devis A-2 (G\u00e9n\u00e9ralit\u00e9s)<\/a><\/li>\n<li><a href=\"https:\/\/grandslacs-voiemaritime.com\/wp-content\/uploads\/2025\/07\/Contract_Guarantees_Conditions_fr.pdf\">Conditions de garantie du contrat (Cautionnements)<\/a><\/li>\n<li><a href=\"https:\/\/grandslacs-voiemaritime.com\/wp-content\/uploads\/2019\/10\/SafetyForContractors_fr.pdf\">Exigences de la CGVMSL en mati\u00e8re de s\u00e9curit\u00e9 pour les entrepreneurs<\/a><\/li>\n<\/ul>\n<h4><span class=\"content_text\">D\u00e9clarations destin\u00e9es aux Entrepreneurs relatives \u00e0 :<\/span><\/h4>\n<ul>\n<li><a href=\"https:\/\/grandslacs-voiemaritime.com\/wp-content\/uploads\/2025\/04\/142-F-Demande-dacompte-autre-que-la-premiere.pdf\">une demande d&#8217;acompte autre que la premi\u00e8re<\/a><\/li>\n<li><a href=\"https:\/\/grandslacs-voiemaritime.com\/wp-content\/uploads\/2025\/04\/143-F-Certificat-provisoire-dachevement.pdf\">un certificat provisoire d&#8217;ach\u00e8vement<\/a><\/li>\n<li><a href=\"https:\/\/grandslacs-voiemaritime.com\/wp-content\/uploads\/2025\/04\/144-F-Certificat-definitif-dachevement.pdf\">un certificat d\u00e9finitif d&#8217;ach\u00e8vement<\/a><\/li>\n<li><a href=\"https:\/\/grandslacs-voiemaritime.com\/wp-content\/uploads\/2025\/04\/145-F-Desistement-decoulant-dun-contrat.pdf\">un d\u00e9sistement de toutes r\u00e9clamations d\u00e9coulant d&#8217;un contrat<\/a><\/li>\n<\/ul>\n<h3>Commande de construction<\/h3>\n<ul>\n<li><a href=\"https:\/\/grandslacs-voiemaritime.com\/wp-content\/uploads\/2023\/06\/po_conditions_fr.pdf\">Modalit\u00e9s et conditions pour commandes de construction<\/a><\/li>\n<li><a href=\"https:\/\/grandslacs-voiemaritime.com\/wp-content\/uploads\/2023\/04\/gen_specifications_fr.pdf\">Devis A-2 (G\u00e9n\u00e9ralit\u00e9s)<\/a><\/li>\n<li><a href=\"https:\/\/grandslacs-voiemaritime.com\/wp-content\/uploads\/2019\/10\/SafetyForContractors_fr.pdf\">Exigences de la CGVMSL en mati\u00e8re de s\u00e9curit\u00e9 pour les entrepreneurs<\/a><\/li>\n<\/ul>\n<h3>Contrat de consultation et services professionnels<\/h3>\n<ul>\n<li><a href=\"https:\/\/grandslacs-voiemaritime.com\/wp-content\/uploads\/2025\/03\/gen_conditions_services_fr.pdf\">Conditions g\u00e9n\u00e9rales \u2013 Services<\/a><\/li>\n<\/ul>\n<h3>Contrat d&#8217;achat<\/h3>\n<ul>\n<li><a href=\"https:\/\/grandslacs-voiemaritime.com\/wp-content\/uploads\/2023\/06\/gen_conditions_procure_fr.pdf\">Conditions g\u00e9n\u00e9rales &#8211; Contrat d&#8217;achat<\/a><\/li>\n<\/ul>\n<h3>Bon de commande<\/h3>\n<ul>\n<li><a href=\"https:\/\/grandslacs-voiemaritime.com\/wp-content\/uploads\/2025\/07\/po_terms_and_conditions_fr.pdf\">Termes et conditions &#8211; Bon de commande<\/a><\/li>\n<\/ul>\n<h3>Services technologiques<\/h3>\n<ul>\n<li><a href=\"https:\/\/grandslacs-voiemaritime.com\/wp-content\/uploads\/2025\/03\/gen_conditions_services_fr.pdf\">Conditions g\u00e9n\u00e9rales \u2013 Services<\/a><\/li>\n<li><a href=\"https:\/\/grandslacs-voiemaritime.com\/wp-content\/uploads\/2022\/11\/Data_Protection_Conditions_fr.pdf\">Conditions de protection des donn\u00e9es<\/a><\/li>\n<li><a href=\"https:\/\/grandslacs-voiemaritime.com\/wp-content\/uploads\/2022\/11\/Business_Continuity_Disaster_Recovery_fr.pdf\">Continuit\u00e9 des activit\u00e9s et reprise apr\u00e8s sinistre<\/a><\/li>\n<\/ul>\n<h3>Assurances<\/h3>\n<ul>\n<li style=\"list-style-type: none;\">\n<ul>\n<li><strong><a href=\"https:\/\/grandslacs-voiemaritime.com\/wp-content\/uploads\/2025\/11\/insur_conditions_fr.pdf\">Conditions d\u2019assurance (publi\u00e9 2025-11-04)<\/a><\/strong><\/li>\n<li><a href=\"https:\/\/grandslacs-voiemaritime.com\/wp-content\/uploads\/2025\/11\/insur_conditions_fr_old.pdf\">Conditions d\u2019assurance <\/a>(r\u00e9vis\u00e9 2025-11-04)<\/li>\n<li><a href=\"https:\/\/grandslacs-voiemaritime.com\/wp-content\/uploads\/2025\/11\/Additional_insur_conditions_fr_old.pdf\">Conditions d\u2019assurance additionnelles <\/a>(r\u00e9vis\u00e9 2025-11-04)<\/li>\n<\/ul>\n<\/li>\n<\/ul>\n<h3><a href=\"https:\/\/grandslacs-voiemaritime.com\/fr\/a-propos\/corporation-de-gestion-de-la-voie-maritime-du-saint-laurent\/procurement-fr\/chaines-dapprovisionnement\/\"><strong>L<\/strong><strong>a lutte contre le travail forc\u00e9 et<\/strong> <strong>loi sur le travail des enfants dans les cha\u00eenes d&#8217;approvisionnement<\/strong><\/a><\/h3>\n","protected":false},"excerpt":{"rendered":"<p>Qualification Code de conduite des fournisseurs Demande de qualification d&#8217;un contractant Demande de qualification d&#8217;un contractant en TI\/SI Formulaire d\u2019adh\u00e9sion pour transfert de fonds \u00e9lectronique Contrat de construction Conditions g\u00e9n\u00e9rales &#8211; Contrat de construction Devis A-2 (G\u00e9n\u00e9ralit\u00e9s) Conditions de garantie du contrat (Cautionnements) Exigences de la CGVMSL en mati\u00e8re de s\u00e9curit\u00e9 pour les entrepreneurs D\u00e9clarations<\/p>\n","protected":false},"author":5,"featured_media":0,"parent":5256,"menu_order":0,"comment_status":"closed","ping_status":"closed","template":"","meta":{"_acf_changed":false,"_lmt_disableupdate":"no","_lmt_disable":"","footnotes":""},"class_list":["post-5268","page","type-page","status-publish","hentry"],"acf":[],"yoast_head":"<!-- This site is optimized with the Yoast SEO plugin v27.3 - https:\/\/yoast.com\/product\/yoast-seo-wordpress\/ -->\n<title>CGVMSL Approvisionnement - La Corporation de Gestion de la Voie Maritime du Saint-Laurent<\/title>\n<meta name=\"description\" content=\"Qualification Code de conduite des fournisseurs Demande de qualification d&#039;un contractant Demande de qualification d&#039;un contractant en TI\/SI Formulaire\" \/>\n<meta name=\"robots\" content=\"index, follow, max-snippet:-1, max-image-preview:large, max-video-preview:-1\" \/>\n<link rel=\"canonical\" href=\"https:\/\/grandslacs-voiemaritime.com\/fr\/a-propos\/corporation-de-gestion-de-la-voie-maritime-du-saint-laurent\/procurement-fr\/\" \/>\n<meta property=\"og:locale\" content=\"fr_FR\" \/>\n<meta property=\"og:type\" content=\"article\" \/>\n<meta property=\"og:title\" content=\"CGVMSL Approvisionnement - La Corporation de Gestion de la Voie Maritime du Saint-Laurent\" \/>\n<meta property=\"og:description\" content=\"Qualification Code de conduite des fournisseurs Demande de qualification d&#039;un contractant Demande de qualification d&#039;un contractant en TI\/SI Formulaire\" \/>\n<meta property=\"og:url\" content=\"https:\/\/grandslacs-voiemaritime.com\/fr\/a-propos\/corporation-de-gestion-de-la-voie-maritime-du-saint-laurent\/procurement-fr\/\" \/>\n<meta property=\"og:site_name\" content=\"La Corporation de Gestion de la Voie Maritime du Saint-Laurent\" \/>\n<meta property=\"article:modified_time\" content=\"2025-11-18T20:05:51+00:00\" \/>\n<meta property=\"og:image\" content=\"https:\/\/grandslacs-voiemaritime.com\/wp-content\/uploads\/2022\/01\/slsmc_log200.jpg\" \/>\n\t<meta property=\"og:image:width\" content=\"240\" \/>\n\t<meta property=\"og:image:height\" content=\"242\" \/>\n\t<meta property=\"og:image:type\" content=\"image\/jpeg\" \/>\n<meta name=\"twitter:card\" content=\"summary_large_image\" \/>\n<meta name=\"twitter:image\" content=\"https:\/\/grandslacs-voiemaritime.com\/wp-content\/uploads\/2022\/01\/slsmc_log200.jpg\" \/>\n<meta name=\"twitter:label1\" content=\"Dur\u00e9e de lecture estim\u00e9e\" \/>\n\t<meta name=\"twitter:data1\" content=\"1 minute\" \/>\n<script type=\"application\/ld+json\" class=\"yoast-schema-graph\">{\"@context\":\"https:\\\/\\\/schema.org\",\"@graph\":[{\"@type\":\"WebPage\",\"@id\":\"https:\\\/\\\/grandslacs-voiemaritime.com\\\/fr\\\/a-propos\\\/corporation-de-gestion-de-la-voie-maritime-du-saint-laurent\\\/procurement-fr\\\/\",\"url\":\"https:\\\/\\\/grandslacs-voiemaritime.com\\\/fr\\\/a-propos\\\/corporation-de-gestion-de-la-voie-maritime-du-saint-laurent\\\/procurement-fr\\\/\",\"name\":\"CGVMSL Approvisionnement - La Corporation de Gestion de la Voie Maritime du Saint-Laurent\",\"isPartOf\":{\"@id\":\"https:\\\/\\\/grandslacs-voiemaritime.com\\\/fr\\\/#website\"},\"datePublished\":\"2019-09-16T20:24:45+00:00\",\"dateModified\":\"2025-11-18T20:05:51+00:00\",\"description\":\"Qualification Code de conduite des fournisseurs Demande de qualification d'un contractant Demande de qualification d'un contractant en TI\\\/SI Formulaire\",\"breadcrumb\":{\"@id\":\"https:\\\/\\\/grandslacs-voiemaritime.com\\\/fr\\\/a-propos\\\/corporation-de-gestion-de-la-voie-maritime-du-saint-laurent\\\/procurement-fr\\\/#breadcrumb\"},\"inLanguage\":\"fr-FR\",\"potentialAction\":[{\"@type\":\"ReadAction\",\"target\":[\"https:\\\/\\\/grandslacs-voiemaritime.com\\\/fr\\\/a-propos\\\/corporation-de-gestion-de-la-voie-maritime-du-saint-laurent\\\/procurement-fr\\\/\"]}]},{\"@type\":\"BreadcrumbList\",\"@id\":\"https:\\\/\\\/grandslacs-voiemaritime.com\\\/fr\\\/a-propos\\\/corporation-de-gestion-de-la-voie-maritime-du-saint-laurent\\\/procurement-fr\\\/#breadcrumb\",\"itemListElement\":[{\"@type\":\"ListItem\",\"position\":1,\"name\":\"Home\",\"item\":\"https:\\\/\\\/grandslacs-voiemaritime.com\\\/fr\\\/\"},{\"@type\":\"ListItem\",\"position\":2,\"name\":\"\u00c0 propos\",\"item\":\"https:\\\/\\\/grandslacs-voiemaritime.com\\\/fr\\\/a-propos\\\/\"},{\"@type\":\"ListItem\",\"position\":3,\"name\":\"Corporation de Gestion de la Voie Maritime du Saint-Laurent\",\"item\":\"https:\\\/\\\/grandslacs-voiemaritime.com\\\/fr\\\/a-propos\\\/corporation-de-gestion-de-la-voie-maritime-du-saint-laurent\\\/\"},{\"@type\":\"ListItem\",\"position\":4,\"name\":\"CGVMSL Approvisionnement\"}]},{\"@type\":\"WebSite\",\"@id\":\"https:\\\/\\\/grandslacs-voiemaritime.com\\\/fr\\\/#website\",\"url\":\"https:\\\/\\\/grandslacs-voiemaritime.com\\\/fr\\\/\",\"name\":\"Great Lakes St. Lawrence Seaway System\",\"description\":\"\",\"publisher\":{\"@id\":\"https:\\\/\\\/grandslacs-voiemaritime.com\\\/fr\\\/#organization\"},\"potentialAction\":[{\"@type\":\"SearchAction\",\"target\":{\"@type\":\"EntryPoint\",\"urlTemplate\":\"https:\\\/\\\/grandslacs-voiemaritime.com\\\/fr\\\/?s={search_term_string}\"},\"query-input\":{\"@type\":\"PropertyValueSpecification\",\"valueRequired\":true,\"valueName\":\"search_term_string\"}}],\"inLanguage\":\"fr-FR\"},{\"@type\":\"Organization\",\"@id\":\"https:\\\/\\\/grandslacs-voiemaritime.com\\\/fr\\\/#organization\",\"name\":\"Great Lakes St. Lawrence Seaway System\",\"url\":\"https:\\\/\\\/grandslacs-voiemaritime.com\\\/fr\\\/\",\"logo\":{\"@type\":\"ImageObject\",\"inLanguage\":\"fr-FR\",\"@id\":\"https:\\\/\\\/grandslacs-voiemaritime.com\\\/fr\\\/#\\\/schema\\\/logo\\\/image\\\/\",\"url\":\"https:\\\/\\\/grandslacs-voiemaritime.com\\\/wp-content\\\/uploads\\\/2020\\\/06\\\/800x230-logo-en.png\",\"contentUrl\":\"https:\\\/\\\/grandslacs-voiemaritime.com\\\/wp-content\\\/uploads\\\/2020\\\/06\\\/800x230-logo-en.png\",\"width\":800,\"height\":230,\"caption\":\"Great Lakes St. Lawrence Seaway System\"},\"image\":{\"@id\":\"https:\\\/\\\/grandslacs-voiemaritime.com\\\/fr\\\/#\\\/schema\\\/logo\\\/image\\\/\"}}]}<\/script>\n<!-- \/ Yoast SEO plugin. -->","yoast_head_json":{"title":"CGVMSL Approvisionnement - La Corporation de Gestion de la Voie Maritime du Saint-Laurent","description":"Qualification Code de conduite des fournisseurs Demande de qualification d'un contractant Demande de qualification d'un contractant en TI\/SI Formulaire","robots":{"index":"index","follow":"follow","max-snippet":"max-snippet:-1","max-image-preview":"max-image-preview:large","max-video-preview":"max-video-preview:-1"},"canonical":"https:\/\/grandslacs-voiemaritime.com\/fr\/a-propos\/corporation-de-gestion-de-la-voie-maritime-du-saint-laurent\/procurement-fr\/","og_locale":"fr_FR","og_type":"article","og_title":"CGVMSL Approvisionnement - La Corporation de Gestion de la Voie Maritime du Saint-Laurent","og_description":"Qualification Code de conduite des fournisseurs Demande de qualification d'un contractant Demande de qualification d'un contractant en TI\/SI Formulaire","og_url":"https:\/\/grandslacs-voiemaritime.com\/fr\/a-propos\/corporation-de-gestion-de-la-voie-maritime-du-saint-laurent\/procurement-fr\/","og_site_name":"La Corporation de Gestion de la Voie Maritime du Saint-Laurent","article_modified_time":"2025-11-18T20:05:51+00:00","og_image":[{"width":240,"height":242,"url":"https:\/\/grandslacs-voiemaritime.com\/wp-content\/uploads\/2022\/01\/slsmc_log200.jpg","type":"image\/jpeg"}],"twitter_card":"summary_large_image","twitter_image":"https:\/\/grandslacs-voiemaritime.com\/wp-content\/uploads\/2022\/01\/slsmc_log200.jpg","twitter_misc":{"Dur\u00e9e de lecture estim\u00e9e":"1 minute"},"schema":{"@context":"https:\/\/schema.org","@graph":[{"@type":"WebPage","@id":"https:\/\/grandslacs-voiemaritime.com\/fr\/a-propos\/corporation-de-gestion-de-la-voie-maritime-du-saint-laurent\/procurement-fr\/","url":"https:\/\/grandslacs-voiemaritime.com\/fr\/a-propos\/corporation-de-gestion-de-la-voie-maritime-du-saint-laurent\/procurement-fr\/","name":"CGVMSL Approvisionnement - La Corporation de Gestion de la Voie Maritime du Saint-Laurent","isPartOf":{"@id":"https:\/\/grandslacs-voiemaritime.com\/fr\/#website"},"datePublished":"2019-09-16T20:24:45+00:00","dateModified":"2025-11-18T20:05:51+00:00","description":"Qualification Code de conduite des fournisseurs Demande de qualification d'un contractant Demande de qualification d'un contractant en TI\/SI Formulaire","breadcrumb":{"@id":"https:\/\/grandslacs-voiemaritime.com\/fr\/a-propos\/corporation-de-gestion-de-la-voie-maritime-du-saint-laurent\/procurement-fr\/#breadcrumb"},"inLanguage":"fr-FR","potentialAction":[{"@type":"ReadAction","target":["https:\/\/grandslacs-voiemaritime.com\/fr\/a-propos\/corporation-de-gestion-de-la-voie-maritime-du-saint-laurent\/procurement-fr\/"]}]},{"@type":"BreadcrumbList","@id":"https:\/\/grandslacs-voiemaritime.com\/fr\/a-propos\/corporation-de-gestion-de-la-voie-maritime-du-saint-laurent\/procurement-fr\/#breadcrumb","itemListElement":[{"@type":"ListItem","position":1,"name":"Home","item":"https:\/\/grandslacs-voiemaritime.com\/fr\/"},{"@type":"ListItem","position":2,"name":"\u00c0 propos","item":"https:\/\/grandslacs-voiemaritime.com\/fr\/a-propos\/"},{"@type":"ListItem","position":3,"name":"Corporation de Gestion de la Voie Maritime du Saint-Laurent","item":"https:\/\/grandslacs-voiemaritime.com\/fr\/a-propos\/corporation-de-gestion-de-la-voie-maritime-du-saint-laurent\/"},{"@type":"ListItem","position":4,"name":"CGVMSL Approvisionnement"}]},{"@type":"WebSite","@id":"https:\/\/grandslacs-voiemaritime.com\/fr\/#website","url":"https:\/\/grandslacs-voiemaritime.com\/fr\/","name":"Great Lakes St. Lawrence Seaway System","description":"","publisher":{"@id":"https:\/\/grandslacs-voiemaritime.com\/fr\/#organization"},"potentialAction":[{"@type":"SearchAction","target":{"@type":"EntryPoint","urlTemplate":"https:\/\/grandslacs-voiemaritime.com\/fr\/?s={search_term_string}"},"query-input":{"@type":"PropertyValueSpecification","valueRequired":true,"valueName":"search_term_string"}}],"inLanguage":"fr-FR"},{"@type":"Organization","@id":"https:\/\/grandslacs-voiemaritime.com\/fr\/#organization","name":"Great Lakes St. Lawrence Seaway System","url":"https:\/\/grandslacs-voiemaritime.com\/fr\/","logo":{"@type":"ImageObject","inLanguage":"fr-FR","@id":"https:\/\/grandslacs-voiemaritime.com\/fr\/#\/schema\/logo\/image\/","url":"https:\/\/grandslacs-voiemaritime.com\/wp-content\/uploads\/2020\/06\/800x230-logo-en.png","contentUrl":"https:\/\/grandslacs-voiemaritime.com\/wp-content\/uploads\/2020\/06\/800x230-logo-en.png","width":800,"height":230,"caption":"Great Lakes St. Lawrence Seaway System"},"image":{"@id":"https:\/\/grandslacs-voiemaritime.com\/fr\/#\/schema\/logo\/image\/"}}]}},"_links":{"self":[{"href":"https:\/\/grandslacs-voiemaritime.com\/fr\/wp-json\/wp\/v2\/pages\/5268","targetHints":{"allow":["GET"]}}],"collection":[{"href":"https:\/\/grandslacs-voiemaritime.com\/fr\/wp-json\/wp\/v2\/pages"}],"about":[{"href":"https:\/\/grandslacs-voiemaritime.com\/fr\/wp-json\/wp\/v2\/types\/page"}],"author":[{"embeddable":true,"href":"https:\/\/grandslacs-voiemaritime.com\/fr\/wp-json\/wp\/v2\/users\/5"}],"replies":[{"embeddable":true,"href":"https:\/\/grandslacs-voiemaritime.com\/fr\/wp-json\/wp\/v2\/comments?post=5268"}],"version-history":[{"count":0,"href":"https:\/\/grandslacs-voiemaritime.com\/fr\/wp-json\/wp\/v2\/pages\/5268\/revisions"}],"up":[{"embeddable":true,"href":"https:\/\/grandslacs-voiemaritime.com\/fr\/wp-json\/wp\/v2\/pages\/5256"}],"wp:attachment":[{"href":"https:\/\/grandslacs-voiemaritime.com\/fr\/wp-json\/wp\/v2\/media?parent=5268"}],"curies":[{"name":"wp","href":"https:\/\/api.w.org\/{rel}","templated":true}]}}