{"id":5286,"date":"2019-09-19T12:58:45","date_gmt":"2019-09-19T12:58:45","guid":{"rendered":"http:\/\/grandslacs-voiemaritime.com\/commercial-shipping-fr\/seaway-security\/"},"modified":"2025-06-10T12:25:13","modified_gmt":"2025-06-10T17:25:13","slug":"securite-de-la-voie-maritime","status":"publish","type":"page","link":"https:\/\/grandslacs-voiemaritime.com\/fr\/navigation-commerciale\/securite-de-la-voie-maritime\/","title":{"rendered":"S\u00fbret\u00e9 de la Voie maritime"},"content":{"rendered":"<h3>Vid\u00e9os<\/h3>\n<div style=\"padding: 30.25% 0 0 0; position: relative;\"><iframe style=\"position: absolute; top: 0; left: 0; width: 100%; height: 100%;\" title=\"Acc\u00e9der \u00e0 une \u00e9cluse par le SAS ou le tourniquet\" src=\"https:\/\/player.vimeo.com\/video\/1092165652?badge=0&amp;autopause=0&amp;player_id=0&amp;app_id=58479\" frameborder=\"0\"><\/iframe><\/div>\n<p><script src=\"https:\/\/player.vimeo.com\/api\/player.js\"><\/script><\/p>\n<h3>Formulaires<\/h3>\n<ul>\n<li>D\u00e9claration de s\u00fbret\u00e9\u00a0<a href=\"https:\/\/grandslacs-voiemaritime.com\/wp-content\/uploads\/2020\/04\/dos_form_fr.doc\">(MS Word)<\/a>\u00a0<a href=\"https:\/\/grandslacs-voiemaritime.com\/wp-content\/uploads\/2020\/04\/dos_form_fr.pdf\">(PDF)<\/a><\/li>\n<li>D\u00e9claration de s\u00fbret\u00e9 &#8211; instructions\u00a0<a href=\"https:\/\/grandslacs-voiemaritime.com\/wp-content\/uploads\/2020\/04\/dos_inst_fr.doc\">(MS Word)<\/a>\u00a0<a href=\"https:\/\/grandslacs-voiemaritime.com\/wp-content\/uploads\/2020\/04\/dos_inst_fr.pdf\">(PDF)<\/a><\/li>\n<li>Demande d&#8217;interface (Livraison, embarquement et d\u00e9barquement) pour les usag\u00e9s de la r\u00e9gion Maisonneuve <a href=\"https:\/\/grandslacs-voiemaritime.com\/wp-content\/uploads\/2020\/04\/Demande_dinterface-Interface_Request.pdf\">(PDF)<\/a><\/li>\n<li>Exon\u00e9ration et d\u00e9charge &#8211; stationnement &#8211; r\u00e9gion Maisonneuve\u00a0<a href=\"https:\/\/grandslacs-voiemaritime.com\/wp-content\/uploads\/2019\/11\/park_mai_fr_p4.pdf\">(PDF)<\/a><\/li>\n<li>Exon\u00e9ration et d\u00e9charge &#8211; stationnement &#8211; r\u00e9gion Niagara\u00a0<a href=\"https:\/\/grandslacs-voiemaritime.com\/wp-content\/uploads\/2019\/11\/park_niag_fr_p5.pdf\">(PDF)<\/a><\/li>\n<\/ul>\n","protected":false},"excerpt":{"rendered":"<p>Vid\u00e9os Formulaires D\u00e9claration de s\u00fbret\u00e9\u00a0(MS Word)\u00a0(PDF) D\u00e9claration de s\u00fbret\u00e9 &#8211; instructions\u00a0(MS Word)\u00a0(PDF) Demande d&#8217;interface (Livraison, embarquement et d\u00e9barquement) pour les usag\u00e9s de la r\u00e9gion Maisonneuve (PDF) Exon\u00e9ration et d\u00e9charge &#8211; stationnement &#8211; r\u00e9gion Maisonneuve\u00a0(PDF) Exon\u00e9ration et d\u00e9charge &#8211; stationnement &#8211; r\u00e9gion Niagara\u00a0(PDF)<\/p>\n","protected":false},"author":5,"featured_media":0,"parent":5270,"menu_order":0,"comment_status":"closed","ping_status":"closed","template":"","meta":{"_acf_changed":false,"_lmt_disableupdate":"no","_lmt_disable":"","footnotes":""},"class_list":["post-5286","page","type-page","status-publish","hentry"],"acf":[],"yoast_head":"<!-- This site is optimized with the Yoast SEO plugin v27.4 - https:\/\/yoast.com\/product\/yoast-seo-wordpress\/ -->\n<title>S\u00fbret\u00e9 de la Voie maritime - La Corporation de Gestion de la Voie Maritime du Saint-Laurent<\/title>\n<meta name=\"description\" content=\"Vid\u00e9os Formulaires D\u00e9claration de s\u00fbret\u00e9\u00a0(MS Word)\u00a0(PDF) D\u00e9claration de s\u00fbret\u00e9 - instructions\u00a0(MS Word)\u00a0(PDF) Demande d&#039;interface (Livraison, embarquement\" \/>\n<meta name=\"robots\" content=\"index, follow, max-snippet:-1, max-image-preview:large, max-video-preview:-1\" \/>\n<link rel=\"canonical\" href=\"https:\/\/grandslacs-voiemaritime.com\/fr\/navigation-commerciale\/securite-de-la-voie-maritime\/\" \/>\n<meta property=\"og:locale\" content=\"fr_FR\" \/>\n<meta property=\"og:type\" content=\"article\" \/>\n<meta property=\"og:title\" content=\"S\u00fbret\u00e9 de la Voie maritime - La Corporation de Gestion de la Voie Maritime du Saint-Laurent\" \/>\n<meta property=\"og:description\" content=\"Vid\u00e9os Formulaires D\u00e9claration de s\u00fbret\u00e9\u00a0(MS Word)\u00a0(PDF) D\u00e9claration de s\u00fbret\u00e9 - instructions\u00a0(MS Word)\u00a0(PDF) Demande d&#039;interface (Livraison, embarquement\" \/>\n<meta property=\"og:url\" content=\"https:\/\/grandslacs-voiemaritime.com\/fr\/navigation-commerciale\/securite-de-la-voie-maritime\/\" \/>\n<meta property=\"og:site_name\" content=\"La Corporation de Gestion de la Voie Maritime du Saint-Laurent\" \/>\n<meta property=\"article:modified_time\" content=\"2025-06-10T17:25:13+00:00\" \/>\n<meta property=\"og:image\" content=\"https:\/\/grandslacs-voiemaritime.com\/wp-content\/uploads\/2022\/01\/300x300-logo-en.png\" \/>\n\t<meta property=\"og:image:width\" content=\"334\" \/>\n\t<meta property=\"og:image:height\" content=\"330\" \/>\n\t<meta property=\"og:image:type\" content=\"image\/png\" \/>\n<meta name=\"twitter:card\" content=\"summary_large_image\" \/>\n<meta name=\"twitter:label1\" content=\"Dur\u00e9e de lecture estim\u00e9e\" \/>\n\t<meta name=\"twitter:data1\" content=\"1 minute\" \/>\n<script type=\"application\/ld+json\" class=\"yoast-schema-graph\">{\"@context\":\"https:\\\/\\\/schema.org\",\"@graph\":[{\"@type\":\"WebPage\",\"@id\":\"https:\\\/\\\/grandslacs-voiemaritime.com\\\/fr\\\/navigation-commerciale\\\/securite-de-la-voie-maritime\\\/\",\"url\":\"https:\\\/\\\/grandslacs-voiemaritime.com\\\/fr\\\/navigation-commerciale\\\/securite-de-la-voie-maritime\\\/\",\"name\":\"S\u00fbret\u00e9 de la Voie maritime - La Corporation de Gestion de la Voie Maritime du Saint-Laurent\",\"isPartOf\":{\"@id\":\"https:\\\/\\\/slsmcsite.wpengine.com\\\/en\\\/#website\"},\"datePublished\":\"2019-09-19T12:58:45+00:00\",\"dateModified\":\"2025-06-10T17:25:13+00:00\",\"description\":\"Vid\u00e9os Formulaires D\u00e9claration de s\u00fbret\u00e9\u00a0(MS Word)\u00a0(PDF) D\u00e9claration de s\u00fbret\u00e9 - instructions\u00a0(MS Word)\u00a0(PDF) Demande d'interface (Livraison, embarquement\",\"breadcrumb\":{\"@id\":\"https:\\\/\\\/grandslacs-voiemaritime.com\\\/fr\\\/navigation-commerciale\\\/securite-de-la-voie-maritime\\\/#breadcrumb\"},\"inLanguage\":\"fr-FR\",\"potentialAction\":[{\"@type\":\"ReadAction\",\"target\":[\"https:\\\/\\\/grandslacs-voiemaritime.com\\\/fr\\\/navigation-commerciale\\\/securite-de-la-voie-maritime\\\/\"]}]},{\"@type\":\"BreadcrumbList\",\"@id\":\"https:\\\/\\\/grandslacs-voiemaritime.com\\\/fr\\\/navigation-commerciale\\\/securite-de-la-voie-maritime\\\/#breadcrumb\",\"itemListElement\":[{\"@type\":\"ListItem\",\"position\":1,\"name\":\"Home\",\"item\":\"https:\\\/\\\/grandslacs-voiemaritime.com\\\/fr\\\/\"},{\"@type\":\"ListItem\",\"position\":2,\"name\":\"Navigation commerciale\",\"item\":\"https:\\\/\\\/grandslacs-voiemaritime.com\\\/fr\\\/navigation-commerciale\\\/\"},{\"@type\":\"ListItem\",\"position\":3,\"name\":\"S\u00fbret\u00e9 de la Voie maritime\"}]},{\"@type\":\"WebSite\",\"@id\":\"https:\\\/\\\/slsmcsite.wpengine.com\\\/en\\\/#website\",\"url\":\"https:\\\/\\\/slsmcsite.wpengine.com\\\/en\\\/\",\"name\":\"Great Lakes St. Lawrence Seaway System\",\"description\":\"\",\"publisher\":{\"@id\":\"https:\\\/\\\/slsmcsite.wpengine.com\\\/en\\\/#organization\"},\"potentialAction\":[{\"@type\":\"SearchAction\",\"target\":{\"@type\":\"EntryPoint\",\"urlTemplate\":\"https:\\\/\\\/slsmcsite.wpengine.com\\\/en\\\/?s={search_term_string}\"},\"query-input\":{\"@type\":\"PropertyValueSpecification\",\"valueRequired\":true,\"valueName\":\"search_term_string\"}}],\"inLanguage\":\"fr-FR\"},{\"@type\":\"Organization\",\"@id\":\"https:\\\/\\\/slsmcsite.wpengine.com\\\/en\\\/#organization\",\"name\":\"Great Lakes St. Lawrence Seaway System\",\"url\":\"https:\\\/\\\/slsmcsite.wpengine.com\\\/en\\\/\",\"logo\":{\"@type\":\"ImageObject\",\"inLanguage\":\"fr-FR\",\"@id\":\"https:\\\/\\\/slsmcsite.wpengine.com\\\/en\\\/#\\\/schema\\\/logo\\\/image\\\/\",\"url\":\"https:\\\/\\\/grandslacs-voiemaritime.com\\\/wp-content\\\/uploads\\\/2020\\\/06\\\/800x230-logo-en.png\",\"contentUrl\":\"https:\\\/\\\/grandslacs-voiemaritime.com\\\/wp-content\\\/uploads\\\/2020\\\/06\\\/800x230-logo-en.png\",\"width\":800,\"height\":230,\"caption\":\"Great Lakes St. Lawrence Seaway System\"},\"image\":{\"@id\":\"https:\\\/\\\/slsmcsite.wpengine.com\\\/en\\\/#\\\/schema\\\/logo\\\/image\\\/\"}}]}<\/script>\n<!-- \/ Yoast SEO plugin. -->","yoast_head_json":{"title":"S\u00fbret\u00e9 de la Voie maritime - La Corporation de Gestion de la Voie Maritime du Saint-Laurent","description":"Vid\u00e9os Formulaires D\u00e9claration de s\u00fbret\u00e9\u00a0(MS Word)\u00a0(PDF) D\u00e9claration de s\u00fbret\u00e9 - instructions\u00a0(MS Word)\u00a0(PDF) Demande d'interface (Livraison, embarquement","robots":{"index":"index","follow":"follow","max-snippet":"max-snippet:-1","max-image-preview":"max-image-preview:large","max-video-preview":"max-video-preview:-1"},"canonical":"https:\/\/grandslacs-voiemaritime.com\/fr\/navigation-commerciale\/securite-de-la-voie-maritime\/","og_locale":"fr_FR","og_type":"article","og_title":"S\u00fbret\u00e9 de la Voie maritime - La Corporation de Gestion de la Voie Maritime du Saint-Laurent","og_description":"Vid\u00e9os Formulaires D\u00e9claration de s\u00fbret\u00e9\u00a0(MS Word)\u00a0(PDF) D\u00e9claration de s\u00fbret\u00e9 - instructions\u00a0(MS Word)\u00a0(PDF) Demande d'interface (Livraison, embarquement","og_url":"https:\/\/grandslacs-voiemaritime.com\/fr\/navigation-commerciale\/securite-de-la-voie-maritime\/","og_site_name":"La Corporation de Gestion de la Voie Maritime du Saint-Laurent","article_modified_time":"2025-06-10T17:25:13+00:00","og_image":[{"width":334,"height":330,"url":"https:\/\/grandslacs-voiemaritime.com\/wp-content\/uploads\/2022\/01\/300x300-logo-en.png","type":"image\/png"}],"twitter_card":"summary_large_image","twitter_misc":{"Dur\u00e9e de lecture estim\u00e9e":"1 minute"},"schema":{"@context":"https:\/\/schema.org","@graph":[{"@type":"WebPage","@id":"https:\/\/grandslacs-voiemaritime.com\/fr\/navigation-commerciale\/securite-de-la-voie-maritime\/","url":"https:\/\/grandslacs-voiemaritime.com\/fr\/navigation-commerciale\/securite-de-la-voie-maritime\/","name":"S\u00fbret\u00e9 de la Voie maritime - La Corporation de Gestion de la Voie Maritime du Saint-Laurent","isPartOf":{"@id":"https:\/\/slsmcsite.wpengine.com\/en\/#website"},"datePublished":"2019-09-19T12:58:45+00:00","dateModified":"2025-06-10T17:25:13+00:00","description":"Vid\u00e9os Formulaires D\u00e9claration de s\u00fbret\u00e9\u00a0(MS Word)\u00a0(PDF) D\u00e9claration de s\u00fbret\u00e9 - instructions\u00a0(MS Word)\u00a0(PDF) Demande d'interface (Livraison, embarquement","breadcrumb":{"@id":"https:\/\/grandslacs-voiemaritime.com\/fr\/navigation-commerciale\/securite-de-la-voie-maritime\/#breadcrumb"},"inLanguage":"fr-FR","potentialAction":[{"@type":"ReadAction","target":["https:\/\/grandslacs-voiemaritime.com\/fr\/navigation-commerciale\/securite-de-la-voie-maritime\/"]}]},{"@type":"BreadcrumbList","@id":"https:\/\/grandslacs-voiemaritime.com\/fr\/navigation-commerciale\/securite-de-la-voie-maritime\/#breadcrumb","itemListElement":[{"@type":"ListItem","position":1,"name":"Home","item":"https:\/\/grandslacs-voiemaritime.com\/fr\/"},{"@type":"ListItem","position":2,"name":"Navigation commerciale","item":"https:\/\/grandslacs-voiemaritime.com\/fr\/navigation-commerciale\/"},{"@type":"ListItem","position":3,"name":"S\u00fbret\u00e9 de la Voie maritime"}]},{"@type":"WebSite","@id":"https:\/\/slsmcsite.wpengine.com\/en\/#website","url":"https:\/\/slsmcsite.wpengine.com\/en\/","name":"Great Lakes St. Lawrence Seaway System","description":"","publisher":{"@id":"https:\/\/slsmcsite.wpengine.com\/en\/#organization"},"potentialAction":[{"@type":"SearchAction","target":{"@type":"EntryPoint","urlTemplate":"https:\/\/slsmcsite.wpengine.com\/en\/?s={search_term_string}"},"query-input":{"@type":"PropertyValueSpecification","valueRequired":true,"valueName":"search_term_string"}}],"inLanguage":"fr-FR"},{"@type":"Organization","@id":"https:\/\/slsmcsite.wpengine.com\/en\/#organization","name":"Great Lakes St. Lawrence Seaway System","url":"https:\/\/slsmcsite.wpengine.com\/en\/","logo":{"@type":"ImageObject","inLanguage":"fr-FR","@id":"https:\/\/slsmcsite.wpengine.com\/en\/#\/schema\/logo\/image\/","url":"https:\/\/grandslacs-voiemaritime.com\/wp-content\/uploads\/2020\/06\/800x230-logo-en.png","contentUrl":"https:\/\/grandslacs-voiemaritime.com\/wp-content\/uploads\/2020\/06\/800x230-logo-en.png","width":800,"height":230,"caption":"Great Lakes St. Lawrence Seaway System"},"image":{"@id":"https:\/\/slsmcsite.wpengine.com\/en\/#\/schema\/logo\/image\/"}}]}},"_links":{"self":[{"href":"https:\/\/grandslacs-voiemaritime.com\/fr\/wp-json\/wp\/v2\/pages\/5286","targetHints":{"allow":["GET"]}}],"collection":[{"href":"https:\/\/grandslacs-voiemaritime.com\/fr\/wp-json\/wp\/v2\/pages"}],"about":[{"href":"https:\/\/grandslacs-voiemaritime.com\/fr\/wp-json\/wp\/v2\/types\/page"}],"author":[{"embeddable":true,"href":"https:\/\/grandslacs-voiemaritime.com\/fr\/wp-json\/wp\/v2\/users\/5"}],"replies":[{"embeddable":true,"href":"https:\/\/grandslacs-voiemaritime.com\/fr\/wp-json\/wp\/v2\/comments?post=5286"}],"version-history":[{"count":0,"href":"https:\/\/grandslacs-voiemaritime.com\/fr\/wp-json\/wp\/v2\/pages\/5286\/revisions"}],"up":[{"embeddable":true,"href":"https:\/\/grandslacs-voiemaritime.com\/fr\/wp-json\/wp\/v2\/pages\/5270"}],"wp:attachment":[{"href":"https:\/\/grandslacs-voiemaritime.com\/fr\/wp-json\/wp\/v2\/media?parent=5286"}],"curies":[{"name":"wp","href":"https:\/\/api.w.org\/{rel}","templated":true}]}}