{"id":5292,"date":"2019-09-19T12:59:22","date_gmt":"2019-09-19T12:59:22","guid":{"rendered":"http:\/\/grandslacs-voiemaritime.com\/commercial-shipping-fr\/tolls-schedule\/"},"modified":"2026-02-09T09:55:59","modified_gmt":"2026-02-09T14:55:59","slug":"tarif-des-peages","status":"publish","type":"page","link":"https:\/\/grandslacs-voiemaritime.com\/fr\/navigation-commerciale\/tarif-des-peages\/","title":{"rendered":"Tarif des droits"},"content":{"rendered":"<p>Pour en savoir davantage sur les divers programmes incitatifs et les \u00e9conomies qu\u2019ils engendrent, veuillez consulter la page web des\u00a0 <a href=\"https:\/\/grandslacs-voiemaritime.com\/fr\/navigation-commerciale\/programmes-incitatifs\/\">programmes incitatifs<\/a>.<\/p>\n<p>Pour plus d\u2019information, veuillez consulter la page web\u00a0 <a href=\"https:\/\/grandslacs-voiemaritime.com\/wp-content\/uploads\/2026\/02\/Tarif_des_droits_2026.pdf\">Tarif des droits de la Voie maritime du Saint-Laurent<\/a> ou \u00e9crire \u00e0 l\u2019adresse courriel suivante: <a href=\"mailto:tarif@voiemaritime.ca?subject=\">tarif@voiemaritime.ca<\/a>.<\/p>\n<h3><strong>Tarif des droits de la Voie maritime 2026<\/strong><\/h3>\n<p><em>(Prix sont en $CAD par tonne m\u00e9trique \u00e0 moins d&#8217;indication contraire &#8211; des taxes peuvent s&#8217;appliquer)<\/em><\/p>\n<table style=\"width: 100%;\" border=\"0\" width=\"100%\" cellspacing=\"0\" cellpadding=\"5\">\n<tbody>\n<tr style=\"background-color: #f0f0f0;\">\n<td width=\"60%\"><span style=\"color: #000000;\"><strong>Frais de TJBE<\/strong><\/span><\/td>\n<td width=\"20%\"><span style=\"color: #000000;\"><strong>MLO<\/strong><\/span><\/td>\n<td width=\"20%\"><span style=\"color: #000000;\"><strong>Welland<\/strong><\/span><\/td>\n<\/tr>\n<tr>\n<td>Navires charg\u00e9s ou sur lest (excluant les navires de passagers)<\/td>\n<td>\u00a00,1344 $<\/td>\n<td>\u00a00,2150 $<\/td>\n<\/tr>\n<tr>\n<td>Navires de Passagers<\/td>\n<td>\u00a00,4032 $<\/td>\n<td>\u00a00,6450 $<\/td>\n<\/tr>\n<tr>\n<td><\/td>\n<td><\/td>\n<td><\/td>\n<\/tr>\n<tr style=\"background-color: #f0f0f0;\">\n<td width=\"60%\"><span style=\"color: #000000;\"><strong>P\u00e9ages sur les cargaisons<\/strong><\/span><\/td>\n<td width=\"20%\"><span style=\"color: #000000;\"><strong>MLO<\/strong><\/span><\/td>\n<td width=\"20%\"><span style=\"color: #000000;\"><strong>Welland<\/strong><\/span><\/td>\n<\/tr>\n<tr>\n<td>Cargaison en vrac<\/td>\n<td>\u00a01,3933 $<\/td>\n<td>\u00a00,9510 $<\/td>\n<\/tr>\n<tr>\n<td>C\u00e9r\u00e9ale<\/td>\n<td>\u00a00,8560 $<\/td>\n<td>\u00a00,9510 $<\/td>\n<\/tr>\n<tr>\n<td>Charbon<\/td>\n<td>\u00a00,8560 $<\/td>\n<td>\u00a00,9510 $<\/td>\n<\/tr>\n<tr>\n<td>Cargaison g\u00e9n\u00e9rale<\/td>\n<td>\u00a03,3572 $<\/td>\n<td>\u00a01,5220 $<\/td>\n<\/tr>\n<tr>\n<td>Cargaison g\u00e9n\u00e9rale domestique<\/td>\n<td>\u00a01,3933 $<\/td>\n<td>\u00a00,9510 $<\/td>\n<\/tr>\n<tr>\n<td>Brames d&#8217;acier<\/td>\n<td>\u00a03,0384 $<\/td>\n<td>\u00a01,0896 $<\/td>\n<\/tr>\n<tr>\n<td>Cargaison conteneuris\u00e9e<\/td>\n<td>\u00a01,3933 $<\/td>\n<td>\u00a00,9510 $<\/td>\n<\/tr>\n<tr>\n<td>Aide gouvernementale<\/td>\n<td>S\/O<\/td>\n<td>S\/O<\/td>\n<\/tr>\n<tr>\n<td><\/td>\n<td><\/td>\n<td><\/td>\n<\/tr>\n<tr style=\"background-color: #f0f0f0;\">\n<td width=\"60%\"><span style=\"color: #000000;\"> <strong>Frais d\u2019\u00e9clusage (par TJBE)<\/strong><\/span><\/td>\n<td width=\"20%\"><span style=\"color: #000000;\"> <strong>MLO<\/strong><\/span><\/td>\n<td width=\"20%\"><span style=\"color: #000000;\"> <strong>Welland<\/strong><\/span><\/td>\n<\/tr>\n<tr>\n<td>Navires de cargaison ou de passager charg\u00e9s ou sur lest<\/td>\n<td>S\/O<\/td>\n<td>\u00a00,3582 $<\/td>\n<\/tr>\n<tr>\n<td>\u00a0 Maximum par navire<\/td>\n<td>S\/O<\/td>\n<td>5 011,00 $<\/td>\n<\/tr>\n<tr>\n<td><\/td>\n<td><\/td>\n<td><\/td>\n<\/tr>\n<tr style=\"background-color: #f0f0f0;\">\n<td width=\"60%\"><span style=\"color: #000000;\"> <strong>Transits partiels<\/strong><\/span><\/td>\n<td width=\"20%\"><span style=\"color: #000000;\"> <strong>MLO<\/strong><\/span><\/td>\n<td width=\"20%\"><span style=\"color: #000000;\"> <strong>Welland<\/strong><\/span><\/td>\n<\/tr>\n<tr>\n<td>Frais applicables (TJBE, cargaisons et \u00e9clusage) au prorata des \u00e9cluses transit\u00e9es<\/td>\n<td>20%<\/td>\n<td>13%<\/td>\n<\/tr>\n<tr>\n<td><\/td>\n<td><\/td>\n<td><\/td>\n<\/tr>\n<tr style=\"background-color: #f0f0f0;\">\n<td width=\"60%\"><span style=\"color: #000000;\"> <strong>Frais minimums<\/strong><\/span><\/td>\n<td width=\"20%\"><span style=\"color: #000000;\"> <strong>MLO<\/strong><\/span><\/td>\n<td width=\"20%\"><span style=\"color: #000000;\"> <strong>Welland<\/strong><\/span><\/td>\n<\/tr>\n<tr>\n<td>Par navire par \u00e9cluse transit\u00e9e pour le transit complet ou partiel de la Voie maritime<\/td>\n<td>34,78 $<\/td>\n<td>34,78 $<\/td>\n<\/tr>\n<tr>\n<td><\/td>\n<td><\/td>\n<td><\/td>\n<\/tr>\n<tr style=\"background-color: #f0f0f0;\">\n<td width=\"20%\"><span style=\"color: #000000;\"> <strong>Programmes incitatifs<\/strong><\/span><\/td>\n<td width=\"20%\"><span style=\"color: #000000;\"> <strong>MLO<\/strong><\/span><\/td>\n<td width=\"20%\"><span style=\"color: #000000;\"> <strong>Welland<\/strong><\/span><\/td>\n<\/tr>\n<tr>\n<td>Incitatif de nouvelles affaires<\/td>\n<td>20%<\/td>\n<td>20%<\/td>\n<\/tr>\n<tr>\n<td>Incitatif de rabais de volume<\/td>\n<td>10%<\/td>\n<td>10%<\/td>\n<\/tr>\n<tr>\n<td>Incitatif de service<\/td>\n<td>20%<\/td>\n<td>20%<\/td>\n<\/tr>\n<\/tbody>\n<\/table>\n","protected":false},"excerpt":{"rendered":"<p>Pour en savoir davantage sur les divers programmes incitatifs et les \u00e9conomies qu\u2019ils engendrent, veuillez consulter la page web des\u00a0 programmes incitatifs. Pour plus d\u2019information, veuillez consulter la page web\u00a0 Tarif des droits de la Voie maritime du Saint-Laurent ou \u00e9crire \u00e0 l\u2019adresse courriel suivante: tarif@voiemaritime.ca. Tarif des droits de la Voie maritime 2026 (Prix<\/p>\n","protected":false},"author":5,"featured_media":0,"parent":5270,"menu_order":0,"comment_status":"closed","ping_status":"closed","template":"","meta":{"_acf_changed":false,"_lmt_disableupdate":"no","_lmt_disable":"","footnotes":""},"class_list":["post-5292","page","type-page","status-publish","hentry"],"acf":[],"yoast_head":"<!-- This site is optimized with the Yoast SEO plugin v27.4 - https:\/\/yoast.com\/product\/yoast-seo-wordpress\/ -->\n<title>Tarif des droits - La Corporation de Gestion de la Voie Maritime du Saint-Laurent<\/title>\n<meta name=\"description\" content=\"Pour en savoir davantage sur les divers programmes incitatifs et les \u00e9conomies qu\u2019ils engendrent, veuillez consulter la page web des\u00a0 programmes\" \/>\n<meta name=\"robots\" content=\"index, follow, max-snippet:-1, max-image-preview:large, max-video-preview:-1\" \/>\n<link rel=\"canonical\" href=\"https:\/\/grandslacs-voiemaritime.com\/fr\/navigation-commerciale\/tarif-des-peages\/\" \/>\n<meta property=\"og:locale\" content=\"fr_FR\" \/>\n<meta property=\"og:type\" content=\"article\" \/>\n<meta property=\"og:title\" content=\"Tarif des droits - La Corporation de Gestion de la Voie Maritime du Saint-Laurent\" \/>\n<meta property=\"og:description\" content=\"Pour en savoir davantage sur les divers programmes incitatifs et les \u00e9conomies qu\u2019ils engendrent, veuillez consulter la page web des\u00a0 programmes\" \/>\n<meta property=\"og:url\" content=\"https:\/\/grandslacs-voiemaritime.com\/fr\/navigation-commerciale\/tarif-des-peages\/\" \/>\n<meta property=\"og:site_name\" content=\"La Corporation de Gestion de la Voie Maritime du Saint-Laurent\" \/>\n<meta property=\"article:modified_time\" content=\"2026-02-09T14:55:59+00:00\" \/>\n<meta property=\"og:image\" content=\"https:\/\/grandslacs-voiemaritime.com\/wp-content\/uploads\/2022\/01\/300x300-logo-en.png\" \/>\n\t<meta property=\"og:image:width\" content=\"334\" \/>\n\t<meta property=\"og:image:height\" content=\"330\" \/>\n\t<meta property=\"og:image:type\" content=\"image\/png\" \/>\n<meta name=\"twitter:card\" content=\"summary_large_image\" \/>\n<meta name=\"twitter:label1\" content=\"Dur\u00e9e de lecture estim\u00e9e\" \/>\n\t<meta name=\"twitter:data1\" content=\"2 minutes\" \/>\n<script type=\"application\/ld+json\" class=\"yoast-schema-graph\">{\"@context\":\"https:\\\/\\\/schema.org\",\"@graph\":[{\"@type\":\"WebPage\",\"@id\":\"https:\\\/\\\/grandslacs-voiemaritime.com\\\/fr\\\/navigation-commerciale\\\/tarif-des-peages\\\/\",\"url\":\"https:\\\/\\\/grandslacs-voiemaritime.com\\\/fr\\\/navigation-commerciale\\\/tarif-des-peages\\\/\",\"name\":\"Tarif des droits - La Corporation de Gestion de la Voie Maritime du Saint-Laurent\",\"isPartOf\":{\"@id\":\"https:\\\/\\\/grandslacs-voiemaritime.com\\\/fr\\\/#website\"},\"datePublished\":\"2019-09-19T12:59:22+00:00\",\"dateModified\":\"2026-02-09T14:55:59+00:00\",\"description\":\"Pour en savoir davantage sur les divers programmes incitatifs et les \u00e9conomies qu\u2019ils engendrent, veuillez consulter la page web des\u00a0 programmes\",\"breadcrumb\":{\"@id\":\"https:\\\/\\\/grandslacs-voiemaritime.com\\\/fr\\\/navigation-commerciale\\\/tarif-des-peages\\\/#breadcrumb\"},\"inLanguage\":\"fr-FR\",\"potentialAction\":[{\"@type\":\"ReadAction\",\"target\":[\"https:\\\/\\\/grandslacs-voiemaritime.com\\\/fr\\\/navigation-commerciale\\\/tarif-des-peages\\\/\"]}]},{\"@type\":\"BreadcrumbList\",\"@id\":\"https:\\\/\\\/grandslacs-voiemaritime.com\\\/fr\\\/navigation-commerciale\\\/tarif-des-peages\\\/#breadcrumb\",\"itemListElement\":[{\"@type\":\"ListItem\",\"position\":1,\"name\":\"Home\",\"item\":\"https:\\\/\\\/grandslacs-voiemaritime.com\\\/fr\\\/\"},{\"@type\":\"ListItem\",\"position\":2,\"name\":\"Navigation commerciale\",\"item\":\"https:\\\/\\\/grandslacs-voiemaritime.com\\\/fr\\\/navigation-commerciale\\\/\"},{\"@type\":\"ListItem\",\"position\":3,\"name\":\"Tarif des droits\"}]},{\"@type\":\"WebSite\",\"@id\":\"https:\\\/\\\/grandslacs-voiemaritime.com\\\/fr\\\/#website\",\"url\":\"https:\\\/\\\/grandslacs-voiemaritime.com\\\/fr\\\/\",\"name\":\"Great Lakes St. Lawrence Seaway System\",\"description\":\"\",\"publisher\":{\"@id\":\"https:\\\/\\\/grandslacs-voiemaritime.com\\\/fr\\\/#organization\"},\"potentialAction\":[{\"@type\":\"SearchAction\",\"target\":{\"@type\":\"EntryPoint\",\"urlTemplate\":\"https:\\\/\\\/grandslacs-voiemaritime.com\\\/fr\\\/?s={search_term_string}\"},\"query-input\":{\"@type\":\"PropertyValueSpecification\",\"valueRequired\":true,\"valueName\":\"search_term_string\"}}],\"inLanguage\":\"fr-FR\"},{\"@type\":\"Organization\",\"@id\":\"https:\\\/\\\/grandslacs-voiemaritime.com\\\/fr\\\/#organization\",\"name\":\"Great Lakes St. Lawrence Seaway System\",\"url\":\"https:\\\/\\\/grandslacs-voiemaritime.com\\\/fr\\\/\",\"logo\":{\"@type\":\"ImageObject\",\"inLanguage\":\"fr-FR\",\"@id\":\"https:\\\/\\\/grandslacs-voiemaritime.com\\\/fr\\\/#\\\/schema\\\/logo\\\/image\\\/\",\"url\":\"https:\\\/\\\/grandslacs-voiemaritime.com\\\/wp-content\\\/uploads\\\/2020\\\/06\\\/800x230-logo-en.png\",\"contentUrl\":\"https:\\\/\\\/grandslacs-voiemaritime.com\\\/wp-content\\\/uploads\\\/2020\\\/06\\\/800x230-logo-en.png\",\"width\":800,\"height\":230,\"caption\":\"Great Lakes St. Lawrence Seaway System\"},\"image\":{\"@id\":\"https:\\\/\\\/grandslacs-voiemaritime.com\\\/fr\\\/#\\\/schema\\\/logo\\\/image\\\/\"}}]}<\/script>\n<!-- \/ Yoast SEO plugin. -->","yoast_head_json":{"title":"Tarif des droits - La Corporation de Gestion de la Voie Maritime du Saint-Laurent","description":"Pour en savoir davantage sur les divers programmes incitatifs et les \u00e9conomies qu\u2019ils engendrent, veuillez consulter la page web des\u00a0 programmes","robots":{"index":"index","follow":"follow","max-snippet":"max-snippet:-1","max-image-preview":"max-image-preview:large","max-video-preview":"max-video-preview:-1"},"canonical":"https:\/\/grandslacs-voiemaritime.com\/fr\/navigation-commerciale\/tarif-des-peages\/","og_locale":"fr_FR","og_type":"article","og_title":"Tarif des droits - La Corporation de Gestion de la Voie Maritime du Saint-Laurent","og_description":"Pour en savoir davantage sur les divers programmes incitatifs et les \u00e9conomies qu\u2019ils engendrent, veuillez consulter la page web des\u00a0 programmes","og_url":"https:\/\/grandslacs-voiemaritime.com\/fr\/navigation-commerciale\/tarif-des-peages\/","og_site_name":"La Corporation de Gestion de la Voie Maritime du Saint-Laurent","article_modified_time":"2026-02-09T14:55:59+00:00","og_image":[{"width":334,"height":330,"url":"https:\/\/grandslacs-voiemaritime.com\/wp-content\/uploads\/2022\/01\/300x300-logo-en.png","type":"image\/png"}],"twitter_card":"summary_large_image","twitter_misc":{"Dur\u00e9e de lecture estim\u00e9e":"2 minutes"},"schema":{"@context":"https:\/\/schema.org","@graph":[{"@type":"WebPage","@id":"https:\/\/grandslacs-voiemaritime.com\/fr\/navigation-commerciale\/tarif-des-peages\/","url":"https:\/\/grandslacs-voiemaritime.com\/fr\/navigation-commerciale\/tarif-des-peages\/","name":"Tarif des droits - La Corporation de Gestion de la Voie Maritime du Saint-Laurent","isPartOf":{"@id":"https:\/\/grandslacs-voiemaritime.com\/fr\/#website"},"datePublished":"2019-09-19T12:59:22+00:00","dateModified":"2026-02-09T14:55:59+00:00","description":"Pour en savoir davantage sur les divers programmes incitatifs et les \u00e9conomies qu\u2019ils engendrent, veuillez consulter la page web des\u00a0 programmes","breadcrumb":{"@id":"https:\/\/grandslacs-voiemaritime.com\/fr\/navigation-commerciale\/tarif-des-peages\/#breadcrumb"},"inLanguage":"fr-FR","potentialAction":[{"@type":"ReadAction","target":["https:\/\/grandslacs-voiemaritime.com\/fr\/navigation-commerciale\/tarif-des-peages\/"]}]},{"@type":"BreadcrumbList","@id":"https:\/\/grandslacs-voiemaritime.com\/fr\/navigation-commerciale\/tarif-des-peages\/#breadcrumb","itemListElement":[{"@type":"ListItem","position":1,"name":"Home","item":"https:\/\/grandslacs-voiemaritime.com\/fr\/"},{"@type":"ListItem","position":2,"name":"Navigation commerciale","item":"https:\/\/grandslacs-voiemaritime.com\/fr\/navigation-commerciale\/"},{"@type":"ListItem","position":3,"name":"Tarif des droits"}]},{"@type":"WebSite","@id":"https:\/\/grandslacs-voiemaritime.com\/fr\/#website","url":"https:\/\/grandslacs-voiemaritime.com\/fr\/","name":"Great Lakes St. Lawrence Seaway System","description":"","publisher":{"@id":"https:\/\/grandslacs-voiemaritime.com\/fr\/#organization"},"potentialAction":[{"@type":"SearchAction","target":{"@type":"EntryPoint","urlTemplate":"https:\/\/grandslacs-voiemaritime.com\/fr\/?s={search_term_string}"},"query-input":{"@type":"PropertyValueSpecification","valueRequired":true,"valueName":"search_term_string"}}],"inLanguage":"fr-FR"},{"@type":"Organization","@id":"https:\/\/grandslacs-voiemaritime.com\/fr\/#organization","name":"Great Lakes St. Lawrence Seaway System","url":"https:\/\/grandslacs-voiemaritime.com\/fr\/","logo":{"@type":"ImageObject","inLanguage":"fr-FR","@id":"https:\/\/grandslacs-voiemaritime.com\/fr\/#\/schema\/logo\/image\/","url":"https:\/\/grandslacs-voiemaritime.com\/wp-content\/uploads\/2020\/06\/800x230-logo-en.png","contentUrl":"https:\/\/grandslacs-voiemaritime.com\/wp-content\/uploads\/2020\/06\/800x230-logo-en.png","width":800,"height":230,"caption":"Great Lakes St. Lawrence Seaway System"},"image":{"@id":"https:\/\/grandslacs-voiemaritime.com\/fr\/#\/schema\/logo\/image\/"}}]}},"_links":{"self":[{"href":"https:\/\/grandslacs-voiemaritime.com\/fr\/wp-json\/wp\/v2\/pages\/5292","targetHints":{"allow":["GET"]}}],"collection":[{"href":"https:\/\/grandslacs-voiemaritime.com\/fr\/wp-json\/wp\/v2\/pages"}],"about":[{"href":"https:\/\/grandslacs-voiemaritime.com\/fr\/wp-json\/wp\/v2\/types\/page"}],"author":[{"embeddable":true,"href":"https:\/\/grandslacs-voiemaritime.com\/fr\/wp-json\/wp\/v2\/users\/5"}],"replies":[{"embeddable":true,"href":"https:\/\/grandslacs-voiemaritime.com\/fr\/wp-json\/wp\/v2\/comments?post=5292"}],"version-history":[{"count":0,"href":"https:\/\/grandslacs-voiemaritime.com\/fr\/wp-json\/wp\/v2\/pages\/5292\/revisions"}],"up":[{"embeddable":true,"href":"https:\/\/grandslacs-voiemaritime.com\/fr\/wp-json\/wp\/v2\/pages\/5270"}],"wp:attachment":[{"href":"https:\/\/grandslacs-voiemaritime.com\/fr\/wp-json\/wp\/v2\/media?parent=5292"}],"curies":[{"name":"wp","href":"https:\/\/api.w.org\/{rel}","templated":true}]}}