{"id":5294,"date":"2019-09-19T12:56:08","date_gmt":"2019-09-19T12:56:08","guid":{"rendered":"http:\/\/grandslacs-voiemaritime.com\/commercial-shipping-fr\/transiting-the-seaway\/"},"modified":"2026-02-05T10:25:34","modified_gmt":"2026-02-05T15:25:34","slug":"transit-dans-la-voie-maritime","status":"publish","type":"page","link":"https:\/\/grandslacs-voiemaritime.com\/fr\/navigation-commerciale\/transit-dans-la-voie-maritime\/","title":{"rendered":"Transit dans la Voie maritime"},"content":{"rendered":"<h3>Ce que vous devez savoir<\/h3>\n<p><span style=\"font-size: 10pt;\">Les textes provenant d\u2019organismes qui ne sont pas assujettis \u00e0 la\u00a0<em>Loi sur les langues officielles<\/em>\u00a0sont mis \u00e0 la disposition du public dans la langue d\u2019origine.<\/span><\/p>\n<p>La liste de contr\u00f4le suivante vous indiquera rapidement quelles mesures vous devez prendre pour transiter dans la Voie maritime du Saint-Laurent.<\/p>\n<p>La liste n\u2019est pas exhaustive; il est utile de\u00a0<a href=\"http:\/\/www.harborhouse.com\/digital\/systemdirectory.htm\" target=\"_blank\" rel=\"noopener noreferrer\">consulter un agent maritime<\/a> pour s\u2019assurer de satisfaire \u00e0 toutes les exigences. (Veuillez noter que le fait de figurer dans cette liste ne signifie PAS qu\u2019un \u00e9l\u00e9ment est ent\u00e9rin\u00e9 par la Corporation de Gestion de la Voie Maritime du Saint-Laurent ou la Great Lakes St. Lawrence Seaway Development Corporation).<\/p>\n<h4>\u00c9tapes<\/h4>\n<ol>\n<li><strong>Passer en revue le\u00a0<a href=\"https:\/\/grandslacs-voiemaritime.com\/fr\/navigation-commerciale\/manuel-de-la-voie-maritime\/\">Manuel de la Voie maritime<\/a><\/strong><br \/>\nPartie I Conditions relatives aux navires (conformit\u00e9)<br \/>\nPartie II Cong\u00e9 pr\u00e9alable et garantie du paiement des droits<br \/>\nPartie III Navigation dans la Voie maritime<br \/>\nPartie IV Radiocommunications<br \/>\nPartie V Cargaisons dangereuses<\/li>\n<li>Si votre navire n\u2019est pas conforme aux exigences des Pratiques et proc\u00e9dures de la Voie maritime indiqu\u00e9es \u00e0 la partie\u00a0I du Manuel, communiquez avec la Corporation de Gestion de la Voie Maritime du Saint-Laurent pour demander un\u00a0<a href=\"https:\/\/grandslacs-voiemaritime.com\/fr\/navigation-commerciale\/transit-dans-la-voie-maritime\/plans-de-navires\/\">examen gratuit des dessins du navire<\/a>. Cet examen d\u00e9terminera quelles modifications seraient n\u00e9cessaires, le cas \u00e9ch\u00e9ant, pour assurer la conformit\u00e9 du navire aux exigences de la Voie maritime. Ce service gratuit est offert pour tous les navires nouveaux ou existants.<\/li>\n<li>Passez en revue tous les\u00a0<a href=\"https:\/\/grandslacs-voiemaritime.com\/fr\/nouvelles-et-information\/avis\/\">avis de la Voie maritime et avis aux navigateurs<\/a>\u00a0diffus\u00e9s dans la saison de navigation en cours. Les indications donn\u00e9es dans ces avis compl\u00e8tent les exigences du Manuel de la Voie maritime, et elles doivent \u00eatre respect\u00e9es.<\/li>\n<li>Les navires non \u00e9quip\u00e9s de b\u00f4mes de d\u00e9barquement (ou qui ne veulent pas utiliser leurs propres b\u00f4mes de d\u00e9barquement) doivent prendre des dispositions avec un fournisseur de service pour un amarrage au mur d&#8217;approche avant de commencer leur transit dans la Voie maritime.<\/li>\n<li>Les navires doivent observer la\u00a0<a href=\"https:\/\/grandslacs-voiemaritime.com\/fr\/navigation-commerciale\/transit-dans-la-voie-maritime\/eau-de-ballast\/\">r\u00e9glementation sur l\u2019eau de ballast<\/a>\u00a0de Transports Canada, de la Garde c\u00f4ti\u00e8re am\u00e9ricaine et de la Voie maritime.<\/li>\n<li>Les navires doivent \u00eatre dot\u00e9s d\u2019un appareil SIA pouvant transmettre et recevoir un signal DGPS (voir les d\u00e9tails dans le\u00a0<a href=\"https:\/\/grandslacs-voiemaritime.com\/fr\/navigation-commerciale\/manuel-de-la-voie-maritime\/\">Manuel de la Voie maritime)<\/a>.<\/li>\n<li>Chaque navire sera soumis, avant son premier transit de chaque saison de navigation dans la Voie maritime, \u00e0 une inspection commune de la Voie maritime et \u00e0 une inspection de l\u2019eau de ballast. Ces inspections sont effectu\u00e9es 24\u00a0heures par jour, sept jours par semaine. Des frais d\u2019inspection peuvent \u00eatre applicables (communiquez avec un agent pour de plus amples renseignements au besoin).<\/li>\n<li>Les navires doivent avoir \u00e0 bord toutes les cartes de navigation et toutes les publications canadiennes et am\u00e9ricaines pertinentes au voyage pr\u00e9vu, et ce, avant d\u2019entrer dans la Voie maritime (communiquez avec un agent pour de plus amples renseignements au besoin).<\/li>\n<li>Les navires doivent respecter le tirant d\u2019eau prescrit par la Voie maritime. L\u2019information n\u00e9cessaire peut \u00eatre obtenue dans les\u00a0<a href=\"https:\/\/grandslacs-voiemaritime.com\/fr\/nouvelles-et-information\/avis\/\">avis<\/a>\u00a0pertinents diffus\u00e9s dans la saison de navigation en cours.<\/li>\n<li>Les navires sont soumis au pilotage obligatoire (pour de plus amples renseignements, consultez un\u00a0<a href=\"http:\/\/www.harborhouse.com\/digital\/systemdirectory.htm\" target=\"_blank\" rel=\"noopener noreferrer\">agent<\/a>\u00a0ou les\u00a0<a href=\"https:\/\/grandslacs-voiemaritime.com\/fr\/navigation-commerciale\/transit-dans-la-voie-maritime\/pilotage\/\">administrations de pilotage<\/a>).<\/li>\n<\/ol>\n<hr \/>\n<p>Vous envisagez d&#8217;exp\u00e9dier des marchandises en utilisant notre r\u00e9seau? Consultez\u00a0<a title=\"www.auth2o.com\" href=\"http:\/\/www.auth2o.com\/\" target=\"_blank\" rel=\"noopener noreferrer\">www.auth2o.com<\/a>\u00a0pour de plus amples renseignements.<\/p>\n<h4>Bureaux de d\u00e9veloppement des affaires de la Voie maritime :<\/h4>\n<p><a href=\"mailto:marketing@voiemaritime.ca\">marketing@voiemaritime.ca<\/a><\/p>\n<p><img loading=\"lazy\" decoding=\"async\" class=\"alignnone size-full wp-image-532\" src=\"https:\/\/grandslacs-voiemaritime.com\/wp-content\/uploads\/2019\/09\/us_flag.gif\" alt=\"\" width=\"29\" height=\"15\" \/>\u00a0 Great Lakes St. Lawrence Seaway Development Corporation (\u00c9tats-Unis)<br \/>\nPeter Hirthe<br \/>\nDirectrice, Bureau du commerce et du d\u00e9veloppement \u00e9conomique<br \/>\n(202) 366-0091<\/p>\n<p><img loading=\"lazy\" decoding=\"async\" class=\"alignnone size-full wp-image-536\" src=\"https:\/\/grandslacs-voiemaritime.com\/wp-content\/uploads\/2019\/09\/can_flag.gif\" alt=\"\" width=\"30\" height=\"13\" \/>\u00a0 Corporation de Gestion de la Voie Maritime du Saint-Laurent (Canada)<br \/>\nKen Carey<br \/>\nDirecteur <span class=\"Y2IQFc\" lang=\"fr\">g\u00e9n\u00e9ral<\/span>, C<span class=\"Y2IQFc\" lang=\"fr\">ommercial<\/span><br \/>\n(905) 641-1343 ext. 5081<\/p>\n","protected":false},"excerpt":{"rendered":"<p>Ce que vous devez savoir Les textes provenant d\u2019organismes qui ne sont pas assujettis \u00e0 la\u00a0Loi sur les langues officielles\u00a0sont mis \u00e0 la disposition du public dans la langue d\u2019origine. La liste de contr\u00f4le suivante vous indiquera rapidement quelles mesures vous devez prendre pour transiter dans la Voie maritime du Saint-Laurent. La liste n\u2019est pas<\/p>\n","protected":false},"author":5,"featured_media":0,"parent":5270,"menu_order":0,"comment_status":"closed","ping_status":"closed","template":"","meta":{"_acf_changed":false,"_lmt_disableupdate":"no","_lmt_disable":"","footnotes":""},"class_list":["post-5294","page","type-page","status-publish","hentry"],"acf":[],"yoast_head":"<!-- This site is optimized with the Yoast SEO plugin v27.4 - https:\/\/yoast.com\/product\/yoast-seo-wordpress\/ -->\n<title>Transit dans la Voie maritime - La Corporation de Gestion de la Voie Maritime du Saint-Laurent<\/title>\n<meta name=\"description\" content=\"Ce que vous devez savoir Les textes provenant d\u2019organismes qui ne sont pas assujettis \u00e0 la\u00a0Loi sur les langues officielles\u00a0sont mis \u00e0 la disposition du\" \/>\n<meta name=\"robots\" content=\"index, follow, max-snippet:-1, max-image-preview:large, max-video-preview:-1\" \/>\n<link rel=\"canonical\" href=\"https:\/\/grandslacs-voiemaritime.com\/fr\/navigation-commerciale\/transit-dans-la-voie-maritime\/\" \/>\n<meta property=\"og:locale\" content=\"fr_FR\" \/>\n<meta property=\"og:type\" content=\"article\" \/>\n<meta property=\"og:title\" content=\"Transit dans la Voie maritime - La Corporation de Gestion de la Voie Maritime du Saint-Laurent\" \/>\n<meta property=\"og:description\" content=\"Ce que vous devez savoir Les textes provenant d\u2019organismes qui ne sont pas assujettis \u00e0 la\u00a0Loi sur les langues officielles\u00a0sont mis \u00e0 la disposition du\" \/>\n<meta property=\"og:url\" content=\"https:\/\/grandslacs-voiemaritime.com\/fr\/navigation-commerciale\/transit-dans-la-voie-maritime\/\" \/>\n<meta property=\"og:site_name\" content=\"La Corporation de Gestion de la Voie Maritime du Saint-Laurent\" \/>\n<meta property=\"article:modified_time\" content=\"2026-02-05T15:25:34+00:00\" \/>\n<meta property=\"og:image\" content=\"https:\/\/greatlakes-seaway.com\/wp-content\/uploads\/2019\/09\/us_flag.gif\" \/>\n<meta name=\"twitter:card\" content=\"summary_large_image\" \/>\n<meta name=\"twitter:label1\" content=\"Dur\u00e9e de lecture estim\u00e9e\" \/>\n\t<meta name=\"twitter:data1\" content=\"3 minutes\" \/>\n<script type=\"application\/ld+json\" class=\"yoast-schema-graph\">{\"@context\":\"https:\\\/\\\/schema.org\",\"@graph\":[{\"@type\":\"WebPage\",\"@id\":\"https:\\\/\\\/grandslacs-voiemaritime.com\\\/fr\\\/navigation-commerciale\\\/transit-dans-la-voie-maritime\\\/\",\"url\":\"https:\\\/\\\/grandslacs-voiemaritime.com\\\/fr\\\/navigation-commerciale\\\/transit-dans-la-voie-maritime\\\/\",\"name\":\"Transit dans la Voie maritime - La Corporation de Gestion de la Voie Maritime du Saint-Laurent\",\"isPartOf\":{\"@id\":\"https:\\\/\\\/slsmcsite.wpengine.com\\\/en\\\/#website\"},\"primaryImageOfPage\":{\"@id\":\"https:\\\/\\\/grandslacs-voiemaritime.com\\\/fr\\\/navigation-commerciale\\\/transit-dans-la-voie-maritime\\\/#primaryimage\"},\"image\":{\"@id\":\"https:\\\/\\\/grandslacs-voiemaritime.com\\\/fr\\\/navigation-commerciale\\\/transit-dans-la-voie-maritime\\\/#primaryimage\"},\"thumbnailUrl\":\"https:\\\/\\\/greatlakes-seaway.com\\\/wp-content\\\/uploads\\\/2019\\\/09\\\/us_flag.gif\",\"datePublished\":\"2019-09-19T12:56:08+00:00\",\"dateModified\":\"2026-02-05T15:25:34+00:00\",\"description\":\"Ce que vous devez savoir Les textes provenant d\u2019organismes qui ne sont pas assujettis \u00e0 la\u00a0Loi sur les langues officielles\u00a0sont mis \u00e0 la disposition du\",\"breadcrumb\":{\"@id\":\"https:\\\/\\\/grandslacs-voiemaritime.com\\\/fr\\\/navigation-commerciale\\\/transit-dans-la-voie-maritime\\\/#breadcrumb\"},\"inLanguage\":\"fr-FR\",\"potentialAction\":[{\"@type\":\"ReadAction\",\"target\":[\"https:\\\/\\\/grandslacs-voiemaritime.com\\\/fr\\\/navigation-commerciale\\\/transit-dans-la-voie-maritime\\\/\"]}]},{\"@type\":\"ImageObject\",\"inLanguage\":\"fr-FR\",\"@id\":\"https:\\\/\\\/grandslacs-voiemaritime.com\\\/fr\\\/navigation-commerciale\\\/transit-dans-la-voie-maritime\\\/#primaryimage\",\"url\":\"https:\\\/\\\/greatlakes-seaway.com\\\/wp-content\\\/uploads\\\/2019\\\/09\\\/us_flag.gif\",\"contentUrl\":\"https:\\\/\\\/greatlakes-seaway.com\\\/wp-content\\\/uploads\\\/2019\\\/09\\\/us_flag.gif\"},{\"@type\":\"BreadcrumbList\",\"@id\":\"https:\\\/\\\/grandslacs-voiemaritime.com\\\/fr\\\/navigation-commerciale\\\/transit-dans-la-voie-maritime\\\/#breadcrumb\",\"itemListElement\":[{\"@type\":\"ListItem\",\"position\":1,\"name\":\"Home\",\"item\":\"https:\\\/\\\/grandslacs-voiemaritime.com\\\/fr\\\/\"},{\"@type\":\"ListItem\",\"position\":2,\"name\":\"Navigation commerciale\",\"item\":\"https:\\\/\\\/grandslacs-voiemaritime.com\\\/fr\\\/navigation-commerciale\\\/\"},{\"@type\":\"ListItem\",\"position\":3,\"name\":\"Transit dans la Voie maritime\"}]},{\"@type\":\"WebSite\",\"@id\":\"https:\\\/\\\/slsmcsite.wpengine.com\\\/en\\\/#website\",\"url\":\"https:\\\/\\\/slsmcsite.wpengine.com\\\/en\\\/\",\"name\":\"Great Lakes St. Lawrence Seaway System\",\"description\":\"\",\"publisher\":{\"@id\":\"https:\\\/\\\/slsmcsite.wpengine.com\\\/en\\\/#organization\"},\"potentialAction\":[{\"@type\":\"SearchAction\",\"target\":{\"@type\":\"EntryPoint\",\"urlTemplate\":\"https:\\\/\\\/slsmcsite.wpengine.com\\\/en\\\/?s={search_term_string}\"},\"query-input\":{\"@type\":\"PropertyValueSpecification\",\"valueRequired\":true,\"valueName\":\"search_term_string\"}}],\"inLanguage\":\"fr-FR\"},{\"@type\":\"Organization\",\"@id\":\"https:\\\/\\\/slsmcsite.wpengine.com\\\/en\\\/#organization\",\"name\":\"Great Lakes St. Lawrence Seaway System\",\"url\":\"https:\\\/\\\/slsmcsite.wpengine.com\\\/en\\\/\",\"logo\":{\"@type\":\"ImageObject\",\"inLanguage\":\"fr-FR\",\"@id\":\"https:\\\/\\\/slsmcsite.wpengine.com\\\/en\\\/#\\\/schema\\\/logo\\\/image\\\/\",\"url\":\"https:\\\/\\\/grandslacs-voiemaritime.com\\\/wp-content\\\/uploads\\\/2020\\\/06\\\/800x230-logo-en.png\",\"contentUrl\":\"https:\\\/\\\/grandslacs-voiemaritime.com\\\/wp-content\\\/uploads\\\/2020\\\/06\\\/800x230-logo-en.png\",\"width\":800,\"height\":230,\"caption\":\"Great Lakes St. Lawrence Seaway System\"},\"image\":{\"@id\":\"https:\\\/\\\/slsmcsite.wpengine.com\\\/en\\\/#\\\/schema\\\/logo\\\/image\\\/\"}}]}<\/script>\n<!-- \/ Yoast SEO plugin. -->","yoast_head_json":{"title":"Transit dans la Voie maritime - La Corporation de Gestion de la Voie Maritime du Saint-Laurent","description":"Ce que vous devez savoir Les textes provenant d\u2019organismes qui ne sont pas assujettis \u00e0 la\u00a0Loi sur les langues officielles\u00a0sont mis \u00e0 la disposition du","robots":{"index":"index","follow":"follow","max-snippet":"max-snippet:-1","max-image-preview":"max-image-preview:large","max-video-preview":"max-video-preview:-1"},"canonical":"https:\/\/grandslacs-voiemaritime.com\/fr\/navigation-commerciale\/transit-dans-la-voie-maritime\/","og_locale":"fr_FR","og_type":"article","og_title":"Transit dans la Voie maritime - La Corporation de Gestion de la Voie Maritime du Saint-Laurent","og_description":"Ce que vous devez savoir Les textes provenant d\u2019organismes qui ne sont pas assujettis \u00e0 la\u00a0Loi sur les langues officielles\u00a0sont mis \u00e0 la disposition du","og_url":"https:\/\/grandslacs-voiemaritime.com\/fr\/navigation-commerciale\/transit-dans-la-voie-maritime\/","og_site_name":"La Corporation de Gestion de la Voie Maritime du Saint-Laurent","article_modified_time":"2026-02-05T15:25:34+00:00","og_image":[{"url":"https:\/\/greatlakes-seaway.com\/wp-content\/uploads\/2019\/09\/us_flag.gif","type":"","width":"","height":""}],"twitter_card":"summary_large_image","twitter_misc":{"Dur\u00e9e de lecture estim\u00e9e":"3 minutes"},"schema":{"@context":"https:\/\/schema.org","@graph":[{"@type":"WebPage","@id":"https:\/\/grandslacs-voiemaritime.com\/fr\/navigation-commerciale\/transit-dans-la-voie-maritime\/","url":"https:\/\/grandslacs-voiemaritime.com\/fr\/navigation-commerciale\/transit-dans-la-voie-maritime\/","name":"Transit dans la Voie maritime - La Corporation de Gestion de la Voie Maritime du Saint-Laurent","isPartOf":{"@id":"https:\/\/slsmcsite.wpengine.com\/en\/#website"},"primaryImageOfPage":{"@id":"https:\/\/grandslacs-voiemaritime.com\/fr\/navigation-commerciale\/transit-dans-la-voie-maritime\/#primaryimage"},"image":{"@id":"https:\/\/grandslacs-voiemaritime.com\/fr\/navigation-commerciale\/transit-dans-la-voie-maritime\/#primaryimage"},"thumbnailUrl":"https:\/\/greatlakes-seaway.com\/wp-content\/uploads\/2019\/09\/us_flag.gif","datePublished":"2019-09-19T12:56:08+00:00","dateModified":"2026-02-05T15:25:34+00:00","description":"Ce que vous devez savoir Les textes provenant d\u2019organismes qui ne sont pas assujettis \u00e0 la\u00a0Loi sur les langues officielles\u00a0sont mis \u00e0 la disposition du","breadcrumb":{"@id":"https:\/\/grandslacs-voiemaritime.com\/fr\/navigation-commerciale\/transit-dans-la-voie-maritime\/#breadcrumb"},"inLanguage":"fr-FR","potentialAction":[{"@type":"ReadAction","target":["https:\/\/grandslacs-voiemaritime.com\/fr\/navigation-commerciale\/transit-dans-la-voie-maritime\/"]}]},{"@type":"ImageObject","inLanguage":"fr-FR","@id":"https:\/\/grandslacs-voiemaritime.com\/fr\/navigation-commerciale\/transit-dans-la-voie-maritime\/#primaryimage","url":"https:\/\/greatlakes-seaway.com\/wp-content\/uploads\/2019\/09\/us_flag.gif","contentUrl":"https:\/\/greatlakes-seaway.com\/wp-content\/uploads\/2019\/09\/us_flag.gif"},{"@type":"BreadcrumbList","@id":"https:\/\/grandslacs-voiemaritime.com\/fr\/navigation-commerciale\/transit-dans-la-voie-maritime\/#breadcrumb","itemListElement":[{"@type":"ListItem","position":1,"name":"Home","item":"https:\/\/grandslacs-voiemaritime.com\/fr\/"},{"@type":"ListItem","position":2,"name":"Navigation commerciale","item":"https:\/\/grandslacs-voiemaritime.com\/fr\/navigation-commerciale\/"},{"@type":"ListItem","position":3,"name":"Transit dans la Voie maritime"}]},{"@type":"WebSite","@id":"https:\/\/slsmcsite.wpengine.com\/en\/#website","url":"https:\/\/slsmcsite.wpengine.com\/en\/","name":"Great Lakes St. Lawrence Seaway System","description":"","publisher":{"@id":"https:\/\/slsmcsite.wpengine.com\/en\/#organization"},"potentialAction":[{"@type":"SearchAction","target":{"@type":"EntryPoint","urlTemplate":"https:\/\/slsmcsite.wpengine.com\/en\/?s={search_term_string}"},"query-input":{"@type":"PropertyValueSpecification","valueRequired":true,"valueName":"search_term_string"}}],"inLanguage":"fr-FR"},{"@type":"Organization","@id":"https:\/\/slsmcsite.wpengine.com\/en\/#organization","name":"Great Lakes St. Lawrence Seaway System","url":"https:\/\/slsmcsite.wpengine.com\/en\/","logo":{"@type":"ImageObject","inLanguage":"fr-FR","@id":"https:\/\/slsmcsite.wpengine.com\/en\/#\/schema\/logo\/image\/","url":"https:\/\/grandslacs-voiemaritime.com\/wp-content\/uploads\/2020\/06\/800x230-logo-en.png","contentUrl":"https:\/\/grandslacs-voiemaritime.com\/wp-content\/uploads\/2020\/06\/800x230-logo-en.png","width":800,"height":230,"caption":"Great Lakes St. Lawrence Seaway System"},"image":{"@id":"https:\/\/slsmcsite.wpengine.com\/en\/#\/schema\/logo\/image\/"}}]}},"_links":{"self":[{"href":"https:\/\/grandslacs-voiemaritime.com\/fr\/wp-json\/wp\/v2\/pages\/5294","targetHints":{"allow":["GET"]}}],"collection":[{"href":"https:\/\/grandslacs-voiemaritime.com\/fr\/wp-json\/wp\/v2\/pages"}],"about":[{"href":"https:\/\/grandslacs-voiemaritime.com\/fr\/wp-json\/wp\/v2\/types\/page"}],"author":[{"embeddable":true,"href":"https:\/\/grandslacs-voiemaritime.com\/fr\/wp-json\/wp\/v2\/users\/5"}],"replies":[{"embeddable":true,"href":"https:\/\/grandslacs-voiemaritime.com\/fr\/wp-json\/wp\/v2\/comments?post=5294"}],"version-history":[{"count":0,"href":"https:\/\/grandslacs-voiemaritime.com\/fr\/wp-json\/wp\/v2\/pages\/5294\/revisions"}],"up":[{"embeddable":true,"href":"https:\/\/grandslacs-voiemaritime.com\/fr\/wp-json\/wp\/v2\/pages\/5270"}],"wp:attachment":[{"href":"https:\/\/grandslacs-voiemaritime.com\/fr\/wp-json\/wp\/v2\/media?parent=5294"}],"curies":[{"name":"wp","href":"https:\/\/api.w.org\/{rel}","templated":true}]}}