{"id":5310,"date":"2019-09-19T13:01:02","date_gmt":"2019-09-19T13:01:02","guid":{"rendered":"http:\/\/grandslacs-voiemaritime.com\/commercial-shipping-fr\/vessel-transit-information\/"},"modified":"2025-06-18T12:35:22","modified_gmt":"2025-06-18T17:35:22","slug":"information-sur-la-position-des-navires","status":"publish","type":"page","link":"https:\/\/grandslacs-voiemaritime.com\/fr\/navigation-commerciale\/information-sur-la-position-des-navires\/","title":{"rendered":"Information sur la position des navires"},"content":{"rendered":"<p>La saison de navigation de la Voie maritime s\u2019\u00e9tend habituellement de la fin mars \u00e0 la fin d\u00e9cembre. Par cons\u00e9quent, les rapports suivants indiquent seulement le trafic des navires dans cette p\u00e9riode.<\/p>\n<ul>\n<li><a href=\"https:\/\/seaway-greatlakes.com\/vessel-transit\" target=\"_blank\" rel=\"noopener noreferrer\">Information sur la position des navires<\/a><\/li>\n<\/ul>\n","protected":false},"excerpt":{"rendered":"<p>La saison de navigation de la Voie maritime s\u2019\u00e9tend habituellement de la fin mars \u00e0 la fin d\u00e9cembre. Par cons\u00e9quent, les rapports suivants indiquent seulement le trafic des navires dans cette p\u00e9riode. Information sur la position des navires<\/p>\n","protected":false},"author":5,"featured_media":0,"parent":5270,"menu_order":0,"comment_status":"closed","ping_status":"closed","template":"","meta":{"_acf_changed":false,"_lmt_disableupdate":"no","_lmt_disable":"","footnotes":""},"class_list":["post-5310","page","type-page","status-publish","hentry"],"acf":[],"yoast_head":"<!-- This site is optimized with the Yoast SEO plugin v27.4 - https:\/\/yoast.com\/product\/yoast-seo-wordpress\/ -->\n<title>Information sur la position des navires - La Corporation de Gestion de la Voie Maritime du Saint-Laurent<\/title>\n<meta name=\"description\" content=\"La saison de navigation de la Voie maritime s\u2019\u00e9tend habituellement de la fin mars \u00e0 la fin d\u00e9cembre. Par cons\u00e9quent, les rapports suivants indiquent\" \/>\n<meta name=\"robots\" content=\"index, follow, max-snippet:-1, max-image-preview:large, max-video-preview:-1\" \/>\n<link rel=\"canonical\" href=\"https:\/\/grandslacs-voiemaritime.com\/fr\/navigation-commerciale\/information-sur-la-position-des-navires\/\" \/>\n<meta property=\"og:locale\" content=\"fr_FR\" \/>\n<meta property=\"og:type\" content=\"article\" \/>\n<meta property=\"og:title\" content=\"Information sur la position des navires - La Corporation de Gestion de la Voie Maritime du Saint-Laurent\" \/>\n<meta property=\"og:description\" content=\"La saison de navigation de la Voie maritime s\u2019\u00e9tend habituellement de la fin mars \u00e0 la fin d\u00e9cembre. Par cons\u00e9quent, les rapports suivants indiquent\" \/>\n<meta property=\"og:url\" content=\"https:\/\/grandslacs-voiemaritime.com\/fr\/navigation-commerciale\/information-sur-la-position-des-navires\/\" \/>\n<meta property=\"og:site_name\" content=\"La Corporation de Gestion de la Voie Maritime du Saint-Laurent\" \/>\n<meta property=\"article:modified_time\" content=\"2025-06-18T17:35:22+00:00\" \/>\n<meta property=\"og:image\" content=\"https:\/\/grandslacs-voiemaritime.com\/wp-content\/uploads\/2022\/01\/300x300-logo-en.png\" \/>\n\t<meta property=\"og:image:width\" content=\"334\" \/>\n\t<meta property=\"og:image:height\" content=\"330\" \/>\n\t<meta property=\"og:image:type\" content=\"image\/png\" \/>\n<meta name=\"twitter:card\" content=\"summary_large_image\" \/>\n<meta name=\"twitter:label1\" content=\"Dur\u00e9e de lecture estim\u00e9e\" \/>\n\t<meta name=\"twitter:data1\" content=\"1 minute\" \/>\n<script type=\"application\/ld+json\" class=\"yoast-schema-graph\">{\"@context\":\"https:\\\/\\\/schema.org\",\"@graph\":[{\"@type\":\"WebPage\",\"@id\":\"https:\\\/\\\/grandslacs-voiemaritime.com\\\/fr\\\/navigation-commerciale\\\/information-sur-la-position-des-navires\\\/\",\"url\":\"https:\\\/\\\/grandslacs-voiemaritime.com\\\/fr\\\/navigation-commerciale\\\/information-sur-la-position-des-navires\\\/\",\"name\":\"Information sur la position des navires - La Corporation de Gestion de la Voie Maritime du Saint-Laurent\",\"isPartOf\":{\"@id\":\"https:\\\/\\\/grandslacs-voiemaritime.com\\\/fr\\\/#website\"},\"datePublished\":\"2019-09-19T13:01:02+00:00\",\"dateModified\":\"2025-06-18T17:35:22+00:00\",\"description\":\"La saison de navigation de la Voie maritime s\u2019\u00e9tend habituellement de la fin mars \u00e0 la fin d\u00e9cembre. Par cons\u00e9quent, les rapports suivants indiquent\",\"breadcrumb\":{\"@id\":\"https:\\\/\\\/grandslacs-voiemaritime.com\\\/fr\\\/navigation-commerciale\\\/information-sur-la-position-des-navires\\\/#breadcrumb\"},\"inLanguage\":\"fr-FR\",\"potentialAction\":[{\"@type\":\"ReadAction\",\"target\":[\"https:\\\/\\\/grandslacs-voiemaritime.com\\\/fr\\\/navigation-commerciale\\\/information-sur-la-position-des-navires\\\/\"]}]},{\"@type\":\"BreadcrumbList\",\"@id\":\"https:\\\/\\\/grandslacs-voiemaritime.com\\\/fr\\\/navigation-commerciale\\\/information-sur-la-position-des-navires\\\/#breadcrumb\",\"itemListElement\":[{\"@type\":\"ListItem\",\"position\":1,\"name\":\"Home\",\"item\":\"https:\\\/\\\/grandslacs-voiemaritime.com\\\/fr\\\/\"},{\"@type\":\"ListItem\",\"position\":2,\"name\":\"Navigation commerciale\",\"item\":\"https:\\\/\\\/grandslacs-voiemaritime.com\\\/fr\\\/navigation-commerciale\\\/\"},{\"@type\":\"ListItem\",\"position\":3,\"name\":\"Information sur la position des navires\"}]},{\"@type\":\"WebSite\",\"@id\":\"https:\\\/\\\/grandslacs-voiemaritime.com\\\/fr\\\/#website\",\"url\":\"https:\\\/\\\/grandslacs-voiemaritime.com\\\/fr\\\/\",\"name\":\"Great Lakes St. Lawrence Seaway System\",\"description\":\"\",\"publisher\":{\"@id\":\"https:\\\/\\\/grandslacs-voiemaritime.com\\\/fr\\\/#organization\"},\"potentialAction\":[{\"@type\":\"SearchAction\",\"target\":{\"@type\":\"EntryPoint\",\"urlTemplate\":\"https:\\\/\\\/grandslacs-voiemaritime.com\\\/fr\\\/?s={search_term_string}\"},\"query-input\":{\"@type\":\"PropertyValueSpecification\",\"valueRequired\":true,\"valueName\":\"search_term_string\"}}],\"inLanguage\":\"fr-FR\"},{\"@type\":\"Organization\",\"@id\":\"https:\\\/\\\/grandslacs-voiemaritime.com\\\/fr\\\/#organization\",\"name\":\"Great Lakes St. Lawrence Seaway System\",\"url\":\"https:\\\/\\\/grandslacs-voiemaritime.com\\\/fr\\\/\",\"logo\":{\"@type\":\"ImageObject\",\"inLanguage\":\"fr-FR\",\"@id\":\"https:\\\/\\\/grandslacs-voiemaritime.com\\\/fr\\\/#\\\/schema\\\/logo\\\/image\\\/\",\"url\":\"https:\\\/\\\/grandslacs-voiemaritime.com\\\/wp-content\\\/uploads\\\/2020\\\/06\\\/800x230-logo-en.png\",\"contentUrl\":\"https:\\\/\\\/grandslacs-voiemaritime.com\\\/wp-content\\\/uploads\\\/2020\\\/06\\\/800x230-logo-en.png\",\"width\":800,\"height\":230,\"caption\":\"Great Lakes St. Lawrence Seaway System\"},\"image\":{\"@id\":\"https:\\\/\\\/grandslacs-voiemaritime.com\\\/fr\\\/#\\\/schema\\\/logo\\\/image\\\/\"}}]}<\/script>\n<!-- \/ Yoast SEO plugin. -->","yoast_head_json":{"title":"Information sur la position des navires - La Corporation de Gestion de la Voie Maritime du Saint-Laurent","description":"La saison de navigation de la Voie maritime s\u2019\u00e9tend habituellement de la fin mars \u00e0 la fin d\u00e9cembre. Par cons\u00e9quent, les rapports suivants indiquent","robots":{"index":"index","follow":"follow","max-snippet":"max-snippet:-1","max-image-preview":"max-image-preview:large","max-video-preview":"max-video-preview:-1"},"canonical":"https:\/\/grandslacs-voiemaritime.com\/fr\/navigation-commerciale\/information-sur-la-position-des-navires\/","og_locale":"fr_FR","og_type":"article","og_title":"Information sur la position des navires - La Corporation de Gestion de la Voie Maritime du Saint-Laurent","og_description":"La saison de navigation de la Voie maritime s\u2019\u00e9tend habituellement de la fin mars \u00e0 la fin d\u00e9cembre. Par cons\u00e9quent, les rapports suivants indiquent","og_url":"https:\/\/grandslacs-voiemaritime.com\/fr\/navigation-commerciale\/information-sur-la-position-des-navires\/","og_site_name":"La Corporation de Gestion de la Voie Maritime du Saint-Laurent","article_modified_time":"2025-06-18T17:35:22+00:00","og_image":[{"width":334,"height":330,"url":"https:\/\/grandslacs-voiemaritime.com\/wp-content\/uploads\/2022\/01\/300x300-logo-en.png","type":"image\/png"}],"twitter_card":"summary_large_image","twitter_misc":{"Dur\u00e9e de lecture estim\u00e9e":"1 minute"},"schema":{"@context":"https:\/\/schema.org","@graph":[{"@type":"WebPage","@id":"https:\/\/grandslacs-voiemaritime.com\/fr\/navigation-commerciale\/information-sur-la-position-des-navires\/","url":"https:\/\/grandslacs-voiemaritime.com\/fr\/navigation-commerciale\/information-sur-la-position-des-navires\/","name":"Information sur la position des navires - La Corporation de Gestion de la Voie Maritime du Saint-Laurent","isPartOf":{"@id":"https:\/\/grandslacs-voiemaritime.com\/fr\/#website"},"datePublished":"2019-09-19T13:01:02+00:00","dateModified":"2025-06-18T17:35:22+00:00","description":"La saison de navigation de la Voie maritime s\u2019\u00e9tend habituellement de la fin mars \u00e0 la fin d\u00e9cembre. Par cons\u00e9quent, les rapports suivants indiquent","breadcrumb":{"@id":"https:\/\/grandslacs-voiemaritime.com\/fr\/navigation-commerciale\/information-sur-la-position-des-navires\/#breadcrumb"},"inLanguage":"fr-FR","potentialAction":[{"@type":"ReadAction","target":["https:\/\/grandslacs-voiemaritime.com\/fr\/navigation-commerciale\/information-sur-la-position-des-navires\/"]}]},{"@type":"BreadcrumbList","@id":"https:\/\/grandslacs-voiemaritime.com\/fr\/navigation-commerciale\/information-sur-la-position-des-navires\/#breadcrumb","itemListElement":[{"@type":"ListItem","position":1,"name":"Home","item":"https:\/\/grandslacs-voiemaritime.com\/fr\/"},{"@type":"ListItem","position":2,"name":"Navigation commerciale","item":"https:\/\/grandslacs-voiemaritime.com\/fr\/navigation-commerciale\/"},{"@type":"ListItem","position":3,"name":"Information sur la position des navires"}]},{"@type":"WebSite","@id":"https:\/\/grandslacs-voiemaritime.com\/fr\/#website","url":"https:\/\/grandslacs-voiemaritime.com\/fr\/","name":"Great Lakes St. Lawrence Seaway System","description":"","publisher":{"@id":"https:\/\/grandslacs-voiemaritime.com\/fr\/#organization"},"potentialAction":[{"@type":"SearchAction","target":{"@type":"EntryPoint","urlTemplate":"https:\/\/grandslacs-voiemaritime.com\/fr\/?s={search_term_string}"},"query-input":{"@type":"PropertyValueSpecification","valueRequired":true,"valueName":"search_term_string"}}],"inLanguage":"fr-FR"},{"@type":"Organization","@id":"https:\/\/grandslacs-voiemaritime.com\/fr\/#organization","name":"Great Lakes St. Lawrence Seaway System","url":"https:\/\/grandslacs-voiemaritime.com\/fr\/","logo":{"@type":"ImageObject","inLanguage":"fr-FR","@id":"https:\/\/grandslacs-voiemaritime.com\/fr\/#\/schema\/logo\/image\/","url":"https:\/\/grandslacs-voiemaritime.com\/wp-content\/uploads\/2020\/06\/800x230-logo-en.png","contentUrl":"https:\/\/grandslacs-voiemaritime.com\/wp-content\/uploads\/2020\/06\/800x230-logo-en.png","width":800,"height":230,"caption":"Great Lakes St. Lawrence Seaway System"},"image":{"@id":"https:\/\/grandslacs-voiemaritime.com\/fr\/#\/schema\/logo\/image\/"}}]}},"_links":{"self":[{"href":"https:\/\/grandslacs-voiemaritime.com\/fr\/wp-json\/wp\/v2\/pages\/5310","targetHints":{"allow":["GET"]}}],"collection":[{"href":"https:\/\/grandslacs-voiemaritime.com\/fr\/wp-json\/wp\/v2\/pages"}],"about":[{"href":"https:\/\/grandslacs-voiemaritime.com\/fr\/wp-json\/wp\/v2\/types\/page"}],"author":[{"embeddable":true,"href":"https:\/\/grandslacs-voiemaritime.com\/fr\/wp-json\/wp\/v2\/users\/5"}],"replies":[{"embeddable":true,"href":"https:\/\/grandslacs-voiemaritime.com\/fr\/wp-json\/wp\/v2\/comments?post=5310"}],"version-history":[{"count":0,"href":"https:\/\/grandslacs-voiemaritime.com\/fr\/wp-json\/wp\/v2\/pages\/5310\/revisions"}],"up":[{"embeddable":true,"href":"https:\/\/grandslacs-voiemaritime.com\/fr\/wp-json\/wp\/v2\/pages\/5270"}],"wp:attachment":[{"href":"https:\/\/grandslacs-voiemaritime.com\/fr\/wp-json\/wp\/v2\/media?parent=5310"}],"curies":[{"name":"wp","href":"https:\/\/api.w.org\/{rel}","templated":true}]}}