{"id":5320,"date":"2019-09-19T12:59:40","date_gmt":"2019-09-19T12:59:40","guid":{"rendered":"http:\/\/grandslacs-voiemaritime.com\/commercial-shipping-fr\/wharfage-tariff\/"},"modified":"2026-02-09T10:26:29","modified_gmt":"2026-02-09T15:26:29","slug":"tarif-des-droits-de-quai","status":"publish","type":"page","link":"https:\/\/grandslacs-voiemaritime.com\/fr\/navigation-commerciale\/tarif-des-droits-de-quai\/","title":{"rendered":"Tarif des droits de quai et d\u2019entreposage"},"content":{"rendered":"<p>Pour plus d\u2019information, veuillez svp vous r\u00e9f\u00e9rer au\u00a0<a href=\"https:\/\/grandslacs-voiemaritime.com\/wp-content\/uploads\/2026\/02\/Tarif_des_droits_de_quai_2026.pdf\"><em>Tarif des droits de quai et d\u2019entreposage de la Voie maritime du Saint-Laurent<\/em><\/a>\u00a0ou envoyer votre requ\u00eate \u00e0\u00a0:\u00a0<a href=\"mailto:tarif@voiemaritime.ca?subject=\">tarif@voiemaritime.ca<\/a>.<\/p>\n<h3>Tarif des droits de quai et d&#8217;entreposage de la Voie maritime 2026<\/h3>\n<p><em>(Prix sont en $CAD par tonne m\u00e9trique \u00e0 moins d&#8217;indication contraire &#8211; des taxes peuvent s&#8217;appliquer)<\/em><\/p>\n<table style=\"width: 100%;\" border=\"0\" width=\"100%\" cellspacing=\"0\" cellpadding=\"5\">\n<tbody>\n<tr style=\"background-color: #f0f0f0;\">\n<td width=\"60%\"><span style=\"color: #000000;\"> <strong>Droits de terre-plein<\/strong><\/span><\/td>\n<td width=\"20%\"><span style=\"color: #000000;\"> <strong>Droits<\/strong><\/span><\/td>\n<td width=\"20%\"><span style=\"color: #000000;\"> <strong>Unit\u00e9<\/strong><\/span><\/td>\n<\/tr>\n<tr>\n<td>Cargaison en vrac<\/td>\n<td>\u00a00,5040 $<\/td>\n<td>par tonne<\/td>\n<\/tr>\n<tr>\n<td>Cargaison g\u00e9n\u00e9rale domestique<\/td>\n<td>\u00a00,5040 $<\/td>\n<td width=\"170\">par tonne ou m\u00e8tre cube<sup>1<\/sup><\/td>\n<\/tr>\n<tr>\n<td>Cargaison g\u00e9n\u00e9rale<\/td>\n<td>\u00a01,1520 $<\/td>\n<td width=\"170\">par tonne ou m\u00e8tre cube<sup>1<\/sup><\/td>\n<\/tr>\n<tr>\n<td>Cargaison conteneuris\u00e9e<\/td>\n<td>\u00a00,5040 $<\/td>\n<td>par tonne<\/td>\n<\/tr>\n<tr>\n<td><\/td>\n<td><\/td>\n<td><\/td>\n<\/tr>\n<tr style=\"background-color: #f0f0f0;\">\n<td width=\"60%\"><span style=\"color: #000000;\"> <strong>Droits d&#8217;accostage<\/strong><\/span><\/td>\n<td width=\"20%\"><span style=\"color: #000000;\"> <strong>Droits<\/strong><\/span><\/td>\n<td width=\"20%\"><span style=\"color: #000000;\"> <strong>Unit\u00e9<\/strong><\/span><\/td>\n<\/tr>\n<tr>\n<td>Premi\u00e8re p\u00e9riode de 6 heures (indivisible)<\/td>\n<td>\u00a00,0325 $<\/td>\n<td>par TJBE<\/td>\n<\/tr>\n<tr>\n<td>\u00a0 Minimum<\/td>\n<td>65,89 $<\/td>\n<td><\/td>\n<\/tr>\n<tr>\n<td>Par p\u00e9riode subsequente de 6 heures (indivisible)<\/td>\n<td>\u00a00,0325 $<\/td>\n<td>par TJBE<\/td>\n<\/tr>\n<tr>\n<td>\u00a0 Minimum<\/td>\n<td>19,77 $<\/td>\n<td>par p\u00e9riode<\/td>\n<\/tr>\n<tr>\n<td><\/td>\n<td><\/td>\n<td><\/td>\n<\/tr>\n<tr style=\"background-color: #f0f0f0;\">\n<td width=\"60%\"><span style=\"color: #000000;\"> <strong>Droits de s\u00e9jour<\/strong><\/span><\/td>\n<td width=\"20%\"><span style=\"color: #000000;\"> <strong>Droits<\/strong><\/span><\/td>\n<td width=\"20%\"><span style=\"color: #000000;\"> <strong>Unit\u00e9<\/strong><\/span><\/td>\n<\/tr>\n<tr>\n<td>Premi\u00e8re p\u00e9riode 24 heures (indivisible)<\/td>\n<td>Sans frais<\/td>\n<td><\/td>\n<\/tr>\n<tr>\n<td width=\"593\">Par p\u00e9riode subs\u00e9quente de 10 jours (indivisible)<\/td>\n<td>\u00a00,1508 $<\/td>\n<td>par TJBE<\/td>\n<\/tr>\n<tr>\n<td>\u00a0 Minimum<\/td>\n<td>65.89 $<\/td>\n<td><\/td>\n<\/tr>\n<tr>\n<td><\/td>\n<td><\/td>\n<td><\/td>\n<\/tr>\n<tr style=\"background-color: #f0f0f0;\">\n<td width=\"20%\"><span style=\"color: #000000;\"> <strong>Droits d&#8217;emmagasinage<\/strong><\/span><\/td>\n<td width=\"20%\"><span style=\"color: #000000;\"> <strong>Droits<\/strong><\/span><\/td>\n<td width=\"20%\"><span style=\"color: #000000;\"> <strong>Unit\u00e9<\/strong><\/span><\/td>\n<\/tr>\n<tr>\n<td>Premi\u00e8re p\u00e9riode 24 heures (indivisible)<\/td>\n<td>Sans frais<\/td>\n<td><\/td>\n<\/tr>\n<tr>\n<td width=\"593\">Par p\u00e9riode subs\u00e9quente de 7 jours (indivisible)<\/td>\n<td>\u00a00,6769 $<\/td>\n<td>par m\u00e8tre carr\u00e9<\/td>\n<\/tr>\n<tr>\n<td>\u00a0 Minimum<\/td>\n<td>65,89 $<\/td>\n<td>par p\u00e9riode<\/td>\n<\/tr>\n<tr>\n<td><\/td>\n<td><\/td>\n<td><\/td>\n<\/tr>\n<tr style=\"background-color: #f0f0f0;\">\n<td width=\"60%\"><span style=\"color: #000000;\"> <strong>Droits d&#8217;accostage, navires de passagers<\/strong><\/span><\/td>\n<td width=\"20%\"><span style=\"color: #000000;\"> <strong>Droits<\/strong><\/span><\/td>\n<td width=\"20%\"><span style=\"color: #000000;\"> <strong>Unit\u00e9<\/strong><\/span><\/td>\n<\/tr>\n<tr>\n<td>Premi\u00e8re p\u00e9riode de 6 heures (indivisible)<\/td>\n<td>\u00a00,0974 $<\/td>\n<td>par TJBE<\/td>\n<\/tr>\n<tr>\n<td>\u00a0 Minimum<\/td>\n<td>197,66 $<\/td>\n<td><\/td>\n<\/tr>\n<tr>\n<td>Par p\u00e9riode subsequente de 6 heures (indivisible)<\/td>\n<td>\u00a00,0974 $<\/td>\n<td>par TJBE<\/td>\n<\/tr>\n<tr>\n<td>\u00a0 Minimum<\/td>\n<td>59,31 $<\/td>\n<td>par p\u00e9riode<\/td>\n<\/tr>\n<tr>\n<td><\/td>\n<td><\/td>\n<td><\/td>\n<\/tr>\n<tr style=\"background-color: #f0f0f0;\">\n<td width=\"60%\"><span style=\"color: #000000;\"> <strong>Droits de Passagers<\/strong><\/span><\/td>\n<td width=\"20%\"><span style=\"color: #000000;\"> <strong>Droits<\/strong><\/span><\/td>\n<td width=\"20%\"><span style=\"color: #000000;\"> <strong>Unit\u00e9<\/strong><\/span><\/td>\n<\/tr>\n<tr>\n<td><\/td>\n<td>9,17 $<\/td>\n<td>par passager<\/td>\n<\/tr>\n<tr>\n<td><\/td>\n<td><\/td>\n<td><\/td>\n<\/tr>\n<tr style=\"background-color: #f0f0f0;\">\n<td width=\"60%\"><span style=\"color: #000000;\"> <strong>Droits de s\u00e9jour d&#8217;hiver<\/strong><\/span><\/td>\n<td width=\"20%\"><span style=\"color: #000000;\"> <strong>Droits<\/strong><\/span><\/td>\n<td width=\"20%\"><span style=\"color: #000000;\"> <strong>Unit\u00e9<\/strong><\/span><\/td>\n<\/tr>\n<tr>\n<td><\/td>\n<td>\u00a00,4346 $<\/td>\n<td width=\"170\">par m\u00e8tre lin\u00e9aire par jour<\/td>\n<\/tr>\n<\/tbody>\n<\/table>\n<p><span style=\"font-size: small;\"><i><sup>1<\/sup>La tonne ou le m\u00e8tre cube (m<sup>3<\/sup>), selon le plus \u00e9lev\u00e9; lorsque calcul\u00e9 sur une base de mesure, les frais ne peuvent exc\u00e9der deux fois et demi (2.5) ce qu\u2019ils auraient \u00e9t\u00e9 sur une base de poids.<\/i><\/span><\/p>\n","protected":false},"excerpt":{"rendered":"<p>Pour plus d\u2019information, veuillez svp vous r\u00e9f\u00e9rer au\u00a0Tarif des droits de quai et d\u2019entreposage de la Voie maritime du Saint-Laurent\u00a0ou envoyer votre requ\u00eate \u00e0\u00a0:\u00a0tarif@voiemaritime.ca. Tarif des droits de quai et d&#8217;entreposage de la Voie maritime 2026 (Prix sont en $CAD par tonne m\u00e9trique \u00e0 moins d&#8217;indication contraire &#8211; des taxes peuvent s&#8217;appliquer) Droits de terre-plein<\/p>\n","protected":false},"author":5,"featured_media":0,"parent":5270,"menu_order":0,"comment_status":"closed","ping_status":"closed","template":"","meta":{"_acf_changed":false,"_lmt_disableupdate":"no","_lmt_disable":"","footnotes":""},"class_list":["post-5320","page","type-page","status-publish","hentry"],"acf":[],"yoast_head":"<!-- This site is optimized with the Yoast SEO plugin v27.4 - https:\/\/yoast.com\/product\/yoast-seo-wordpress\/ -->\n<title>Tarif des droits de quai et d\u2019entreposage - La Corporation de Gestion de la Voie Maritime du Saint-Laurent<\/title>\n<meta name=\"description\" content=\"Pour plus d\u2019information, veuillez svp vous r\u00e9f\u00e9rer au\u00a0Tarif des droits de quai et d\u2019entreposage de la Voie maritime du Saint-Laurent\u00a0ou envoyer votre\" \/>\n<meta name=\"robots\" content=\"index, follow, max-snippet:-1, max-image-preview:large, max-video-preview:-1\" \/>\n<link rel=\"canonical\" href=\"https:\/\/grandslacs-voiemaritime.com\/fr\/navigation-commerciale\/tarif-des-droits-de-quai\/\" \/>\n<meta property=\"og:locale\" content=\"fr_FR\" \/>\n<meta property=\"og:type\" content=\"article\" \/>\n<meta property=\"og:title\" content=\"Tarif des droits de quai et d\u2019entreposage - La Corporation de Gestion de la Voie Maritime du Saint-Laurent\" \/>\n<meta property=\"og:description\" content=\"Pour plus d\u2019information, veuillez svp vous r\u00e9f\u00e9rer au\u00a0Tarif des droits de quai et d\u2019entreposage de la Voie maritime du Saint-Laurent\u00a0ou envoyer votre\" \/>\n<meta property=\"og:url\" content=\"https:\/\/grandslacs-voiemaritime.com\/fr\/navigation-commerciale\/tarif-des-droits-de-quai\/\" \/>\n<meta property=\"og:site_name\" content=\"La Corporation de Gestion de la Voie Maritime du Saint-Laurent\" \/>\n<meta property=\"article:modified_time\" content=\"2026-02-09T15:26:29+00:00\" \/>\n<meta property=\"og:image\" content=\"https:\/\/grandslacs-voiemaritime.com\/wp-content\/uploads\/2022\/01\/300x300-logo-en.png\" \/>\n\t<meta property=\"og:image:width\" content=\"334\" \/>\n\t<meta property=\"og:image:height\" content=\"330\" \/>\n\t<meta property=\"og:image:type\" content=\"image\/png\" \/>\n<meta name=\"twitter:card\" content=\"summary_large_image\" \/>\n<meta name=\"twitter:label1\" content=\"Dur\u00e9e de lecture estim\u00e9e\" \/>\n\t<meta name=\"twitter:data1\" content=\"2 minutes\" \/>\n<script type=\"application\/ld+json\" class=\"yoast-schema-graph\">{\"@context\":\"https:\\\/\\\/schema.org\",\"@graph\":[{\"@type\":\"WebPage\",\"@id\":\"https:\\\/\\\/grandslacs-voiemaritime.com\\\/fr\\\/navigation-commerciale\\\/tarif-des-droits-de-quai\\\/\",\"url\":\"https:\\\/\\\/grandslacs-voiemaritime.com\\\/fr\\\/navigation-commerciale\\\/tarif-des-droits-de-quai\\\/\",\"name\":\"Tarif des droits de quai et d\u2019entreposage - La Corporation de Gestion de la Voie Maritime du Saint-Laurent\",\"isPartOf\":{\"@id\":\"https:\\\/\\\/grandslacs-voiemaritime.com\\\/fr\\\/#website\"},\"datePublished\":\"2019-09-19T12:59:40+00:00\",\"dateModified\":\"2026-02-09T15:26:29+00:00\",\"description\":\"Pour plus d\u2019information, veuillez svp vous r\u00e9f\u00e9rer au\u00a0Tarif des droits de quai et d\u2019entreposage de la Voie maritime du Saint-Laurent\u00a0ou envoyer votre\",\"breadcrumb\":{\"@id\":\"https:\\\/\\\/grandslacs-voiemaritime.com\\\/fr\\\/navigation-commerciale\\\/tarif-des-droits-de-quai\\\/#breadcrumb\"},\"inLanguage\":\"fr-FR\",\"potentialAction\":[{\"@type\":\"ReadAction\",\"target\":[\"https:\\\/\\\/grandslacs-voiemaritime.com\\\/fr\\\/navigation-commerciale\\\/tarif-des-droits-de-quai\\\/\"]}]},{\"@type\":\"BreadcrumbList\",\"@id\":\"https:\\\/\\\/grandslacs-voiemaritime.com\\\/fr\\\/navigation-commerciale\\\/tarif-des-droits-de-quai\\\/#breadcrumb\",\"itemListElement\":[{\"@type\":\"ListItem\",\"position\":1,\"name\":\"Home\",\"item\":\"https:\\\/\\\/grandslacs-voiemaritime.com\\\/fr\\\/\"},{\"@type\":\"ListItem\",\"position\":2,\"name\":\"Navigation commerciale\",\"item\":\"https:\\\/\\\/greatlakes-seaway.com\\\/fr\\\/navigation-commerciale\\\/\"},{\"@type\":\"ListItem\",\"position\":3,\"name\":\"Tarif des droits de quai et d\u2019entreposage\"}]},{\"@type\":\"WebSite\",\"@id\":\"https:\\\/\\\/grandslacs-voiemaritime.com\\\/fr\\\/#website\",\"url\":\"https:\\\/\\\/grandslacs-voiemaritime.com\\\/fr\\\/\",\"name\":\"Great Lakes St. Lawrence Seaway System\",\"description\":\"\",\"publisher\":{\"@id\":\"https:\\\/\\\/grandslacs-voiemaritime.com\\\/fr\\\/#organization\"},\"potentialAction\":[{\"@type\":\"SearchAction\",\"target\":{\"@type\":\"EntryPoint\",\"urlTemplate\":\"https:\\\/\\\/grandslacs-voiemaritime.com\\\/fr\\\/?s={search_term_string}\"},\"query-input\":{\"@type\":\"PropertyValueSpecification\",\"valueRequired\":true,\"valueName\":\"search_term_string\"}}],\"inLanguage\":\"fr-FR\"},{\"@type\":\"Organization\",\"@id\":\"https:\\\/\\\/grandslacs-voiemaritime.com\\\/fr\\\/#organization\",\"name\":\"Great Lakes St. Lawrence Seaway System\",\"url\":\"https:\\\/\\\/grandslacs-voiemaritime.com\\\/fr\\\/\",\"logo\":{\"@type\":\"ImageObject\",\"inLanguage\":\"fr-FR\",\"@id\":\"https:\\\/\\\/grandslacs-voiemaritime.com\\\/fr\\\/#\\\/schema\\\/logo\\\/image\\\/\",\"url\":\"https:\\\/\\\/grandslacs-voiemaritime.com\\\/wp-content\\\/uploads\\\/2020\\\/06\\\/800x230-logo-en.png\",\"contentUrl\":\"https:\\\/\\\/grandslacs-voiemaritime.com\\\/wp-content\\\/uploads\\\/2020\\\/06\\\/800x230-logo-en.png\",\"width\":800,\"height\":230,\"caption\":\"Great Lakes St. Lawrence Seaway System\"},\"image\":{\"@id\":\"https:\\\/\\\/grandslacs-voiemaritime.com\\\/fr\\\/#\\\/schema\\\/logo\\\/image\\\/\"}}]}<\/script>\n<!-- \/ Yoast SEO plugin. -->","yoast_head_json":{"title":"Tarif des droits de quai et d\u2019entreposage - La Corporation de Gestion de la Voie Maritime du Saint-Laurent","description":"Pour plus d\u2019information, veuillez svp vous r\u00e9f\u00e9rer au\u00a0Tarif des droits de quai et d\u2019entreposage de la Voie maritime du Saint-Laurent\u00a0ou envoyer votre","robots":{"index":"index","follow":"follow","max-snippet":"max-snippet:-1","max-image-preview":"max-image-preview:large","max-video-preview":"max-video-preview:-1"},"canonical":"https:\/\/grandslacs-voiemaritime.com\/fr\/navigation-commerciale\/tarif-des-droits-de-quai\/","og_locale":"fr_FR","og_type":"article","og_title":"Tarif des droits de quai et d\u2019entreposage - La Corporation de Gestion de la Voie Maritime du Saint-Laurent","og_description":"Pour plus d\u2019information, veuillez svp vous r\u00e9f\u00e9rer au\u00a0Tarif des droits de quai et d\u2019entreposage de la Voie maritime du Saint-Laurent\u00a0ou envoyer votre","og_url":"https:\/\/grandslacs-voiemaritime.com\/fr\/navigation-commerciale\/tarif-des-droits-de-quai\/","og_site_name":"La Corporation de Gestion de la Voie Maritime du Saint-Laurent","article_modified_time":"2026-02-09T15:26:29+00:00","og_image":[{"width":334,"height":330,"url":"https:\/\/grandslacs-voiemaritime.com\/wp-content\/uploads\/2022\/01\/300x300-logo-en.png","type":"image\/png"}],"twitter_card":"summary_large_image","twitter_misc":{"Dur\u00e9e de lecture estim\u00e9e":"2 minutes"},"schema":{"@context":"https:\/\/schema.org","@graph":[{"@type":"WebPage","@id":"https:\/\/grandslacs-voiemaritime.com\/fr\/navigation-commerciale\/tarif-des-droits-de-quai\/","url":"https:\/\/grandslacs-voiemaritime.com\/fr\/navigation-commerciale\/tarif-des-droits-de-quai\/","name":"Tarif des droits de quai et d\u2019entreposage - La Corporation de Gestion de la Voie Maritime du Saint-Laurent","isPartOf":{"@id":"https:\/\/grandslacs-voiemaritime.com\/fr\/#website"},"datePublished":"2019-09-19T12:59:40+00:00","dateModified":"2026-02-09T15:26:29+00:00","description":"Pour plus d\u2019information, veuillez svp vous r\u00e9f\u00e9rer au\u00a0Tarif des droits de quai et d\u2019entreposage de la Voie maritime du Saint-Laurent\u00a0ou envoyer votre","breadcrumb":{"@id":"https:\/\/grandslacs-voiemaritime.com\/fr\/navigation-commerciale\/tarif-des-droits-de-quai\/#breadcrumb"},"inLanguage":"fr-FR","potentialAction":[{"@type":"ReadAction","target":["https:\/\/grandslacs-voiemaritime.com\/fr\/navigation-commerciale\/tarif-des-droits-de-quai\/"]}]},{"@type":"BreadcrumbList","@id":"https:\/\/grandslacs-voiemaritime.com\/fr\/navigation-commerciale\/tarif-des-droits-de-quai\/#breadcrumb","itemListElement":[{"@type":"ListItem","position":1,"name":"Home","item":"https:\/\/grandslacs-voiemaritime.com\/fr\/"},{"@type":"ListItem","position":2,"name":"Navigation commerciale","item":"https:\/\/greatlakes-seaway.com\/fr\/navigation-commerciale\/"},{"@type":"ListItem","position":3,"name":"Tarif des droits de quai et d\u2019entreposage"}]},{"@type":"WebSite","@id":"https:\/\/grandslacs-voiemaritime.com\/fr\/#website","url":"https:\/\/grandslacs-voiemaritime.com\/fr\/","name":"Great Lakes St. Lawrence Seaway System","description":"","publisher":{"@id":"https:\/\/grandslacs-voiemaritime.com\/fr\/#organization"},"potentialAction":[{"@type":"SearchAction","target":{"@type":"EntryPoint","urlTemplate":"https:\/\/grandslacs-voiemaritime.com\/fr\/?s={search_term_string}"},"query-input":{"@type":"PropertyValueSpecification","valueRequired":true,"valueName":"search_term_string"}}],"inLanguage":"fr-FR"},{"@type":"Organization","@id":"https:\/\/grandslacs-voiemaritime.com\/fr\/#organization","name":"Great Lakes St. Lawrence Seaway System","url":"https:\/\/grandslacs-voiemaritime.com\/fr\/","logo":{"@type":"ImageObject","inLanguage":"fr-FR","@id":"https:\/\/grandslacs-voiemaritime.com\/fr\/#\/schema\/logo\/image\/","url":"https:\/\/grandslacs-voiemaritime.com\/wp-content\/uploads\/2020\/06\/800x230-logo-en.png","contentUrl":"https:\/\/grandslacs-voiemaritime.com\/wp-content\/uploads\/2020\/06\/800x230-logo-en.png","width":800,"height":230,"caption":"Great Lakes St. Lawrence Seaway System"},"image":{"@id":"https:\/\/grandslacs-voiemaritime.com\/fr\/#\/schema\/logo\/image\/"}}]}},"_links":{"self":[{"href":"https:\/\/grandslacs-voiemaritime.com\/fr\/wp-json\/wp\/v2\/pages\/5320","targetHints":{"allow":["GET"]}}],"collection":[{"href":"https:\/\/grandslacs-voiemaritime.com\/fr\/wp-json\/wp\/v2\/pages"}],"about":[{"href":"https:\/\/grandslacs-voiemaritime.com\/fr\/wp-json\/wp\/v2\/types\/page"}],"author":[{"embeddable":true,"href":"https:\/\/grandslacs-voiemaritime.com\/fr\/wp-json\/wp\/v2\/users\/5"}],"replies":[{"embeddable":true,"href":"https:\/\/grandslacs-voiemaritime.com\/fr\/wp-json\/wp\/v2\/comments?post=5320"}],"version-history":[{"count":0,"href":"https:\/\/grandslacs-voiemaritime.com\/fr\/wp-json\/wp\/v2\/pages\/5320\/revisions"}],"up":[{"embeddable":true,"href":"https:\/\/grandslacs-voiemaritime.com\/fr\/wp-json\/wp\/v2\/pages\/5270"}],"wp:attachment":[{"href":"https:\/\/grandslacs-voiemaritime.com\/fr\/wp-json\/wp\/v2\/media?parent=5320"}],"curies":[{"name":"wp","href":"https:\/\/api.w.org\/{rel}","templated":true}]}}