{"id":5324,"date":"2019-09-16T14:05:57","date_gmt":"2019-09-16T14:05:57","guid":{"rendered":"http:\/\/grandslacs-voiemaritime.com\/navigating-the-seaway\/"},"modified":"2022-03-25T11:54:03","modified_gmt":"2022-03-25T16:54:03","slug":"naviguer-sur-la-voie-maritime","status":"publish","type":"page","link":"https:\/\/grandslacs-voiemaritime.com\/fr\/naviguer-sur-la-voie-maritime\/","title":{"rendered":"Naviguer sur la Voie maritime"},"content":{"rendered":"<div class=\"text\">\n<p>La Voie maritime du Saint-Laurent a \u00e9t\u00e9 construite et continue d\u2019\u00eatre g\u00e9r\u00e9e sous l\u2019\u00e9gide d\u2019un partenariat binational entre les \u00c9tats-Unis et le Canada.<\/p>\n<p>L\u2019administration du r\u00e9seau Grands Lacs-Voie maritime est partag\u00e9e entre deux entit\u00e9s : la Great Lakes St. Lawrence Seaway Development Corporation des \u00c9tats-Unis, qui est un organisme f\u00e9d\u00e9ral du d\u00e9partement des Transports des \u00c9tats-Unis; et la Corporation de Gestion de la Voie Maritime du Saint-Laurent du Canada, qui est une soci\u00e9t\u00e9 sans but lucratif (mais le gouvernement f\u00e9d\u00e9ral canadien reste propri\u00e9taire de la partie canadienne de la Voie maritime).<\/p>\n<\/div>\n","protected":false},"excerpt":{"rendered":"<p>La Voie maritime du Saint-Laurent a \u00e9t\u00e9 construite et continue d\u2019\u00eatre g\u00e9r\u00e9e sous l\u2019\u00e9gide d\u2019un partenariat binational entre les \u00c9tats-Unis et le Canada. L\u2019administration du r\u00e9seau Grands Lacs-Voie maritime est partag\u00e9e entre deux entit\u00e9s : la Great Lakes St. Lawrence Seaway Development Corporation des \u00c9tats-Unis, qui est un organisme f\u00e9d\u00e9ral du d\u00e9partement des Transports des<\/p>\n","protected":false},"author":5,"featured_media":12235,"parent":0,"menu_order":0,"comment_status":"closed","ping_status":"closed","template":"","meta":{"_acf_changed":false,"_lmt_disableupdate":"","_lmt_disable":"","footnotes":""},"class_list":["post-5324","page","type-page","status-publish","has-post-thumbnail","hentry"],"acf":[],"yoast_head":"<!-- This site is optimized with the Yoast SEO plugin v27.4 - https:\/\/yoast.com\/product\/yoast-seo-wordpress\/ -->\n<title>Naviguer sur la Voie maritime - La Corporation de Gestion de la Voie Maritime du Saint-Laurent<\/title>\n<meta name=\"description\" content=\"La Voie maritime du Saint-Laurent a \u00e9t\u00e9 construite et continue d\u2019\u00eatre g\u00e9r\u00e9e sous l\u2019\u00e9gide d\u2019un partenariat binational entre les \u00c9tats-Unis et le Canada.\" \/>\n<meta name=\"robots\" content=\"index, follow, max-snippet:-1, max-image-preview:large, max-video-preview:-1\" \/>\n<link rel=\"canonical\" href=\"https:\/\/grandslacs-voiemaritime.com\/fr\/naviguer-sur-la-voie-maritime\/\" \/>\n<meta property=\"og:locale\" content=\"fr_FR\" \/>\n<meta property=\"og:type\" content=\"article\" \/>\n<meta property=\"og:title\" content=\"Naviguer sur la Voie maritime - La Corporation de Gestion de la Voie Maritime du Saint-Laurent\" \/>\n<meta property=\"og:description\" content=\"La Voie maritime du Saint-Laurent a \u00e9t\u00e9 construite et continue d\u2019\u00eatre g\u00e9r\u00e9e sous l\u2019\u00e9gide d\u2019un partenariat binational entre les \u00c9tats-Unis et le Canada.\" \/>\n<meta property=\"og:url\" content=\"https:\/\/grandslacs-voiemaritime.com\/fr\/naviguer-sur-la-voie-maritime\/\" \/>\n<meta property=\"og:site_name\" content=\"La Corporation de Gestion de la Voie Maritime du Saint-Laurent\" \/>\n<meta property=\"article:modified_time\" content=\"2022-03-25T16:54:03+00:00\" \/>\n<meta property=\"og:image\" content=\"https:\/\/grandslacs-voiemaritime.com\/wp-content\/uploads\/2019\/12\/navigating-the-seaway-banner.jpg\" \/>\n\t<meta property=\"og:image:width\" content=\"1800\" \/>\n\t<meta property=\"og:image:height\" content=\"313\" \/>\n\t<meta property=\"og:image:type\" content=\"image\/jpeg\" \/>\n<meta name=\"twitter:card\" content=\"summary_large_image\" \/>\n<meta name=\"twitter:label1\" content=\"Dur\u00e9e de lecture estim\u00e9e\" \/>\n\t<meta name=\"twitter:data1\" content=\"1 minute\" \/>\n<script type=\"application\/ld+json\" class=\"yoast-schema-graph\">{\"@context\":\"https:\\\/\\\/schema.org\",\"@graph\":[{\"@type\":\"WebPage\",\"@id\":\"https:\\\/\\\/grandslacs-voiemaritime.com\\\/fr\\\/naviguer-sur-la-voie-maritime\\\/\",\"url\":\"https:\\\/\\\/grandslacs-voiemaritime.com\\\/fr\\\/naviguer-sur-la-voie-maritime\\\/\",\"name\":\"Naviguer sur la Voie maritime - La Corporation de Gestion de la Voie Maritime du Saint-Laurent\",\"isPartOf\":{\"@id\":\"https:\\\/\\\/grandslacs-voiemaritime.com\\\/fr\\\/#website\"},\"primaryImageOfPage\":{\"@id\":\"https:\\\/\\\/grandslacs-voiemaritime.com\\\/fr\\\/naviguer-sur-la-voie-maritime\\\/#primaryimage\"},\"image\":{\"@id\":\"https:\\\/\\\/grandslacs-voiemaritime.com\\\/fr\\\/naviguer-sur-la-voie-maritime\\\/#primaryimage\"},\"thumbnailUrl\":\"https:\\\/\\\/grandslacs-voiemaritime.com\\\/wp-content\\\/uploads\\\/2019\\\/12\\\/navigating-the-seaway-banner.jpg\",\"datePublished\":\"2019-09-16T14:05:57+00:00\",\"dateModified\":\"2022-03-25T16:54:03+00:00\",\"description\":\"La Voie maritime du Saint-Laurent a \u00e9t\u00e9 construite et continue d\u2019\u00eatre g\u00e9r\u00e9e sous l\u2019\u00e9gide d\u2019un partenariat binational entre les \u00c9tats-Unis et le Canada.\",\"breadcrumb\":{\"@id\":\"https:\\\/\\\/grandslacs-voiemaritime.com\\\/fr\\\/naviguer-sur-la-voie-maritime\\\/#breadcrumb\"},\"inLanguage\":\"fr-FR\",\"potentialAction\":[{\"@type\":\"ReadAction\",\"target\":[\"https:\\\/\\\/grandslacs-voiemaritime.com\\\/fr\\\/naviguer-sur-la-voie-maritime\\\/\"]}]},{\"@type\":\"ImageObject\",\"inLanguage\":\"fr-FR\",\"@id\":\"https:\\\/\\\/grandslacs-voiemaritime.com\\\/fr\\\/naviguer-sur-la-voie-maritime\\\/#primaryimage\",\"url\":\"https:\\\/\\\/grandslacs-voiemaritime.com\\\/wp-content\\\/uploads\\\/2019\\\/12\\\/navigating-the-seaway-banner.jpg\",\"contentUrl\":\"https:\\\/\\\/grandslacs-voiemaritime.com\\\/wp-content\\\/uploads\\\/2019\\\/12\\\/navigating-the-seaway-banner.jpg\",\"width\":1800,\"height\":313,\"caption\":\"Ship travelling along St. Lawrence River\"},{\"@type\":\"BreadcrumbList\",\"@id\":\"https:\\\/\\\/grandslacs-voiemaritime.com\\\/fr\\\/naviguer-sur-la-voie-maritime\\\/#breadcrumb\",\"itemListElement\":[{\"@type\":\"ListItem\",\"position\":1,\"name\":\"Home\",\"item\":\"https:\\\/\\\/grandslacs-voiemaritime.com\\\/fr\\\/\"},{\"@type\":\"ListItem\",\"position\":2,\"name\":\"Naviguer sur la Voie maritime\"}]},{\"@type\":\"WebSite\",\"@id\":\"https:\\\/\\\/grandslacs-voiemaritime.com\\\/fr\\\/#website\",\"url\":\"https:\\\/\\\/grandslacs-voiemaritime.com\\\/fr\\\/\",\"name\":\"Great Lakes St. Lawrence Seaway System\",\"description\":\"\",\"publisher\":{\"@id\":\"https:\\\/\\\/grandslacs-voiemaritime.com\\\/fr\\\/#organization\"},\"potentialAction\":[{\"@type\":\"SearchAction\",\"target\":{\"@type\":\"EntryPoint\",\"urlTemplate\":\"https:\\\/\\\/grandslacs-voiemaritime.com\\\/fr\\\/?s={search_term_string}\"},\"query-input\":{\"@type\":\"PropertyValueSpecification\",\"valueRequired\":true,\"valueName\":\"search_term_string\"}}],\"inLanguage\":\"fr-FR\"},{\"@type\":\"Organization\",\"@id\":\"https:\\\/\\\/grandslacs-voiemaritime.com\\\/fr\\\/#organization\",\"name\":\"Great Lakes St. Lawrence Seaway System\",\"url\":\"https:\\\/\\\/grandslacs-voiemaritime.com\\\/fr\\\/\",\"logo\":{\"@type\":\"ImageObject\",\"inLanguage\":\"fr-FR\",\"@id\":\"https:\\\/\\\/grandslacs-voiemaritime.com\\\/fr\\\/#\\\/schema\\\/logo\\\/image\\\/\",\"url\":\"https:\\\/\\\/grandslacs-voiemaritime.com\\\/wp-content\\\/uploads\\\/2020\\\/06\\\/800x230-logo-en.png\",\"contentUrl\":\"https:\\\/\\\/grandslacs-voiemaritime.com\\\/wp-content\\\/uploads\\\/2020\\\/06\\\/800x230-logo-en.png\",\"width\":800,\"height\":230,\"caption\":\"Great Lakes St. Lawrence Seaway System\"},\"image\":{\"@id\":\"https:\\\/\\\/grandslacs-voiemaritime.com\\\/fr\\\/#\\\/schema\\\/logo\\\/image\\\/\"}}]}<\/script>\n<!-- \/ Yoast SEO plugin. -->","yoast_head_json":{"title":"Naviguer sur la Voie maritime - La Corporation de Gestion de la Voie Maritime du Saint-Laurent","description":"La Voie maritime du Saint-Laurent a \u00e9t\u00e9 construite et continue d\u2019\u00eatre g\u00e9r\u00e9e sous l\u2019\u00e9gide d\u2019un partenariat binational entre les \u00c9tats-Unis et le Canada.","robots":{"index":"index","follow":"follow","max-snippet":"max-snippet:-1","max-image-preview":"max-image-preview:large","max-video-preview":"max-video-preview:-1"},"canonical":"https:\/\/grandslacs-voiemaritime.com\/fr\/naviguer-sur-la-voie-maritime\/","og_locale":"fr_FR","og_type":"article","og_title":"Naviguer sur la Voie maritime - La Corporation de Gestion de la Voie Maritime du Saint-Laurent","og_description":"La Voie maritime du Saint-Laurent a \u00e9t\u00e9 construite et continue d\u2019\u00eatre g\u00e9r\u00e9e sous l\u2019\u00e9gide d\u2019un partenariat binational entre les \u00c9tats-Unis et le Canada.","og_url":"https:\/\/grandslacs-voiemaritime.com\/fr\/naviguer-sur-la-voie-maritime\/","og_site_name":"La Corporation de Gestion de la Voie Maritime du Saint-Laurent","article_modified_time":"2022-03-25T16:54:03+00:00","og_image":[{"width":1800,"height":313,"url":"https:\/\/grandslacs-voiemaritime.com\/wp-content\/uploads\/2019\/12\/navigating-the-seaway-banner.jpg","type":"image\/jpeg"}],"twitter_card":"summary_large_image","twitter_misc":{"Dur\u00e9e de lecture estim\u00e9e":"1 minute"},"schema":{"@context":"https:\/\/schema.org","@graph":[{"@type":"WebPage","@id":"https:\/\/grandslacs-voiemaritime.com\/fr\/naviguer-sur-la-voie-maritime\/","url":"https:\/\/grandslacs-voiemaritime.com\/fr\/naviguer-sur-la-voie-maritime\/","name":"Naviguer sur la Voie maritime - La Corporation de Gestion de la Voie Maritime du Saint-Laurent","isPartOf":{"@id":"https:\/\/grandslacs-voiemaritime.com\/fr\/#website"},"primaryImageOfPage":{"@id":"https:\/\/grandslacs-voiemaritime.com\/fr\/naviguer-sur-la-voie-maritime\/#primaryimage"},"image":{"@id":"https:\/\/grandslacs-voiemaritime.com\/fr\/naviguer-sur-la-voie-maritime\/#primaryimage"},"thumbnailUrl":"https:\/\/grandslacs-voiemaritime.com\/wp-content\/uploads\/2019\/12\/navigating-the-seaway-banner.jpg","datePublished":"2019-09-16T14:05:57+00:00","dateModified":"2022-03-25T16:54:03+00:00","description":"La Voie maritime du Saint-Laurent a \u00e9t\u00e9 construite et continue d\u2019\u00eatre g\u00e9r\u00e9e sous l\u2019\u00e9gide d\u2019un partenariat binational entre les \u00c9tats-Unis et le Canada.","breadcrumb":{"@id":"https:\/\/grandslacs-voiemaritime.com\/fr\/naviguer-sur-la-voie-maritime\/#breadcrumb"},"inLanguage":"fr-FR","potentialAction":[{"@type":"ReadAction","target":["https:\/\/grandslacs-voiemaritime.com\/fr\/naviguer-sur-la-voie-maritime\/"]}]},{"@type":"ImageObject","inLanguage":"fr-FR","@id":"https:\/\/grandslacs-voiemaritime.com\/fr\/naviguer-sur-la-voie-maritime\/#primaryimage","url":"https:\/\/grandslacs-voiemaritime.com\/wp-content\/uploads\/2019\/12\/navigating-the-seaway-banner.jpg","contentUrl":"https:\/\/grandslacs-voiemaritime.com\/wp-content\/uploads\/2019\/12\/navigating-the-seaway-banner.jpg","width":1800,"height":313,"caption":"Ship travelling along St. Lawrence River"},{"@type":"BreadcrumbList","@id":"https:\/\/grandslacs-voiemaritime.com\/fr\/naviguer-sur-la-voie-maritime\/#breadcrumb","itemListElement":[{"@type":"ListItem","position":1,"name":"Home","item":"https:\/\/grandslacs-voiemaritime.com\/fr\/"},{"@type":"ListItem","position":2,"name":"Naviguer sur la Voie maritime"}]},{"@type":"WebSite","@id":"https:\/\/grandslacs-voiemaritime.com\/fr\/#website","url":"https:\/\/grandslacs-voiemaritime.com\/fr\/","name":"Great Lakes St. Lawrence Seaway System","description":"","publisher":{"@id":"https:\/\/grandslacs-voiemaritime.com\/fr\/#organization"},"potentialAction":[{"@type":"SearchAction","target":{"@type":"EntryPoint","urlTemplate":"https:\/\/grandslacs-voiemaritime.com\/fr\/?s={search_term_string}"},"query-input":{"@type":"PropertyValueSpecification","valueRequired":true,"valueName":"search_term_string"}}],"inLanguage":"fr-FR"},{"@type":"Organization","@id":"https:\/\/grandslacs-voiemaritime.com\/fr\/#organization","name":"Great Lakes St. Lawrence Seaway System","url":"https:\/\/grandslacs-voiemaritime.com\/fr\/","logo":{"@type":"ImageObject","inLanguage":"fr-FR","@id":"https:\/\/grandslacs-voiemaritime.com\/fr\/#\/schema\/logo\/image\/","url":"https:\/\/grandslacs-voiemaritime.com\/wp-content\/uploads\/2020\/06\/800x230-logo-en.png","contentUrl":"https:\/\/grandslacs-voiemaritime.com\/wp-content\/uploads\/2020\/06\/800x230-logo-en.png","width":800,"height":230,"caption":"Great Lakes St. Lawrence Seaway System"},"image":{"@id":"https:\/\/grandslacs-voiemaritime.com\/fr\/#\/schema\/logo\/image\/"}}]}},"_links":{"self":[{"href":"https:\/\/grandslacs-voiemaritime.com\/fr\/wp-json\/wp\/v2\/pages\/5324","targetHints":{"allow":["GET"]}}],"collection":[{"href":"https:\/\/grandslacs-voiemaritime.com\/fr\/wp-json\/wp\/v2\/pages"}],"about":[{"href":"https:\/\/grandslacs-voiemaritime.com\/fr\/wp-json\/wp\/v2\/types\/page"}],"author":[{"embeddable":true,"href":"https:\/\/grandslacs-voiemaritime.com\/fr\/wp-json\/wp\/v2\/users\/5"}],"replies":[{"embeddable":true,"href":"https:\/\/grandslacs-voiemaritime.com\/fr\/wp-json\/wp\/v2\/comments?post=5324"}],"version-history":[{"count":0,"href":"https:\/\/grandslacs-voiemaritime.com\/fr\/wp-json\/wp\/v2\/pages\/5324\/revisions"}],"wp:featuredmedia":[{"embeddable":true,"href":"https:\/\/grandslacs-voiemaritime.com\/fr\/wp-json\/wp\/v2\/media\/12235"}],"wp:attachment":[{"href":"https:\/\/grandslacs-voiemaritime.com\/fr\/wp-json\/wp\/v2\/media?parent=5324"}],"curies":[{"name":"wp","href":"https:\/\/api.w.org\/{rel}","templated":true}]}}