{"id":5348,"date":"2019-10-15T20:39:20","date_gmt":"2019-10-15T20:39:20","guid":{"rendered":"http:\/\/grandslacs-voiemaritime.com\/news-information-fr\/subscribe-to-news-broadcast\/"},"modified":"2021-03-08T10:01:00","modified_gmt":"2021-03-08T15:01:00","slug":"sabonner-aux-nouvelles-diffusees","status":"publish","type":"page","link":"https:\/\/grandslacs-voiemaritime.com\/fr\/nouvelles-information\/sabonner-aux-nouvelles-diffusees\/","title":{"rendered":"S\u2019abonner aux nouvelles diffus\u00e9es"},"content":{"rendered":"<p>La Corporation de Gestion de la Voie Maritime du Saint-Laurent (Canada) et la Great Lakes St. Lawrence Seaway Development Corporation(\u00c9tats-Unis) diffusent r\u00e9guli\u00e8rement des messages par courriel pour renseigner les clients sur divers sujets d\u2019actualit\u00e9 et leur communiquer les r\u00e9visions au <em>Manuel de la Voie maritime<\/em>.<\/p>\n<p>Les clients peuvent s\u2019abonner \u00e0 ce service gratuit en cliquant sur le bouton ci-dessous et en suivant les instructions \u00e9tape par \u00e9tape.<\/p>\n<p><!-- BEGIN: Constant Contact Email List Form Button --><\/p>\n<div align=\"center\"><a class=\"button\" style=\"background-color: #e8e8e8; border: solid 1px #5b5b5b; color: #5b5b5b; display: inline-block; padding: 8px 10px; text-shadow: none;\" href=\"https:\/\/visitor.r20.constantcontact.com\/d.jsp?llr=nfxf6vbab&amp;p=oi&amp;m=nfxf6vbab&amp;sit=rjmj5fobb&amp;f=f094da6d-f6d9-45f0-a347-56859ca29336\">Inscrivez-vous sur la liste d\u2019envoi de www.grandslacs-voiemaritime.com<\/a><\/div>\n<p>Pour tout renseignement : <a title=\"cybercommerce@voiemaritime.ca\" href=\"mailto:cybercommerce@voiemaritime.ca\">cybercommerce@voiemaritime.ca<\/a>.<\/p>\n<p>Lorsque vous vous abonnez, vos informations sont d\u00e9tenues conjointement par la Corporation de Gestion de la Voie Maritime du Saint-Laurent (Canada) et la Great Lakes St. Lawrence Seaway Development Corporation (\u00c9tats-Unis). Il se peut que nous utilisions l\u2019information que vous nous communiquez (donn\u00e9es d\u2019abonnement, courriels futurs, questions, commentaires, etc.) dans le cadre de nos efforts en vue d\u2019am\u00e9liorer nos services.<\/p>\n<p>Dans certains cas, il se peut que nous transmettions une question ou un commentaire que vous nous envoyez \u00e0 une autre entit\u00e9, au Canada ou aux \u00c9tats-Unis, qui est mieux en mesure de vous aider. Toute information que vous nous envoyez peut \u00eatre communiqu\u00e9e \u00e0 des organismes canadiens ou am\u00e9ricains d\u2019application de la loi conform\u00e9ment aux lois canadiennes et am\u00e9ricaines.<\/p>\n","protected":false},"excerpt":{"rendered":"<p>La Corporation de Gestion de la Voie Maritime du Saint-Laurent (Canada) et la Great Lakes St. Lawrence Seaway Development Corporation(\u00c9tats-Unis) diffusent r\u00e9guli\u00e8rement des messages par courriel pour renseigner les clients sur divers sujets d\u2019actualit\u00e9 et leur communiquer les r\u00e9visions au Manuel de la Voie maritime. Les clients peuvent s\u2019abonner \u00e0 ce service gratuit en cliquant<\/p>\n","protected":false},"author":5,"featured_media":0,"parent":5334,"menu_order":0,"comment_status":"closed","ping_status":"closed","template":"","meta":{"_acf_changed":false,"_lmt_disableupdate":"","_lmt_disable":"","footnotes":""},"class_list":["post-5348","page","type-page","status-publish","hentry"],"acf":[],"yoast_head":"<!-- This site is optimized with the Yoast SEO plugin v27.4 - https:\/\/yoast.com\/product\/yoast-seo-wordpress\/ -->\n<title>S\u2019abonner aux nouvelles diffus\u00e9es - La Corporation de Gestion de la Voie Maritime du Saint-Laurent<\/title>\n<meta name=\"description\" content=\"La Corporation de Gestion de la Voie Maritime du Saint-Laurent (Canada) et la Great Lakes St. Lawrence Seaway Development Corporation(\u00c9tats-Unis)\" \/>\n<meta name=\"robots\" content=\"index, follow, max-snippet:-1, max-image-preview:large, max-video-preview:-1\" \/>\n<link rel=\"canonical\" href=\"https:\/\/grandslacs-voiemaritime.com\/fr\/nouvelles-information\/sabonner-aux-nouvelles-diffusees\/\" \/>\n<meta property=\"og:locale\" content=\"fr_FR\" \/>\n<meta property=\"og:type\" content=\"article\" \/>\n<meta property=\"og:title\" content=\"S\u2019abonner aux nouvelles diffus\u00e9es - La Corporation de Gestion de la Voie Maritime du Saint-Laurent\" \/>\n<meta property=\"og:description\" content=\"La Corporation de Gestion de la Voie Maritime du Saint-Laurent (Canada) et la Great Lakes St. Lawrence Seaway Development Corporation(\u00c9tats-Unis)\" \/>\n<meta property=\"og:url\" content=\"https:\/\/grandslacs-voiemaritime.com\/fr\/nouvelles-information\/sabonner-aux-nouvelles-diffusees\/\" \/>\n<meta property=\"og:site_name\" content=\"La Corporation de Gestion de la Voie Maritime du Saint-Laurent\" \/>\n<meta property=\"article:modified_time\" content=\"2021-03-08T15:01:00+00:00\" \/>\n<meta property=\"og:image\" content=\"https:\/\/grandslacs-voiemaritime.com\/wp-content\/uploads\/2022\/01\/300x300-logo-en.png\" \/>\n\t<meta property=\"og:image:width\" content=\"334\" \/>\n\t<meta property=\"og:image:height\" content=\"330\" \/>\n\t<meta property=\"og:image:type\" content=\"image\/png\" \/>\n<meta name=\"twitter:card\" content=\"summary_large_image\" \/>\n<meta name=\"twitter:label1\" content=\"Dur\u00e9e de lecture estim\u00e9e\" \/>\n\t<meta name=\"twitter:data1\" content=\"1 minute\" \/>\n<script type=\"application\/ld+json\" class=\"yoast-schema-graph\">{\"@context\":\"https:\\\/\\\/schema.org\",\"@graph\":[{\"@type\":\"WebPage\",\"@id\":\"https:\\\/\\\/grandslacs-voiemaritime.com\\\/fr\\\/nouvelles-information\\\/sabonner-aux-nouvelles-diffusees\\\/\",\"url\":\"https:\\\/\\\/grandslacs-voiemaritime.com\\\/fr\\\/nouvelles-information\\\/sabonner-aux-nouvelles-diffusees\\\/\",\"name\":\"S\u2019abonner aux nouvelles diffus\u00e9es - La Corporation de Gestion de la Voie Maritime du Saint-Laurent\",\"isPartOf\":{\"@id\":\"https:\\\/\\\/grandslacs-voiemaritime.com\\\/fr\\\/#website\"},\"datePublished\":\"2019-10-15T20:39:20+00:00\",\"dateModified\":\"2021-03-08T15:01:00+00:00\",\"description\":\"La Corporation de Gestion de la Voie Maritime du Saint-Laurent (Canada) et la Great Lakes St. Lawrence Seaway Development Corporation(\u00c9tats-Unis)\",\"breadcrumb\":{\"@id\":\"https:\\\/\\\/grandslacs-voiemaritime.com\\\/fr\\\/nouvelles-information\\\/sabonner-aux-nouvelles-diffusees\\\/#breadcrumb\"},\"inLanguage\":\"fr-FR\",\"potentialAction\":[{\"@type\":\"ReadAction\",\"target\":[\"https:\\\/\\\/grandslacs-voiemaritime.com\\\/fr\\\/nouvelles-information\\\/sabonner-aux-nouvelles-diffusees\\\/\"]}]},{\"@type\":\"BreadcrumbList\",\"@id\":\"https:\\\/\\\/grandslacs-voiemaritime.com\\\/fr\\\/nouvelles-information\\\/sabonner-aux-nouvelles-diffusees\\\/#breadcrumb\",\"itemListElement\":[{\"@type\":\"ListItem\",\"position\":1,\"name\":\"Home\",\"item\":\"https:\\\/\\\/grandslacs-voiemaritime.com\\\/fr\\\/\"},{\"@type\":\"ListItem\",\"position\":2,\"name\":\"Nouvelles et information\",\"item\":\"https:\\\/\\\/grandslacs-voiemaritime.com\\\/fr\\\/nouvelles-information\\\/\"},{\"@type\":\"ListItem\",\"position\":3,\"name\":\"S\u2019abonner aux nouvelles diffus\u00e9es\"}]},{\"@type\":\"WebSite\",\"@id\":\"https:\\\/\\\/grandslacs-voiemaritime.com\\\/fr\\\/#website\",\"url\":\"https:\\\/\\\/grandslacs-voiemaritime.com\\\/fr\\\/\",\"name\":\"Great Lakes St. Lawrence Seaway System\",\"description\":\"\",\"publisher\":{\"@id\":\"https:\\\/\\\/grandslacs-voiemaritime.com\\\/fr\\\/#organization\"},\"potentialAction\":[{\"@type\":\"SearchAction\",\"target\":{\"@type\":\"EntryPoint\",\"urlTemplate\":\"https:\\\/\\\/grandslacs-voiemaritime.com\\\/fr\\\/?s={search_term_string}\"},\"query-input\":{\"@type\":\"PropertyValueSpecification\",\"valueRequired\":true,\"valueName\":\"search_term_string\"}}],\"inLanguage\":\"fr-FR\"},{\"@type\":\"Organization\",\"@id\":\"https:\\\/\\\/grandslacs-voiemaritime.com\\\/fr\\\/#organization\",\"name\":\"Great Lakes St. Lawrence Seaway System\",\"url\":\"https:\\\/\\\/grandslacs-voiemaritime.com\\\/fr\\\/\",\"logo\":{\"@type\":\"ImageObject\",\"inLanguage\":\"fr-FR\",\"@id\":\"https:\\\/\\\/grandslacs-voiemaritime.com\\\/fr\\\/#\\\/schema\\\/logo\\\/image\\\/\",\"url\":\"https:\\\/\\\/grandslacs-voiemaritime.com\\\/wp-content\\\/uploads\\\/2020\\\/06\\\/800x230-logo-en.png\",\"contentUrl\":\"https:\\\/\\\/grandslacs-voiemaritime.com\\\/wp-content\\\/uploads\\\/2020\\\/06\\\/800x230-logo-en.png\",\"width\":800,\"height\":230,\"caption\":\"Great Lakes St. Lawrence Seaway System\"},\"image\":{\"@id\":\"https:\\\/\\\/grandslacs-voiemaritime.com\\\/fr\\\/#\\\/schema\\\/logo\\\/image\\\/\"}}]}<\/script>\n<!-- \/ Yoast SEO plugin. -->","yoast_head_json":{"title":"S\u2019abonner aux nouvelles diffus\u00e9es - La Corporation de Gestion de la Voie Maritime du Saint-Laurent","description":"La Corporation de Gestion de la Voie Maritime du Saint-Laurent (Canada) et la Great Lakes St. Lawrence Seaway Development Corporation(\u00c9tats-Unis)","robots":{"index":"index","follow":"follow","max-snippet":"max-snippet:-1","max-image-preview":"max-image-preview:large","max-video-preview":"max-video-preview:-1"},"canonical":"https:\/\/grandslacs-voiemaritime.com\/fr\/nouvelles-information\/sabonner-aux-nouvelles-diffusees\/","og_locale":"fr_FR","og_type":"article","og_title":"S\u2019abonner aux nouvelles diffus\u00e9es - La Corporation de Gestion de la Voie Maritime du Saint-Laurent","og_description":"La Corporation de Gestion de la Voie Maritime du Saint-Laurent (Canada) et la Great Lakes St. Lawrence Seaway Development Corporation(\u00c9tats-Unis)","og_url":"https:\/\/grandslacs-voiemaritime.com\/fr\/nouvelles-information\/sabonner-aux-nouvelles-diffusees\/","og_site_name":"La Corporation de Gestion de la Voie Maritime du Saint-Laurent","article_modified_time":"2021-03-08T15:01:00+00:00","og_image":[{"width":334,"height":330,"url":"https:\/\/grandslacs-voiemaritime.com\/wp-content\/uploads\/2022\/01\/300x300-logo-en.png","type":"image\/png"}],"twitter_card":"summary_large_image","twitter_misc":{"Dur\u00e9e de lecture estim\u00e9e":"1 minute"},"schema":{"@context":"https:\/\/schema.org","@graph":[{"@type":"WebPage","@id":"https:\/\/grandslacs-voiemaritime.com\/fr\/nouvelles-information\/sabonner-aux-nouvelles-diffusees\/","url":"https:\/\/grandslacs-voiemaritime.com\/fr\/nouvelles-information\/sabonner-aux-nouvelles-diffusees\/","name":"S\u2019abonner aux nouvelles diffus\u00e9es - La Corporation de Gestion de la Voie Maritime du Saint-Laurent","isPartOf":{"@id":"https:\/\/grandslacs-voiemaritime.com\/fr\/#website"},"datePublished":"2019-10-15T20:39:20+00:00","dateModified":"2021-03-08T15:01:00+00:00","description":"La Corporation de Gestion de la Voie Maritime du Saint-Laurent (Canada) et la Great Lakes St. Lawrence Seaway Development Corporation(\u00c9tats-Unis)","breadcrumb":{"@id":"https:\/\/grandslacs-voiemaritime.com\/fr\/nouvelles-information\/sabonner-aux-nouvelles-diffusees\/#breadcrumb"},"inLanguage":"fr-FR","potentialAction":[{"@type":"ReadAction","target":["https:\/\/grandslacs-voiemaritime.com\/fr\/nouvelles-information\/sabonner-aux-nouvelles-diffusees\/"]}]},{"@type":"BreadcrumbList","@id":"https:\/\/grandslacs-voiemaritime.com\/fr\/nouvelles-information\/sabonner-aux-nouvelles-diffusees\/#breadcrumb","itemListElement":[{"@type":"ListItem","position":1,"name":"Home","item":"https:\/\/grandslacs-voiemaritime.com\/fr\/"},{"@type":"ListItem","position":2,"name":"Nouvelles et information","item":"https:\/\/grandslacs-voiemaritime.com\/fr\/nouvelles-information\/"},{"@type":"ListItem","position":3,"name":"S\u2019abonner aux nouvelles diffus\u00e9es"}]},{"@type":"WebSite","@id":"https:\/\/grandslacs-voiemaritime.com\/fr\/#website","url":"https:\/\/grandslacs-voiemaritime.com\/fr\/","name":"Great Lakes St. Lawrence Seaway System","description":"","publisher":{"@id":"https:\/\/grandslacs-voiemaritime.com\/fr\/#organization"},"potentialAction":[{"@type":"SearchAction","target":{"@type":"EntryPoint","urlTemplate":"https:\/\/grandslacs-voiemaritime.com\/fr\/?s={search_term_string}"},"query-input":{"@type":"PropertyValueSpecification","valueRequired":true,"valueName":"search_term_string"}}],"inLanguage":"fr-FR"},{"@type":"Organization","@id":"https:\/\/grandslacs-voiemaritime.com\/fr\/#organization","name":"Great Lakes St. Lawrence Seaway System","url":"https:\/\/grandslacs-voiemaritime.com\/fr\/","logo":{"@type":"ImageObject","inLanguage":"fr-FR","@id":"https:\/\/grandslacs-voiemaritime.com\/fr\/#\/schema\/logo\/image\/","url":"https:\/\/grandslacs-voiemaritime.com\/wp-content\/uploads\/2020\/06\/800x230-logo-en.png","contentUrl":"https:\/\/grandslacs-voiemaritime.com\/wp-content\/uploads\/2020\/06\/800x230-logo-en.png","width":800,"height":230,"caption":"Great Lakes St. Lawrence Seaway System"},"image":{"@id":"https:\/\/grandslacs-voiemaritime.com\/fr\/#\/schema\/logo\/image\/"}}]}},"_links":{"self":[{"href":"https:\/\/grandslacs-voiemaritime.com\/fr\/wp-json\/wp\/v2\/pages\/5348","targetHints":{"allow":["GET"]}}],"collection":[{"href":"https:\/\/grandslacs-voiemaritime.com\/fr\/wp-json\/wp\/v2\/pages"}],"about":[{"href":"https:\/\/grandslacs-voiemaritime.com\/fr\/wp-json\/wp\/v2\/types\/page"}],"author":[{"embeddable":true,"href":"https:\/\/grandslacs-voiemaritime.com\/fr\/wp-json\/wp\/v2\/users\/5"}],"replies":[{"embeddable":true,"href":"https:\/\/grandslacs-voiemaritime.com\/fr\/wp-json\/wp\/v2\/comments?post=5348"}],"version-history":[{"count":0,"href":"https:\/\/grandslacs-voiemaritime.com\/fr\/wp-json\/wp\/v2\/pages\/5348\/revisions"}],"up":[{"embeddable":true,"href":"https:\/\/grandslacs-voiemaritime.com\/fr\/wp-json\/wp\/v2\/pages\/5334"}],"wp:attachment":[{"href":"https:\/\/grandslacs-voiemaritime.com\/fr\/wp-json\/wp\/v2\/media?parent=5348"}],"curies":[{"name":"wp","href":"https:\/\/api.w.org\/{rel}","templated":true}]}}