{"id":5352,"date":"2019-09-16T14:05:42","date_gmt":"2019-09-16T14:05:42","guid":{"rendered":"http:\/\/grandslacs-voiemaritime.com\/recreational-boating\/"},"modified":"2022-05-04T11:08:54","modified_gmt":"2022-05-04T16:08:54","slug":"navigation-de-plaisance","status":"publish","type":"page","link":"https:\/\/grandslacs-voiemaritime.com\/fr\/navigation-de-plaisance\/","title":{"rendered":"Navigation de plaisance"},"content":{"rendered":"<p>Nous avons mis \u00e0 jour l&#8217;information concernant les embarcations de plaisance. Cliquez<a href=\"https:\/\/grandslacs-voiemaritime.com\/fr\/embarcations-de-plaisance\/\"> ici<\/a> pour acc\u00e9der \u00e0 notre nouvelle page.<\/p>\n","protected":false},"excerpt":{"rendered":"<p>Nous avons mis \u00e0 jour l&#8217;information concernant les embarcations de plaisance. Cliquez ici pour acc\u00e9der \u00e0 notre nouvelle page.<\/p>\n","protected":false},"author":5,"featured_media":13117,"parent":0,"menu_order":0,"comment_status":"closed","ping_status":"closed","template":"","meta":{"_acf_changed":false,"_lmt_disableupdate":"","_lmt_disable":"","footnotes":""},"class_list":["post-5352","page","type-page","status-publish","has-post-thumbnail","hentry"],"acf":[],"yoast_head":"<!-- This site is optimized with the Yoast SEO plugin v27.4 - https:\/\/yoast.com\/product\/yoast-seo-wordpress\/ -->\n<title>Navigation de plaisance - La Corporation de Gestion de la Voie Maritime du Saint-Laurent<\/title>\n<meta name=\"description\" content=\"Nous avons mis \u00e0 jour l&#039;information concernant les embarcations de plaisance. Cliquez ici pour acc\u00e9der \u00e0 notre nouvelle page.\" \/>\n<meta name=\"robots\" content=\"index, follow, max-snippet:-1, max-image-preview:large, max-video-preview:-1\" \/>\n<link rel=\"canonical\" href=\"https:\/\/grandslacs-voiemaritime.com\/fr\/navigation-de-plaisance\/\" \/>\n<meta property=\"og:locale\" content=\"fr_FR\" \/>\n<meta property=\"og:type\" content=\"article\" \/>\n<meta property=\"og:title\" content=\"Navigation de plaisance - La Corporation de Gestion de la Voie Maritime du Saint-Laurent\" \/>\n<meta property=\"og:description\" content=\"Nous avons mis \u00e0 jour l&#039;information concernant les embarcations de plaisance. Cliquez ici pour acc\u00e9der \u00e0 notre nouvelle page.\" \/>\n<meta property=\"og:url\" content=\"https:\/\/grandslacs-voiemaritime.com\/fr\/navigation-de-plaisance\/\" \/>\n<meta property=\"og:site_name\" content=\"La Corporation de Gestion de la Voie Maritime du Saint-Laurent\" \/>\n<meta property=\"article:modified_time\" content=\"2022-05-04T16:08:54+00:00\" \/>\n<meta property=\"og:image\" content=\"https:\/\/grandslacs-voiemaritime.com\/wp-content\/uploads\/2020\/01\/recreational-boating-banner.jpg\" \/>\n\t<meta property=\"og:image:width\" content=\"1800\" \/>\n\t<meta property=\"og:image:height\" content=\"313\" \/>\n\t<meta property=\"og:image:type\" content=\"image\/jpeg\" \/>\n<meta name=\"twitter:card\" content=\"summary_large_image\" \/>\n<meta name=\"twitter:label1\" content=\"Dur\u00e9e de lecture estim\u00e9e\" \/>\n\t<meta name=\"twitter:data1\" content=\"1 minute\" \/>\n<script type=\"application\/ld+json\" class=\"yoast-schema-graph\">{\"@context\":\"https:\\\/\\\/schema.org\",\"@graph\":[{\"@type\":\"WebPage\",\"@id\":\"https:\\\/\\\/grandslacs-voiemaritime.com\\\/fr\\\/navigation-de-plaisance\\\/\",\"url\":\"https:\\\/\\\/grandslacs-voiemaritime.com\\\/fr\\\/navigation-de-plaisance\\\/\",\"name\":\"Navigation de plaisance - La Corporation de Gestion de la Voie Maritime du Saint-Laurent\",\"isPartOf\":{\"@id\":\"https:\\\/\\\/slsmcsite.wpengine.com\\\/en\\\/#website\"},\"primaryImageOfPage\":{\"@id\":\"https:\\\/\\\/grandslacs-voiemaritime.com\\\/fr\\\/navigation-de-plaisance\\\/#primaryimage\"},\"image\":{\"@id\":\"https:\\\/\\\/grandslacs-voiemaritime.com\\\/fr\\\/navigation-de-plaisance\\\/#primaryimage\"},\"thumbnailUrl\":\"https:\\\/\\\/grandslacs-voiemaritime.com\\\/wp-content\\\/uploads\\\/2020\\\/01\\\/recreational-boating-banner.jpg\",\"datePublished\":\"2019-09-16T14:05:42+00:00\",\"dateModified\":\"2022-05-04T16:08:54+00:00\",\"description\":\"Nous avons mis \u00e0 jour l'information concernant les embarcations de plaisance. Cliquez ici pour acc\u00e9der \u00e0 notre nouvelle page.\",\"breadcrumb\":{\"@id\":\"https:\\\/\\\/grandslacs-voiemaritime.com\\\/fr\\\/navigation-de-plaisance\\\/#breadcrumb\"},\"inLanguage\":\"fr-FR\",\"potentialAction\":[{\"@type\":\"ReadAction\",\"target\":[\"https:\\\/\\\/grandslacs-voiemaritime.com\\\/fr\\\/navigation-de-plaisance\\\/\"]}]},{\"@type\":\"ImageObject\",\"inLanguage\":\"fr-FR\",\"@id\":\"https:\\\/\\\/grandslacs-voiemaritime.com\\\/fr\\\/navigation-de-plaisance\\\/#primaryimage\",\"url\":\"https:\\\/\\\/grandslacs-voiemaritime.com\\\/wp-content\\\/uploads\\\/2020\\\/01\\\/recreational-boating-banner.jpg\",\"contentUrl\":\"https:\\\/\\\/grandslacs-voiemaritime.com\\\/wp-content\\\/uploads\\\/2020\\\/01\\\/recreational-boating-banner.jpg\",\"width\":1800,\"height\":313,\"caption\":\"Sailing on St. Lawrence River\"},{\"@type\":\"BreadcrumbList\",\"@id\":\"https:\\\/\\\/grandslacs-voiemaritime.com\\\/fr\\\/navigation-de-plaisance\\\/#breadcrumb\",\"itemListElement\":[{\"@type\":\"ListItem\",\"position\":1,\"name\":\"Home\",\"item\":\"https:\\\/\\\/grandslacs-voiemaritime.com\\\/fr\\\/\"},{\"@type\":\"ListItem\",\"position\":2,\"name\":\"Navigation de plaisance\"}]},{\"@type\":\"WebSite\",\"@id\":\"https:\\\/\\\/slsmcsite.wpengine.com\\\/en\\\/#website\",\"url\":\"https:\\\/\\\/slsmcsite.wpengine.com\\\/en\\\/\",\"name\":\"Great Lakes St. Lawrence Seaway System\",\"description\":\"\",\"publisher\":{\"@id\":\"https:\\\/\\\/slsmcsite.wpengine.com\\\/en\\\/#organization\"},\"potentialAction\":[{\"@type\":\"SearchAction\",\"target\":{\"@type\":\"EntryPoint\",\"urlTemplate\":\"https:\\\/\\\/slsmcsite.wpengine.com\\\/en\\\/?s={search_term_string}\"},\"query-input\":{\"@type\":\"PropertyValueSpecification\",\"valueRequired\":true,\"valueName\":\"search_term_string\"}}],\"inLanguage\":\"fr-FR\"},{\"@type\":\"Organization\",\"@id\":\"https:\\\/\\\/slsmcsite.wpengine.com\\\/en\\\/#organization\",\"name\":\"Great Lakes St. Lawrence Seaway System\",\"url\":\"https:\\\/\\\/slsmcsite.wpengine.com\\\/en\\\/\",\"logo\":{\"@type\":\"ImageObject\",\"inLanguage\":\"fr-FR\",\"@id\":\"https:\\\/\\\/slsmcsite.wpengine.com\\\/en\\\/#\\\/schema\\\/logo\\\/image\\\/\",\"url\":\"https:\\\/\\\/grandslacs-voiemaritime.com\\\/wp-content\\\/uploads\\\/2020\\\/06\\\/800x230-logo-en.png\",\"contentUrl\":\"https:\\\/\\\/grandslacs-voiemaritime.com\\\/wp-content\\\/uploads\\\/2020\\\/06\\\/800x230-logo-en.png\",\"width\":800,\"height\":230,\"caption\":\"Great Lakes St. Lawrence Seaway System\"},\"image\":{\"@id\":\"https:\\\/\\\/slsmcsite.wpengine.com\\\/en\\\/#\\\/schema\\\/logo\\\/image\\\/\"}}]}<\/script>\n<!-- \/ Yoast SEO plugin. -->","yoast_head_json":{"title":"Navigation de plaisance - La Corporation de Gestion de la Voie Maritime du Saint-Laurent","description":"Nous avons mis \u00e0 jour l'information concernant les embarcations de plaisance. Cliquez ici pour acc\u00e9der \u00e0 notre nouvelle page.","robots":{"index":"index","follow":"follow","max-snippet":"max-snippet:-1","max-image-preview":"max-image-preview:large","max-video-preview":"max-video-preview:-1"},"canonical":"https:\/\/grandslacs-voiemaritime.com\/fr\/navigation-de-plaisance\/","og_locale":"fr_FR","og_type":"article","og_title":"Navigation de plaisance - La Corporation de Gestion de la Voie Maritime du Saint-Laurent","og_description":"Nous avons mis \u00e0 jour l'information concernant les embarcations de plaisance. Cliquez ici pour acc\u00e9der \u00e0 notre nouvelle page.","og_url":"https:\/\/grandslacs-voiemaritime.com\/fr\/navigation-de-plaisance\/","og_site_name":"La Corporation de Gestion de la Voie Maritime du Saint-Laurent","article_modified_time":"2022-05-04T16:08:54+00:00","og_image":[{"width":1800,"height":313,"url":"https:\/\/grandslacs-voiemaritime.com\/wp-content\/uploads\/2020\/01\/recreational-boating-banner.jpg","type":"image\/jpeg"}],"twitter_card":"summary_large_image","twitter_misc":{"Dur\u00e9e de lecture estim\u00e9e":"1 minute"},"schema":{"@context":"https:\/\/schema.org","@graph":[{"@type":"WebPage","@id":"https:\/\/grandslacs-voiemaritime.com\/fr\/navigation-de-plaisance\/","url":"https:\/\/grandslacs-voiemaritime.com\/fr\/navigation-de-plaisance\/","name":"Navigation de plaisance - La Corporation de Gestion de la Voie Maritime du Saint-Laurent","isPartOf":{"@id":"https:\/\/slsmcsite.wpengine.com\/en\/#website"},"primaryImageOfPage":{"@id":"https:\/\/grandslacs-voiemaritime.com\/fr\/navigation-de-plaisance\/#primaryimage"},"image":{"@id":"https:\/\/grandslacs-voiemaritime.com\/fr\/navigation-de-plaisance\/#primaryimage"},"thumbnailUrl":"https:\/\/grandslacs-voiemaritime.com\/wp-content\/uploads\/2020\/01\/recreational-boating-banner.jpg","datePublished":"2019-09-16T14:05:42+00:00","dateModified":"2022-05-04T16:08:54+00:00","description":"Nous avons mis \u00e0 jour l'information concernant les embarcations de plaisance. Cliquez ici pour acc\u00e9der \u00e0 notre nouvelle page.","breadcrumb":{"@id":"https:\/\/grandslacs-voiemaritime.com\/fr\/navigation-de-plaisance\/#breadcrumb"},"inLanguage":"fr-FR","potentialAction":[{"@type":"ReadAction","target":["https:\/\/grandslacs-voiemaritime.com\/fr\/navigation-de-plaisance\/"]}]},{"@type":"ImageObject","inLanguage":"fr-FR","@id":"https:\/\/grandslacs-voiemaritime.com\/fr\/navigation-de-plaisance\/#primaryimage","url":"https:\/\/grandslacs-voiemaritime.com\/wp-content\/uploads\/2020\/01\/recreational-boating-banner.jpg","contentUrl":"https:\/\/grandslacs-voiemaritime.com\/wp-content\/uploads\/2020\/01\/recreational-boating-banner.jpg","width":1800,"height":313,"caption":"Sailing on St. Lawrence River"},{"@type":"BreadcrumbList","@id":"https:\/\/grandslacs-voiemaritime.com\/fr\/navigation-de-plaisance\/#breadcrumb","itemListElement":[{"@type":"ListItem","position":1,"name":"Home","item":"https:\/\/grandslacs-voiemaritime.com\/fr\/"},{"@type":"ListItem","position":2,"name":"Navigation de plaisance"}]},{"@type":"WebSite","@id":"https:\/\/slsmcsite.wpengine.com\/en\/#website","url":"https:\/\/slsmcsite.wpengine.com\/en\/","name":"Great Lakes St. Lawrence Seaway System","description":"","publisher":{"@id":"https:\/\/slsmcsite.wpengine.com\/en\/#organization"},"potentialAction":[{"@type":"SearchAction","target":{"@type":"EntryPoint","urlTemplate":"https:\/\/slsmcsite.wpengine.com\/en\/?s={search_term_string}"},"query-input":{"@type":"PropertyValueSpecification","valueRequired":true,"valueName":"search_term_string"}}],"inLanguage":"fr-FR"},{"@type":"Organization","@id":"https:\/\/slsmcsite.wpengine.com\/en\/#organization","name":"Great Lakes St. Lawrence Seaway System","url":"https:\/\/slsmcsite.wpengine.com\/en\/","logo":{"@type":"ImageObject","inLanguage":"fr-FR","@id":"https:\/\/slsmcsite.wpengine.com\/en\/#\/schema\/logo\/image\/","url":"https:\/\/grandslacs-voiemaritime.com\/wp-content\/uploads\/2020\/06\/800x230-logo-en.png","contentUrl":"https:\/\/grandslacs-voiemaritime.com\/wp-content\/uploads\/2020\/06\/800x230-logo-en.png","width":800,"height":230,"caption":"Great Lakes St. Lawrence Seaway System"},"image":{"@id":"https:\/\/slsmcsite.wpengine.com\/en\/#\/schema\/logo\/image\/"}}]}},"_links":{"self":[{"href":"https:\/\/grandslacs-voiemaritime.com\/fr\/wp-json\/wp\/v2\/pages\/5352","targetHints":{"allow":["GET"]}}],"collection":[{"href":"https:\/\/grandslacs-voiemaritime.com\/fr\/wp-json\/wp\/v2\/pages"}],"about":[{"href":"https:\/\/grandslacs-voiemaritime.com\/fr\/wp-json\/wp\/v2\/types\/page"}],"author":[{"embeddable":true,"href":"https:\/\/grandslacs-voiemaritime.com\/fr\/wp-json\/wp\/v2\/users\/5"}],"replies":[{"embeddable":true,"href":"https:\/\/grandslacs-voiemaritime.com\/fr\/wp-json\/wp\/v2\/comments?post=5352"}],"version-history":[{"count":0,"href":"https:\/\/grandslacs-voiemaritime.com\/fr\/wp-json\/wp\/v2\/pages\/5352\/revisions"}],"wp:featuredmedia":[{"embeddable":true,"href":"https:\/\/grandslacs-voiemaritime.com\/fr\/wp-json\/wp\/v2\/media\/13117"}],"wp:attachment":[{"href":"https:\/\/grandslacs-voiemaritime.com\/fr\/wp-json\/wp\/v2\/media?parent=5352"}],"curies":[{"name":"wp","href":"https:\/\/api.w.org\/{rel}","templated":true}]}}