{"id":5356,"date":"2019-09-19T13:04:13","date_gmt":"2019-09-19T13:04:13","guid":{"rendered":"http:\/\/grandslacs-voiemaritime.com\/recreational-boating-fr\/bridge-status\/"},"modified":"2026-02-18T12:21:08","modified_gmt":"2026-02-18T17:21:08","slug":"letat-des-ponts","status":"publish","type":"page","link":"https:\/\/grandslacs-voiemaritime.com\/fr\/navigation-de-plaisance\/letat-des-ponts\/","title":{"rendered":"L&#8217;\u00e9tat des ponts"},"content":{"rendered":"<p>Cliquez sur l\u2019un des liens ci-dessous pour acc\u00e9der aux applications de l\u2019\u00e9tat des ponts des r\u00e9gions de Niagara et Maisonneuve :<\/p>\n<ul>\n<li><a href=\"https:\/\/seaway-greatlakes.com\/bridgestatus\/detailsnai?key=BridgeSCT&amp;culture=fr-FR\" target=\"_blank\" rel=\"noopener noreferrer\">St. Catharines \/ Thorold<\/a><\/li>\n<li><a href=\"https:\/\/seaway-greatlakes.com\/bridgestatus\/detailsnai?key=BridgePC&amp;culture=fr-FR\" target=\"_blank\" rel=\"noopener noreferrer\">Port Colborne<\/a><\/li>\n<li><a href=\"https:\/\/www.seaway-greatlakes.com\/bridgestatus\/detailsmai2?key=BridgeSBS&amp;culture=fr-FR\" target=\"_blank\" rel=\"noopener noreferrer\">R\u00e9gion de Salaberry \/ Beauharnois \/ Suro\u00eet<\/a><\/li>\n<li><a href=\"https:\/\/seaway-greatlakes.com\/bridgestatus\/detailsmai?key=BridgeM&amp;culture=fr-FR\" target=\"_blank\" rel=\"noopener noreferrer\">Rive-Sud de Montr\u00e9al<\/a><\/li>\n<li><a href=\"https:\/\/seaway-greatlakes.com\/bridgestatus\/detailsmai?key=BridgeK&amp;culture=fr-FR\" target=\"_blank\" rel=\"noopener noreferrer\">Kahnawake<\/a><\/li>\n<\/ul>\n<p>Nous encourageons les utilisateurs des ponts de St. Catharines \/ Thorold \u00e0 \u00ab CHOISIR LE VERT \u00bb : les ponts signal\u00e9s en vert devraient rester disponibles dans les 15 minutes \u00e0 venir. Lorsqu\u2019un pont doit \u00eatre ferm\u00e9 pour une p\u00e9riode prolong\u00e9e (ex., pour des op\u00e9rations d\u2019entretien), un message l\u2019indiquant sera visible.<\/p>\n<p><strong><span style=\"color: #ff0000;\">NOUVEAU : <\/span><\/strong>Fermetures temporaires des ponts en raison d&#8217;entretien. <a href=\"https:\/\/grandslacs-voiemaritime.com\/fr\/pour-nos-collectivites\/entretien-des-infrastructures\/\">Cliquez ici pour plus de d\u00e9tails.<\/a><\/p>\n<p><img loading=\"lazy\" decoding=\"async\" class=\"alignleft wp-image-48243\" src=\"https:\/\/grandslacs-voiemaritime.com\/wp-content\/uploads\/2025\/08\/bridge_lift.png\" alt=\"waze and google map\" width=\"78\" height=\"44\" \/><span style=\"color: #000000;\">L\u2019information sur les ponts levants maintenant accessible sur Waze et Google Maps.<\/span><\/p>\n","protected":false},"excerpt":{"rendered":"<p>Cliquez sur l\u2019un des liens ci-dessous pour acc\u00e9der aux applications de l\u2019\u00e9tat des ponts des r\u00e9gions de Niagara et Maisonneuve : St. Catharines \/ Thorold Port Colborne R\u00e9gion de Salaberry \/ Beauharnois \/ Suro\u00eet Rive-Sud de Montr\u00e9al Kahnawake Nous encourageons les utilisateurs des ponts de St. Catharines \/ Thorold \u00e0 \u00ab CHOISIR LE VERT \u00bb<\/p>\n","protected":false},"author":5,"featured_media":0,"parent":5352,"menu_order":0,"comment_status":"closed","ping_status":"closed","template":"","meta":{"_acf_changed":false,"_lmt_disableupdate":"no","_lmt_disable":"","footnotes":""},"class_list":["post-5356","page","type-page","status-publish","hentry"],"acf":[],"yoast_head":"<!-- This site is optimized with the Yoast SEO plugin v27.3 - https:\/\/yoast.com\/product\/yoast-seo-wordpress\/ -->\n<title>L&#039;\u00e9tat des ponts - La Corporation de Gestion de la Voie Maritime du Saint-Laurent<\/title>\n<meta name=\"description\" content=\"Cliquez sur l\u2019un des liens ci-dessous pour acc\u00e9der aux applications de l\u2019\u00e9tat des ponts des r\u00e9gions de Niagara et Maisonneuve : St. Catharines \/ Thorold\" \/>\n<meta name=\"robots\" content=\"index, follow, max-snippet:-1, max-image-preview:large, max-video-preview:-1\" \/>\n<link rel=\"canonical\" href=\"https:\/\/grandslacs-voiemaritime.com\/fr\/navigation-de-plaisance\/letat-des-ponts\/\" \/>\n<meta property=\"og:locale\" content=\"fr_FR\" \/>\n<meta property=\"og:type\" content=\"article\" \/>\n<meta property=\"og:title\" content=\"L&#039;\u00e9tat des ponts - La Corporation de Gestion de la Voie Maritime du Saint-Laurent\" \/>\n<meta property=\"og:description\" content=\"Cliquez sur l\u2019un des liens ci-dessous pour acc\u00e9der aux applications de l\u2019\u00e9tat des ponts des r\u00e9gions de Niagara et Maisonneuve : St. Catharines \/ Thorold\" \/>\n<meta property=\"og:url\" content=\"https:\/\/grandslacs-voiemaritime.com\/fr\/navigation-de-plaisance\/letat-des-ponts\/\" \/>\n<meta property=\"og:site_name\" content=\"La Corporation de Gestion de la Voie Maritime du Saint-Laurent\" \/>\n<meta property=\"article:modified_time\" content=\"2026-02-18T17:21:08+00:00\" \/>\n<meta property=\"og:image\" content=\"https:\/\/grandslacs-voiemaritime.com\/wp-content\/uploads\/2022\/01\/300x300-logo-en.png\" \/>\n\t<meta property=\"og:image:width\" content=\"334\" \/>\n\t<meta property=\"og:image:height\" content=\"330\" \/>\n\t<meta property=\"og:image:type\" content=\"image\/png\" \/>\n<meta name=\"twitter:card\" content=\"summary_large_image\" \/>\n<meta name=\"twitter:image\" content=\"https:\/\/grandslacs-voiemaritime.com\/wp-content\/uploads\/2022\/01\/300x300-logo-en.png\" \/>\n<meta name=\"twitter:label1\" content=\"Dur\u00e9e de lecture estim\u00e9e\" \/>\n\t<meta name=\"twitter:data1\" content=\"1 minute\" \/>\n<script type=\"application\/ld+json\" class=\"yoast-schema-graph\">{\"@context\":\"https:\\\/\\\/schema.org\",\"@graph\":[{\"@type\":\"WebPage\",\"@id\":\"https:\\\/\\\/grandslacs-voiemaritime.com\\\/fr\\\/navigation-de-plaisance\\\/letat-des-ponts\\\/\",\"url\":\"https:\\\/\\\/grandslacs-voiemaritime.com\\\/fr\\\/navigation-de-plaisance\\\/letat-des-ponts\\\/\",\"name\":\"L'\u00e9tat des ponts - La Corporation de Gestion de la Voie Maritime du Saint-Laurent\",\"isPartOf\":{\"@id\":\"https:\\\/\\\/greatlakes-seaway.com\\\/fr\\\/#website\"},\"primaryImageOfPage\":{\"@id\":\"https:\\\/\\\/grandslacs-voiemaritime.com\\\/fr\\\/navigation-de-plaisance\\\/letat-des-ponts\\\/#primaryimage\"},\"image\":{\"@id\":\"https:\\\/\\\/grandslacs-voiemaritime.com\\\/fr\\\/navigation-de-plaisance\\\/letat-des-ponts\\\/#primaryimage\"},\"thumbnailUrl\":\"https:\\\/\\\/greatlakes-seaway.com\\\/wp-content\\\/uploads\\\/2025\\\/08\\\/bridge_lift.png\",\"datePublished\":\"2019-09-19T13:04:13+00:00\",\"dateModified\":\"2026-02-18T17:21:08+00:00\",\"description\":\"Cliquez sur l\u2019un des liens ci-dessous pour acc\u00e9der aux applications de l\u2019\u00e9tat des ponts des r\u00e9gions de Niagara et Maisonneuve : St. Catharines \\\/ Thorold\",\"breadcrumb\":{\"@id\":\"https:\\\/\\\/grandslacs-voiemaritime.com\\\/fr\\\/navigation-de-plaisance\\\/letat-des-ponts\\\/#breadcrumb\"},\"inLanguage\":\"fr-FR\",\"potentialAction\":[{\"@type\":\"ReadAction\",\"target\":[\"https:\\\/\\\/grandslacs-voiemaritime.com\\\/fr\\\/navigation-de-plaisance\\\/letat-des-ponts\\\/\"]}]},{\"@type\":\"ImageObject\",\"inLanguage\":\"fr-FR\",\"@id\":\"https:\\\/\\\/grandslacs-voiemaritime.com\\\/fr\\\/navigation-de-plaisance\\\/letat-des-ponts\\\/#primaryimage\",\"url\":\"https:\\\/\\\/greatlakes-seaway.com\\\/wp-content\\\/uploads\\\/2025\\\/08\\\/bridge_lift.png\",\"contentUrl\":\"https:\\\/\\\/greatlakes-seaway.com\\\/wp-content\\\/uploads\\\/2025\\\/08\\\/bridge_lift.png\"},{\"@type\":\"BreadcrumbList\",\"@id\":\"https:\\\/\\\/grandslacs-voiemaritime.com\\\/fr\\\/navigation-de-plaisance\\\/letat-des-ponts\\\/#breadcrumb\",\"itemListElement\":[{\"@type\":\"ListItem\",\"position\":1,\"name\":\"Home\",\"item\":\"https:\\\/\\\/grandslacs-voiemaritime.com\\\/fr\\\/\"},{\"@type\":\"ListItem\",\"position\":2,\"name\":\"Navigation de plaisance\",\"item\":\"https:\\\/\\\/grandslacs-voiemaritime.com\\\/fr\\\/navigation-de-plaisance\\\/\"},{\"@type\":\"ListItem\",\"position\":3,\"name\":\"L&#8217;\u00e9tat des ponts\"}]},{\"@type\":\"WebSite\",\"@id\":\"https:\\\/\\\/greatlakes-seaway.com\\\/fr\\\/#website\",\"url\":\"https:\\\/\\\/greatlakes-seaway.com\\\/fr\\\/\",\"name\":\"Great Lakes St. Lawrence Seaway System\",\"description\":\"\",\"publisher\":{\"@id\":\"https:\\\/\\\/greatlakes-seaway.com\\\/fr\\\/#organization\"},\"potentialAction\":[{\"@type\":\"SearchAction\",\"target\":{\"@type\":\"EntryPoint\",\"urlTemplate\":\"https:\\\/\\\/greatlakes-seaway.com\\\/fr\\\/?s={search_term_string}\"},\"query-input\":{\"@type\":\"PropertyValueSpecification\",\"valueRequired\":true,\"valueName\":\"search_term_string\"}}],\"inLanguage\":\"fr-FR\"},{\"@type\":\"Organization\",\"@id\":\"https:\\\/\\\/greatlakes-seaway.com\\\/fr\\\/#organization\",\"name\":\"Great Lakes St. Lawrence Seaway System\",\"url\":\"https:\\\/\\\/greatlakes-seaway.com\\\/fr\\\/\",\"logo\":{\"@type\":\"ImageObject\",\"inLanguage\":\"fr-FR\",\"@id\":\"https:\\\/\\\/greatlakes-seaway.com\\\/fr\\\/#\\\/schema\\\/logo\\\/image\\\/\",\"url\":\"https:\\\/\\\/grandslacs-voiemaritime.com\\\/wp-content\\\/uploads\\\/2020\\\/06\\\/800x230-logo-en.png\",\"contentUrl\":\"https:\\\/\\\/grandslacs-voiemaritime.com\\\/wp-content\\\/uploads\\\/2020\\\/06\\\/800x230-logo-en.png\",\"width\":800,\"height\":230,\"caption\":\"Great Lakes St. Lawrence Seaway System\"},\"image\":{\"@id\":\"https:\\\/\\\/greatlakes-seaway.com\\\/fr\\\/#\\\/schema\\\/logo\\\/image\\\/\"}}]}<\/script>\n<!-- \/ Yoast SEO plugin. -->","yoast_head_json":{"title":"L'\u00e9tat des ponts - La Corporation de Gestion de la Voie Maritime du Saint-Laurent","description":"Cliquez sur l\u2019un des liens ci-dessous pour acc\u00e9der aux applications de l\u2019\u00e9tat des ponts des r\u00e9gions de Niagara et Maisonneuve : St. Catharines \/ Thorold","robots":{"index":"index","follow":"follow","max-snippet":"max-snippet:-1","max-image-preview":"max-image-preview:large","max-video-preview":"max-video-preview:-1"},"canonical":"https:\/\/grandslacs-voiemaritime.com\/fr\/navigation-de-plaisance\/letat-des-ponts\/","og_locale":"fr_FR","og_type":"article","og_title":"L'\u00e9tat des ponts - La Corporation de Gestion de la Voie Maritime du Saint-Laurent","og_description":"Cliquez sur l\u2019un des liens ci-dessous pour acc\u00e9der aux applications de l\u2019\u00e9tat des ponts des r\u00e9gions de Niagara et Maisonneuve : St. Catharines \/ Thorold","og_url":"https:\/\/grandslacs-voiemaritime.com\/fr\/navigation-de-plaisance\/letat-des-ponts\/","og_site_name":"La Corporation de Gestion de la Voie Maritime du Saint-Laurent","article_modified_time":"2026-02-18T17:21:08+00:00","og_image":[{"width":334,"height":330,"url":"https:\/\/grandslacs-voiemaritime.com\/wp-content\/uploads\/2022\/01\/300x300-logo-en.png","type":"image\/png"}],"twitter_card":"summary_large_image","twitter_image":"https:\/\/grandslacs-voiemaritime.com\/wp-content\/uploads\/2022\/01\/300x300-logo-en.png","twitter_misc":{"Dur\u00e9e de lecture estim\u00e9e":"1 minute"},"schema":{"@context":"https:\/\/schema.org","@graph":[{"@type":"WebPage","@id":"https:\/\/grandslacs-voiemaritime.com\/fr\/navigation-de-plaisance\/letat-des-ponts\/","url":"https:\/\/grandslacs-voiemaritime.com\/fr\/navigation-de-plaisance\/letat-des-ponts\/","name":"L'\u00e9tat des ponts - La Corporation de Gestion de la Voie Maritime du Saint-Laurent","isPartOf":{"@id":"https:\/\/greatlakes-seaway.com\/fr\/#website"},"primaryImageOfPage":{"@id":"https:\/\/grandslacs-voiemaritime.com\/fr\/navigation-de-plaisance\/letat-des-ponts\/#primaryimage"},"image":{"@id":"https:\/\/grandslacs-voiemaritime.com\/fr\/navigation-de-plaisance\/letat-des-ponts\/#primaryimage"},"thumbnailUrl":"https:\/\/greatlakes-seaway.com\/wp-content\/uploads\/2025\/08\/bridge_lift.png","datePublished":"2019-09-19T13:04:13+00:00","dateModified":"2026-02-18T17:21:08+00:00","description":"Cliquez sur l\u2019un des liens ci-dessous pour acc\u00e9der aux applications de l\u2019\u00e9tat des ponts des r\u00e9gions de Niagara et Maisonneuve : St. Catharines \/ Thorold","breadcrumb":{"@id":"https:\/\/grandslacs-voiemaritime.com\/fr\/navigation-de-plaisance\/letat-des-ponts\/#breadcrumb"},"inLanguage":"fr-FR","potentialAction":[{"@type":"ReadAction","target":["https:\/\/grandslacs-voiemaritime.com\/fr\/navigation-de-plaisance\/letat-des-ponts\/"]}]},{"@type":"ImageObject","inLanguage":"fr-FR","@id":"https:\/\/grandslacs-voiemaritime.com\/fr\/navigation-de-plaisance\/letat-des-ponts\/#primaryimage","url":"https:\/\/greatlakes-seaway.com\/wp-content\/uploads\/2025\/08\/bridge_lift.png","contentUrl":"https:\/\/greatlakes-seaway.com\/wp-content\/uploads\/2025\/08\/bridge_lift.png"},{"@type":"BreadcrumbList","@id":"https:\/\/grandslacs-voiemaritime.com\/fr\/navigation-de-plaisance\/letat-des-ponts\/#breadcrumb","itemListElement":[{"@type":"ListItem","position":1,"name":"Home","item":"https:\/\/grandslacs-voiemaritime.com\/fr\/"},{"@type":"ListItem","position":2,"name":"Navigation de plaisance","item":"https:\/\/grandslacs-voiemaritime.com\/fr\/navigation-de-plaisance\/"},{"@type":"ListItem","position":3,"name":"L&#8217;\u00e9tat des ponts"}]},{"@type":"WebSite","@id":"https:\/\/greatlakes-seaway.com\/fr\/#website","url":"https:\/\/greatlakes-seaway.com\/fr\/","name":"Great Lakes St. Lawrence Seaway System","description":"","publisher":{"@id":"https:\/\/greatlakes-seaway.com\/fr\/#organization"},"potentialAction":[{"@type":"SearchAction","target":{"@type":"EntryPoint","urlTemplate":"https:\/\/greatlakes-seaway.com\/fr\/?s={search_term_string}"},"query-input":{"@type":"PropertyValueSpecification","valueRequired":true,"valueName":"search_term_string"}}],"inLanguage":"fr-FR"},{"@type":"Organization","@id":"https:\/\/greatlakes-seaway.com\/fr\/#organization","name":"Great Lakes St. Lawrence Seaway System","url":"https:\/\/greatlakes-seaway.com\/fr\/","logo":{"@type":"ImageObject","inLanguage":"fr-FR","@id":"https:\/\/greatlakes-seaway.com\/fr\/#\/schema\/logo\/image\/","url":"https:\/\/grandslacs-voiemaritime.com\/wp-content\/uploads\/2020\/06\/800x230-logo-en.png","contentUrl":"https:\/\/grandslacs-voiemaritime.com\/wp-content\/uploads\/2020\/06\/800x230-logo-en.png","width":800,"height":230,"caption":"Great Lakes St. Lawrence Seaway System"},"image":{"@id":"https:\/\/greatlakes-seaway.com\/fr\/#\/schema\/logo\/image\/"}}]}},"_links":{"self":[{"href":"https:\/\/grandslacs-voiemaritime.com\/fr\/wp-json\/wp\/v2\/pages\/5356","targetHints":{"allow":["GET"]}}],"collection":[{"href":"https:\/\/grandslacs-voiemaritime.com\/fr\/wp-json\/wp\/v2\/pages"}],"about":[{"href":"https:\/\/grandslacs-voiemaritime.com\/fr\/wp-json\/wp\/v2\/types\/page"}],"author":[{"embeddable":true,"href":"https:\/\/grandslacs-voiemaritime.com\/fr\/wp-json\/wp\/v2\/users\/5"}],"replies":[{"embeddable":true,"href":"https:\/\/grandslacs-voiemaritime.com\/fr\/wp-json\/wp\/v2\/comments?post=5356"}],"version-history":[{"count":3,"href":"https:\/\/grandslacs-voiemaritime.com\/fr\/wp-json\/wp\/v2\/pages\/5356\/revisions"}],"predecessor-version":[{"id":49524,"href":"https:\/\/grandslacs-voiemaritime.com\/fr\/wp-json\/wp\/v2\/pages\/5356\/revisions\/49524"}],"up":[{"embeddable":true,"href":"https:\/\/grandslacs-voiemaritime.com\/fr\/wp-json\/wp\/v2\/pages\/5352"}],"wp:attachment":[{"href":"https:\/\/grandslacs-voiemaritime.com\/fr\/wp-json\/wp\/v2\/media?parent=5356"}],"curies":[{"name":"wp","href":"https:\/\/api.w.org\/{rel}","templated":true}]}}