{"id":5454,"date":"2019-10-25T19:50:50","date_gmt":"2019-10-25T19:50:50","guid":{"rendered":"http:\/\/grandslacs-voiemaritime.com\/?page_id=5454"},"modified":"2020-03-27T15:07:16","modified_gmt":"2020-03-27T15:07:16","slug":"pleasure-craft-bulletins-fr","status":"publish","type":"page","link":"https:\/\/grandslacs-voiemaritime.com\/fr\/embarcations-de-plaisance\/pleasure-craft-bulletins-fr\/","title":{"rendered":"Bulletins des plaisanciers de la Voie maritime"},"content":{"rendered":"<p>Les bulletins des plaisanciers de la Voie maritime abordent des questions propres \u00e0 une saison de navigation donn\u00e9e et compl\u00e8tent les r\u00e8glements qui se trouvent dans le\u00a0<em>Guide des embarcations de plaisance<\/em>\u00a0de la Voie maritime. Ils sont diffus\u00e9s par courriel, sur abonnement.<\/p>\n<p>Pour s\u2019abonner gratuitement aux bulletins des plaisanciers de la Voie maritime diffus\u00e9s par courriel,\u00a0<a href=\"https:\/\/grandslacs-voiemaritime.com\/fr\/nouvelles-information\/sabonner-aux-nouvelles-diffusees\/\">cliquez ici.<\/a><\/p>\n<ul>\n<li><a href=\"https:\/\/grandslacs-voiemaritime.com\/fr\/nouvelles-et-information\/avis\/bulletins-des-plaisanciers-de-la-voie-maritime-canal-welland\/\">Bulletins des plaisanciers de la Voie maritime &#8211; canal Welland<\/a><\/li>\n<li><a href=\"https:\/\/grandslacs-voiemaritime.com\/fr\/nouvelles-et-information\/avis\/bulletins-des-plaisanciers-de-la-voie-maritime-montreal-lac-ontario\/\">Bulletins des plaisanciers de la Voie maritime &#8211; Montr\u00e9al-lac Ontario<\/a><\/li>\n<\/ul>\n","protected":false},"excerpt":{"rendered":"<p>Les bulletins des plaisanciers de la Voie maritime abordent des questions propres \u00e0 une saison de navigation donn\u00e9e et compl\u00e8tent les r\u00e8glements qui se trouvent dans le\u00a0Guide des embarcations de plaisance\u00a0de la Voie maritime. Ils sont diffus\u00e9s par courriel, sur abonnement. Pour s\u2019abonner gratuitement aux bulletins des plaisanciers de la Voie maritime diffus\u00e9s par courriel,\u00a0cliquez<\/p>\n","protected":false},"author":5,"featured_media":0,"parent":20373,"menu_order":0,"comment_status":"closed","ping_status":"closed","template":"","meta":{"_acf_changed":false,"_lmt_disableupdate":"","_lmt_disable":"","footnotes":""},"class_list":["post-5454","page","type-page","status-publish","hentry"],"acf":[],"yoast_head":"<!-- This site is optimized with the Yoast SEO plugin v27.4 - https:\/\/yoast.com\/product\/yoast-seo-wordpress\/ -->\n<title>Bulletins des plaisanciers de la Voie maritime - La Corporation de Gestion de la Voie Maritime du Saint-Laurent<\/title>\n<meta name=\"description\" content=\"Les bulletins des plaisanciers de la Voie maritime abordent des questions propres \u00e0 une saison de navigation donn\u00e9e et compl\u00e8tent les r\u00e8glements qui se\" \/>\n<meta name=\"robots\" content=\"index, follow, max-snippet:-1, max-image-preview:large, max-video-preview:-1\" \/>\n<link rel=\"canonical\" href=\"https:\/\/grandslacs-voiemaritime.com\/fr\/embarcations-de-plaisance\/pleasure-craft-bulletins-fr\/\" \/>\n<meta property=\"og:locale\" content=\"fr_FR\" \/>\n<meta property=\"og:type\" content=\"article\" \/>\n<meta property=\"og:title\" content=\"Bulletins des plaisanciers de la Voie maritime - La Corporation de Gestion de la Voie Maritime du Saint-Laurent\" \/>\n<meta property=\"og:description\" content=\"Les bulletins des plaisanciers de la Voie maritime abordent des questions propres \u00e0 une saison de navigation donn\u00e9e et compl\u00e8tent les r\u00e8glements qui se\" \/>\n<meta property=\"og:url\" content=\"https:\/\/grandslacs-voiemaritime.com\/fr\/embarcations-de-plaisance\/pleasure-craft-bulletins-fr\/\" \/>\n<meta property=\"og:site_name\" content=\"La Corporation de Gestion de la Voie Maritime du Saint-Laurent\" \/>\n<meta property=\"article:modified_time\" content=\"2020-03-27T15:07:16+00:00\" \/>\n<meta property=\"og:image\" content=\"https:\/\/grandslacs-voiemaritime.com\/wp-content\/uploads\/2022\/01\/300x300-logo-en.png\" \/>\n\t<meta property=\"og:image:width\" content=\"334\" \/>\n\t<meta property=\"og:image:height\" content=\"330\" \/>\n\t<meta property=\"og:image:type\" content=\"image\/png\" \/>\n<meta name=\"twitter:card\" content=\"summary_large_image\" \/>\n<script type=\"application\/ld+json\" class=\"yoast-schema-graph\">{\"@context\":\"https:\\\/\\\/schema.org\",\"@graph\":[{\"@type\":\"WebPage\",\"@id\":\"https:\\\/\\\/grandslacs-voiemaritime.com\\\/fr\\\/embarcations-de-plaisance\\\/pleasure-craft-bulletins-fr\\\/\",\"url\":\"https:\\\/\\\/grandslacs-voiemaritime.com\\\/fr\\\/embarcations-de-plaisance\\\/pleasure-craft-bulletins-fr\\\/\",\"name\":\"Bulletins des plaisanciers de la Voie maritime - La Corporation de Gestion de la Voie Maritime du Saint-Laurent\",\"isPartOf\":{\"@id\":\"https:\\\/\\\/greatlakes-seaway.com\\\/fr\\\/#website\"},\"datePublished\":\"2019-10-25T19:50:50+00:00\",\"dateModified\":\"2020-03-27T15:07:16+00:00\",\"description\":\"Les bulletins des plaisanciers de la Voie maritime abordent des questions propres \u00e0 une saison de navigation donn\u00e9e et compl\u00e8tent les r\u00e8glements qui se\",\"breadcrumb\":{\"@id\":\"https:\\\/\\\/grandslacs-voiemaritime.com\\\/fr\\\/embarcations-de-plaisance\\\/pleasure-craft-bulletins-fr\\\/#breadcrumb\"},\"inLanguage\":\"fr-FR\",\"potentialAction\":[{\"@type\":\"ReadAction\",\"target\":[\"https:\\\/\\\/grandslacs-voiemaritime.com\\\/fr\\\/embarcations-de-plaisance\\\/pleasure-craft-bulletins-fr\\\/\"]}]},{\"@type\":\"BreadcrumbList\",\"@id\":\"https:\\\/\\\/grandslacs-voiemaritime.com\\\/fr\\\/embarcations-de-plaisance\\\/pleasure-craft-bulletins-fr\\\/#breadcrumb\",\"itemListElement\":[{\"@type\":\"ListItem\",\"position\":1,\"name\":\"Home\",\"item\":\"https:\\\/\\\/greatlakes-seaway.com\\\/fr\\\/\"},{\"@type\":\"ListItem\",\"position\":2,\"name\":\"Embarcations de plaisance\",\"item\":\"https:\\\/\\\/greatlakes-seaway.com\\\/fr\\\/embarcations-de-plaisance\\\/\"},{\"@type\":\"ListItem\",\"position\":3,\"name\":\"Bulletins des plaisanciers de la Voie maritime\"}]},{\"@type\":\"WebSite\",\"@id\":\"https:\\\/\\\/greatlakes-seaway.com\\\/fr\\\/#website\",\"url\":\"https:\\\/\\\/greatlakes-seaway.com\\\/fr\\\/\",\"name\":\"Great Lakes St. Lawrence Seaway System\",\"description\":\"\",\"publisher\":{\"@id\":\"https:\\\/\\\/greatlakes-seaway.com\\\/fr\\\/#organization\"},\"potentialAction\":[{\"@type\":\"SearchAction\",\"target\":{\"@type\":\"EntryPoint\",\"urlTemplate\":\"https:\\\/\\\/greatlakes-seaway.com\\\/fr\\\/?s={search_term_string}\"},\"query-input\":{\"@type\":\"PropertyValueSpecification\",\"valueRequired\":true,\"valueName\":\"search_term_string\"}}],\"inLanguage\":\"fr-FR\"},{\"@type\":\"Organization\",\"@id\":\"https:\\\/\\\/greatlakes-seaway.com\\\/fr\\\/#organization\",\"name\":\"Great Lakes St. Lawrence Seaway System\",\"url\":\"https:\\\/\\\/greatlakes-seaway.com\\\/fr\\\/\",\"logo\":{\"@type\":\"ImageObject\",\"inLanguage\":\"fr-FR\",\"@id\":\"https:\\\/\\\/greatlakes-seaway.com\\\/fr\\\/#\\\/schema\\\/logo\\\/image\\\/\",\"url\":\"https:\\\/\\\/grandslacs-voiemaritime.com\\\/wp-content\\\/uploads\\\/2020\\\/06\\\/800x230-logo-en.png\",\"contentUrl\":\"https:\\\/\\\/grandslacs-voiemaritime.com\\\/wp-content\\\/uploads\\\/2020\\\/06\\\/800x230-logo-en.png\",\"width\":800,\"height\":230,\"caption\":\"Great Lakes St. Lawrence Seaway System\"},\"image\":{\"@id\":\"https:\\\/\\\/greatlakes-seaway.com\\\/fr\\\/#\\\/schema\\\/logo\\\/image\\\/\"}}]}<\/script>\n<!-- \/ Yoast SEO plugin. -->","yoast_head_json":{"title":"Bulletins des plaisanciers de la Voie maritime - La Corporation de Gestion de la Voie Maritime du Saint-Laurent","description":"Les bulletins des plaisanciers de la Voie maritime abordent des questions propres \u00e0 une saison de navigation donn\u00e9e et compl\u00e8tent les r\u00e8glements qui se","robots":{"index":"index","follow":"follow","max-snippet":"max-snippet:-1","max-image-preview":"max-image-preview:large","max-video-preview":"max-video-preview:-1"},"canonical":"https:\/\/grandslacs-voiemaritime.com\/fr\/embarcations-de-plaisance\/pleasure-craft-bulletins-fr\/","og_locale":"fr_FR","og_type":"article","og_title":"Bulletins des plaisanciers de la Voie maritime - La Corporation de Gestion de la Voie Maritime du Saint-Laurent","og_description":"Les bulletins des plaisanciers de la Voie maritime abordent des questions propres \u00e0 une saison de navigation donn\u00e9e et compl\u00e8tent les r\u00e8glements qui se","og_url":"https:\/\/grandslacs-voiemaritime.com\/fr\/embarcations-de-plaisance\/pleasure-craft-bulletins-fr\/","og_site_name":"La Corporation de Gestion de la Voie Maritime du Saint-Laurent","article_modified_time":"2020-03-27T15:07:16+00:00","og_image":[{"width":334,"height":330,"url":"https:\/\/grandslacs-voiemaritime.com\/wp-content\/uploads\/2022\/01\/300x300-logo-en.png","type":"image\/png"}],"twitter_card":"summary_large_image","schema":{"@context":"https:\/\/schema.org","@graph":[{"@type":"WebPage","@id":"https:\/\/grandslacs-voiemaritime.com\/fr\/embarcations-de-plaisance\/pleasure-craft-bulletins-fr\/","url":"https:\/\/grandslacs-voiemaritime.com\/fr\/embarcations-de-plaisance\/pleasure-craft-bulletins-fr\/","name":"Bulletins des plaisanciers de la Voie maritime - La Corporation de Gestion de la Voie Maritime du Saint-Laurent","isPartOf":{"@id":"https:\/\/greatlakes-seaway.com\/fr\/#website"},"datePublished":"2019-10-25T19:50:50+00:00","dateModified":"2020-03-27T15:07:16+00:00","description":"Les bulletins des plaisanciers de la Voie maritime abordent des questions propres \u00e0 une saison de navigation donn\u00e9e et compl\u00e8tent les r\u00e8glements qui se","breadcrumb":{"@id":"https:\/\/grandslacs-voiemaritime.com\/fr\/embarcations-de-plaisance\/pleasure-craft-bulletins-fr\/#breadcrumb"},"inLanguage":"fr-FR","potentialAction":[{"@type":"ReadAction","target":["https:\/\/grandslacs-voiemaritime.com\/fr\/embarcations-de-plaisance\/pleasure-craft-bulletins-fr\/"]}]},{"@type":"BreadcrumbList","@id":"https:\/\/grandslacs-voiemaritime.com\/fr\/embarcations-de-plaisance\/pleasure-craft-bulletins-fr\/#breadcrumb","itemListElement":[{"@type":"ListItem","position":1,"name":"Home","item":"https:\/\/greatlakes-seaway.com\/fr\/"},{"@type":"ListItem","position":2,"name":"Embarcations de plaisance","item":"https:\/\/greatlakes-seaway.com\/fr\/embarcations-de-plaisance\/"},{"@type":"ListItem","position":3,"name":"Bulletins des plaisanciers de la Voie maritime"}]},{"@type":"WebSite","@id":"https:\/\/greatlakes-seaway.com\/fr\/#website","url":"https:\/\/greatlakes-seaway.com\/fr\/","name":"Great Lakes St. Lawrence Seaway System","description":"","publisher":{"@id":"https:\/\/greatlakes-seaway.com\/fr\/#organization"},"potentialAction":[{"@type":"SearchAction","target":{"@type":"EntryPoint","urlTemplate":"https:\/\/greatlakes-seaway.com\/fr\/?s={search_term_string}"},"query-input":{"@type":"PropertyValueSpecification","valueRequired":true,"valueName":"search_term_string"}}],"inLanguage":"fr-FR"},{"@type":"Organization","@id":"https:\/\/greatlakes-seaway.com\/fr\/#organization","name":"Great Lakes St. Lawrence Seaway System","url":"https:\/\/greatlakes-seaway.com\/fr\/","logo":{"@type":"ImageObject","inLanguage":"fr-FR","@id":"https:\/\/greatlakes-seaway.com\/fr\/#\/schema\/logo\/image\/","url":"https:\/\/grandslacs-voiemaritime.com\/wp-content\/uploads\/2020\/06\/800x230-logo-en.png","contentUrl":"https:\/\/grandslacs-voiemaritime.com\/wp-content\/uploads\/2020\/06\/800x230-logo-en.png","width":800,"height":230,"caption":"Great Lakes St. Lawrence Seaway System"},"image":{"@id":"https:\/\/greatlakes-seaway.com\/fr\/#\/schema\/logo\/image\/"}}]}},"_links":{"self":[{"href":"https:\/\/grandslacs-voiemaritime.com\/fr\/wp-json\/wp\/v2\/pages\/5454","targetHints":{"allow":["GET"]}}],"collection":[{"href":"https:\/\/grandslacs-voiemaritime.com\/fr\/wp-json\/wp\/v2\/pages"}],"about":[{"href":"https:\/\/grandslacs-voiemaritime.com\/fr\/wp-json\/wp\/v2\/types\/page"}],"author":[{"embeddable":true,"href":"https:\/\/grandslacs-voiemaritime.com\/fr\/wp-json\/wp\/v2\/users\/5"}],"replies":[{"embeddable":true,"href":"https:\/\/grandslacs-voiemaritime.com\/fr\/wp-json\/wp\/v2\/comments?post=5454"}],"version-history":[{"count":0,"href":"https:\/\/grandslacs-voiemaritime.com\/fr\/wp-json\/wp\/v2\/pages\/5454\/revisions"}],"up":[{"embeddable":true,"href":"https:\/\/grandslacs-voiemaritime.com\/fr\/wp-json\/wp\/v2\/pages\/20373"}],"wp:attachment":[{"href":"https:\/\/grandslacs-voiemaritime.com\/fr\/wp-json\/wp\/v2\/media?parent=5454"}],"curies":[{"name":"wp","href":"https:\/\/api.w.org\/{rel}","templated":true}]}}