{"id":5467,"date":"2019-10-25T19:53:18","date_gmt":"2019-10-25T19:53:18","guid":{"rendered":"http:\/\/grandslacs-voiemaritime.com\/?page_id=5467"},"modified":"2026-04-09T09:01:12","modified_gmt":"2026-04-09T14:01:12","slug":"lenvironnement","status":"publish","type":"page","link":"https:\/\/grandslacs-voiemaritime.com\/fr\/lenvironnement\/","title":{"rendered":"L&#8217;environnement"},"content":{"rendered":"<h3>Une route de transport \u00e9cologique<\/h3>\n<p>Nous tenons \u00e0 comprendre et r\u00e9duire au minimum les r\u00e9percussions des transports maritimes pour l&#8217;environnement. Comme nous d\u00e9tenons la cl\u00e9 de la porte des Grands Lacs, il nous incombe de veiller \u00e0 ce que nos efforts en la mati\u00e8re soient exemplaires.<\/p>\n<p><a href=\"https:\/\/grandslacs-voiemaritime.com\/fr\/lenvironnement\/etude-conjointe-dobservation-eco\/\">\u00c9tude conjointe d\u2019observation (ECO)<\/a><\/p>\n<p><a href=\"https:\/\/grandslacs-voiemaritime.com\/fr\/navigation-commerciale\/transit-dans-la-voie-maritime\/eau-de-ballast\/\">Eau de ballast<\/a><\/p>\n<p><a href=\"https:\/\/grandslacs-voiemaritime.com\/fr\/lenvironnement\/groupe-de-collaboration-des-grands-lacs-sur-leau-de-ballast\/\">Groupe de collaboration des Grands Lacs sur l\u2019eau de ballast<\/a><\/p>\n<p><a href=\"https:\/\/grandslacs-voiemaritime.com\/fr\/pour-nos-collectivites\/les-avantages-du-transport-maritime\/\">Les avantages environnementaux du transport maritime <\/a><\/p>\n<p><a href=\"https:\/\/grandslacs-voiemaritime.com\/fr\/a-propos\/corporation-de-gestion-de-la-voie-maritime-du-saint-laurent\/corporate-social-responsibility-fr\/\">CGVMSL Responsabilit\u00e9 sociale de l\u2019entreprise <\/a><\/p>\n<p>GLS\u00a0Responsabilit\u00e9 sociale de l&#8217;entreprise<\/p>\n<p>&nbsp;<\/p>\n<p>&nbsp;<\/p>\n<p>&nbsp;<\/p>\n","protected":false},"excerpt":{"rendered":"<p>Une route de transport \u00e9cologique Nous tenons \u00e0 comprendre et r\u00e9duire au minimum les r\u00e9percussions des transports maritimes pour l&#8217;environnement. Comme nous d\u00e9tenons la cl\u00e9 de la porte des Grands Lacs, il nous incombe de veiller \u00e0 ce que nos efforts en la mati\u00e8re soient exemplaires. \u00c9tude conjointe d\u2019observation (ECO) Eau de ballast Groupe de<\/p>\n","protected":false},"author":5,"featured_media":0,"parent":0,"menu_order":0,"comment_status":"closed","ping_status":"closed","template":"","meta":{"_acf_changed":false,"_lmt_disableupdate":"no","_lmt_disable":"","footnotes":""},"class_list":["post-5467","page","type-page","status-publish","hentry"],"acf":[],"yoast_head":"<!-- This site is optimized with the Yoast SEO plugin v27.3 - https:\/\/yoast.com\/product\/yoast-seo-wordpress\/ -->\n<title>L&#039;environnement - La Corporation de Gestion de la Voie Maritime du Saint-Laurent<\/title>\n<meta name=\"description\" content=\"Une route de transport \u00e9cologique Nous tenons \u00e0 comprendre et r\u00e9duire au minimum les r\u00e9percussions des transports maritimes pour l&#039;environnement. Comme\" \/>\n<meta name=\"robots\" content=\"index, follow, max-snippet:-1, max-image-preview:large, max-video-preview:-1\" \/>\n<link rel=\"canonical\" href=\"https:\/\/grandslacs-voiemaritime.com\/fr\/lenvironnement\/\" \/>\n<meta property=\"og:locale\" content=\"fr_FR\" \/>\n<meta property=\"og:type\" content=\"article\" \/>\n<meta property=\"og:title\" content=\"L&#039;environnement - La Corporation de Gestion de la Voie Maritime du Saint-Laurent\" \/>\n<meta property=\"og:description\" content=\"Une route de transport \u00e9cologique Nous tenons \u00e0 comprendre et r\u00e9duire au minimum les r\u00e9percussions des transports maritimes pour l&#039;environnement. Comme\" \/>\n<meta property=\"og:url\" content=\"https:\/\/grandslacs-voiemaritime.com\/fr\/lenvironnement\/\" \/>\n<meta property=\"og:site_name\" content=\"La Corporation de Gestion de la Voie Maritime du Saint-Laurent\" \/>\n<meta property=\"article:modified_time\" content=\"2026-04-09T14:01:12+00:00\" \/>\n<meta property=\"og:image\" content=\"https:\/\/grandslacs-voiemaritime.com\/wp-content\/uploads\/2022\/01\/300x300-logo-en.png\" \/>\n\t<meta property=\"og:image:width\" content=\"334\" \/>\n\t<meta property=\"og:image:height\" content=\"330\" \/>\n\t<meta property=\"og:image:type\" content=\"image\/png\" \/>\n<meta name=\"twitter:card\" content=\"summary_large_image\" \/>\n<meta name=\"twitter:label1\" content=\"Dur\u00e9e de lecture estim\u00e9e\" \/>\n\t<meta name=\"twitter:data1\" content=\"1 minute\" \/>\n<script type=\"application\/ld+json\" class=\"yoast-schema-graph\">{\"@context\":\"https:\\\/\\\/schema.org\",\"@graph\":[{\"@type\":\"WebPage\",\"@id\":\"https:\\\/\\\/grandslacs-voiemaritime.com\\\/fr\\\/lenvironnement\\\/\",\"url\":\"https:\\\/\\\/grandslacs-voiemaritime.com\\\/fr\\\/lenvironnement\\\/\",\"name\":\"L'environnement - La Corporation de Gestion de la Voie Maritime du Saint-Laurent\",\"isPartOf\":{\"@id\":\"https:\\\/\\\/greatlakes-seaway.com\\\/fr\\\/#website\"},\"datePublished\":\"2019-10-25T19:53:18+00:00\",\"dateModified\":\"2026-04-09T14:01:12+00:00\",\"description\":\"Une route de transport \u00e9cologique Nous tenons \u00e0 comprendre et r\u00e9duire au minimum les r\u00e9percussions des transports maritimes pour l'environnement. Comme\",\"breadcrumb\":{\"@id\":\"https:\\\/\\\/grandslacs-voiemaritime.com\\\/fr\\\/lenvironnement\\\/#breadcrumb\"},\"inLanguage\":\"fr-FR\",\"potentialAction\":[{\"@type\":\"ReadAction\",\"target\":[\"https:\\\/\\\/grandslacs-voiemaritime.com\\\/fr\\\/lenvironnement\\\/\"]}]},{\"@type\":\"BreadcrumbList\",\"@id\":\"https:\\\/\\\/grandslacs-voiemaritime.com\\\/fr\\\/lenvironnement\\\/#breadcrumb\",\"itemListElement\":[{\"@type\":\"ListItem\",\"position\":1,\"name\":\"Home\",\"item\":\"https:\\\/\\\/grandslacs-voiemaritime.com\\\/fr\\\/\"},{\"@type\":\"ListItem\",\"position\":2,\"name\":\"L&#8217;environnement\"}]},{\"@type\":\"WebSite\",\"@id\":\"https:\\\/\\\/greatlakes-seaway.com\\\/fr\\\/#website\",\"url\":\"https:\\\/\\\/greatlakes-seaway.com\\\/fr\\\/\",\"name\":\"Great Lakes St. Lawrence Seaway System\",\"description\":\"\",\"publisher\":{\"@id\":\"https:\\\/\\\/greatlakes-seaway.com\\\/fr\\\/#organization\"},\"potentialAction\":[{\"@type\":\"SearchAction\",\"target\":{\"@type\":\"EntryPoint\",\"urlTemplate\":\"https:\\\/\\\/greatlakes-seaway.com\\\/fr\\\/?s={search_term_string}\"},\"query-input\":{\"@type\":\"PropertyValueSpecification\",\"valueRequired\":true,\"valueName\":\"search_term_string\"}}],\"inLanguage\":\"fr-FR\"},{\"@type\":\"Organization\",\"@id\":\"https:\\\/\\\/greatlakes-seaway.com\\\/fr\\\/#organization\",\"name\":\"Great Lakes St. Lawrence Seaway System\",\"url\":\"https:\\\/\\\/greatlakes-seaway.com\\\/fr\\\/\",\"logo\":{\"@type\":\"ImageObject\",\"inLanguage\":\"fr-FR\",\"@id\":\"https:\\\/\\\/greatlakes-seaway.com\\\/fr\\\/#\\\/schema\\\/logo\\\/image\\\/\",\"url\":\"https:\\\/\\\/grandslacs-voiemaritime.com\\\/wp-content\\\/uploads\\\/2020\\\/06\\\/800x230-logo-en.png\",\"contentUrl\":\"https:\\\/\\\/grandslacs-voiemaritime.com\\\/wp-content\\\/uploads\\\/2020\\\/06\\\/800x230-logo-en.png\",\"width\":800,\"height\":230,\"caption\":\"Great Lakes St. Lawrence Seaway System\"},\"image\":{\"@id\":\"https:\\\/\\\/greatlakes-seaway.com\\\/fr\\\/#\\\/schema\\\/logo\\\/image\\\/\"}}]}<\/script>\n<!-- \/ Yoast SEO plugin. -->","yoast_head_json":{"title":"L'environnement - La Corporation de Gestion de la Voie Maritime du Saint-Laurent","description":"Une route de transport \u00e9cologique Nous tenons \u00e0 comprendre et r\u00e9duire au minimum les r\u00e9percussions des transports maritimes pour l'environnement. Comme","robots":{"index":"index","follow":"follow","max-snippet":"max-snippet:-1","max-image-preview":"max-image-preview:large","max-video-preview":"max-video-preview:-1"},"canonical":"https:\/\/grandslacs-voiemaritime.com\/fr\/lenvironnement\/","og_locale":"fr_FR","og_type":"article","og_title":"L'environnement - La Corporation de Gestion de la Voie Maritime du Saint-Laurent","og_description":"Une route de transport \u00e9cologique Nous tenons \u00e0 comprendre et r\u00e9duire au minimum les r\u00e9percussions des transports maritimes pour l'environnement. Comme","og_url":"https:\/\/grandslacs-voiemaritime.com\/fr\/lenvironnement\/","og_site_name":"La Corporation de Gestion de la Voie Maritime du Saint-Laurent","article_modified_time":"2026-04-09T14:01:12+00:00","og_image":[{"width":334,"height":330,"url":"https:\/\/grandslacs-voiemaritime.com\/wp-content\/uploads\/2022\/01\/300x300-logo-en.png","type":"image\/png"}],"twitter_card":"summary_large_image","twitter_misc":{"Dur\u00e9e de lecture estim\u00e9e":"1 minute"},"schema":{"@context":"https:\/\/schema.org","@graph":[{"@type":"WebPage","@id":"https:\/\/grandslacs-voiemaritime.com\/fr\/lenvironnement\/","url":"https:\/\/grandslacs-voiemaritime.com\/fr\/lenvironnement\/","name":"L'environnement - La Corporation de Gestion de la Voie Maritime du Saint-Laurent","isPartOf":{"@id":"https:\/\/greatlakes-seaway.com\/fr\/#website"},"datePublished":"2019-10-25T19:53:18+00:00","dateModified":"2026-04-09T14:01:12+00:00","description":"Une route de transport \u00e9cologique Nous tenons \u00e0 comprendre et r\u00e9duire au minimum les r\u00e9percussions des transports maritimes pour l'environnement. Comme","breadcrumb":{"@id":"https:\/\/grandslacs-voiemaritime.com\/fr\/lenvironnement\/#breadcrumb"},"inLanguage":"fr-FR","potentialAction":[{"@type":"ReadAction","target":["https:\/\/grandslacs-voiemaritime.com\/fr\/lenvironnement\/"]}]},{"@type":"BreadcrumbList","@id":"https:\/\/grandslacs-voiemaritime.com\/fr\/lenvironnement\/#breadcrumb","itemListElement":[{"@type":"ListItem","position":1,"name":"Home","item":"https:\/\/grandslacs-voiemaritime.com\/fr\/"},{"@type":"ListItem","position":2,"name":"L&#8217;environnement"}]},{"@type":"WebSite","@id":"https:\/\/greatlakes-seaway.com\/fr\/#website","url":"https:\/\/greatlakes-seaway.com\/fr\/","name":"Great Lakes St. Lawrence Seaway System","description":"","publisher":{"@id":"https:\/\/greatlakes-seaway.com\/fr\/#organization"},"potentialAction":[{"@type":"SearchAction","target":{"@type":"EntryPoint","urlTemplate":"https:\/\/greatlakes-seaway.com\/fr\/?s={search_term_string}"},"query-input":{"@type":"PropertyValueSpecification","valueRequired":true,"valueName":"search_term_string"}}],"inLanguage":"fr-FR"},{"@type":"Organization","@id":"https:\/\/greatlakes-seaway.com\/fr\/#organization","name":"Great Lakes St. Lawrence Seaway System","url":"https:\/\/greatlakes-seaway.com\/fr\/","logo":{"@type":"ImageObject","inLanguage":"fr-FR","@id":"https:\/\/greatlakes-seaway.com\/fr\/#\/schema\/logo\/image\/","url":"https:\/\/grandslacs-voiemaritime.com\/wp-content\/uploads\/2020\/06\/800x230-logo-en.png","contentUrl":"https:\/\/grandslacs-voiemaritime.com\/wp-content\/uploads\/2020\/06\/800x230-logo-en.png","width":800,"height":230,"caption":"Great Lakes St. Lawrence Seaway System"},"image":{"@id":"https:\/\/greatlakes-seaway.com\/fr\/#\/schema\/logo\/image\/"}}]}},"_links":{"self":[{"href":"https:\/\/grandslacs-voiemaritime.com\/fr\/wp-json\/wp\/v2\/pages\/5467","targetHints":{"allow":["GET"]}}],"collection":[{"href":"https:\/\/grandslacs-voiemaritime.com\/fr\/wp-json\/wp\/v2\/pages"}],"about":[{"href":"https:\/\/grandslacs-voiemaritime.com\/fr\/wp-json\/wp\/v2\/types\/page"}],"author":[{"embeddable":true,"href":"https:\/\/grandslacs-voiemaritime.com\/fr\/wp-json\/wp\/v2\/users\/5"}],"replies":[{"embeddable":true,"href":"https:\/\/grandslacs-voiemaritime.com\/fr\/wp-json\/wp\/v2\/comments?post=5467"}],"version-history":[{"count":2,"href":"https:\/\/grandslacs-voiemaritime.com\/fr\/wp-json\/wp\/v2\/pages\/5467\/revisions"}],"predecessor-version":[{"id":50806,"href":"https:\/\/grandslacs-voiemaritime.com\/fr\/wp-json\/wp\/v2\/pages\/5467\/revisions\/50806"}],"wp:attachment":[{"href":"https:\/\/grandslacs-voiemaritime.com\/fr\/wp-json\/wp\/v2\/media?parent=5467"}],"curies":[{"name":"wp","href":"https:\/\/api.w.org\/{rel}","templated":true}]}}