{"id":5469,"date":"2019-10-25T19:53:52","date_gmt":"2019-10-25T19:53:52","guid":{"rendered":"http:\/\/grandslacs-voiemaritime.com\/?page_id=5469"},"modified":"2019-12-24T14:41:12","modified_gmt":"2019-12-24T14:41:12","slug":"groupe-de-collaboration-des-grands-lacs-sur-leau-de-ballast","status":"publish","type":"page","link":"https:\/\/grandslacs-voiemaritime.com\/fr\/lenvironnement\/groupe-de-collaboration-des-grands-lacs-sur-leau-de-ballast\/","title":{"rendered":"Groupe de collaboration des Grands Lacs sur l\u2019eau de ballast"},"content":{"rendered":"<p>En 2009, la Saint Lawrence Seaway Development Corporation des \u00c9tats-Unis a initi\u00e9 la cr\u00e9ation du Groupe de collaboration des Grands Lacs sur l\u2019eau de ballast, de concert avec la Commission mixte internationale, afin de r\u00e9unir l\u2019industrie, les autorit\u00e9s des \u00c9tats et les autorit\u00e9s f\u00e9d\u00e9rales face au probl\u00e8me de l\u2019eau de ballast et des esp\u00e8ces envahissantes dans la r\u00e9gion. Un des buts principaux du Groupe de collaboration consiste \u00e0 mettre en commun des renseignements pertinents, utiles et exacts, favorisant la communication et la collaboration entre les acteurs cl\u00e9s qui s\u2019efforcent de r\u00e9duire le risque d\u2019introduction et de propagation d\u2019envahisseurs aquatiques. Le Groupe de collaboration s\u2019est en particulier attach\u00e9 \u00e0 susciter une collaboration entre repr\u00e9sentants des gouvernements, repr\u00e9sentants de l\u2019industrie maritime et \u00e9minents scientifiques afin de trouver des solutions pratiques et efficaces au d\u00e9fi des esp\u00e8ces aquatiques envahissantes tel qu\u2019il se pose dans le r\u00e9seau Grands Lacs-Voie maritime du Saint-Laurent. Le Groupe de collaboration ne vise pas \u00e0 d\u00e9tourner l\u2019attention des efforts d\u00e9j\u00e0 entrepris en ce sens, mais plut\u00f4t \u00e0 ajouter \u00e0 ces efforts.<\/p>\n<ul>\n<li><a href=\"https:\/\/grandslacs-voiemaritime.com\/fr\/nouvelles\/reunion-du-groupe-de-collaboration-des-grands-lacs-sur-leau-de-ballast-les-3-et-4-mars-2014-a-silver-spring-maryland\/\">R\u00e9union du Groupe de collaboration des Grands Lacs sur l\u2019eau de ballast, les 3 et 4 mars 2014 \u00e0 Silver Spring (Maryland)<\/a><\/li>\n<li><a href=\"https:\/\/grandslacs-voiemaritime.com\/fr\/nouvelles\/august-2-3-2012-great-lakes-ballast-water-collaborative-meeting-in-duluth-minnesota\/\">R\u00e9union du Groupe de collaboration des Grands Lacs sur l\u2019eau de ballast, les 2 et 3 ao\u00fbt 2012 \u00e0 Duluth (Minnesota)<\/a><\/li>\n<li><a href=\"https:\/\/grandslacs-voiemaritime.com\/fr\/nouvelles\/september-27-2011-great-lakes-ballast-water-collaborative-meeting-in-baltimore-maryland\/\">R\u00e9union du 27 septembre 2011 du Groupe de collaboration des Grands Lacs sur l\u2019eau de ballast, \u00e0 Baltimore (Maryland)<\/a><\/li>\n<li><a href=\"https:\/\/grandslacs-voiemaritime.com\/fr\/nouvelles\/reunion-du-19-janvier-2011-du-groupe-de-collaboration-des-grands-lacs-sur-leau-de-ballast-a-toronto-ontario\/\">R\u00e9union du 19 janvier 2011 du Groupe de collaboration des Grands Lacs sur l\u2019eau de ballast, \u00e0 Toronto (Ontario)<\/a><\/li>\n<li><a href=\"https:\/\/grandslacs-voiemaritime.com\/fr\/nouvelles\/july-20-21-2010-great-lakes-ballast-water-collaborative-meeting-in-duluth-minnesota\/\">R\u00e9union des 20 et 21 juillet 2010 du Groupe de collaboration des Grands Lacs sur l\u2019eau de ballast, \u00e0 Duluth (Minnesota)<\/a><\/li>\n<li><a href=\"https:\/\/grandslacs-voiemaritime.com\/fr\/nouvelles\/18-mai-2010-reunion-du-groupe-de-collaboration-des-grands-lacs-sur-leau-de-ballast-a-montreal-quebec\/\">18 mai 2010 \u2013 R\u00e9union du Groupe de collaboration des Grands Lacs sur l\u2019eau de ballast \u00e0 Montr\u00e9al (Qu\u00e9bec)<\/a><\/li>\n<li><a href=\"https:\/\/grandslacs-voiemaritime.com\/fr\/nouvelles\/24-septembre-2009-reunion-du-groupe-de-collaboration-des-grands-lacs-sur-leau-de-ballast-a-detroit-michigan\/\">24 septembre 2009 \u2013 R\u00e9union du Groupe de collaboration des Grands Lacs sur l\u2019eau de ballast \u00e0 Detroit (Michigan)<\/a><\/li>\n<\/ul>\n","protected":false},"excerpt":{"rendered":"<p>En 2009, la Saint Lawrence Seaway Development Corporation des \u00c9tats-Unis a initi\u00e9 la cr\u00e9ation du Groupe de collaboration des Grands Lacs sur l\u2019eau de ballast, de concert avec la Commission mixte internationale, afin de r\u00e9unir l\u2019industrie, les autorit\u00e9s des \u00c9tats et les autorit\u00e9s f\u00e9d\u00e9rales face au probl\u00e8me de l\u2019eau de ballast et des esp\u00e8ces envahissantes<\/p>\n","protected":false},"author":5,"featured_media":0,"parent":5467,"menu_order":0,"comment_status":"closed","ping_status":"closed","template":"","meta":{"_acf_changed":false,"_lmt_disableupdate":"","_lmt_disable":"","footnotes":""},"class_list":["post-5469","page","type-page","status-publish","hentry"],"acf":[],"yoast_head":"<!-- This site is optimized with the Yoast SEO plugin v27.4 - https:\/\/yoast.com\/product\/yoast-seo-wordpress\/ -->\n<title>Groupe de collaboration des Grands Lacs sur l\u2019eau de ballast - La Corporation de Gestion de la Voie Maritime du Saint-Laurent<\/title>\n<meta name=\"description\" content=\"En 2009, la Saint Lawrence Seaway Development Corporation des \u00c9tats-Unis a initi\u00e9 la cr\u00e9ation du Groupe de collaboration des Grands Lacs sur l\u2019eau de\" \/>\n<meta name=\"robots\" content=\"index, follow, max-snippet:-1, max-image-preview:large, max-video-preview:-1\" \/>\n<link rel=\"canonical\" href=\"https:\/\/grandslacs-voiemaritime.com\/fr\/lenvironnement\/groupe-de-collaboration-des-grands-lacs-sur-leau-de-ballast\/\" \/>\n<meta property=\"og:locale\" content=\"fr_FR\" \/>\n<meta property=\"og:type\" content=\"article\" \/>\n<meta property=\"og:title\" content=\"Groupe de collaboration des Grands Lacs sur l\u2019eau de ballast - La Corporation de Gestion de la Voie Maritime du Saint-Laurent\" \/>\n<meta property=\"og:description\" content=\"En 2009, la Saint Lawrence Seaway Development Corporation des \u00c9tats-Unis a initi\u00e9 la cr\u00e9ation du Groupe de collaboration des Grands Lacs sur l\u2019eau de\" \/>\n<meta property=\"og:url\" content=\"https:\/\/grandslacs-voiemaritime.com\/fr\/lenvironnement\/groupe-de-collaboration-des-grands-lacs-sur-leau-de-ballast\/\" \/>\n<meta property=\"og:site_name\" content=\"La Corporation de Gestion de la Voie Maritime du Saint-Laurent\" \/>\n<meta property=\"article:modified_time\" content=\"2019-12-24T14:41:12+00:00\" \/>\n<meta property=\"og:image\" content=\"https:\/\/grandslacs-voiemaritime.com\/wp-content\/uploads\/2022\/01\/300x300-logo-en.png\" \/>\n\t<meta property=\"og:image:width\" content=\"334\" \/>\n\t<meta property=\"og:image:height\" content=\"330\" \/>\n\t<meta property=\"og:image:type\" content=\"image\/png\" \/>\n<meta name=\"twitter:card\" content=\"summary_large_image\" \/>\n<meta name=\"twitter:label1\" content=\"Dur\u00e9e de lecture estim\u00e9e\" \/>\n\t<meta name=\"twitter:data1\" content=\"2 minutes\" \/>\n<script type=\"application\/ld+json\" class=\"yoast-schema-graph\">{\"@context\":\"https:\\\/\\\/schema.org\",\"@graph\":[{\"@type\":\"WebPage\",\"@id\":\"https:\\\/\\\/grandslacs-voiemaritime.com\\\/fr\\\/lenvironnement\\\/groupe-de-collaboration-des-grands-lacs-sur-leau-de-ballast\\\/\",\"url\":\"https:\\\/\\\/grandslacs-voiemaritime.com\\\/fr\\\/lenvironnement\\\/groupe-de-collaboration-des-grands-lacs-sur-leau-de-ballast\\\/\",\"name\":\"Groupe de collaboration des Grands Lacs sur l\u2019eau de ballast - La Corporation de Gestion de la Voie Maritime du Saint-Laurent\",\"isPartOf\":{\"@id\":\"https:\\\/\\\/greatlakes-seaway.com\\\/fr\\\/#website\"},\"datePublished\":\"2019-10-25T19:53:52+00:00\",\"dateModified\":\"2019-12-24T14:41:12+00:00\",\"description\":\"En 2009, la Saint Lawrence Seaway Development Corporation des \u00c9tats-Unis a initi\u00e9 la cr\u00e9ation du Groupe de collaboration des Grands Lacs sur l\u2019eau de\",\"breadcrumb\":{\"@id\":\"https:\\\/\\\/grandslacs-voiemaritime.com\\\/fr\\\/lenvironnement\\\/groupe-de-collaboration-des-grands-lacs-sur-leau-de-ballast\\\/#breadcrumb\"},\"inLanguage\":\"fr-FR\",\"potentialAction\":[{\"@type\":\"ReadAction\",\"target\":[\"https:\\\/\\\/grandslacs-voiemaritime.com\\\/fr\\\/lenvironnement\\\/groupe-de-collaboration-des-grands-lacs-sur-leau-de-ballast\\\/\"]}]},{\"@type\":\"BreadcrumbList\",\"@id\":\"https:\\\/\\\/grandslacs-voiemaritime.com\\\/fr\\\/lenvironnement\\\/groupe-de-collaboration-des-grands-lacs-sur-leau-de-ballast\\\/#breadcrumb\",\"itemListElement\":[{\"@type\":\"ListItem\",\"position\":1,\"name\":\"Home\",\"item\":\"https:\\\/\\\/greatlakes-seaway.com\\\/fr\\\/\"},{\"@type\":\"ListItem\",\"position\":2,\"name\":\"L&#8217;environnement\",\"item\":\"https:\\\/\\\/grandslacs-voiemaritime.com\\\/fr\\\/lenvironnement\\\/\"},{\"@type\":\"ListItem\",\"position\":3,\"name\":\"Groupe de collaboration des Grands Lacs sur l\u2019eau de ballast\"}]},{\"@type\":\"WebSite\",\"@id\":\"https:\\\/\\\/greatlakes-seaway.com\\\/fr\\\/#website\",\"url\":\"https:\\\/\\\/greatlakes-seaway.com\\\/fr\\\/\",\"name\":\"Great Lakes St. Lawrence Seaway System\",\"description\":\"\",\"publisher\":{\"@id\":\"https:\\\/\\\/greatlakes-seaway.com\\\/fr\\\/#organization\"},\"potentialAction\":[{\"@type\":\"SearchAction\",\"target\":{\"@type\":\"EntryPoint\",\"urlTemplate\":\"https:\\\/\\\/greatlakes-seaway.com\\\/fr\\\/?s={search_term_string}\"},\"query-input\":{\"@type\":\"PropertyValueSpecification\",\"valueRequired\":true,\"valueName\":\"search_term_string\"}}],\"inLanguage\":\"fr-FR\"},{\"@type\":\"Organization\",\"@id\":\"https:\\\/\\\/greatlakes-seaway.com\\\/fr\\\/#organization\",\"name\":\"Great Lakes St. Lawrence Seaway System\",\"url\":\"https:\\\/\\\/greatlakes-seaway.com\\\/fr\\\/\",\"logo\":{\"@type\":\"ImageObject\",\"inLanguage\":\"fr-FR\",\"@id\":\"https:\\\/\\\/greatlakes-seaway.com\\\/fr\\\/#\\\/schema\\\/logo\\\/image\\\/\",\"url\":\"https:\\\/\\\/grandslacs-voiemaritime.com\\\/wp-content\\\/uploads\\\/2020\\\/06\\\/800x230-logo-en.png\",\"contentUrl\":\"https:\\\/\\\/grandslacs-voiemaritime.com\\\/wp-content\\\/uploads\\\/2020\\\/06\\\/800x230-logo-en.png\",\"width\":800,\"height\":230,\"caption\":\"Great Lakes St. Lawrence Seaway System\"},\"image\":{\"@id\":\"https:\\\/\\\/greatlakes-seaway.com\\\/fr\\\/#\\\/schema\\\/logo\\\/image\\\/\"}}]}<\/script>\n<!-- \/ Yoast SEO plugin. -->","yoast_head_json":{"title":"Groupe de collaboration des Grands Lacs sur l\u2019eau de ballast - La Corporation de Gestion de la Voie Maritime du Saint-Laurent","description":"En 2009, la Saint Lawrence Seaway Development Corporation des \u00c9tats-Unis a initi\u00e9 la cr\u00e9ation du Groupe de collaboration des Grands Lacs sur l\u2019eau de","robots":{"index":"index","follow":"follow","max-snippet":"max-snippet:-1","max-image-preview":"max-image-preview:large","max-video-preview":"max-video-preview:-1"},"canonical":"https:\/\/grandslacs-voiemaritime.com\/fr\/lenvironnement\/groupe-de-collaboration-des-grands-lacs-sur-leau-de-ballast\/","og_locale":"fr_FR","og_type":"article","og_title":"Groupe de collaboration des Grands Lacs sur l\u2019eau de ballast - La Corporation de Gestion de la Voie Maritime du Saint-Laurent","og_description":"En 2009, la Saint Lawrence Seaway Development Corporation des \u00c9tats-Unis a initi\u00e9 la cr\u00e9ation du Groupe de collaboration des Grands Lacs sur l\u2019eau de","og_url":"https:\/\/grandslacs-voiemaritime.com\/fr\/lenvironnement\/groupe-de-collaboration-des-grands-lacs-sur-leau-de-ballast\/","og_site_name":"La Corporation de Gestion de la Voie Maritime du Saint-Laurent","article_modified_time":"2019-12-24T14:41:12+00:00","og_image":[{"width":334,"height":330,"url":"https:\/\/grandslacs-voiemaritime.com\/wp-content\/uploads\/2022\/01\/300x300-logo-en.png","type":"image\/png"}],"twitter_card":"summary_large_image","twitter_misc":{"Dur\u00e9e de lecture estim\u00e9e":"2 minutes"},"schema":{"@context":"https:\/\/schema.org","@graph":[{"@type":"WebPage","@id":"https:\/\/grandslacs-voiemaritime.com\/fr\/lenvironnement\/groupe-de-collaboration-des-grands-lacs-sur-leau-de-ballast\/","url":"https:\/\/grandslacs-voiemaritime.com\/fr\/lenvironnement\/groupe-de-collaboration-des-grands-lacs-sur-leau-de-ballast\/","name":"Groupe de collaboration des Grands Lacs sur l\u2019eau de ballast - La Corporation de Gestion de la Voie Maritime du Saint-Laurent","isPartOf":{"@id":"https:\/\/greatlakes-seaway.com\/fr\/#website"},"datePublished":"2019-10-25T19:53:52+00:00","dateModified":"2019-12-24T14:41:12+00:00","description":"En 2009, la Saint Lawrence Seaway Development Corporation des \u00c9tats-Unis a initi\u00e9 la cr\u00e9ation du Groupe de collaboration des Grands Lacs sur l\u2019eau de","breadcrumb":{"@id":"https:\/\/grandslacs-voiemaritime.com\/fr\/lenvironnement\/groupe-de-collaboration-des-grands-lacs-sur-leau-de-ballast\/#breadcrumb"},"inLanguage":"fr-FR","potentialAction":[{"@type":"ReadAction","target":["https:\/\/grandslacs-voiemaritime.com\/fr\/lenvironnement\/groupe-de-collaboration-des-grands-lacs-sur-leau-de-ballast\/"]}]},{"@type":"BreadcrumbList","@id":"https:\/\/grandslacs-voiemaritime.com\/fr\/lenvironnement\/groupe-de-collaboration-des-grands-lacs-sur-leau-de-ballast\/#breadcrumb","itemListElement":[{"@type":"ListItem","position":1,"name":"Home","item":"https:\/\/greatlakes-seaway.com\/fr\/"},{"@type":"ListItem","position":2,"name":"L&#8217;environnement","item":"https:\/\/grandslacs-voiemaritime.com\/fr\/lenvironnement\/"},{"@type":"ListItem","position":3,"name":"Groupe de collaboration des Grands Lacs sur l\u2019eau de ballast"}]},{"@type":"WebSite","@id":"https:\/\/greatlakes-seaway.com\/fr\/#website","url":"https:\/\/greatlakes-seaway.com\/fr\/","name":"Great Lakes St. Lawrence Seaway System","description":"","publisher":{"@id":"https:\/\/greatlakes-seaway.com\/fr\/#organization"},"potentialAction":[{"@type":"SearchAction","target":{"@type":"EntryPoint","urlTemplate":"https:\/\/greatlakes-seaway.com\/fr\/?s={search_term_string}"},"query-input":{"@type":"PropertyValueSpecification","valueRequired":true,"valueName":"search_term_string"}}],"inLanguage":"fr-FR"},{"@type":"Organization","@id":"https:\/\/greatlakes-seaway.com\/fr\/#organization","name":"Great Lakes St. Lawrence Seaway System","url":"https:\/\/greatlakes-seaway.com\/fr\/","logo":{"@type":"ImageObject","inLanguage":"fr-FR","@id":"https:\/\/greatlakes-seaway.com\/fr\/#\/schema\/logo\/image\/","url":"https:\/\/grandslacs-voiemaritime.com\/wp-content\/uploads\/2020\/06\/800x230-logo-en.png","contentUrl":"https:\/\/grandslacs-voiemaritime.com\/wp-content\/uploads\/2020\/06\/800x230-logo-en.png","width":800,"height":230,"caption":"Great Lakes St. Lawrence Seaway System"},"image":{"@id":"https:\/\/greatlakes-seaway.com\/fr\/#\/schema\/logo\/image\/"}}]}},"_links":{"self":[{"href":"https:\/\/grandslacs-voiemaritime.com\/fr\/wp-json\/wp\/v2\/pages\/5469","targetHints":{"allow":["GET"]}}],"collection":[{"href":"https:\/\/grandslacs-voiemaritime.com\/fr\/wp-json\/wp\/v2\/pages"}],"about":[{"href":"https:\/\/grandslacs-voiemaritime.com\/fr\/wp-json\/wp\/v2\/types\/page"}],"author":[{"embeddable":true,"href":"https:\/\/grandslacs-voiemaritime.com\/fr\/wp-json\/wp\/v2\/users\/5"}],"replies":[{"embeddable":true,"href":"https:\/\/grandslacs-voiemaritime.com\/fr\/wp-json\/wp\/v2\/comments?post=5469"}],"version-history":[{"count":0,"href":"https:\/\/grandslacs-voiemaritime.com\/fr\/wp-json\/wp\/v2\/pages\/5469\/revisions"}],"up":[{"embeddable":true,"href":"https:\/\/grandslacs-voiemaritime.com\/fr\/wp-json\/wp\/v2\/pages\/5467"}],"wp:attachment":[{"href":"https:\/\/grandslacs-voiemaritime.com\/fr\/wp-json\/wp\/v2\/media?parent=5469"}],"curies":[{"name":"wp","href":"https:\/\/api.w.org\/{rel}","templated":true}]}}