{"id":5475,"date":"2019-10-25T19:54:30","date_gmt":"2019-10-25T19:54:30","guid":{"rendered":"http:\/\/grandslacs-voiemaritime.com\/?page_id=5475"},"modified":"2019-12-24T14:32:55","modified_gmt":"2019-12-24T14:32:55","slug":"pour-les-entreprises-et-lindustrie","status":"publish","type":"page","link":"https:\/\/grandslacs-voiemaritime.com\/fr\/ressources\/pour-les-entreprises-et-lindustrie\/","title":{"rendered":"Pour les entreprises et l&#8217;industrie"},"content":{"rendered":"<p>Constitu\u00e9e du fleuve Saint-Laurent, de la Voie maritime du Saint-Laurent et des Grands Lacs, l&#8217;Autoroute H<sub class=\"subscript\">2<\/sub>O est une v\u00e9ritable autoroute maritime de 3 700 km\u00a0(2 300 milles)\u00a0partag\u00e9e par le Canada et les \u00c9tats-Unis. L&#8217;Autoroute H<sub class=\"subscript\">2<\/sub>O rejoint directement le centre commercial, industriel et agricole de notre continent. Quelque 100 millions de personnes y habitent, soit environ le quart de la population totale du Canada et des \u00c9tats-Unis.<\/p>\n<p>Les marchandises voyagent librement le long de la voie navigable, arrivant r\u00e9guli\u00e8rement \u00e0 destination \u00e0 temps. Quelque 41 ports servent de points d&#8217;interconnexion \u00e0 un vaste r\u00e9seau routier et ferroviaire qui permet d&#8217;offrir un service complet de porte \u00e0 porte.<\/p>\n<p>L&#8217;Autoroute H<sub class=\"subscript\">2<\/sub>O est positionn\u00e9 strat\u00e9giquement en vue de jouer un r\u00f4le dynamique dans notre monde de march\u00e9s en pleine \u00e9volution, de routes congestionn\u00e9es et de ports encombr\u00e9s.<\/p>\n<h3><strong>Un lien entre le monde entier et le centre des \u00c9tats-Unis et du Canada<\/strong><\/h3>\n<p>L&#8217;Autoroute H<sub class=\"subscript\">2<\/sub>O d\u00e9bute l\u00e0 o\u00f9 le fleuve Saint-Laurent arrive dans l&#8217;oc\u00e9an Atlantique. Elle se rend jusqu&#8217;au c\u0153ur de l&#8217;Am\u00e9rique du Nord, le port de Duluth \u00e9tant son point le plus occidental. La majorit\u00e9 des ports de l&#8217;Autoroute H<sub class=\"subscript\">2<\/sub>O sont plus pr\u00e8s des march\u00e9s europ\u00e9ens que ne le sont les ports de la c\u00f4te est ou du golfe du Mexique. Par exemple, Montr\u00e9al est plus pr\u00e8s de Rotterdam que la plupart des ports de la c\u00f4te est. Cleveland est plus pr\u00e8s de Hambourg que Baltimore, en milles nautiques.<\/p>\n<h3><strong>L&#8217;Autoroute H<\/strong><sub class=\"subscript\">2<\/sub><strong>O dessert une r\u00e9gion qui :<\/strong><\/h3>\n<ul>\n<li>assure deux tiers de la production industrielle du Canada<\/li>\n<li>cr\u00e9e plus du tiers du produit national brut du continent<\/li>\n<li>produit presque la moiti\u00e9 des f\u00e8ves de soya et du ma\u00efs des \u00c9tats-Unis<\/li>\n<li>produit environ 40 p. 100 des biens manufactur\u00e9s aux \u00c9tats-Unis<\/li>\n<\/ul>\n<h3><strong>Grande capacit\u00e9, grandes retomb\u00e9es \u00e9conomiques<\/strong><\/h3>\n<ul>\n<li>La valeur des biens transport\u00e9s sur l&#8217;eau en Am\u00e9rique du Nord est \u00e9valu\u00e9e \u00e0 plus de 300 milliards de dollars par ann\u00e9e.<\/li>\n<li>Le commerce maritime sur l\u2019Autoroute H<sub class=\"subscript\">2<\/sub>O engendre chaque ann\u00e9e plus de 4,3 milliards de dollars en revenus personnels; 3,4 milliards de dollars en chiffre d\u2019affaires associ\u00e9 au transport; et 1,3 milliard de dollars en taxes f\u00e9d\u00e9rales, d\u2019\u00c9tat et locales.<\/li>\n<li>Trois quarts du commerce international de la plan\u00e8te se fait par le transport maritime.<\/li>\n<\/ul>\n","protected":false},"excerpt":{"rendered":"<p>Constitu\u00e9e du fleuve Saint-Laurent, de la Voie maritime du Saint-Laurent et des Grands Lacs, l&#8217;Autoroute H2O est une v\u00e9ritable autoroute maritime de 3 700 km\u00a0(2 300 milles)\u00a0partag\u00e9e par le Canada et les \u00c9tats-Unis. L&#8217;Autoroute H2O rejoint directement le centre commercial, industriel et agricole de notre continent. Quelque 100 millions de personnes y habitent, soit environ<\/p>\n","protected":false},"author":5,"featured_media":0,"parent":5465,"menu_order":0,"comment_status":"closed","ping_status":"closed","template":"","meta":{"_acf_changed":false,"_lmt_disableupdate":"","_lmt_disable":"","footnotes":""},"class_list":["post-5475","page","type-page","status-publish","hentry"],"acf":[],"yoast_head":"<!-- This site is optimized with the Yoast SEO plugin v27.4 - https:\/\/yoast.com\/product\/yoast-seo-wordpress\/ -->\n<title>Pour les entreprises et l&#039;industrie - La Corporation de Gestion de la Voie Maritime du Saint-Laurent<\/title>\n<meta name=\"description\" content=\"Constitu\u00e9e du fleuve Saint-Laurent, de la Voie maritime du Saint-Laurent et des Grands Lacs, l&#039;Autoroute H2O est une v\u00e9ritable autoroute maritime de 3 700\" \/>\n<meta name=\"robots\" content=\"index, follow, max-snippet:-1, max-image-preview:large, max-video-preview:-1\" \/>\n<link rel=\"canonical\" href=\"https:\/\/grandslacs-voiemaritime.com\/fr\/ressources\/pour-les-entreprises-et-lindustrie\/\" \/>\n<meta property=\"og:locale\" content=\"fr_FR\" \/>\n<meta property=\"og:type\" content=\"article\" \/>\n<meta property=\"og:title\" content=\"Pour les entreprises et l&#039;industrie - La Corporation de Gestion de la Voie Maritime du Saint-Laurent\" \/>\n<meta property=\"og:description\" content=\"Constitu\u00e9e du fleuve Saint-Laurent, de la Voie maritime du Saint-Laurent et des Grands Lacs, l&#039;Autoroute H2O est une v\u00e9ritable autoroute maritime de 3 700\" \/>\n<meta property=\"og:url\" content=\"https:\/\/grandslacs-voiemaritime.com\/fr\/ressources\/pour-les-entreprises-et-lindustrie\/\" \/>\n<meta property=\"og:site_name\" content=\"La Corporation de Gestion de la Voie Maritime du Saint-Laurent\" \/>\n<meta property=\"article:modified_time\" content=\"2019-12-24T14:32:55+00:00\" \/>\n<meta property=\"og:image\" content=\"https:\/\/grandslacs-voiemaritime.com\/wp-content\/uploads\/2022\/01\/300x300-logo-en.png\" \/>\n\t<meta property=\"og:image:width\" content=\"334\" \/>\n\t<meta property=\"og:image:height\" content=\"330\" \/>\n\t<meta property=\"og:image:type\" content=\"image\/png\" \/>\n<meta name=\"twitter:card\" content=\"summary_large_image\" \/>\n<meta name=\"twitter:label1\" content=\"Dur\u00e9e de lecture estim\u00e9e\" \/>\n\t<meta name=\"twitter:data1\" content=\"2 minutes\" \/>\n<script type=\"application\/ld+json\" class=\"yoast-schema-graph\">{\"@context\":\"https:\\\/\\\/schema.org\",\"@graph\":[{\"@type\":\"WebPage\",\"@id\":\"https:\\\/\\\/grandslacs-voiemaritime.com\\\/fr\\\/ressources\\\/pour-les-entreprises-et-lindustrie\\\/\",\"url\":\"https:\\\/\\\/grandslacs-voiemaritime.com\\\/fr\\\/ressources\\\/pour-les-entreprises-et-lindustrie\\\/\",\"name\":\"Pour les entreprises et l'industrie - La Corporation de Gestion de la Voie Maritime du Saint-Laurent\",\"isPartOf\":{\"@id\":\"https:\\\/\\\/greatlakes-seaway.com\\\/fr\\\/#website\"},\"datePublished\":\"2019-10-25T19:54:30+00:00\",\"dateModified\":\"2019-12-24T14:32:55+00:00\",\"description\":\"Constitu\u00e9e du fleuve Saint-Laurent, de la Voie maritime du Saint-Laurent et des Grands Lacs, l'Autoroute H2O est une v\u00e9ritable autoroute maritime de 3 700\",\"breadcrumb\":{\"@id\":\"https:\\\/\\\/grandslacs-voiemaritime.com\\\/fr\\\/ressources\\\/pour-les-entreprises-et-lindustrie\\\/#breadcrumb\"},\"inLanguage\":\"fr-FR\",\"potentialAction\":[{\"@type\":\"ReadAction\",\"target\":[\"https:\\\/\\\/grandslacs-voiemaritime.com\\\/fr\\\/ressources\\\/pour-les-entreprises-et-lindustrie\\\/\"]}]},{\"@type\":\"BreadcrumbList\",\"@id\":\"https:\\\/\\\/grandslacs-voiemaritime.com\\\/fr\\\/ressources\\\/pour-les-entreprises-et-lindustrie\\\/#breadcrumb\",\"itemListElement\":[{\"@type\":\"ListItem\",\"position\":1,\"name\":\"Home\",\"item\":\"https:\\\/\\\/greatlakes-seaway.com\\\/fr\\\/\"},{\"@type\":\"ListItem\",\"position\":2,\"name\":\"Ressources\",\"item\":\"https:\\\/\\\/greatlakes-seaway.com\\\/fr\\\/?page_id=5465\"},{\"@type\":\"ListItem\",\"position\":3,\"name\":\"Pour les entreprises et l&#8217;industrie\"}]},{\"@type\":\"WebSite\",\"@id\":\"https:\\\/\\\/greatlakes-seaway.com\\\/fr\\\/#website\",\"url\":\"https:\\\/\\\/greatlakes-seaway.com\\\/fr\\\/\",\"name\":\"Great Lakes St. Lawrence Seaway System\",\"description\":\"\",\"publisher\":{\"@id\":\"https:\\\/\\\/greatlakes-seaway.com\\\/fr\\\/#organization\"},\"potentialAction\":[{\"@type\":\"SearchAction\",\"target\":{\"@type\":\"EntryPoint\",\"urlTemplate\":\"https:\\\/\\\/greatlakes-seaway.com\\\/fr\\\/?s={search_term_string}\"},\"query-input\":{\"@type\":\"PropertyValueSpecification\",\"valueRequired\":true,\"valueName\":\"search_term_string\"}}],\"inLanguage\":\"fr-FR\"},{\"@type\":\"Organization\",\"@id\":\"https:\\\/\\\/greatlakes-seaway.com\\\/fr\\\/#organization\",\"name\":\"Great Lakes St. Lawrence Seaway System\",\"url\":\"https:\\\/\\\/greatlakes-seaway.com\\\/fr\\\/\",\"logo\":{\"@type\":\"ImageObject\",\"inLanguage\":\"fr-FR\",\"@id\":\"https:\\\/\\\/greatlakes-seaway.com\\\/fr\\\/#\\\/schema\\\/logo\\\/image\\\/\",\"url\":\"https:\\\/\\\/grandslacs-voiemaritime.com\\\/wp-content\\\/uploads\\\/2020\\\/06\\\/800x230-logo-en.png\",\"contentUrl\":\"https:\\\/\\\/grandslacs-voiemaritime.com\\\/wp-content\\\/uploads\\\/2020\\\/06\\\/800x230-logo-en.png\",\"width\":800,\"height\":230,\"caption\":\"Great Lakes St. Lawrence Seaway System\"},\"image\":{\"@id\":\"https:\\\/\\\/greatlakes-seaway.com\\\/fr\\\/#\\\/schema\\\/logo\\\/image\\\/\"}}]}<\/script>\n<!-- \/ Yoast SEO plugin. -->","yoast_head_json":{"title":"Pour les entreprises et l'industrie - La Corporation de Gestion de la Voie Maritime du Saint-Laurent","description":"Constitu\u00e9e du fleuve Saint-Laurent, de la Voie maritime du Saint-Laurent et des Grands Lacs, l'Autoroute H2O est une v\u00e9ritable autoroute maritime de 3 700","robots":{"index":"index","follow":"follow","max-snippet":"max-snippet:-1","max-image-preview":"max-image-preview:large","max-video-preview":"max-video-preview:-1"},"canonical":"https:\/\/grandslacs-voiemaritime.com\/fr\/ressources\/pour-les-entreprises-et-lindustrie\/","og_locale":"fr_FR","og_type":"article","og_title":"Pour les entreprises et l'industrie - La Corporation de Gestion de la Voie Maritime du Saint-Laurent","og_description":"Constitu\u00e9e du fleuve Saint-Laurent, de la Voie maritime du Saint-Laurent et des Grands Lacs, l'Autoroute H2O est une v\u00e9ritable autoroute maritime de 3 700","og_url":"https:\/\/grandslacs-voiemaritime.com\/fr\/ressources\/pour-les-entreprises-et-lindustrie\/","og_site_name":"La Corporation de Gestion de la Voie Maritime du Saint-Laurent","article_modified_time":"2019-12-24T14:32:55+00:00","og_image":[{"width":334,"height":330,"url":"https:\/\/grandslacs-voiemaritime.com\/wp-content\/uploads\/2022\/01\/300x300-logo-en.png","type":"image\/png"}],"twitter_card":"summary_large_image","twitter_misc":{"Dur\u00e9e de lecture estim\u00e9e":"2 minutes"},"schema":{"@context":"https:\/\/schema.org","@graph":[{"@type":"WebPage","@id":"https:\/\/grandslacs-voiemaritime.com\/fr\/ressources\/pour-les-entreprises-et-lindustrie\/","url":"https:\/\/grandslacs-voiemaritime.com\/fr\/ressources\/pour-les-entreprises-et-lindustrie\/","name":"Pour les entreprises et l'industrie - La Corporation de Gestion de la Voie Maritime du Saint-Laurent","isPartOf":{"@id":"https:\/\/greatlakes-seaway.com\/fr\/#website"},"datePublished":"2019-10-25T19:54:30+00:00","dateModified":"2019-12-24T14:32:55+00:00","description":"Constitu\u00e9e du fleuve Saint-Laurent, de la Voie maritime du Saint-Laurent et des Grands Lacs, l'Autoroute H2O est une v\u00e9ritable autoroute maritime de 3 700","breadcrumb":{"@id":"https:\/\/grandslacs-voiemaritime.com\/fr\/ressources\/pour-les-entreprises-et-lindustrie\/#breadcrumb"},"inLanguage":"fr-FR","potentialAction":[{"@type":"ReadAction","target":["https:\/\/grandslacs-voiemaritime.com\/fr\/ressources\/pour-les-entreprises-et-lindustrie\/"]}]},{"@type":"BreadcrumbList","@id":"https:\/\/grandslacs-voiemaritime.com\/fr\/ressources\/pour-les-entreprises-et-lindustrie\/#breadcrumb","itemListElement":[{"@type":"ListItem","position":1,"name":"Home","item":"https:\/\/greatlakes-seaway.com\/fr\/"},{"@type":"ListItem","position":2,"name":"Ressources","item":"https:\/\/greatlakes-seaway.com\/fr\/?page_id=5465"},{"@type":"ListItem","position":3,"name":"Pour les entreprises et l&#8217;industrie"}]},{"@type":"WebSite","@id":"https:\/\/greatlakes-seaway.com\/fr\/#website","url":"https:\/\/greatlakes-seaway.com\/fr\/","name":"Great Lakes St. Lawrence Seaway System","description":"","publisher":{"@id":"https:\/\/greatlakes-seaway.com\/fr\/#organization"},"potentialAction":[{"@type":"SearchAction","target":{"@type":"EntryPoint","urlTemplate":"https:\/\/greatlakes-seaway.com\/fr\/?s={search_term_string}"},"query-input":{"@type":"PropertyValueSpecification","valueRequired":true,"valueName":"search_term_string"}}],"inLanguage":"fr-FR"},{"@type":"Organization","@id":"https:\/\/greatlakes-seaway.com\/fr\/#organization","name":"Great Lakes St. Lawrence Seaway System","url":"https:\/\/greatlakes-seaway.com\/fr\/","logo":{"@type":"ImageObject","inLanguage":"fr-FR","@id":"https:\/\/greatlakes-seaway.com\/fr\/#\/schema\/logo\/image\/","url":"https:\/\/grandslacs-voiemaritime.com\/wp-content\/uploads\/2020\/06\/800x230-logo-en.png","contentUrl":"https:\/\/grandslacs-voiemaritime.com\/wp-content\/uploads\/2020\/06\/800x230-logo-en.png","width":800,"height":230,"caption":"Great Lakes St. Lawrence Seaway System"},"image":{"@id":"https:\/\/greatlakes-seaway.com\/fr\/#\/schema\/logo\/image\/"}}]}},"_links":{"self":[{"href":"https:\/\/grandslacs-voiemaritime.com\/fr\/wp-json\/wp\/v2\/pages\/5475","targetHints":{"allow":["GET"]}}],"collection":[{"href":"https:\/\/grandslacs-voiemaritime.com\/fr\/wp-json\/wp\/v2\/pages"}],"about":[{"href":"https:\/\/grandslacs-voiemaritime.com\/fr\/wp-json\/wp\/v2\/types\/page"}],"author":[{"embeddable":true,"href":"https:\/\/grandslacs-voiemaritime.com\/fr\/wp-json\/wp\/v2\/users\/5"}],"replies":[{"embeddable":true,"href":"https:\/\/grandslacs-voiemaritime.com\/fr\/wp-json\/wp\/v2\/comments?post=5475"}],"version-history":[{"count":0,"href":"https:\/\/grandslacs-voiemaritime.com\/fr\/wp-json\/wp\/v2\/pages\/5475\/revisions"}],"up":[{"embeddable":true,"href":"https:\/\/grandslacs-voiemaritime.com\/fr\/wp-json\/wp\/v2\/pages\/5465"}],"wp:attachment":[{"href":"https:\/\/grandslacs-voiemaritime.com\/fr\/wp-json\/wp\/v2\/media?parent=5475"}],"curies":[{"name":"wp","href":"https:\/\/api.w.org\/{rel}","templated":true}]}}