{"id":5477,"date":"2019-10-25T19:54:50","date_gmt":"2019-10-25T19:54:50","guid":{"rendered":"http:\/\/grandslacs-voiemaritime.com\/?page_id=5477"},"modified":"2025-12-10T09:13:13","modified_gmt":"2025-12-10T14:13:13","slug":"liens","status":"publish","type":"page","link":"https:\/\/grandslacs-voiemaritime.com\/fr\/liens\/","title":{"rendered":"Liens"},"content":{"rendered":"<p class=\"small\">L&#8217;information propos\u00e9e ici provient de sources externes. La Corporation de Gestion de la Voie Maritime du Saint-Laurent ainsi que la Saint Lawrence Seaway Development Corporation ne sont pas responsables de l&#8217;exactitude, de la fiabilit\u00e9 ou de l&#8217;actualit\u00e9 de l&#8217;information provenant de sources externes. Toute personne souhaitant v\u00e9rifier cette information devrait s&#8217;adresser \u00e0 la source correspondante.<\/p>\n<p class=\"small\">Les textes provenant d\u2019organismes qui ne sont pas assujettis \u00e0 la\u00a0<em>Loi sur les langues officielles<\/em>\u00a0sont mis \u00e0 la disposition du public dans la langue d\u2019origine.<\/p>\n<ul>\n<li><a href=\"https:\/\/grandslacs-voiemaritime.com\/fr\/ressources\/pour-les-entreprises-et-lindustrie\/associations\/\">Associations<\/a><br \/>\n<em>Associations reli\u00e9es aux Grands Lacs et \u00e0 la Voie maritime &#8211; Canada et \u00c9tats-Unis<\/em><\/li>\n<li><a href=\"https:\/\/grandslacs-voiemaritime.com\/fr\/ressources\/pour-les-entreprises-et-lindustrie\/gouvernement\/\">Gouvernement<\/a><br \/>\n<em>Agences de services maritimes de la Voie maritime &#8211; Canada et \u00c9tats-Unis<\/em><\/li>\n<li><a href=\"https:\/\/grandslacs-voiemaritime.com\/fr\/pour-nos-collectivites\/municipalites-developpement-economique\/\">Municipalit\u00e9s \u2013 D\u00e9veloppement \u00e9conomique<\/a><br \/>\n<em>D\u00e9veloppement \u00e9conomique des municipalit\u00e9s dans le r\u00e9seau Grands Lacs-Voie maritime du Saint-Laurent<\/em><\/li>\n<li><a href=\"https:\/\/grandslacs-voiemaritime.com\/fr\/navigation-commerciale\/transit-dans-la-voie-maritime\/pilotage\/\">Pilotage<\/a><br \/>\n<em>Associations de pilotage des Grands Lacs et de la Voie maritime &#8211; Canada et \u00c9tats-Unis<\/em><\/li>\n<li><a href=\"http:\/\/www.harborhouse.com\/digital\/systemdirectory\/\" target=\"_blank\" rel=\"noopener noreferrer\">Great Lakes St. Lawrence Seaway System Directory (en anglais)<\/a><br \/>\n<em>publi\u00e9 par Harbor House, Boyne City (Michigan)<\/em><\/li>\n<\/ul>\n","protected":false},"excerpt":{"rendered":"<p>L&#8217;information propos\u00e9e ici provient de sources externes. La Corporation de Gestion de la Voie Maritime du Saint-Laurent ainsi que la Saint Lawrence Seaway Development Corporation ne sont pas responsables de l&#8217;exactitude, de la fiabilit\u00e9 ou de l&#8217;actualit\u00e9 de l&#8217;information provenant de sources externes. Toute personne souhaitant v\u00e9rifier cette information devrait s&#8217;adresser \u00e0 la source correspondante.<\/p>\n","protected":false},"author":5,"featured_media":0,"parent":0,"menu_order":0,"comment_status":"closed","ping_status":"closed","template":"","meta":{"_acf_changed":false,"_lmt_disableupdate":"no","_lmt_disable":"","footnotes":""},"class_list":["post-5477","page","type-page","status-publish","hentry"],"acf":[],"yoast_head":"<!-- This site is optimized with the Yoast SEO plugin v27.4 - https:\/\/yoast.com\/product\/yoast-seo-wordpress\/ -->\n<title>Liens - La Corporation de Gestion de la Voie Maritime du Saint-Laurent<\/title>\n<meta name=\"description\" content=\"L&#039;information propos\u00e9e ici provient de sources externes. La Corporation de Gestion de la Voie Maritime du Saint-Laurent ainsi que la Saint Lawrence Seaway\" \/>\n<meta name=\"robots\" content=\"index, follow, max-snippet:-1, max-image-preview:large, max-video-preview:-1\" \/>\n<link rel=\"canonical\" href=\"https:\/\/grandslacs-voiemaritime.com\/fr\/liens\/\" \/>\n<meta property=\"og:locale\" content=\"fr_FR\" \/>\n<meta property=\"og:type\" content=\"article\" \/>\n<meta property=\"og:title\" content=\"Liens - La Corporation de Gestion de la Voie Maritime du Saint-Laurent\" \/>\n<meta property=\"og:description\" content=\"L&#039;information propos\u00e9e ici provient de sources externes. La Corporation de Gestion de la Voie Maritime du Saint-Laurent ainsi que la Saint Lawrence Seaway\" \/>\n<meta property=\"og:url\" content=\"https:\/\/grandslacs-voiemaritime.com\/fr\/liens\/\" \/>\n<meta property=\"og:site_name\" content=\"La Corporation de Gestion de la Voie Maritime du Saint-Laurent\" \/>\n<meta property=\"article:modified_time\" content=\"2025-12-10T14:13:13+00:00\" \/>\n<meta property=\"og:image\" content=\"https:\/\/grandslacs-voiemaritime.com\/wp-content\/uploads\/2022\/01\/300x300-logo-en.png\" \/>\n\t<meta property=\"og:image:width\" content=\"334\" \/>\n\t<meta property=\"og:image:height\" content=\"330\" \/>\n\t<meta property=\"og:image:type\" content=\"image\/png\" \/>\n<meta name=\"twitter:card\" content=\"summary_large_image\" \/>\n<meta name=\"twitter:label1\" content=\"Dur\u00e9e de lecture estim\u00e9e\" \/>\n\t<meta name=\"twitter:data1\" content=\"1 minute\" \/>\n<script type=\"application\/ld+json\" class=\"yoast-schema-graph\">{\"@context\":\"https:\\\/\\\/schema.org\",\"@graph\":[{\"@type\":\"WebPage\",\"@id\":\"https:\\\/\\\/grandslacs-voiemaritime.com\\\/fr\\\/liens\\\/\",\"url\":\"https:\\\/\\\/grandslacs-voiemaritime.com\\\/fr\\\/liens\\\/\",\"name\":\"Liens - La Corporation de Gestion de la Voie Maritime du Saint-Laurent\",\"isPartOf\":{\"@id\":\"https:\\\/\\\/greatlakes-seaway.com\\\/fr\\\/#website\"},\"datePublished\":\"2019-10-25T19:54:50+00:00\",\"dateModified\":\"2025-12-10T14:13:13+00:00\",\"description\":\"L'information propos\u00e9e ici provient de sources externes. La Corporation de Gestion de la Voie Maritime du Saint-Laurent ainsi que la Saint Lawrence Seaway\",\"breadcrumb\":{\"@id\":\"https:\\\/\\\/grandslacs-voiemaritime.com\\\/fr\\\/liens\\\/#breadcrumb\"},\"inLanguage\":\"fr-FR\",\"potentialAction\":[{\"@type\":\"ReadAction\",\"target\":[\"https:\\\/\\\/grandslacs-voiemaritime.com\\\/fr\\\/liens\\\/\"]}]},{\"@type\":\"BreadcrumbList\",\"@id\":\"https:\\\/\\\/grandslacs-voiemaritime.com\\\/fr\\\/liens\\\/#breadcrumb\",\"itemListElement\":[{\"@type\":\"ListItem\",\"position\":1,\"name\":\"Home\",\"item\":\"https:\\\/\\\/greatlakes-seaway.com\\\/fr\\\/\"},{\"@type\":\"ListItem\",\"position\":2,\"name\":\"Liens\"}]},{\"@type\":\"WebSite\",\"@id\":\"https:\\\/\\\/greatlakes-seaway.com\\\/fr\\\/#website\",\"url\":\"https:\\\/\\\/greatlakes-seaway.com\\\/fr\\\/\",\"name\":\"Great Lakes St. Lawrence Seaway System\",\"description\":\"\",\"publisher\":{\"@id\":\"https:\\\/\\\/greatlakes-seaway.com\\\/fr\\\/#organization\"},\"potentialAction\":[{\"@type\":\"SearchAction\",\"target\":{\"@type\":\"EntryPoint\",\"urlTemplate\":\"https:\\\/\\\/greatlakes-seaway.com\\\/fr\\\/?s={search_term_string}\"},\"query-input\":{\"@type\":\"PropertyValueSpecification\",\"valueRequired\":true,\"valueName\":\"search_term_string\"}}],\"inLanguage\":\"fr-FR\"},{\"@type\":\"Organization\",\"@id\":\"https:\\\/\\\/greatlakes-seaway.com\\\/fr\\\/#organization\",\"name\":\"Great Lakes St. Lawrence Seaway System\",\"url\":\"https:\\\/\\\/greatlakes-seaway.com\\\/fr\\\/\",\"logo\":{\"@type\":\"ImageObject\",\"inLanguage\":\"fr-FR\",\"@id\":\"https:\\\/\\\/greatlakes-seaway.com\\\/fr\\\/#\\\/schema\\\/logo\\\/image\\\/\",\"url\":\"https:\\\/\\\/grandslacs-voiemaritime.com\\\/wp-content\\\/uploads\\\/2020\\\/06\\\/800x230-logo-en.png\",\"contentUrl\":\"https:\\\/\\\/grandslacs-voiemaritime.com\\\/wp-content\\\/uploads\\\/2020\\\/06\\\/800x230-logo-en.png\",\"width\":800,\"height\":230,\"caption\":\"Great Lakes St. Lawrence Seaway System\"},\"image\":{\"@id\":\"https:\\\/\\\/greatlakes-seaway.com\\\/fr\\\/#\\\/schema\\\/logo\\\/image\\\/\"}}]}<\/script>\n<!-- \/ Yoast SEO plugin. -->","yoast_head_json":{"title":"Liens - La Corporation de Gestion de la Voie Maritime du Saint-Laurent","description":"L'information propos\u00e9e ici provient de sources externes. La Corporation de Gestion de la Voie Maritime du Saint-Laurent ainsi que la Saint Lawrence Seaway","robots":{"index":"index","follow":"follow","max-snippet":"max-snippet:-1","max-image-preview":"max-image-preview:large","max-video-preview":"max-video-preview:-1"},"canonical":"https:\/\/grandslacs-voiemaritime.com\/fr\/liens\/","og_locale":"fr_FR","og_type":"article","og_title":"Liens - La Corporation de Gestion de la Voie Maritime du Saint-Laurent","og_description":"L'information propos\u00e9e ici provient de sources externes. La Corporation de Gestion de la Voie Maritime du Saint-Laurent ainsi que la Saint Lawrence Seaway","og_url":"https:\/\/grandslacs-voiemaritime.com\/fr\/liens\/","og_site_name":"La Corporation de Gestion de la Voie Maritime du Saint-Laurent","article_modified_time":"2025-12-10T14:13:13+00:00","og_image":[{"width":334,"height":330,"url":"https:\/\/grandslacs-voiemaritime.com\/wp-content\/uploads\/2022\/01\/300x300-logo-en.png","type":"image\/png"}],"twitter_card":"summary_large_image","twitter_misc":{"Dur\u00e9e de lecture estim\u00e9e":"1 minute"},"schema":{"@context":"https:\/\/schema.org","@graph":[{"@type":"WebPage","@id":"https:\/\/grandslacs-voiemaritime.com\/fr\/liens\/","url":"https:\/\/grandslacs-voiemaritime.com\/fr\/liens\/","name":"Liens - La Corporation de Gestion de la Voie Maritime du Saint-Laurent","isPartOf":{"@id":"https:\/\/greatlakes-seaway.com\/fr\/#website"},"datePublished":"2019-10-25T19:54:50+00:00","dateModified":"2025-12-10T14:13:13+00:00","description":"L'information propos\u00e9e ici provient de sources externes. La Corporation de Gestion de la Voie Maritime du Saint-Laurent ainsi que la Saint Lawrence Seaway","breadcrumb":{"@id":"https:\/\/grandslacs-voiemaritime.com\/fr\/liens\/#breadcrumb"},"inLanguage":"fr-FR","potentialAction":[{"@type":"ReadAction","target":["https:\/\/grandslacs-voiemaritime.com\/fr\/liens\/"]}]},{"@type":"BreadcrumbList","@id":"https:\/\/grandslacs-voiemaritime.com\/fr\/liens\/#breadcrumb","itemListElement":[{"@type":"ListItem","position":1,"name":"Home","item":"https:\/\/greatlakes-seaway.com\/fr\/"},{"@type":"ListItem","position":2,"name":"Liens"}]},{"@type":"WebSite","@id":"https:\/\/greatlakes-seaway.com\/fr\/#website","url":"https:\/\/greatlakes-seaway.com\/fr\/","name":"Great Lakes St. Lawrence Seaway System","description":"","publisher":{"@id":"https:\/\/greatlakes-seaway.com\/fr\/#organization"},"potentialAction":[{"@type":"SearchAction","target":{"@type":"EntryPoint","urlTemplate":"https:\/\/greatlakes-seaway.com\/fr\/?s={search_term_string}"},"query-input":{"@type":"PropertyValueSpecification","valueRequired":true,"valueName":"search_term_string"}}],"inLanguage":"fr-FR"},{"@type":"Organization","@id":"https:\/\/greatlakes-seaway.com\/fr\/#organization","name":"Great Lakes St. Lawrence Seaway System","url":"https:\/\/greatlakes-seaway.com\/fr\/","logo":{"@type":"ImageObject","inLanguage":"fr-FR","@id":"https:\/\/greatlakes-seaway.com\/fr\/#\/schema\/logo\/image\/","url":"https:\/\/grandslacs-voiemaritime.com\/wp-content\/uploads\/2020\/06\/800x230-logo-en.png","contentUrl":"https:\/\/grandslacs-voiemaritime.com\/wp-content\/uploads\/2020\/06\/800x230-logo-en.png","width":800,"height":230,"caption":"Great Lakes St. Lawrence Seaway System"},"image":{"@id":"https:\/\/greatlakes-seaway.com\/fr\/#\/schema\/logo\/image\/"}}]}},"_links":{"self":[{"href":"https:\/\/grandslacs-voiemaritime.com\/fr\/wp-json\/wp\/v2\/pages\/5477","targetHints":{"allow":["GET"]}}],"collection":[{"href":"https:\/\/grandslacs-voiemaritime.com\/fr\/wp-json\/wp\/v2\/pages"}],"about":[{"href":"https:\/\/grandslacs-voiemaritime.com\/fr\/wp-json\/wp\/v2\/types\/page"}],"author":[{"embeddable":true,"href":"https:\/\/grandslacs-voiemaritime.com\/fr\/wp-json\/wp\/v2\/users\/5"}],"replies":[{"embeddable":true,"href":"https:\/\/grandslacs-voiemaritime.com\/fr\/wp-json\/wp\/v2\/comments?post=5477"}],"version-history":[{"count":0,"href":"https:\/\/grandslacs-voiemaritime.com\/fr\/wp-json\/wp\/v2\/pages\/5477\/revisions"}],"wp:attachment":[{"href":"https:\/\/grandslacs-voiemaritime.com\/fr\/wp-json\/wp\/v2\/media?parent=5477"}],"curies":[{"name":"wp","href":"https:\/\/api.w.org\/{rel}","templated":true}]}}