{"id":5485,"date":"2019-10-25T19:56:57","date_gmt":"2019-10-25T19:56:57","guid":{"rendered":"http:\/\/grandslacs-voiemaritime.com\/?page_id=5485"},"modified":"2020-02-18T16:38:36","modified_gmt":"2020-02-18T16:38:36","slug":"pour-etudiants-et-educateurs","status":"publish","type":"page","link":"https:\/\/grandslacs-voiemaritime.com\/fr\/ressources\/pour-etudiants-et-educateurs\/","title":{"rendered":"Pour \u00e9tudiants et \u00e9ducateurs"},"content":{"rendered":"<h3>Pourquoi la voie navigable est la voie indiqu\u00e9e&#8230;<\/h3>\n<p>Constitu\u00e9e du fleuve Saint-Laurent, de la Voie maritime du Saint-Laurent et des Grands Lacs, l&#8217;Autoroute H<sub class=\"subscript\">2<\/sub>O est une v\u00e9ritable autoroute maritime de 3 700 km\u00a0(2 300 milles)\u00a0partag\u00e9e par le Canada et les \u00c9tats-Unis. L&#8217;Autoroute H<sub class=\"subscript\">2<\/sub>O rejoint directement le centre commercial, industriel et agricole de notre continent. Quelque 100 millions de personnes y habitent, soit environ le quart de la population totale du Canada et des \u00c9tats-Unis.<\/p>\n<p>Depuis sa cr\u00e9ation en 1959, le r\u00e9seau de la Voie maritime du Saint-Laurent a servi \u00e0 transporter de nombreux produits, dont : minerai de fer; c\u00e9r\u00e9ales; coke; granulat; scorie de fourneaux; demi-produits de l&#8217;acier; gueuse de fonte; et divers produits chimiques.<\/p>\n<p>Les marchandises voyagent librement le long de la voie navigable, arrivant r\u00e9guli\u00e8rement \u00e0 destination \u00e0 temps. Quelque 41 ports servent de points d\u2019interconnexion \u00e0 un vaste r\u00e9seau routier et ferroviaire qui permet d\u2019offrir un service complet de porte \u00e0 porte.<\/p>\n<p>Enfin, l\u2019Autoroute H<sub class=\"subscript\">2<\/sub>O permet des \u00e9conomies de carburant puisque les navires ne consomment que 10 \u00e0 20 p. 100 de l\u2019\u00e9nergie n\u00e9cessaire aux camions. Un navire peut transporter une tonne de fret sur 800 km (500 milles) avec 4 litres (1 gallon) de carburant. Un seul laquier peut transporter autant de marchandises que trois trains de 100 wagons ou 870 camions. Voil\u00e0 qui garantit des co\u00fbts unitaires extr\u00eamement concurrentiels.<\/p>\n<p><a href=\"https:\/\/grandslacs-voiemaritime.com\/fr\/ressources\/pour-etudiants-et-educateurs\/amusez-vous-prudemment\/\">Amusez-vous\u2026 prudemment<\/a><\/p>\n<p><a href=\"https:\/\/grandslacs-voiemaritime.com\/fr\/nouvelles-information\/centre-de-ressources-de-la-voie-maritime\/#publications\">Publications<\/a><\/p>\n","protected":false},"excerpt":{"rendered":"<p>Pourquoi la voie navigable est la voie indiqu\u00e9e&#8230; Constitu\u00e9e du fleuve Saint-Laurent, de la Voie maritime du Saint-Laurent et des Grands Lacs, l&#8217;Autoroute H2O est une v\u00e9ritable autoroute maritime de 3 700 km\u00a0(2 300 milles)\u00a0partag\u00e9e par le Canada et les \u00c9tats-Unis. L&#8217;Autoroute H2O rejoint directement le centre commercial, industriel et agricole de notre continent. Quelque<\/p>\n","protected":false},"author":5,"featured_media":0,"parent":5465,"menu_order":0,"comment_status":"closed","ping_status":"closed","template":"","meta":{"_acf_changed":false,"_lmt_disableupdate":"","_lmt_disable":"","footnotes":""},"class_list":["post-5485","page","type-page","status-publish","hentry"],"acf":[],"yoast_head":"<!-- This site is optimized with the Yoast SEO plugin v27.4 - https:\/\/yoast.com\/product\/yoast-seo-wordpress\/ -->\n<title>Pour \u00e9tudiants et \u00e9ducateurs - La Corporation de Gestion de la Voie Maritime du Saint-Laurent<\/title>\n<meta name=\"description\" content=\"Pourquoi la voie navigable est la voie indiqu\u00e9e... Constitu\u00e9e du fleuve Saint-Laurent, de la Voie maritime du Saint-Laurent et des Grands Lacs,\" \/>\n<meta name=\"robots\" content=\"index, follow, max-snippet:-1, max-image-preview:large, max-video-preview:-1\" \/>\n<link rel=\"canonical\" href=\"https:\/\/grandslacs-voiemaritime.com\/fr\/ressources\/pour-etudiants-et-educateurs\/\" \/>\n<meta property=\"og:locale\" content=\"fr_FR\" \/>\n<meta property=\"og:type\" content=\"article\" \/>\n<meta property=\"og:title\" content=\"Pour \u00e9tudiants et \u00e9ducateurs - La Corporation de Gestion de la Voie Maritime du Saint-Laurent\" \/>\n<meta property=\"og:description\" content=\"Pourquoi la voie navigable est la voie indiqu\u00e9e... Constitu\u00e9e du fleuve Saint-Laurent, de la Voie maritime du Saint-Laurent et des Grands Lacs,\" \/>\n<meta property=\"og:url\" content=\"https:\/\/grandslacs-voiemaritime.com\/fr\/ressources\/pour-etudiants-et-educateurs\/\" \/>\n<meta property=\"og:site_name\" content=\"La Corporation de Gestion de la Voie Maritime du Saint-Laurent\" \/>\n<meta property=\"article:modified_time\" content=\"2020-02-18T16:38:36+00:00\" \/>\n<meta property=\"og:image\" content=\"https:\/\/grandslacs-voiemaritime.com\/wp-content\/uploads\/2022\/01\/300x300-logo-en.png\" \/>\n\t<meta property=\"og:image:width\" content=\"334\" \/>\n\t<meta property=\"og:image:height\" content=\"330\" \/>\n\t<meta property=\"og:image:type\" content=\"image\/png\" \/>\n<meta name=\"twitter:card\" content=\"summary_large_image\" \/>\n<meta name=\"twitter:label1\" content=\"Dur\u00e9e de lecture estim\u00e9e\" \/>\n\t<meta name=\"twitter:data1\" content=\"1 minute\" \/>\n<script type=\"application\/ld+json\" class=\"yoast-schema-graph\">{\"@context\":\"https:\\\/\\\/schema.org\",\"@graph\":[{\"@type\":\"WebPage\",\"@id\":\"https:\\\/\\\/grandslacs-voiemaritime.com\\\/fr\\\/ressources\\\/pour-etudiants-et-educateurs\\\/\",\"url\":\"https:\\\/\\\/grandslacs-voiemaritime.com\\\/fr\\\/ressources\\\/pour-etudiants-et-educateurs\\\/\",\"name\":\"Pour \u00e9tudiants et \u00e9ducateurs - La Corporation de Gestion de la Voie Maritime du Saint-Laurent\",\"isPartOf\":{\"@id\":\"https:\\\/\\\/greatlakes-seaway.com\\\/fr\\\/#website\"},\"datePublished\":\"2019-10-25T19:56:57+00:00\",\"dateModified\":\"2020-02-18T16:38:36+00:00\",\"description\":\"Pourquoi la voie navigable est la voie indiqu\u00e9e... Constitu\u00e9e du fleuve Saint-Laurent, de la Voie maritime du Saint-Laurent et des Grands Lacs,\",\"breadcrumb\":{\"@id\":\"https:\\\/\\\/grandslacs-voiemaritime.com\\\/fr\\\/ressources\\\/pour-etudiants-et-educateurs\\\/#breadcrumb\"},\"inLanguage\":\"fr-FR\",\"potentialAction\":[{\"@type\":\"ReadAction\",\"target\":[\"https:\\\/\\\/grandslacs-voiemaritime.com\\\/fr\\\/ressources\\\/pour-etudiants-et-educateurs\\\/\"]}]},{\"@type\":\"BreadcrumbList\",\"@id\":\"https:\\\/\\\/grandslacs-voiemaritime.com\\\/fr\\\/ressources\\\/pour-etudiants-et-educateurs\\\/#breadcrumb\",\"itemListElement\":[{\"@type\":\"ListItem\",\"position\":1,\"name\":\"Home\",\"item\":\"https:\\\/\\\/greatlakes-seaway.com\\\/fr\\\/\"},{\"@type\":\"ListItem\",\"position\":2,\"name\":\"Ressources\",\"item\":\"https:\\\/\\\/grandslacs-voiemaritime.com\\\/fr\\\/?page_id=5465\"},{\"@type\":\"ListItem\",\"position\":3,\"name\":\"Pour \u00e9tudiants et \u00e9ducateurs\"}]},{\"@type\":\"WebSite\",\"@id\":\"https:\\\/\\\/greatlakes-seaway.com\\\/fr\\\/#website\",\"url\":\"https:\\\/\\\/greatlakes-seaway.com\\\/fr\\\/\",\"name\":\"Great Lakes St. Lawrence Seaway System\",\"description\":\"\",\"publisher\":{\"@id\":\"https:\\\/\\\/greatlakes-seaway.com\\\/fr\\\/#organization\"},\"potentialAction\":[{\"@type\":\"SearchAction\",\"target\":{\"@type\":\"EntryPoint\",\"urlTemplate\":\"https:\\\/\\\/greatlakes-seaway.com\\\/fr\\\/?s={search_term_string}\"},\"query-input\":{\"@type\":\"PropertyValueSpecification\",\"valueRequired\":true,\"valueName\":\"search_term_string\"}}],\"inLanguage\":\"fr-FR\"},{\"@type\":\"Organization\",\"@id\":\"https:\\\/\\\/greatlakes-seaway.com\\\/fr\\\/#organization\",\"name\":\"Great Lakes St. Lawrence Seaway System\",\"url\":\"https:\\\/\\\/greatlakes-seaway.com\\\/fr\\\/\",\"logo\":{\"@type\":\"ImageObject\",\"inLanguage\":\"fr-FR\",\"@id\":\"https:\\\/\\\/greatlakes-seaway.com\\\/fr\\\/#\\\/schema\\\/logo\\\/image\\\/\",\"url\":\"https:\\\/\\\/grandslacs-voiemaritime.com\\\/wp-content\\\/uploads\\\/2020\\\/06\\\/800x230-logo-en.png\",\"contentUrl\":\"https:\\\/\\\/grandslacs-voiemaritime.com\\\/wp-content\\\/uploads\\\/2020\\\/06\\\/800x230-logo-en.png\",\"width\":800,\"height\":230,\"caption\":\"Great Lakes St. Lawrence Seaway System\"},\"image\":{\"@id\":\"https:\\\/\\\/greatlakes-seaway.com\\\/fr\\\/#\\\/schema\\\/logo\\\/image\\\/\"}}]}<\/script>\n<!-- \/ Yoast SEO plugin. -->","yoast_head_json":{"title":"Pour \u00e9tudiants et \u00e9ducateurs - La Corporation de Gestion de la Voie Maritime du Saint-Laurent","description":"Pourquoi la voie navigable est la voie indiqu\u00e9e... Constitu\u00e9e du fleuve Saint-Laurent, de la Voie maritime du Saint-Laurent et des Grands Lacs,","robots":{"index":"index","follow":"follow","max-snippet":"max-snippet:-1","max-image-preview":"max-image-preview:large","max-video-preview":"max-video-preview:-1"},"canonical":"https:\/\/grandslacs-voiemaritime.com\/fr\/ressources\/pour-etudiants-et-educateurs\/","og_locale":"fr_FR","og_type":"article","og_title":"Pour \u00e9tudiants et \u00e9ducateurs - La Corporation de Gestion de la Voie Maritime du Saint-Laurent","og_description":"Pourquoi la voie navigable est la voie indiqu\u00e9e... Constitu\u00e9e du fleuve Saint-Laurent, de la Voie maritime du Saint-Laurent et des Grands Lacs,","og_url":"https:\/\/grandslacs-voiemaritime.com\/fr\/ressources\/pour-etudiants-et-educateurs\/","og_site_name":"La Corporation de Gestion de la Voie Maritime du Saint-Laurent","article_modified_time":"2020-02-18T16:38:36+00:00","og_image":[{"width":334,"height":330,"url":"https:\/\/grandslacs-voiemaritime.com\/wp-content\/uploads\/2022\/01\/300x300-logo-en.png","type":"image\/png"}],"twitter_card":"summary_large_image","twitter_misc":{"Dur\u00e9e de lecture estim\u00e9e":"1 minute"},"schema":{"@context":"https:\/\/schema.org","@graph":[{"@type":"WebPage","@id":"https:\/\/grandslacs-voiemaritime.com\/fr\/ressources\/pour-etudiants-et-educateurs\/","url":"https:\/\/grandslacs-voiemaritime.com\/fr\/ressources\/pour-etudiants-et-educateurs\/","name":"Pour \u00e9tudiants et \u00e9ducateurs - La Corporation de Gestion de la Voie Maritime du Saint-Laurent","isPartOf":{"@id":"https:\/\/greatlakes-seaway.com\/fr\/#website"},"datePublished":"2019-10-25T19:56:57+00:00","dateModified":"2020-02-18T16:38:36+00:00","description":"Pourquoi la voie navigable est la voie indiqu\u00e9e... Constitu\u00e9e du fleuve Saint-Laurent, de la Voie maritime du Saint-Laurent et des Grands Lacs,","breadcrumb":{"@id":"https:\/\/grandslacs-voiemaritime.com\/fr\/ressources\/pour-etudiants-et-educateurs\/#breadcrumb"},"inLanguage":"fr-FR","potentialAction":[{"@type":"ReadAction","target":["https:\/\/grandslacs-voiemaritime.com\/fr\/ressources\/pour-etudiants-et-educateurs\/"]}]},{"@type":"BreadcrumbList","@id":"https:\/\/grandslacs-voiemaritime.com\/fr\/ressources\/pour-etudiants-et-educateurs\/#breadcrumb","itemListElement":[{"@type":"ListItem","position":1,"name":"Home","item":"https:\/\/greatlakes-seaway.com\/fr\/"},{"@type":"ListItem","position":2,"name":"Ressources","item":"https:\/\/grandslacs-voiemaritime.com\/fr\/?page_id=5465"},{"@type":"ListItem","position":3,"name":"Pour \u00e9tudiants et \u00e9ducateurs"}]},{"@type":"WebSite","@id":"https:\/\/greatlakes-seaway.com\/fr\/#website","url":"https:\/\/greatlakes-seaway.com\/fr\/","name":"Great Lakes St. Lawrence Seaway System","description":"","publisher":{"@id":"https:\/\/greatlakes-seaway.com\/fr\/#organization"},"potentialAction":[{"@type":"SearchAction","target":{"@type":"EntryPoint","urlTemplate":"https:\/\/greatlakes-seaway.com\/fr\/?s={search_term_string}"},"query-input":{"@type":"PropertyValueSpecification","valueRequired":true,"valueName":"search_term_string"}}],"inLanguage":"fr-FR"},{"@type":"Organization","@id":"https:\/\/greatlakes-seaway.com\/fr\/#organization","name":"Great Lakes St. Lawrence Seaway System","url":"https:\/\/greatlakes-seaway.com\/fr\/","logo":{"@type":"ImageObject","inLanguage":"fr-FR","@id":"https:\/\/greatlakes-seaway.com\/fr\/#\/schema\/logo\/image\/","url":"https:\/\/grandslacs-voiemaritime.com\/wp-content\/uploads\/2020\/06\/800x230-logo-en.png","contentUrl":"https:\/\/grandslacs-voiemaritime.com\/wp-content\/uploads\/2020\/06\/800x230-logo-en.png","width":800,"height":230,"caption":"Great Lakes St. Lawrence Seaway System"},"image":{"@id":"https:\/\/greatlakes-seaway.com\/fr\/#\/schema\/logo\/image\/"}}]}},"_links":{"self":[{"href":"https:\/\/grandslacs-voiemaritime.com\/fr\/wp-json\/wp\/v2\/pages\/5485","targetHints":{"allow":["GET"]}}],"collection":[{"href":"https:\/\/grandslacs-voiemaritime.com\/fr\/wp-json\/wp\/v2\/pages"}],"about":[{"href":"https:\/\/grandslacs-voiemaritime.com\/fr\/wp-json\/wp\/v2\/types\/page"}],"author":[{"embeddable":true,"href":"https:\/\/grandslacs-voiemaritime.com\/fr\/wp-json\/wp\/v2\/users\/5"}],"replies":[{"embeddable":true,"href":"https:\/\/grandslacs-voiemaritime.com\/fr\/wp-json\/wp\/v2\/comments?post=5485"}],"version-history":[{"count":0,"href":"https:\/\/grandslacs-voiemaritime.com\/fr\/wp-json\/wp\/v2\/pages\/5485\/revisions"}],"up":[{"embeddable":true,"href":"https:\/\/grandslacs-voiemaritime.com\/fr\/wp-json\/wp\/v2\/pages\/5465"}],"wp:attachment":[{"href":"https:\/\/grandslacs-voiemaritime.com\/fr\/wp-json\/wp\/v2\/media?parent=5485"}],"curies":[{"name":"wp","href":"https:\/\/api.w.org\/{rel}","templated":true}]}}