{"id":5489,"date":"2019-10-25T19:57:38","date_gmt":"2019-10-25T19:57:38","guid":{"rendered":"http:\/\/grandslacs-voiemaritime.com\/?page_id=5489"},"modified":"2019-12-24T14:43:40","modified_gmt":"2019-12-24T14:43:40","slug":"brochures","status":"publish","type":"page","link":"https:\/\/grandslacs-voiemaritime.com\/fr\/ressources\/pour-etudiants-et-educateurs\/brochures\/","title":{"rendered":"Brochures"},"content":{"rendered":"<p class=\"small\">Les textes provenant d\u2019organismes qui ne sont pas assujettis \u00e0 la Loi sur les langues officielles sont mis \u00e0 la disposition du public dans la langue d\u2019origine.<\/p>\n<ul>\n<li><a href=\"https:\/\/grandslacs-voiemaritime.com\/wp-content\/uploads\/2019\/12\/tommy_trent_abc_FR.pdf\">L&#8217;ABC de la Voie maritime<\/a><\/li>\n<li><a href=\"https:\/\/grandslacs-voiemaritime.com\/wp-content\/uploads\/2019\/11\/slsdc_system_brochure.pdf\">D\u00e9pliant de la Voie maritime<\/a><\/li>\n<li><a href=\"https:\/\/grandslacs-voiemaritime.com\/wp-content\/uploads\/2019\/11\/overview_brochure_fr.pdf\">Le r\u00e9seau Grands Lacs &#8211; Voie maritime du Saint-Laurent<\/a><\/li>\n<li><a href=\"https:\/\/grandslacs-voiemaritime.com\/wp-content\/uploads\/2019\/11\/les_grands_lacs_fr.pdf\">Les Grands Lacs &#8211; Un d\u00e9fi en gestion des voies navigables<\/a><\/li>\n<li><a href=\"https:\/\/grandslacs-voiemaritime.com\/wp-content\/uploads\/2019\/11\/welland_fr_2.pdf\">Le canal Welland<\/a><\/li>\n<li><a href=\"https:\/\/grandslacs-voiemaritime.com\/wp-content\/uploads\/2019\/11\/mlo_fr_1.pdf\">La r\u00e9gion Montr\u00e9al-lac Ontario<\/a><\/li>\n<\/ul>\n","protected":false},"excerpt":{"rendered":"<p>Les textes provenant d\u2019organismes qui ne sont pas assujettis \u00e0 la Loi sur les langues officielles sont mis \u00e0 la disposition du public dans la langue d\u2019origine. L&#8217;ABC de la Voie maritime D\u00e9pliant de la Voie maritime Le r\u00e9seau Grands Lacs &#8211; Voie maritime du Saint-Laurent Les Grands Lacs &#8211; Un d\u00e9fi en gestion des<\/p>\n","protected":false},"author":5,"featured_media":0,"parent":5485,"menu_order":0,"comment_status":"closed","ping_status":"closed","template":"","meta":{"_acf_changed":false,"_lmt_disableupdate":"","_lmt_disable":"","footnotes":""},"class_list":["post-5489","page","type-page","status-publish","hentry"],"acf":[],"yoast_head":"<!-- This site is optimized with the Yoast SEO plugin v27.4 - https:\/\/yoast.com\/product\/yoast-seo-wordpress\/ -->\n<title>Brochures - La Corporation de Gestion de la Voie Maritime du Saint-Laurent<\/title>\n<meta name=\"description\" content=\"Les textes provenant d\u2019organismes qui ne sont pas assujettis \u00e0 la Loi sur les langues officielles sont mis \u00e0 la disposition du public dans la langue\" \/>\n<meta name=\"robots\" content=\"index, follow, max-snippet:-1, max-image-preview:large, max-video-preview:-1\" \/>\n<link rel=\"canonical\" href=\"https:\/\/grandslacs-voiemaritime.com\/fr\/ressources\/pour-etudiants-et-educateurs\/brochures\/\" \/>\n<meta property=\"og:locale\" content=\"fr_FR\" \/>\n<meta property=\"og:type\" content=\"article\" \/>\n<meta property=\"og:title\" content=\"Brochures - La Corporation de Gestion de la Voie Maritime du Saint-Laurent\" \/>\n<meta property=\"og:description\" content=\"Les textes provenant d\u2019organismes qui ne sont pas assujettis \u00e0 la Loi sur les langues officielles sont mis \u00e0 la disposition du public dans la langue\" \/>\n<meta property=\"og:url\" content=\"https:\/\/grandslacs-voiemaritime.com\/fr\/ressources\/pour-etudiants-et-educateurs\/brochures\/\" \/>\n<meta property=\"og:site_name\" content=\"La Corporation de Gestion de la Voie Maritime du Saint-Laurent\" \/>\n<meta property=\"article:modified_time\" content=\"2019-12-24T14:43:40+00:00\" \/>\n<meta property=\"og:image\" content=\"https:\/\/grandslacs-voiemaritime.com\/wp-content\/uploads\/2022\/01\/300x300-logo-en.png\" \/>\n\t<meta property=\"og:image:width\" content=\"334\" \/>\n\t<meta property=\"og:image:height\" content=\"330\" \/>\n\t<meta property=\"og:image:type\" content=\"image\/png\" \/>\n<meta name=\"twitter:card\" content=\"summary_large_image\" \/>\n<script type=\"application\/ld+json\" class=\"yoast-schema-graph\">{\"@context\":\"https:\\\/\\\/schema.org\",\"@graph\":[{\"@type\":\"WebPage\",\"@id\":\"https:\\\/\\\/grandslacs-voiemaritime.com\\\/fr\\\/ressources\\\/pour-etudiants-et-educateurs\\\/brochures\\\/\",\"url\":\"https:\\\/\\\/grandslacs-voiemaritime.com\\\/fr\\\/ressources\\\/pour-etudiants-et-educateurs\\\/brochures\\\/\",\"name\":\"Brochures - La Corporation de Gestion de la Voie Maritime du Saint-Laurent\",\"isPartOf\":{\"@id\":\"https:\\\/\\\/grandslacs-voiemaritime.com\\\/fr\\\/#website\"},\"datePublished\":\"2019-10-25T19:57:38+00:00\",\"dateModified\":\"2019-12-24T14:43:40+00:00\",\"description\":\"Les textes provenant d\u2019organismes qui ne sont pas assujettis \u00e0 la Loi sur les langues officielles sont mis \u00e0 la disposition du public dans la langue\",\"breadcrumb\":{\"@id\":\"https:\\\/\\\/grandslacs-voiemaritime.com\\\/fr\\\/ressources\\\/pour-etudiants-et-educateurs\\\/brochures\\\/#breadcrumb\"},\"inLanguage\":\"fr-FR\",\"potentialAction\":[{\"@type\":\"ReadAction\",\"target\":[\"https:\\\/\\\/grandslacs-voiemaritime.com\\\/fr\\\/ressources\\\/pour-etudiants-et-educateurs\\\/brochures\\\/\"]}]},{\"@type\":\"BreadcrumbList\",\"@id\":\"https:\\\/\\\/grandslacs-voiemaritime.com\\\/fr\\\/ressources\\\/pour-etudiants-et-educateurs\\\/brochures\\\/#breadcrumb\",\"itemListElement\":[{\"@type\":\"ListItem\",\"position\":1,\"name\":\"Home\",\"item\":\"https:\\\/\\\/grandslacs-voiemaritime.com\\\/fr\\\/\"},{\"@type\":\"ListItem\",\"position\":2,\"name\":\"Ressources\",\"item\":\"https:\\\/\\\/greatlakes-seaway.com\\\/fr\\\/?page_id=5465\"},{\"@type\":\"ListItem\",\"position\":3,\"name\":\"Pour \u00e9tudiants et \u00e9ducateurs\",\"item\":\"https:\\\/\\\/greatlakes-seaway.com\\\/fr\\\/ressources\\\/pour-etudiants-et-educateurs\\\/\"},{\"@type\":\"ListItem\",\"position\":4,\"name\":\"Brochures\"}]},{\"@type\":\"WebSite\",\"@id\":\"https:\\\/\\\/grandslacs-voiemaritime.com\\\/fr\\\/#website\",\"url\":\"https:\\\/\\\/grandslacs-voiemaritime.com\\\/fr\\\/\",\"name\":\"Great Lakes St. Lawrence Seaway System\",\"description\":\"\",\"publisher\":{\"@id\":\"https:\\\/\\\/grandslacs-voiemaritime.com\\\/fr\\\/#organization\"},\"potentialAction\":[{\"@type\":\"SearchAction\",\"target\":{\"@type\":\"EntryPoint\",\"urlTemplate\":\"https:\\\/\\\/grandslacs-voiemaritime.com\\\/fr\\\/?s={search_term_string}\"},\"query-input\":{\"@type\":\"PropertyValueSpecification\",\"valueRequired\":true,\"valueName\":\"search_term_string\"}}],\"inLanguage\":\"fr-FR\"},{\"@type\":\"Organization\",\"@id\":\"https:\\\/\\\/grandslacs-voiemaritime.com\\\/fr\\\/#organization\",\"name\":\"Great Lakes St. Lawrence Seaway System\",\"url\":\"https:\\\/\\\/grandslacs-voiemaritime.com\\\/fr\\\/\",\"logo\":{\"@type\":\"ImageObject\",\"inLanguage\":\"fr-FR\",\"@id\":\"https:\\\/\\\/grandslacs-voiemaritime.com\\\/fr\\\/#\\\/schema\\\/logo\\\/image\\\/\",\"url\":\"https:\\\/\\\/grandslacs-voiemaritime.com\\\/wp-content\\\/uploads\\\/2020\\\/06\\\/800x230-logo-en.png\",\"contentUrl\":\"https:\\\/\\\/grandslacs-voiemaritime.com\\\/wp-content\\\/uploads\\\/2020\\\/06\\\/800x230-logo-en.png\",\"width\":800,\"height\":230,\"caption\":\"Great Lakes St. Lawrence Seaway System\"},\"image\":{\"@id\":\"https:\\\/\\\/grandslacs-voiemaritime.com\\\/fr\\\/#\\\/schema\\\/logo\\\/image\\\/\"}}]}<\/script>\n<!-- \/ Yoast SEO plugin. -->","yoast_head_json":{"title":"Brochures - La Corporation de Gestion de la Voie Maritime du Saint-Laurent","description":"Les textes provenant d\u2019organismes qui ne sont pas assujettis \u00e0 la Loi sur les langues officielles sont mis \u00e0 la disposition du public dans la langue","robots":{"index":"index","follow":"follow","max-snippet":"max-snippet:-1","max-image-preview":"max-image-preview:large","max-video-preview":"max-video-preview:-1"},"canonical":"https:\/\/grandslacs-voiemaritime.com\/fr\/ressources\/pour-etudiants-et-educateurs\/brochures\/","og_locale":"fr_FR","og_type":"article","og_title":"Brochures - La Corporation de Gestion de la Voie Maritime du Saint-Laurent","og_description":"Les textes provenant d\u2019organismes qui ne sont pas assujettis \u00e0 la Loi sur les langues officielles sont mis \u00e0 la disposition du public dans la langue","og_url":"https:\/\/grandslacs-voiemaritime.com\/fr\/ressources\/pour-etudiants-et-educateurs\/brochures\/","og_site_name":"La Corporation de Gestion de la Voie Maritime du Saint-Laurent","article_modified_time":"2019-12-24T14:43:40+00:00","og_image":[{"width":334,"height":330,"url":"https:\/\/grandslacs-voiemaritime.com\/wp-content\/uploads\/2022\/01\/300x300-logo-en.png","type":"image\/png"}],"twitter_card":"summary_large_image","schema":{"@context":"https:\/\/schema.org","@graph":[{"@type":"WebPage","@id":"https:\/\/grandslacs-voiemaritime.com\/fr\/ressources\/pour-etudiants-et-educateurs\/brochures\/","url":"https:\/\/grandslacs-voiemaritime.com\/fr\/ressources\/pour-etudiants-et-educateurs\/brochures\/","name":"Brochures - La Corporation de Gestion de la Voie Maritime du Saint-Laurent","isPartOf":{"@id":"https:\/\/grandslacs-voiemaritime.com\/fr\/#website"},"datePublished":"2019-10-25T19:57:38+00:00","dateModified":"2019-12-24T14:43:40+00:00","description":"Les textes provenant d\u2019organismes qui ne sont pas assujettis \u00e0 la Loi sur les langues officielles sont mis \u00e0 la disposition du public dans la langue","breadcrumb":{"@id":"https:\/\/grandslacs-voiemaritime.com\/fr\/ressources\/pour-etudiants-et-educateurs\/brochures\/#breadcrumb"},"inLanguage":"fr-FR","potentialAction":[{"@type":"ReadAction","target":["https:\/\/grandslacs-voiemaritime.com\/fr\/ressources\/pour-etudiants-et-educateurs\/brochures\/"]}]},{"@type":"BreadcrumbList","@id":"https:\/\/grandslacs-voiemaritime.com\/fr\/ressources\/pour-etudiants-et-educateurs\/brochures\/#breadcrumb","itemListElement":[{"@type":"ListItem","position":1,"name":"Home","item":"https:\/\/grandslacs-voiemaritime.com\/fr\/"},{"@type":"ListItem","position":2,"name":"Ressources","item":"https:\/\/greatlakes-seaway.com\/fr\/?page_id=5465"},{"@type":"ListItem","position":3,"name":"Pour \u00e9tudiants et \u00e9ducateurs","item":"https:\/\/greatlakes-seaway.com\/fr\/ressources\/pour-etudiants-et-educateurs\/"},{"@type":"ListItem","position":4,"name":"Brochures"}]},{"@type":"WebSite","@id":"https:\/\/grandslacs-voiemaritime.com\/fr\/#website","url":"https:\/\/grandslacs-voiemaritime.com\/fr\/","name":"Great Lakes St. Lawrence Seaway System","description":"","publisher":{"@id":"https:\/\/grandslacs-voiemaritime.com\/fr\/#organization"},"potentialAction":[{"@type":"SearchAction","target":{"@type":"EntryPoint","urlTemplate":"https:\/\/grandslacs-voiemaritime.com\/fr\/?s={search_term_string}"},"query-input":{"@type":"PropertyValueSpecification","valueRequired":true,"valueName":"search_term_string"}}],"inLanguage":"fr-FR"},{"@type":"Organization","@id":"https:\/\/grandslacs-voiemaritime.com\/fr\/#organization","name":"Great Lakes St. Lawrence Seaway System","url":"https:\/\/grandslacs-voiemaritime.com\/fr\/","logo":{"@type":"ImageObject","inLanguage":"fr-FR","@id":"https:\/\/grandslacs-voiemaritime.com\/fr\/#\/schema\/logo\/image\/","url":"https:\/\/grandslacs-voiemaritime.com\/wp-content\/uploads\/2020\/06\/800x230-logo-en.png","contentUrl":"https:\/\/grandslacs-voiemaritime.com\/wp-content\/uploads\/2020\/06\/800x230-logo-en.png","width":800,"height":230,"caption":"Great Lakes St. Lawrence Seaway System"},"image":{"@id":"https:\/\/grandslacs-voiemaritime.com\/fr\/#\/schema\/logo\/image\/"}}]}},"_links":{"self":[{"href":"https:\/\/grandslacs-voiemaritime.com\/fr\/wp-json\/wp\/v2\/pages\/5489","targetHints":{"allow":["GET"]}}],"collection":[{"href":"https:\/\/grandslacs-voiemaritime.com\/fr\/wp-json\/wp\/v2\/pages"}],"about":[{"href":"https:\/\/grandslacs-voiemaritime.com\/fr\/wp-json\/wp\/v2\/types\/page"}],"author":[{"embeddable":true,"href":"https:\/\/grandslacs-voiemaritime.com\/fr\/wp-json\/wp\/v2\/users\/5"}],"replies":[{"embeddable":true,"href":"https:\/\/grandslacs-voiemaritime.com\/fr\/wp-json\/wp\/v2\/comments?post=5489"}],"version-history":[{"count":0,"href":"https:\/\/grandslacs-voiemaritime.com\/fr\/wp-json\/wp\/v2\/pages\/5489\/revisions"}],"up":[{"embeddable":true,"href":"https:\/\/grandslacs-voiemaritime.com\/fr\/wp-json\/wp\/v2\/pages\/5485"}],"wp:attachment":[{"href":"https:\/\/grandslacs-voiemaritime.com\/fr\/wp-json\/wp\/v2\/media?parent=5489"}],"curies":[{"name":"wp","href":"https:\/\/api.w.org\/{rel}","templated":true}]}}