{"id":5491,"date":"2019-10-25T19:57:56","date_gmt":"2019-10-25T19:57:56","guid":{"rendered":"http:\/\/grandslacs-voiemaritime.com\/?page_id=5491"},"modified":"2025-01-21T10:37:30","modified_gmt":"2025-01-21T15:37:30","slug":"amusez-vous-prudemment","status":"publish","type":"page","link":"https:\/\/grandslacs-voiemaritime.com\/fr\/ressources\/pour-etudiants-et-educateurs\/amusez-vous-prudemment\/","title":{"rendered":"Amusez-vous\u2026 prudemment!"},"content":{"rendered":"<p><img loading=\"lazy\" decoding=\"async\" class=\"alignleft wp-image-1737 size-full\" src=\"https:\/\/grandslacs-voiemaritime.com\/wp-content\/uploads\/2019\/10\/safety_2.jpg\" alt=\"Embarcations de Plaisance\" width=\"228\" height=\"133\" \/>Le fleuve Saint-Laurent et les Grands Lacs sont une ressource partag\u00e9e utilis\u00e9e autant par les navires commerciaux que par les embarcations de plaisance, dont profitent aussi bien les visiteurs que les r\u00e9sidents des communaut\u00e9s riveraines. Les r\u00e9gions qui bordent le Saint-Laurent et les lacs Ontario et \u00c9ri\u00e9 sont des endroits magnifiques \u00e0 visiter!<\/p>\n<p>La s\u00e9curit\u00e9 est la premi\u00e8re priorit\u00e9 de la Corporation de Gestion de la Voie Maritime du Saint-Laurent (CGVMSL) et de la Great Lakes St. Lawrence Seaway Development Corporation (GLS). La CGVMSL et la GLS g\u00e8rent les \u00e9cluses, canaux et chenaux qui permettent aux navires de se rendre de Montr\u00e9al au lac \u00c9ri\u00e9.<img loading=\"lazy\" decoding=\"async\" class=\"alignright wp-image-1735 size-full\" src=\"https:\/\/grandslacs-voiemaritime.com\/wp-content\/uploads\/2019\/10\/safety_1.jpg\" alt=\"Navires naviguant sur le fleuve Saint-Laurent\" width=\"150\" height=\"195\" \/><\/p>\n<p>Il est fr\u00e9quent, pr\u00e8s des installations de la Voie maritime, que les niveaux d\u2019eau et les courants changent rapidement lorsque nous faisons passer des navires commerciaux ou r\u00e9cr\u00e9atifs.<\/p>\n<ul>\n<li>Des vannes g\u00e9antes, assez grandes pour laisser passer une voiture, s\u2019ouvrent et se ferment pour remplir ou vider une \u00e9cluse. Un endroit qui semble calme et s\u00e9curitaire peut devenir dangereux en quelques secondes, souvent sans avertissement, par suite de subits mouvements de l\u2019eau.<\/li>\n<li>Les h\u00e9lices d\u2019un laquier de 30 000 tonnes produisent de puissants reflux capables d\u2019aspirer un nageur vers ses pales en mouvement.<\/li>\n<li>Des navires de 225,5 m\u00e8tres (740 pieds) peuvent cr\u00e9er une forte succion susceptible de perturber la navigation \u00e0 proximit\u00e9.<\/li>\n<\/ul>\n<p align=\"left\"><strong>Par souci de s\u00e9curit\u00e9, les activit\u00e9s r\u00e9cr\u00e9atives telles que baignade, ski nautique, p\u00eache et plong\u00e9e sont strictement interdites dans tous les canaux de la Voie maritime, ses chenaux, ses \u00e9cluses et leurs approches, ainsi qu\u2019\u00e0 tous ses quais de plaisance.<\/strong><\/p>\n<p>Cette interdiction est appliqu\u00e9e en vertu de la Loi maritime du Canada et de divers r\u00e8glements r\u00e9gissant les biens de la Voie maritime. Les contrevenants s\u2019exposent \u00e0 des amendes importantes.<\/p>\n<p><img loading=\"lazy\" decoding=\"async\" class=\"alignright wp-image-1741 size-full\" src=\"https:\/\/grandslacs-voiemaritime.com\/wp-content\/uploads\/2019\/10\/safety_sign.jpg\" alt=\"pas de baignade, pas de p\u00eache\" width=\"217\" height=\"105\" \/><\/p>\n<p class=\"style1\"><strong>Respectez toutes les interdictions, les barri\u00e8res et les cl\u00f4tures; elles ont \u00e9t\u00e9 mises en place pour vous prot\u00e9ger.<\/strong><\/p>\n<h3>Installations de la Voie maritime<\/h3>\n<p>La Voie maritime g\u00e8re des \u00e9cluses et des ponts de mani\u00e8re \u00e0 permettre la navigation des navires dans son r\u00e9seau. Certaines de ces structures sont contr\u00f4l\u00e9es \u00e0 distance \u00e0 l\u2019aide d\u2019un ensemble de cam\u00e9ras et autres capteurs.<\/p>\n<h4><strong><img loading=\"lazy\" decoding=\"async\" class=\"alignright wp-image-1739 size-full\" src=\"https:\/\/grandslacs-voiemaritime.com\/wp-content\/uploads\/2019\/10\/safety_exclaim.jpg\" alt=\"Safety\/S\u00e9curit\u00e9\" width=\"71\" height=\"70\" \/>Pour \u00e9viter les risques d\u2019accident, veuillez :<\/strong><\/h4>\n<ul>\n<li>rester dans les zones pr\u00e9vues pour le public;<\/li>\n<li>porter attention aux avertissements et respecter les interdictions et les signalements;<\/li>\n<li>Ne pas plonger ou se baigner \u00e0 partir des structures de la Voie maritime.<\/li>\n<\/ul>\n<p style=\"text-align: left;\" align=\"center\"><strong>Rappelez-vous : amusez-vous prudemment.<\/strong><br \/>\n<strong>Il y va de votre vie!<\/strong><\/p>\n<h3 align=\"left\"><strong>Une question de vie :<\/strong><\/h3>\n<p><iframe loading=\"lazy\" src=\"\/\/player.vimeo.com\/video\/92872336?title=0&amp;byline=0&amp;portrait=0\" width=\"300\" height=\"175\" frameborder=\"0\" allowfullscreen=\"allowfullscreen\"><\/iframe><\/p>\n<p><strong>Venez nous visiter en toute s\u00e9curit\u00e9!<\/strong><\/p>\n<p><strong>Plusieurs \u00e9cluses comportent des plateformes ou des zones d\u2019observation qui permettent d\u2019admirer en toute s\u00e9curit\u00e9 le passage des navires d\u2019un niveau d\u2019eau \u00e0 l\u2019autre.<\/strong><\/p>\n<p>Visiter la Voie maritime est une exp\u00e9rience unique permettant de d\u00e9couvrir un des dix plus grands projets de travaux publics du 20<sup>e<\/sup>\u00a0si\u00e8cle.<\/p>\n<p>Vous y verrez des navires imposants c\u00f4toyer des bateaux de plaisance, des structures ing\u00e9nieuses permettant aux navires de grimper d\u2019un niveau d\u2019eau \u00e0 l\u2019autre et des paysages magnifiques, depuis le fleuve Saint-Laurent jusqu\u2019au lac \u00c9ri\u00e9.<\/p>\n<p><img loading=\"lazy\" decoding=\"async\" class=\"alignnone wp-image-1743 size-medium\" src=\"https:\/\/grandslacs-voiemaritime.com\/wp-content\/uploads\/2019\/10\/welland_museum-300x201.jpg\" alt=\"Mus\u00e9e de Welland\" width=\"300\" height=\"201\" srcset=\"https:\/\/grandslacs-voiemaritime.com\/wp-content\/uploads\/2019\/10\/welland_museum-300x201.jpg 300w, https:\/\/grandslacs-voiemaritime.com\/wp-content\/uploads\/2019\/10\/welland_museum.jpg 372w\" sizes=\"auto, (max-width: 300px) 100vw, 300px\" \/><\/p>\n<p style=\"text-align: left;\" align=\"center\"><em><strong>Mus\u00e9e du canal Welland et centre d\u2019observation, \u00e0 l\u2019\u00e9cluse 3<\/strong><\/em><\/p>\n","protected":false},"excerpt":{"rendered":"<p>Le fleuve Saint-Laurent et les Grands Lacs sont une ressource partag\u00e9e utilis\u00e9e autant par les navires commerciaux que par les embarcations de plaisance, dont profitent aussi bien les visiteurs que les r\u00e9sidents des communaut\u00e9s riveraines. Les r\u00e9gions qui bordent le Saint-Laurent et les lacs Ontario et \u00c9ri\u00e9 sont des endroits magnifiques \u00e0 visiter! La s\u00e9curit\u00e9<\/p>\n","protected":false},"author":5,"featured_media":0,"parent":5485,"menu_order":0,"comment_status":"closed","ping_status":"closed","template":"","meta":{"_acf_changed":false,"_lmt_disableupdate":"no","_lmt_disable":"","footnotes":""},"class_list":["post-5491","page","type-page","status-publish","hentry"],"acf":[],"yoast_head":"<!-- This site is optimized with the Yoast SEO plugin v27.5 - https:\/\/yoast.com\/product\/yoast-seo-wordpress\/ -->\n<title>Amusez-vous\u2026 prudemment! - La Corporation de Gestion de la Voie Maritime du Saint-Laurent<\/title>\n<meta name=\"description\" content=\"Le fleuve Saint-Laurent et les Grands Lacs sont une ressource partag\u00e9e utilis\u00e9e autant par les navires commerciaux que par les embarcations de plaisance,\" \/>\n<meta name=\"robots\" content=\"index, follow, max-snippet:-1, max-image-preview:large, max-video-preview:-1\" \/>\n<link rel=\"canonical\" href=\"https:\/\/grandslacs-voiemaritime.com\/fr\/ressources\/pour-etudiants-et-educateurs\/amusez-vous-prudemment\/\" \/>\n<meta property=\"og:locale\" content=\"fr_FR\" \/>\n<meta property=\"og:type\" content=\"article\" \/>\n<meta property=\"og:title\" content=\"Amusez-vous\u2026 prudemment! - La Corporation de Gestion de la Voie Maritime du Saint-Laurent\" \/>\n<meta property=\"og:description\" content=\"Le fleuve Saint-Laurent et les Grands Lacs sont une ressource partag\u00e9e utilis\u00e9e autant par les navires commerciaux que par les embarcations de plaisance,\" \/>\n<meta property=\"og:url\" content=\"https:\/\/grandslacs-voiemaritime.com\/fr\/ressources\/pour-etudiants-et-educateurs\/amusez-vous-prudemment\/\" \/>\n<meta property=\"og:site_name\" content=\"La Corporation de Gestion de la Voie Maritime du Saint-Laurent\" \/>\n<meta property=\"article:modified_time\" content=\"2025-01-21T15:37:30+00:00\" \/>\n<meta property=\"og:image\" content=\"https:\/\/greatlakes-seaway.com\/wp-content\/uploads\/2019\/10\/safety_2.jpg\" \/>\n<meta name=\"twitter:card\" content=\"summary_large_image\" \/>\n<meta name=\"twitter:label1\" content=\"Dur\u00e9e de lecture estim\u00e9e\" \/>\n\t<meta name=\"twitter:data1\" content=\"4 minutes\" \/>\n<script type=\"application\/ld+json\" class=\"yoast-schema-graph\">{\"@context\":\"https:\\\/\\\/schema.org\",\"@graph\":[{\"@type\":\"WebPage\",\"@id\":\"https:\\\/\\\/grandslacs-voiemaritime.com\\\/fr\\\/ressources\\\/pour-etudiants-et-educateurs\\\/amusez-vous-prudemment\\\/\",\"url\":\"https:\\\/\\\/grandslacs-voiemaritime.com\\\/fr\\\/ressources\\\/pour-etudiants-et-educateurs\\\/amusez-vous-prudemment\\\/\",\"name\":\"Amusez-vous\u2026 prudemment! - La Corporation de Gestion de la Voie Maritime du Saint-Laurent\",\"isPartOf\":{\"@id\":\"https:\\\/\\\/greatlakes-seaway.com\\\/fr\\\/#website\"},\"primaryImageOfPage\":{\"@id\":\"https:\\\/\\\/grandslacs-voiemaritime.com\\\/fr\\\/ressources\\\/pour-etudiants-et-educateurs\\\/amusez-vous-prudemment\\\/#primaryimage\"},\"image\":{\"@id\":\"https:\\\/\\\/grandslacs-voiemaritime.com\\\/fr\\\/ressources\\\/pour-etudiants-et-educateurs\\\/amusez-vous-prudemment\\\/#primaryimage\"},\"thumbnailUrl\":\"https:\\\/\\\/greatlakes-seaway.com\\\/wp-content\\\/uploads\\\/2019\\\/10\\\/safety_2.jpg\",\"datePublished\":\"2019-10-25T19:57:56+00:00\",\"dateModified\":\"2025-01-21T15:37:30+00:00\",\"description\":\"Le fleuve Saint-Laurent et les Grands Lacs sont une ressource partag\u00e9e utilis\u00e9e autant par les navires commerciaux que par les embarcations de plaisance,\",\"breadcrumb\":{\"@id\":\"https:\\\/\\\/grandslacs-voiemaritime.com\\\/fr\\\/ressources\\\/pour-etudiants-et-educateurs\\\/amusez-vous-prudemment\\\/#breadcrumb\"},\"inLanguage\":\"fr-FR\",\"potentialAction\":[{\"@type\":\"ReadAction\",\"target\":[\"https:\\\/\\\/grandslacs-voiemaritime.com\\\/fr\\\/ressources\\\/pour-etudiants-et-educateurs\\\/amusez-vous-prudemment\\\/\"]}]},{\"@type\":\"ImageObject\",\"inLanguage\":\"fr-FR\",\"@id\":\"https:\\\/\\\/grandslacs-voiemaritime.com\\\/fr\\\/ressources\\\/pour-etudiants-et-educateurs\\\/amusez-vous-prudemment\\\/#primaryimage\",\"url\":\"https:\\\/\\\/greatlakes-seaway.com\\\/wp-content\\\/uploads\\\/2019\\\/10\\\/safety_2.jpg\",\"contentUrl\":\"https:\\\/\\\/greatlakes-seaway.com\\\/wp-content\\\/uploads\\\/2019\\\/10\\\/safety_2.jpg\"},{\"@type\":\"BreadcrumbList\",\"@id\":\"https:\\\/\\\/grandslacs-voiemaritime.com\\\/fr\\\/ressources\\\/pour-etudiants-et-educateurs\\\/amusez-vous-prudemment\\\/#breadcrumb\",\"itemListElement\":[{\"@type\":\"ListItem\",\"position\":1,\"name\":\"Home\",\"item\":\"https:\\\/\\\/greatlakes-seaway.com\\\/fr\\\/\"},{\"@type\":\"ListItem\",\"position\":2,\"name\":\"Ressources\",\"item\":\"https:\\\/\\\/grandslacs-voiemaritime.com\\\/fr\\\/?page_id=5465\"},{\"@type\":\"ListItem\",\"position\":3,\"name\":\"Pour \u00e9tudiants et \u00e9ducateurs\",\"item\":\"https:\\\/\\\/grandslacs-voiemaritime.com\\\/fr\\\/ressources\\\/pour-etudiants-et-educateurs\\\/\"},{\"@type\":\"ListItem\",\"position\":4,\"name\":\"Amusez-vous\u2026 prudemment!\"}]},{\"@type\":\"WebSite\",\"@id\":\"https:\\\/\\\/greatlakes-seaway.com\\\/fr\\\/#website\",\"url\":\"https:\\\/\\\/greatlakes-seaway.com\\\/fr\\\/\",\"name\":\"Great Lakes St. Lawrence Seaway System\",\"description\":\"\",\"publisher\":{\"@id\":\"https:\\\/\\\/greatlakes-seaway.com\\\/fr\\\/#organization\"},\"potentialAction\":[{\"@type\":\"SearchAction\",\"target\":{\"@type\":\"EntryPoint\",\"urlTemplate\":\"https:\\\/\\\/greatlakes-seaway.com\\\/fr\\\/?s={search_term_string}\"},\"query-input\":{\"@type\":\"PropertyValueSpecification\",\"valueRequired\":true,\"valueName\":\"search_term_string\"}}],\"inLanguage\":\"fr-FR\"},{\"@type\":\"Organization\",\"@id\":\"https:\\\/\\\/greatlakes-seaway.com\\\/fr\\\/#organization\",\"name\":\"Great Lakes St. Lawrence Seaway System\",\"url\":\"https:\\\/\\\/greatlakes-seaway.com\\\/fr\\\/\",\"logo\":{\"@type\":\"ImageObject\",\"inLanguage\":\"fr-FR\",\"@id\":\"https:\\\/\\\/greatlakes-seaway.com\\\/fr\\\/#\\\/schema\\\/logo\\\/image\\\/\",\"url\":\"https:\\\/\\\/grandslacs-voiemaritime.com\\\/wp-content\\\/uploads\\\/2020\\\/06\\\/800x230-logo-en.png\",\"contentUrl\":\"https:\\\/\\\/grandslacs-voiemaritime.com\\\/wp-content\\\/uploads\\\/2020\\\/06\\\/800x230-logo-en.png\",\"width\":800,\"height\":230,\"caption\":\"Great Lakes St. Lawrence Seaway System\"},\"image\":{\"@id\":\"https:\\\/\\\/greatlakes-seaway.com\\\/fr\\\/#\\\/schema\\\/logo\\\/image\\\/\"}}]}<\/script>\n<!-- \/ Yoast SEO plugin. -->","yoast_head_json":{"title":"Amusez-vous\u2026 prudemment! - La Corporation de Gestion de la Voie Maritime du Saint-Laurent","description":"Le fleuve Saint-Laurent et les Grands Lacs sont une ressource partag\u00e9e utilis\u00e9e autant par les navires commerciaux que par les embarcations de plaisance,","robots":{"index":"index","follow":"follow","max-snippet":"max-snippet:-1","max-image-preview":"max-image-preview:large","max-video-preview":"max-video-preview:-1"},"canonical":"https:\/\/grandslacs-voiemaritime.com\/fr\/ressources\/pour-etudiants-et-educateurs\/amusez-vous-prudemment\/","og_locale":"fr_FR","og_type":"article","og_title":"Amusez-vous\u2026 prudemment! - La Corporation de Gestion de la Voie Maritime du Saint-Laurent","og_description":"Le fleuve Saint-Laurent et les Grands Lacs sont une ressource partag\u00e9e utilis\u00e9e autant par les navires commerciaux que par les embarcations de plaisance,","og_url":"https:\/\/grandslacs-voiemaritime.com\/fr\/ressources\/pour-etudiants-et-educateurs\/amusez-vous-prudemment\/","og_site_name":"La Corporation de Gestion de la Voie Maritime du Saint-Laurent","article_modified_time":"2025-01-21T15:37:30+00:00","og_image":[{"url":"https:\/\/greatlakes-seaway.com\/wp-content\/uploads\/2019\/10\/safety_2.jpg","type":"","width":"","height":""}],"twitter_card":"summary_large_image","twitter_misc":{"Dur\u00e9e de lecture estim\u00e9e":"4 minutes"},"schema":{"@context":"https:\/\/schema.org","@graph":[{"@type":"WebPage","@id":"https:\/\/grandslacs-voiemaritime.com\/fr\/ressources\/pour-etudiants-et-educateurs\/amusez-vous-prudemment\/","url":"https:\/\/grandslacs-voiemaritime.com\/fr\/ressources\/pour-etudiants-et-educateurs\/amusez-vous-prudemment\/","name":"Amusez-vous\u2026 prudemment! - La Corporation de Gestion de la Voie Maritime du Saint-Laurent","isPartOf":{"@id":"https:\/\/greatlakes-seaway.com\/fr\/#website"},"primaryImageOfPage":{"@id":"https:\/\/grandslacs-voiemaritime.com\/fr\/ressources\/pour-etudiants-et-educateurs\/amusez-vous-prudemment\/#primaryimage"},"image":{"@id":"https:\/\/grandslacs-voiemaritime.com\/fr\/ressources\/pour-etudiants-et-educateurs\/amusez-vous-prudemment\/#primaryimage"},"thumbnailUrl":"https:\/\/greatlakes-seaway.com\/wp-content\/uploads\/2019\/10\/safety_2.jpg","datePublished":"2019-10-25T19:57:56+00:00","dateModified":"2025-01-21T15:37:30+00:00","description":"Le fleuve Saint-Laurent et les Grands Lacs sont une ressource partag\u00e9e utilis\u00e9e autant par les navires commerciaux que par les embarcations de plaisance,","breadcrumb":{"@id":"https:\/\/grandslacs-voiemaritime.com\/fr\/ressources\/pour-etudiants-et-educateurs\/amusez-vous-prudemment\/#breadcrumb"},"inLanguage":"fr-FR","potentialAction":[{"@type":"ReadAction","target":["https:\/\/grandslacs-voiemaritime.com\/fr\/ressources\/pour-etudiants-et-educateurs\/amusez-vous-prudemment\/"]}]},{"@type":"ImageObject","inLanguage":"fr-FR","@id":"https:\/\/grandslacs-voiemaritime.com\/fr\/ressources\/pour-etudiants-et-educateurs\/amusez-vous-prudemment\/#primaryimage","url":"https:\/\/greatlakes-seaway.com\/wp-content\/uploads\/2019\/10\/safety_2.jpg","contentUrl":"https:\/\/greatlakes-seaway.com\/wp-content\/uploads\/2019\/10\/safety_2.jpg"},{"@type":"BreadcrumbList","@id":"https:\/\/grandslacs-voiemaritime.com\/fr\/ressources\/pour-etudiants-et-educateurs\/amusez-vous-prudemment\/#breadcrumb","itemListElement":[{"@type":"ListItem","position":1,"name":"Home","item":"https:\/\/greatlakes-seaway.com\/fr\/"},{"@type":"ListItem","position":2,"name":"Ressources","item":"https:\/\/grandslacs-voiemaritime.com\/fr\/?page_id=5465"},{"@type":"ListItem","position":3,"name":"Pour \u00e9tudiants et \u00e9ducateurs","item":"https:\/\/grandslacs-voiemaritime.com\/fr\/ressources\/pour-etudiants-et-educateurs\/"},{"@type":"ListItem","position":4,"name":"Amusez-vous\u2026 prudemment!"}]},{"@type":"WebSite","@id":"https:\/\/greatlakes-seaway.com\/fr\/#website","url":"https:\/\/greatlakes-seaway.com\/fr\/","name":"Great Lakes St. Lawrence Seaway System","description":"","publisher":{"@id":"https:\/\/greatlakes-seaway.com\/fr\/#organization"},"potentialAction":[{"@type":"SearchAction","target":{"@type":"EntryPoint","urlTemplate":"https:\/\/greatlakes-seaway.com\/fr\/?s={search_term_string}"},"query-input":{"@type":"PropertyValueSpecification","valueRequired":true,"valueName":"search_term_string"}}],"inLanguage":"fr-FR"},{"@type":"Organization","@id":"https:\/\/greatlakes-seaway.com\/fr\/#organization","name":"Great Lakes St. Lawrence Seaway System","url":"https:\/\/greatlakes-seaway.com\/fr\/","logo":{"@type":"ImageObject","inLanguage":"fr-FR","@id":"https:\/\/greatlakes-seaway.com\/fr\/#\/schema\/logo\/image\/","url":"https:\/\/grandslacs-voiemaritime.com\/wp-content\/uploads\/2020\/06\/800x230-logo-en.png","contentUrl":"https:\/\/grandslacs-voiemaritime.com\/wp-content\/uploads\/2020\/06\/800x230-logo-en.png","width":800,"height":230,"caption":"Great Lakes St. Lawrence Seaway System"},"image":{"@id":"https:\/\/greatlakes-seaway.com\/fr\/#\/schema\/logo\/image\/"}}]}},"_links":{"self":[{"href":"https:\/\/grandslacs-voiemaritime.com\/fr\/wp-json\/wp\/v2\/pages\/5491","targetHints":{"allow":["GET"]}}],"collection":[{"href":"https:\/\/grandslacs-voiemaritime.com\/fr\/wp-json\/wp\/v2\/pages"}],"about":[{"href":"https:\/\/grandslacs-voiemaritime.com\/fr\/wp-json\/wp\/v2\/types\/page"}],"author":[{"embeddable":true,"href":"https:\/\/grandslacs-voiemaritime.com\/fr\/wp-json\/wp\/v2\/users\/5"}],"replies":[{"embeddable":true,"href":"https:\/\/grandslacs-voiemaritime.com\/fr\/wp-json\/wp\/v2\/comments?post=5491"}],"version-history":[{"count":0,"href":"https:\/\/grandslacs-voiemaritime.com\/fr\/wp-json\/wp\/v2\/pages\/5491\/revisions"}],"up":[{"embeddable":true,"href":"https:\/\/grandslacs-voiemaritime.com\/fr\/wp-json\/wp\/v2\/pages\/5485"}],"wp:attachment":[{"href":"https:\/\/grandslacs-voiemaritime.com\/fr\/wp-json\/wp\/v2\/media?parent=5491"}],"curies":[{"name":"wp","href":"https:\/\/api.w.org\/{rel}","templated":true}]}}