{"id":5525,"date":"2019-10-25T20:02:12","date_gmt":"2019-10-25T20:02:12","guid":{"rendered":"http:\/\/grandslacs-voiemaritime.com\/?page_id=5525"},"modified":"2019-10-28T18:27:22","modified_gmt":"2019-10-28T18:27:22","slug":"un-paradis-des-loisirs","status":"publish","type":"page","link":"https:\/\/grandslacs-voiemaritime.com\/fr\/la-voie-maritime\/un-paradis-des-loisirs\/","title":{"rendered":"Un paradis des loisirs"},"content":{"rendered":"<p>Chaque fin de semaine, des amateurs de motonautisme et autres marins l\u00e8vent l\u2019ancre et profitent de loisirs en famille. Certains font des excursions d\u2019une journ\u00e9e alors que d\u2019autres partent pour une ou deux semaines \u00e0 la fois, explorant les coins les plus recul\u00e9s du fleuve Saint-Laurent et des Grands Lacs.<\/p>\n<p>Diverses voies navigables prot\u00e9g\u00e9es et pittoresques m\u00e8nent aux Grands Lacs, ce qui aide \u00e0 attirer des plaisanciers dans la r\u00e9gion. Le r\u00e9seau de la Voie maritime du Saint-Laurent et le c\u00e9l\u00e8bre canal \u00c9ri\u00e9 (le canal pour p\u00e9niches de l\u2019\u00c9tat de New York) offrent un passage \u00e0 partir de la c\u00f4te est et de la rivi\u00e8re Hudson. Le r\u00e9seau navigable de l\u2019Illinois relie les Grands Lacs au fleuve Mississippi. Au Canada, les r\u00e9seaux du canal Rideau et du canal Trent-Severn m\u00e8nent aux Grands Lacs \u00e0 partir de la rivi\u00e8re des Outaouais, au nord.<\/p>\n<p>\u00c0 chaque fin de semaine, des milliers de bateaux de p\u00eache am\u00e9ricains et canadiens appareillent avec leurs avides p\u00eacheurs. La p\u00eache sur les Grands Lacs est devenue un sport comp\u00e9titif; des tournois de p\u00eache chaudement disput\u00e9s sont organis\u00e9s chaque ann\u00e9e dans de nombreuses collectivit\u00e9s portuaires.<\/p>\n<p>Les touristes sont aussi attir\u00e9s dans les Grands Lacs par les spectaculaires Mille-\u00celes, non loin sur le fleuve Saint-Laurent, les chutes Niagara et le grand nombre de parcs et aires de loisirs de la r\u00e9gion. Des parcs et lieux historiques nationaux, provinciaux et d\u2019\u00c9tat re\u00e7oivent plus de 250 millions de visiteurs par ann\u00e9e des deux c\u00f4t\u00e9s de la fronti\u00e8re. Le tourisme dans la r\u00e9gion des Grands Lacs est une industrie florissante qui apporte \u00e0 la r\u00e9gion des milliards de dollars et des dizaines de milliers d\u2019emplois.<\/p>\n<p>Les croisi\u00e8res d\u2019une nuit ou plus dans le r\u00e9seau Grands Lacs-Voie maritime connaissent une renaissance. Une nouvelle g\u00e9n\u00e9ration de paquebots de croisi\u00e8re oc\u00e9aniques red\u00e9couvrent les Grands Lacs comme destination de choix.<\/p>\n","protected":false},"excerpt":{"rendered":"<p>Chaque fin de semaine, des amateurs de motonautisme et autres marins l\u00e8vent l\u2019ancre et profitent de loisirs en famille. Certains font des excursions d\u2019une journ\u00e9e alors que d\u2019autres partent pour une ou deux semaines \u00e0 la fois, explorant les coins les plus recul\u00e9s du fleuve Saint-Laurent et des Grands Lacs. Diverses voies navigables prot\u00e9g\u00e9es et<\/p>\n","protected":false},"author":5,"featured_media":0,"parent":5520,"menu_order":0,"comment_status":"closed","ping_status":"closed","template":"","meta":{"_acf_changed":false,"_lmt_disableupdate":"","_lmt_disable":"","footnotes":""},"class_list":["post-5525","page","type-page","status-publish","hentry"],"acf":[],"yoast_head":"<!-- This site is optimized with the Yoast SEO plugin v27.4 - https:\/\/yoast.com\/product\/yoast-seo-wordpress\/ -->\n<title>Un paradis des loisirs - La Corporation de Gestion de la Voie Maritime du Saint-Laurent<\/title>\n<meta name=\"description\" content=\"Chaque fin de semaine, des amateurs de motonautisme et autres marins l\u00e8vent l\u2019ancre et profitent de loisirs en famille. Certains font des excursions d\u2019une\" \/>\n<meta name=\"robots\" content=\"index, follow, max-snippet:-1, max-image-preview:large, max-video-preview:-1\" \/>\n<link rel=\"canonical\" href=\"https:\/\/grandslacs-voiemaritime.com\/fr\/la-voie-maritime\/un-paradis-des-loisirs\/\" \/>\n<meta property=\"og:locale\" content=\"fr_FR\" \/>\n<meta property=\"og:type\" content=\"article\" \/>\n<meta property=\"og:title\" content=\"Un paradis des loisirs - La Corporation de Gestion de la Voie Maritime du Saint-Laurent\" \/>\n<meta property=\"og:description\" content=\"Chaque fin de semaine, des amateurs de motonautisme et autres marins l\u00e8vent l\u2019ancre et profitent de loisirs en famille. Certains font des excursions d\u2019une\" \/>\n<meta property=\"og:url\" content=\"https:\/\/grandslacs-voiemaritime.com\/fr\/la-voie-maritime\/un-paradis-des-loisirs\/\" \/>\n<meta property=\"og:site_name\" content=\"La Corporation de Gestion de la Voie Maritime du Saint-Laurent\" \/>\n<meta property=\"article:modified_time\" content=\"2019-10-28T18:27:22+00:00\" \/>\n<meta property=\"og:image\" content=\"https:\/\/grandslacs-voiemaritime.com\/wp-content\/uploads\/2022\/01\/300x300-logo-en.png\" \/>\n\t<meta property=\"og:image:width\" content=\"334\" \/>\n\t<meta property=\"og:image:height\" content=\"330\" \/>\n\t<meta property=\"og:image:type\" content=\"image\/png\" \/>\n<meta name=\"twitter:card\" content=\"summary_large_image\" \/>\n<meta name=\"twitter:label1\" content=\"Dur\u00e9e de lecture estim\u00e9e\" \/>\n\t<meta name=\"twitter:data1\" content=\"2 minutes\" \/>\n<script type=\"application\/ld+json\" class=\"yoast-schema-graph\">{\"@context\":\"https:\\\/\\\/schema.org\",\"@graph\":[{\"@type\":\"WebPage\",\"@id\":\"https:\\\/\\\/grandslacs-voiemaritime.com\\\/fr\\\/la-voie-maritime\\\/un-paradis-des-loisirs\\\/\",\"url\":\"https:\\\/\\\/grandslacs-voiemaritime.com\\\/fr\\\/la-voie-maritime\\\/un-paradis-des-loisirs\\\/\",\"name\":\"Un paradis des loisirs - La Corporation de Gestion de la Voie Maritime du Saint-Laurent\",\"isPartOf\":{\"@id\":\"https:\\\/\\\/grandslacs-voiemaritime.com\\\/fr\\\/#website\"},\"datePublished\":\"2019-10-25T20:02:12+00:00\",\"dateModified\":\"2019-10-28T18:27:22+00:00\",\"description\":\"Chaque fin de semaine, des amateurs de motonautisme et autres marins l\u00e8vent l\u2019ancre et profitent de loisirs en famille. Certains font des excursions d\u2019une\",\"breadcrumb\":{\"@id\":\"https:\\\/\\\/grandslacs-voiemaritime.com\\\/fr\\\/la-voie-maritime\\\/un-paradis-des-loisirs\\\/#breadcrumb\"},\"inLanguage\":\"fr-FR\",\"potentialAction\":[{\"@type\":\"ReadAction\",\"target\":[\"https:\\\/\\\/grandslacs-voiemaritime.com\\\/fr\\\/la-voie-maritime\\\/un-paradis-des-loisirs\\\/\"]}]},{\"@type\":\"BreadcrumbList\",\"@id\":\"https:\\\/\\\/grandslacs-voiemaritime.com\\\/fr\\\/la-voie-maritime\\\/un-paradis-des-loisirs\\\/#breadcrumb\",\"itemListElement\":[{\"@type\":\"ListItem\",\"position\":1,\"name\":\"Home\",\"item\":\"https:\\\/\\\/grandslacs-voiemaritime.com\\\/fr\\\/\"},{\"@type\":\"ListItem\",\"position\":2,\"name\":\"La Voie maritime\",\"item\":\"https:\\\/\\\/grandslacs-voiemaritime.com\\\/fr\\\/la-voie-maritime\\\/\"},{\"@type\":\"ListItem\",\"position\":3,\"name\":\"Un paradis des loisirs\"}]},{\"@type\":\"WebSite\",\"@id\":\"https:\\\/\\\/grandslacs-voiemaritime.com\\\/fr\\\/#website\",\"url\":\"https:\\\/\\\/grandslacs-voiemaritime.com\\\/fr\\\/\",\"name\":\"Great Lakes St. Lawrence Seaway System\",\"description\":\"\",\"publisher\":{\"@id\":\"https:\\\/\\\/grandslacs-voiemaritime.com\\\/fr\\\/#organization\"},\"potentialAction\":[{\"@type\":\"SearchAction\",\"target\":{\"@type\":\"EntryPoint\",\"urlTemplate\":\"https:\\\/\\\/grandslacs-voiemaritime.com\\\/fr\\\/?s={search_term_string}\"},\"query-input\":{\"@type\":\"PropertyValueSpecification\",\"valueRequired\":true,\"valueName\":\"search_term_string\"}}],\"inLanguage\":\"fr-FR\"},{\"@type\":\"Organization\",\"@id\":\"https:\\\/\\\/grandslacs-voiemaritime.com\\\/fr\\\/#organization\",\"name\":\"Great Lakes St. Lawrence Seaway System\",\"url\":\"https:\\\/\\\/grandslacs-voiemaritime.com\\\/fr\\\/\",\"logo\":{\"@type\":\"ImageObject\",\"inLanguage\":\"fr-FR\",\"@id\":\"https:\\\/\\\/grandslacs-voiemaritime.com\\\/fr\\\/#\\\/schema\\\/logo\\\/image\\\/\",\"url\":\"https:\\\/\\\/grandslacs-voiemaritime.com\\\/wp-content\\\/uploads\\\/2020\\\/06\\\/800x230-logo-en.png\",\"contentUrl\":\"https:\\\/\\\/grandslacs-voiemaritime.com\\\/wp-content\\\/uploads\\\/2020\\\/06\\\/800x230-logo-en.png\",\"width\":800,\"height\":230,\"caption\":\"Great Lakes St. Lawrence Seaway System\"},\"image\":{\"@id\":\"https:\\\/\\\/grandslacs-voiemaritime.com\\\/fr\\\/#\\\/schema\\\/logo\\\/image\\\/\"}}]}<\/script>\n<!-- \/ Yoast SEO plugin. -->","yoast_head_json":{"title":"Un paradis des loisirs - La Corporation de Gestion de la Voie Maritime du Saint-Laurent","description":"Chaque fin de semaine, des amateurs de motonautisme et autres marins l\u00e8vent l\u2019ancre et profitent de loisirs en famille. Certains font des excursions d\u2019une","robots":{"index":"index","follow":"follow","max-snippet":"max-snippet:-1","max-image-preview":"max-image-preview:large","max-video-preview":"max-video-preview:-1"},"canonical":"https:\/\/grandslacs-voiemaritime.com\/fr\/la-voie-maritime\/un-paradis-des-loisirs\/","og_locale":"fr_FR","og_type":"article","og_title":"Un paradis des loisirs - La Corporation de Gestion de la Voie Maritime du Saint-Laurent","og_description":"Chaque fin de semaine, des amateurs de motonautisme et autres marins l\u00e8vent l\u2019ancre et profitent de loisirs en famille. Certains font des excursions d\u2019une","og_url":"https:\/\/grandslacs-voiemaritime.com\/fr\/la-voie-maritime\/un-paradis-des-loisirs\/","og_site_name":"La Corporation de Gestion de la Voie Maritime du Saint-Laurent","article_modified_time":"2019-10-28T18:27:22+00:00","og_image":[{"width":334,"height":330,"url":"https:\/\/grandslacs-voiemaritime.com\/wp-content\/uploads\/2022\/01\/300x300-logo-en.png","type":"image\/png"}],"twitter_card":"summary_large_image","twitter_misc":{"Dur\u00e9e de lecture estim\u00e9e":"2 minutes"},"schema":{"@context":"https:\/\/schema.org","@graph":[{"@type":"WebPage","@id":"https:\/\/grandslacs-voiemaritime.com\/fr\/la-voie-maritime\/un-paradis-des-loisirs\/","url":"https:\/\/grandslacs-voiemaritime.com\/fr\/la-voie-maritime\/un-paradis-des-loisirs\/","name":"Un paradis des loisirs - La Corporation de Gestion de la Voie Maritime du Saint-Laurent","isPartOf":{"@id":"https:\/\/grandslacs-voiemaritime.com\/fr\/#website"},"datePublished":"2019-10-25T20:02:12+00:00","dateModified":"2019-10-28T18:27:22+00:00","description":"Chaque fin de semaine, des amateurs de motonautisme et autres marins l\u00e8vent l\u2019ancre et profitent de loisirs en famille. Certains font des excursions d\u2019une","breadcrumb":{"@id":"https:\/\/grandslacs-voiemaritime.com\/fr\/la-voie-maritime\/un-paradis-des-loisirs\/#breadcrumb"},"inLanguage":"fr-FR","potentialAction":[{"@type":"ReadAction","target":["https:\/\/grandslacs-voiemaritime.com\/fr\/la-voie-maritime\/un-paradis-des-loisirs\/"]}]},{"@type":"BreadcrumbList","@id":"https:\/\/grandslacs-voiemaritime.com\/fr\/la-voie-maritime\/un-paradis-des-loisirs\/#breadcrumb","itemListElement":[{"@type":"ListItem","position":1,"name":"Home","item":"https:\/\/grandslacs-voiemaritime.com\/fr\/"},{"@type":"ListItem","position":2,"name":"La Voie maritime","item":"https:\/\/grandslacs-voiemaritime.com\/fr\/la-voie-maritime\/"},{"@type":"ListItem","position":3,"name":"Un paradis des loisirs"}]},{"@type":"WebSite","@id":"https:\/\/grandslacs-voiemaritime.com\/fr\/#website","url":"https:\/\/grandslacs-voiemaritime.com\/fr\/","name":"Great Lakes St. Lawrence Seaway System","description":"","publisher":{"@id":"https:\/\/grandslacs-voiemaritime.com\/fr\/#organization"},"potentialAction":[{"@type":"SearchAction","target":{"@type":"EntryPoint","urlTemplate":"https:\/\/grandslacs-voiemaritime.com\/fr\/?s={search_term_string}"},"query-input":{"@type":"PropertyValueSpecification","valueRequired":true,"valueName":"search_term_string"}}],"inLanguage":"fr-FR"},{"@type":"Organization","@id":"https:\/\/grandslacs-voiemaritime.com\/fr\/#organization","name":"Great Lakes St. Lawrence Seaway System","url":"https:\/\/grandslacs-voiemaritime.com\/fr\/","logo":{"@type":"ImageObject","inLanguage":"fr-FR","@id":"https:\/\/grandslacs-voiemaritime.com\/fr\/#\/schema\/logo\/image\/","url":"https:\/\/grandslacs-voiemaritime.com\/wp-content\/uploads\/2020\/06\/800x230-logo-en.png","contentUrl":"https:\/\/grandslacs-voiemaritime.com\/wp-content\/uploads\/2020\/06\/800x230-logo-en.png","width":800,"height":230,"caption":"Great Lakes St. Lawrence Seaway System"},"image":{"@id":"https:\/\/grandslacs-voiemaritime.com\/fr\/#\/schema\/logo\/image\/"}}]}},"_links":{"self":[{"href":"https:\/\/grandslacs-voiemaritime.com\/fr\/wp-json\/wp\/v2\/pages\/5525","targetHints":{"allow":["GET"]}}],"collection":[{"href":"https:\/\/grandslacs-voiemaritime.com\/fr\/wp-json\/wp\/v2\/pages"}],"about":[{"href":"https:\/\/grandslacs-voiemaritime.com\/fr\/wp-json\/wp\/v2\/types\/page"}],"author":[{"embeddable":true,"href":"https:\/\/grandslacs-voiemaritime.com\/fr\/wp-json\/wp\/v2\/users\/5"}],"replies":[{"embeddable":true,"href":"https:\/\/grandslacs-voiemaritime.com\/fr\/wp-json\/wp\/v2\/comments?post=5525"}],"version-history":[{"count":0,"href":"https:\/\/grandslacs-voiemaritime.com\/fr\/wp-json\/wp\/v2\/pages\/5525\/revisions"}],"up":[{"embeddable":true,"href":"https:\/\/grandslacs-voiemaritime.com\/fr\/wp-json\/wp\/v2\/pages\/5520"}],"wp:attachment":[{"href":"https:\/\/grandslacs-voiemaritime.com\/fr\/wp-json\/wp\/v2\/media?parent=5525"}],"curies":[{"name":"wp","href":"https:\/\/api.w.org\/{rel}","templated":true}]}}